{"id":19087,"date":"2021-02-12T23:38:46","date_gmt":"2021-02-12T22:38:46","guid":{"rendered":"https:\/\/www.pure-beauty.shop\/?post_type=product&#038;p=19087"},"modified":"2026-04-19T23:16:01","modified_gmt":"2026-04-19T21:16:01","slug":"beautea-yarrow","status":"publish","type":"product","link":"https:\/\/www.pure-beauty.shop\/en\/product\/beautea-yarrow\/","title":{"rendered":"BEAUTEA Yarrow (50 g)"},"content":{"rendered":"<div class=\"wpb-content-wrapper\"><div class=\"vc_row wpb_row vc_row-fluid et_custom_uniqid_63b2a6016769b mpc-row\">\n<div class=\"wpb_column vc_column_container vc_col-sm-12 et_custom_uniqid_63b2a60166015 mpc-column\" data-column-id=\"mpc_column-9663b2a60d1bdc8\">\n<div class=\"vc_column-inner\">\n<div class=\"wpb_wrapper\">\n<div class=\"wpb_text_column wpb_content_element\">\n<div class=\"wpb_wrapper\">\n<p>Die Schafgarbe ist weltbekannt und wird als medizinisches Mittel sowohl \u00e4u\u00dferlich als auch innerlich auf vielf\u00e4ltige Art angewendet. Dabei wird die gesamte Pflanze verarbeitet und sowohl getrocknet als auch frisch verwendet. Am besten wirkt sie wenn sie w\u00e4hrend der Bl\u00fctezeit gesammelt wird. Die Bl\u00e4tter der Schafgarbe k\u00f6nnen gekocht oder roh verwendet werden. Sie sind bitter, schmecken aber, wenn sie jung sind, und auch gut in Salaten.<\/p>\n<p>Vorteile f\u00fcr die Gesundheit:<br \/>\nDiese Pflanze wurde schon von den antiken Griechen vor \u00fcber 3000 Jahren f\u00fcr die Behandlung von \u00e4u\u00dferen Wunden verwendet. Die Bl\u00fcten und Bl\u00e4tter der Schafgarbe wurden gegessen und auch als Tee verarbeitet. Die frischen Bl\u00e4tter wurden verwendet um Blutungen zu stoppen, Magenprobleme zu behandeln, Fieber zu bek\u00e4mpfen, Menstruationsblutungen zu lindern und eine bessere Durchblutung zu f\u00f6rdern.<\/p>\n<p>Vorteile f\u00fcr die Sch\u00f6nheit:<br \/>\nSchafgarbe ist ein Frauenkraut. Ein starkes und wundervolles entz\u00fcndungshemmendes Mittel f\u00fcr Hautkrankheiten, beruhigt Hautirritationen und eignet sich perfekt als Gesichtswasser. Die adstringierenden Bestandteile machen es perfekt f\u00fcr \u00f6lige Haut. Schafgarben-Packungen werden f\u00fcr Wunden und Sch\u00fcrfungen der Haut empfohlen. Fein pulverisiertes und getrocknetes Kraut kann direkt auf kleinere Wunden gestreut werden. Ein angenehmer und effektiver Badezusatz um die Haut zu beruhigen.<\/p>\n<h6>INCI: achillea millefolium (yarrow)<\/h6>\n<\/div>\n<\/div>\n<\/div>\n<\/div>\n<\/div>\n<\/div>\n<\/div>","protected":false},"excerpt":{"rendered":"<p>heilender Schafgarbentee<\/p>","protected":false},"featured_media":21033,"comment_status":"open","ping_status":"closed","template":"","meta":{"jetpack_post_was_ever_published":false},"etheme_brands":[{"term_id":207,"name":"FLORAL SPA","slug":"floralspa","term_group":0,"term_taxonomy_id":207,"taxonomy":"brand","description":"","parent":0,"count":7,"filter":"raw"}],"product_brand":[],"product_cat":[219,172,170],"product_tag":[],"class_list":{"0":"post-19087","1":"product","2":"type-product","3":"status-publish","4":"has-post-thumbnail","6":"brand-floralspa","7":"product_cat-beautea","8":"product_cat-gesicht","9":"product_cat-pflege","11":"first","12":"outofstock","13":"taxable","14":"shipping-taxable","15":"purchasable","16":"product-type-simple"},"yoast_head":"<!-- This site is optimized with the Yoast SEO plugin v27.5 - https:\/\/yoast.com\/product\/yoast-seo-wordpress\/ -->\n<title>BEAUTEA Yarrow (50 g) - Pure Beauty &amp; PANDHY&#039;S Shop<\/title>\n<meta name=\"description\" content=\"Die Schafgarbe ist weltbekannt und wird als medizinisches Mittel sowohl \u00e4u\u00dferlich als auch innerlich auf vielf\u00e4ltige Art angewendet. Dabei wird die gesamte Pflanze verarbeitet und sowohl getrocknet als auch frisch verwendet. Am besten wirkt sie wenn sie w\u00e4hrend der Bl\u00fctezeit gesammelt wird. Die Bl\u00e4tter der Schafgarbe k\u00f6nnen gekocht oder roh verwendet werden. Sie sind bitter, schmecken aber, wenn sie jung sind, und auch gut in Salaten.\" \/>\n<meta name=\"robots\" content=\"index, follow, max-snippet:-1, max-image-preview:large, max-video-preview:-1\" \/>\n<link rel=\"canonical\" href=\"https:\/\/www.pure-beauty.shop\/en\/product\/beautea-yarrow\/\" \/>\n<meta property=\"og:locale\" content=\"en_GB\" \/>\n<meta property=\"og:type\" content=\"article\" \/>\n<meta property=\"og:title\" content=\"BEAUTEA Yarrow (50 g) - Pure Beauty &amp; PANDHY&#039;S Shop\" \/>\n<meta property=\"og:description\" content=\"Die Schafgarbe ist weltbekannt und wird als medizinisches Mittel sowohl \u00e4u\u00dferlich als auch innerlich auf vielf\u00e4ltige Art angewendet. Dabei wird die gesamte Pflanze verarbeitet und sowohl getrocknet als auch frisch verwendet. Am besten wirkt sie wenn sie w\u00e4hrend der Bl\u00fctezeit gesammelt wird. Die Bl\u00e4tter der Schafgarbe k\u00f6nnen gekocht oder roh verwendet werden. Sie sind bitter, schmecken aber, wenn sie jung sind, und auch gut in Salaten.\" \/>\n<meta property=\"og:url\" content=\"https:\/\/www.pure-beauty.shop\/en\/product\/beautea-yarrow\/\" \/>\n<meta property=\"og:site_name\" content=\"Pure Beauty &amp; PANDHY&#039;S Shop\" \/>\n<meta property=\"article:modified_time\" content=\"2026-04-19T21:16:01+00:00\" \/>\n<meta property=\"og:image\" content=\"https:\/\/www.pure-beauty.shop\/wp-content\/uploads\/2021\/02\/tea_yarrow.jpg\" \/>\n\t<meta property=\"og:image:width\" content=\"2000\" \/>\n\t<meta property=\"og:image:height\" content=\"2000\" \/>\n\t<meta property=\"og:image:type\" content=\"image\/jpeg\" \/>\n<meta name=\"twitter:card\" content=\"summary_large_image\" \/>\n<meta name=\"twitter:label1\" content=\"Estimated reading time\" \/>\n\t<meta name=\"twitter:data1\" content=\"1 minute\" \/>\n<script type=\"application\/ld+json\" class=\"yoast-schema-graph\">{\"@context\":\"https:\\\/\\\/schema.org\",\"@graph\":[{\"@type\":\"WebPage\",\"@id\":\"https:\\\/\\\/www.pure-beauty.shop\\\/produkt\\\/beautea-yarrow\\\/\",\"url\":\"https:\\\/\\\/www.pure-beauty.shop\\\/produkt\\\/beautea-yarrow\\\/\",\"name\":\"BEAUTEA Yarrow (50 g) - Pure Beauty &amp; PANDHY&#039;S Shop\",\"isPartOf\":{\"@id\":\"https:\\\/\\\/www.pure-beauty.shop\\\/#website\"},\"primaryImageOfPage\":{\"@id\":\"https:\\\/\\\/www.pure-beauty.shop\\\/produkt\\\/beautea-yarrow\\\/#primaryimage\"},\"image\":{\"@id\":\"https:\\\/\\\/www.pure-beauty.shop\\\/produkt\\\/beautea-yarrow\\\/#primaryimage\"},\"thumbnailUrl\":\"https:\\\/\\\/www.pure-beauty.shop\\\/wp-content\\\/uploads\\\/2021\\\/02\\\/tea_yarrow.jpg\",\"datePublished\":\"2021-02-12T22:38:46+00:00\",\"dateModified\":\"2026-04-19T21:16:01+00:00\",\"description\":\"Die Schafgarbe ist weltbekannt und wird als medizinisches Mittel sowohl \u00e4u\u00dferlich als auch innerlich auf vielf\u00e4ltige Art angewendet. Dabei wird die gesamte Pflanze verarbeitet und sowohl getrocknet als auch frisch verwendet. Am besten wirkt sie wenn sie w\u00e4hrend der Bl\u00fctezeit gesammelt wird. Die Bl\u00e4tter der Schafgarbe k\u00f6nnen gekocht oder roh verwendet werden. Sie sind bitter, schmecken aber, wenn sie jung sind, und auch gut in Salaten.\",\"breadcrumb\":{\"@id\":\"https:\\\/\\\/www.pure-beauty.shop\\\/produkt\\\/beautea-yarrow\\\/#breadcrumb\"},\"inLanguage\":\"en-GB\",\"potentialAction\":[{\"@type\":\"ReadAction\",\"target\":[\"https:\\\/\\\/www.pure-beauty.shop\\\/produkt\\\/beautea-yarrow\\\/\"]}]},{\"@type\":\"ImageObject\",\"inLanguage\":\"en-GB\",\"@id\":\"https:\\\/\\\/www.pure-beauty.shop\\\/produkt\\\/beautea-yarrow\\\/#primaryimage\",\"url\":\"https:\\\/\\\/www.pure-beauty.shop\\\/wp-content\\\/uploads\\\/2021\\\/02\\\/tea_yarrow.jpg\",\"contentUrl\":\"https:\\\/\\\/www.pure-beauty.shop\\\/wp-content\\\/uploads\\\/2021\\\/02\\\/tea_yarrow.jpg\",\"width\":2000,\"height\":2000},{\"@type\":\"BreadcrumbList\",\"@id\":\"https:\\\/\\\/www.pure-beauty.shop\\\/produkt\\\/beautea-yarrow\\\/#breadcrumb\",\"itemListElement\":[{\"@type\":\"ListItem\",\"position\":1,\"name\":\"Startseite\",\"item\":\"https:\\\/\\\/www.pure-beauty.shop\\\/\"},{\"@type\":\"ListItem\",\"position\":2,\"name\":\"Shop\",\"item\":\"https:\\\/\\\/www.pure-beauty.shop\\\/en\\\/shop\\\/\"},{\"@type\":\"ListItem\",\"position\":3,\"name\":\"BEAUTEA Yarrow (50 g)\"}]},{\"@type\":\"WebSite\",\"@id\":\"https:\\\/\\\/www.pure-beauty.shop\\\/#website\",\"url\":\"https:\\\/\\\/www.pure-beauty.shop\\\/\",\"name\":\"Pure Beauty &amp; PANDHY&#039;S Shop\",\"description\":\"Kosmetikshop in Graz\",\"potentialAction\":[{\"@type\":\"SearchAction\",\"target\":{\"@type\":\"EntryPoint\",\"urlTemplate\":\"https:\\\/\\\/www.pure-beauty.shop\\\/?s={search_term_string}\"},\"query-input\":{\"@type\":\"PropertyValueSpecification\",\"valueRequired\":true,\"valueName\":\"search_term_string\"}}],\"inLanguage\":\"en-GB\"}]}<\/script>\n<!-- \/ Yoast SEO plugin. -->","yoast_head_json":{"title":"BEAUTEA Yarrow (50 g) - Pure Beauty &amp; PANDHY&#039;S Shop","description":"Die Schafgarbe ist weltbekannt und wird als medizinisches Mittel sowohl \u00e4u\u00dferlich als auch innerlich auf vielf\u00e4ltige Art angewendet. Dabei wird die gesamte Pflanze verarbeitet und sowohl getrocknet als auch frisch verwendet. Am besten wirkt sie wenn sie w\u00e4hrend der Bl\u00fctezeit gesammelt wird. Die Bl\u00e4tter der Schafgarbe k\u00f6nnen gekocht oder roh verwendet werden. Sie sind bitter, schmecken aber, wenn sie jung sind, und auch gut in Salaten.","robots":{"index":"index","follow":"follow","max-snippet":"max-snippet:-1","max-image-preview":"max-image-preview:large","max-video-preview":"max-video-preview:-1"},"canonical":"https:\/\/www.pure-beauty.shop\/en\/product\/beautea-yarrow\/","og_locale":"en_GB","og_type":"article","og_title":"BEAUTEA Yarrow (50 g) - Pure Beauty &amp; PANDHY&#039;S Shop","og_description":"Die Schafgarbe ist weltbekannt und wird als medizinisches Mittel sowohl \u00e4u\u00dferlich als auch innerlich auf vielf\u00e4ltige Art angewendet. Dabei wird die gesamte Pflanze verarbeitet und sowohl getrocknet als auch frisch verwendet. Am besten wirkt sie wenn sie w\u00e4hrend der Bl\u00fctezeit gesammelt wird. Die Bl\u00e4tter der Schafgarbe k\u00f6nnen gekocht oder roh verwendet werden. Sie sind bitter, schmecken aber, wenn sie jung sind, und auch gut in Salaten.","og_url":"https:\/\/www.pure-beauty.shop\/en\/product\/beautea-yarrow\/","og_site_name":"Pure Beauty &amp; PANDHY&#039;S Shop","article_modified_time":"2026-04-19T21:16:01+00:00","og_image":[{"width":2000,"height":2000,"url":"https:\/\/www.pure-beauty.shop\/wp-content\/uploads\/2021\/02\/tea_yarrow.jpg","type":"image\/jpeg"}],"twitter_card":"summary_large_image","twitter_misc":{"Estimated reading time":"1 minute"},"schema":{"@context":"https:\/\/schema.org","@graph":[{"@type":"WebPage","@id":"https:\/\/www.pure-beauty.shop\/produkt\/beautea-yarrow\/","url":"https:\/\/www.pure-beauty.shop\/produkt\/beautea-yarrow\/","name":"BEAUTEA Yarrow (50 g) - Pure Beauty &amp; PANDHY&#039;S Shop","isPartOf":{"@id":"https:\/\/www.pure-beauty.shop\/#website"},"primaryImageOfPage":{"@id":"https:\/\/www.pure-beauty.shop\/produkt\/beautea-yarrow\/#primaryimage"},"image":{"@id":"https:\/\/www.pure-beauty.shop\/produkt\/beautea-yarrow\/#primaryimage"},"thumbnailUrl":"https:\/\/www.pure-beauty.shop\/wp-content\/uploads\/2021\/02\/tea_yarrow.jpg","datePublished":"2021-02-12T22:38:46+00:00","dateModified":"2026-04-19T21:16:01+00:00","description":"Die Schafgarbe ist weltbekannt und wird als medizinisches Mittel sowohl \u00e4u\u00dferlich als auch innerlich auf vielf\u00e4ltige Art angewendet. Dabei wird die gesamte Pflanze verarbeitet und sowohl getrocknet als auch frisch verwendet. Am besten wirkt sie wenn sie w\u00e4hrend der Bl\u00fctezeit gesammelt wird. Die Bl\u00e4tter der Schafgarbe k\u00f6nnen gekocht oder roh verwendet werden. Sie sind bitter, schmecken aber, wenn sie jung sind, und auch gut in Salaten.","breadcrumb":{"@id":"https:\/\/www.pure-beauty.shop\/produkt\/beautea-yarrow\/#breadcrumb"},"inLanguage":"en-GB","potentialAction":[{"@type":"ReadAction","target":["https:\/\/www.pure-beauty.shop\/produkt\/beautea-yarrow\/"]}]},{"@type":"ImageObject","inLanguage":"en-GB","@id":"https:\/\/www.pure-beauty.shop\/produkt\/beautea-yarrow\/#primaryimage","url":"https:\/\/www.pure-beauty.shop\/wp-content\/uploads\/2021\/02\/tea_yarrow.jpg","contentUrl":"https:\/\/www.pure-beauty.shop\/wp-content\/uploads\/2021\/02\/tea_yarrow.jpg","width":2000,"height":2000},{"@type":"BreadcrumbList","@id":"https:\/\/www.pure-beauty.shop\/produkt\/beautea-yarrow\/#breadcrumb","itemListElement":[{"@type":"ListItem","position":1,"name":"Startseite","item":"https:\/\/www.pure-beauty.shop\/"},{"@type":"ListItem","position":2,"name":"Shop","item":"https:\/\/www.pure-beauty.shop\/en\/shop\/"},{"@type":"ListItem","position":3,"name":"BEAUTEA Yarrow (50 g)"}]},{"@type":"WebSite","@id":"https:\/\/www.pure-beauty.shop\/#website","url":"https:\/\/www.pure-beauty.shop\/","name":"Pure Beauty &amp; PANDHY&#039;S Shop","description":"Kosmetikshop in Graz","potentialAction":[{"@type":"SearchAction","target":{"@type":"EntryPoint","urlTemplate":"https:\/\/www.pure-beauty.shop\/?s={search_term_string}"},"query-input":{"@type":"PropertyValueSpecification","valueRequired":true,"valueName":"search_term_string"}}],"inLanguage":"en-GB"}]}},"jetpack_sharing_enabled":true,"_links":{"self":[{"href":"https:\/\/www.pure-beauty.shop\/en\/wp-json\/wp\/v2\/product\/19087","targetHints":{"allow":["GET"]}}],"collection":[{"href":"https:\/\/www.pure-beauty.shop\/en\/wp-json\/wp\/v2\/product"}],"about":[{"href":"https:\/\/www.pure-beauty.shop\/en\/wp-json\/wp\/v2\/types\/product"}],"replies":[{"embeddable":true,"href":"https:\/\/www.pure-beauty.shop\/en\/wp-json\/wp\/v2\/comments?post=19087"}],"wp:featuredmedia":[{"embeddable":true,"href":"https:\/\/www.pure-beauty.shop\/en\/wp-json\/wp\/v2\/media\/21033"}],"wp:attachment":[{"href":"https:\/\/www.pure-beauty.shop\/en\/wp-json\/wp\/v2\/media?parent=19087"}],"wp:term":[{"taxonomy":"brand","embeddable":true,"href":"https:\/\/www.pure-beauty.shop\/en\/wp-json\/wp\/v2\/etheme_brands?post=19087"},{"taxonomy":"product_brand","embeddable":true,"href":"https:\/\/www.pure-beauty.shop\/en\/wp-json\/wp\/v2\/product_brand?post=19087"},{"taxonomy":"product_cat","embeddable":true,"href":"https:\/\/www.pure-beauty.shop\/en\/wp-json\/wp\/v2\/product_cat?post=19087"},{"taxonomy":"product_tag","embeddable":true,"href":"https:\/\/www.pure-beauty.shop\/en\/wp-json\/wp\/v2\/product_tag?post=19087"}],"curies":[{"name":"wp","href":"https:\/\/api.w.org\/{rel}","templated":true}]}}