{"id":19191,"date":"2021-04-30T16:02:10","date_gmt":"2021-04-30T14:02:10","guid":{"rendered":"https:\/\/www.pure-beauty.shop\/?post_type=product&#038;p=19191"},"modified":"2026-04-11T13:25:07","modified_gmt":"2026-04-11T11:25:07","slug":"wonder-powder","status":"publish","type":"product","link":"https:\/\/www.pure-beauty.shop\/en\/product\/wonder-powder\/","title":{"rendered":"COSMIX Wonder Powder"},"content":{"rendered":"<div class=\"wpb-content-wrapper\"><div class=\"vc_row wpb_row vc_row-fluid et_custom_uniqid_69f1ebb0752b8\"><div class=\"wpb_column vc_column_container vc_col-sm-12 et_custom_uniqid_69f1ebb075290\"><div class=\"vc_column-inner\"><div class=\"wpb_wrapper\">\n\t<div class=\"wpb_text_column wpb_content_element\" >\n\t\t<div class=\"wpb_wrapper\">\n\t\t\t<p data-start=\"79\" data-end=\"335\">Dieses vielseitige, talkumfreie Zinkoxid-Puder ist ein echtes Multitalent f\u00fcr die Gesichts- und K\u00f6rperpflege. Es unterst\u00fctzt die Haut bei verschiedenen Hautproblemen und kann sowohl zu Hause als auch im professionellen Einsatz vielseitig angewendet werden.<\/p>\n<p data-start=\"337\" data-end=\"579\">Dank seiner abheilenden Eigenschaften eignet sich das Puder besonders bei Hautbildern wie Akne oder Rosacea. In der Kosmetikkabine kann es zudem als Nachbehandlung, beispielsweise in Kombination mit Hochfrequenz unter Gaze, eingesetzt werden.<\/p>\n<p data-start=\"581\" data-end=\"976\">Die feuchtigkeitsbindende Wirkung sch\u00fctzt empfindliche K\u00f6rperstellen vor Reibung und offenen Hautstellen \u2013 insbesondere an Bereichen, die zum Schwitzen neigen, wie Achseln, Intimbereich, Fu\u00dfsohlen, Knie, unter der Brust oder an den Innenseiten der Oberschenkel. Gleichzeitig wirkt das Puder geruchsneutralisierend, beruhigt gereizte Haut und kann auch als nat\u00fcrliches Deodorant verwendet werden.<\/p>\n<p data-start=\"978\" data-end=\"1177\">Zinkoxid hilft au\u00dferdem, R\u00f6tungen zu reduzieren und eingewachsenen Haaren vorzubeugen. Zus\u00e4tzlich kann das Puder als Trockenshampoo eingesetzt werden und sorgt so f\u00fcr ein frisches, gepflegtes Gef\u00fchl.<\/p>\n<p>Anwendung:<br \/>\nDas Puder auf den gew\u00fcnschten K\u00f6rperteil streuen und verteilen. Wichtig ist, dass die Oberfl\u00e4che davor am besten gereinigt, trocken und nicht feucht ist. Augenkontakt und Einatmen vermeiden. Von Kindern fernhalten. Vor direkter Sonneneinstrahlung, extremer Hitze und Feuchtigkeit sch\u00fctzen. Bei Reizungen abbrechen.<\/p>\n<h6>INCI: Kaolin, Manihot Utilissima Root Powder, Zinc Oxide, Potassium Alum, Cymbopogon Citratus (Lemon Grass) Leaf Oil, Citral, Geraniol, Limonene, Linalool<\/h6>\n\n\t\t<\/div>\n\t<\/div>\n<\/div><\/div><\/div><\/div>\n<\/div>","protected":false},"excerpt":{"rendered":"<p data-start=\"1204\" data-end=\"1278\">Zinkoxid-Puder \u2013 beruhigt, sch\u00fctzt und wirkt vielseitig f\u00fcr Haut &amp; K\u00f6rper.<\/p>","protected":false},"featured_media":21089,"comment_status":"open","ping_status":"closed","template":"","meta":{"jetpack_post_was_ever_published":false},"etheme_brands":[{"term_id":205,"name":"COSMIX","slug":"cosmix","term_group":0,"term_taxonomy_id":205,"taxonomy":"brand","description":"","parent":0,"count":46,"filter":"raw"}],"product_brand":[],"product_cat":[196,173,190,189,170,194],"product_tag":[490,489,488],"class_list":{"0":"post-19191","1":"product","2":"type-product","3":"status-publish","4":"has-post-thumbnail","6":"brand-cosmix","7":"product_cat-deo_parfum","8":"product_cat-koerper","9":"product_cat-koerperpflege","10":"product_cat-koerperreinigung_peeling","11":"product_cat-pflege","12":"product_cat-spaspecials_koerper","13":"product_tag-deo","14":"product_tag-trockenshampoo","15":"product_tag-wunderpuder","17":"first","18":"instock","19":"taxable","20":"shipping-taxable","21":"purchasable","22":"product-type-variable","23":"has-default-attributes"},"yoast_head":"<!-- This site is optimized with the Yoast SEO plugin v27.5 - https:\/\/yoast.com\/product\/yoast-seo-wordpress\/ -->\n<title>COSMIX Wonder Powder - Pure Beauty &amp; PANDHY&#039;S Shop<\/title>\n<meta name=\"description\" content=\"Zinkoxid Puder ohne Talkum \u2013 bei Akne, Rosacea &amp; empfindlicher Haut. Beruhigt, sch\u00fctzt vor Feuchtigkeit und Geruch und vielseitig anwendbar.\" \/>\n<meta name=\"robots\" content=\"index, follow, max-snippet:-1, max-image-preview:large, max-video-preview:-1\" \/>\n<link rel=\"canonical\" href=\"https:\/\/www.pure-beauty.shop\/en\/product\/wonder-powder\/\" \/>\n<meta property=\"og:locale\" content=\"en_GB\" \/>\n<meta property=\"og:type\" content=\"article\" \/>\n<meta property=\"og:title\" content=\"COSMIX Wonder Powder - Pure Beauty &amp; PANDHY&#039;S Shop\" \/>\n<meta property=\"og:description\" content=\"Zinkoxid Puder ohne Talkum \u2013 bei Akne, Rosacea &amp; empfindlicher Haut. Beruhigt, sch\u00fctzt vor Feuchtigkeit und Geruch und vielseitig anwendbar.\" \/>\n<meta property=\"og:url\" content=\"https:\/\/www.pure-beauty.shop\/en\/product\/wonder-powder\/\" \/>\n<meta property=\"og:site_name\" content=\"Pure Beauty &amp; PANDHY&#039;S Shop\" \/>\n<meta property=\"article:modified_time\" content=\"2026-04-11T11:25:07+00:00\" \/>\n<meta property=\"og:image\" content=\"https:\/\/www.pure-beauty.shop\/wp-content\/uploads\/2021\/04\/Online-Shop-Bilder-19.png\" \/>\n\t<meta property=\"og:image:width\" content=\"1400\" \/>\n\t<meta property=\"og:image:height\" content=\"1400\" \/>\n\t<meta property=\"og:image:type\" content=\"image\/png\" \/>\n<meta name=\"twitter:card\" content=\"summary_large_image\" \/>\n<meta name=\"twitter:label1\" content=\"Estimated reading time\" \/>\n\t<meta name=\"twitter:data1\" content=\"1 minute\" \/>\n<script type=\"application\/ld+json\" class=\"yoast-schema-graph\">{\"@context\":\"https:\\\/\\\/schema.org\",\"@graph\":[{\"@type\":\"WebPage\",\"@id\":\"https:\\\/\\\/www.pure-beauty.shop\\\/produkt\\\/wonder-powder\\\/\",\"url\":\"https:\\\/\\\/www.pure-beauty.shop\\\/produkt\\\/wonder-powder\\\/\",\"name\":\"COSMIX Wonder Powder - Pure Beauty &amp; PANDHY&#039;S Shop\",\"isPartOf\":{\"@id\":\"https:\\\/\\\/www.pure-beauty.shop\\\/#website\"},\"primaryImageOfPage\":{\"@id\":\"https:\\\/\\\/www.pure-beauty.shop\\\/produkt\\\/wonder-powder\\\/#primaryimage\"},\"image\":{\"@id\":\"https:\\\/\\\/www.pure-beauty.shop\\\/produkt\\\/wonder-powder\\\/#primaryimage\"},\"thumbnailUrl\":\"https:\\\/\\\/www.pure-beauty.shop\\\/wp-content\\\/uploads\\\/2021\\\/04\\\/Online-Shop-Bilder-19.png\",\"datePublished\":\"2021-04-30T14:02:10+00:00\",\"dateModified\":\"2026-04-11T11:25:07+00:00\",\"description\":\"Zinkoxid Puder ohne Talkum \u2013 bei Akne, Rosacea & empfindlicher Haut. Beruhigt, sch\u00fctzt vor Feuchtigkeit und Geruch und vielseitig anwendbar.\",\"breadcrumb\":{\"@id\":\"https:\\\/\\\/www.pure-beauty.shop\\\/produkt\\\/wonder-powder\\\/#breadcrumb\"},\"inLanguage\":\"en-GB\",\"potentialAction\":[{\"@type\":\"ReadAction\",\"target\":[\"https:\\\/\\\/www.pure-beauty.shop\\\/produkt\\\/wonder-powder\\\/\"]}]},{\"@type\":\"ImageObject\",\"inLanguage\":\"en-GB\",\"@id\":\"https:\\\/\\\/www.pure-beauty.shop\\\/produkt\\\/wonder-powder\\\/#primaryimage\",\"url\":\"https:\\\/\\\/www.pure-beauty.shop\\\/wp-content\\\/uploads\\\/2021\\\/04\\\/Online-Shop-Bilder-19.png\",\"contentUrl\":\"https:\\\/\\\/www.pure-beauty.shop\\\/wp-content\\\/uploads\\\/2021\\\/04\\\/Online-Shop-Bilder-19.png\",\"width\":1400,\"height\":1400},{\"@type\":\"BreadcrumbList\",\"@id\":\"https:\\\/\\\/www.pure-beauty.shop\\\/produkt\\\/wonder-powder\\\/#breadcrumb\",\"itemListElement\":[{\"@type\":\"ListItem\",\"position\":1,\"name\":\"Startseite\",\"item\":\"https:\\\/\\\/www.pure-beauty.shop\\\/\"},{\"@type\":\"ListItem\",\"position\":2,\"name\":\"Shop\",\"item\":\"https:\\\/\\\/www.pure-beauty.shop\\\/en\\\/shop\\\/\"},{\"@type\":\"ListItem\",\"position\":3,\"name\":\"COSMIX Wonder Powder\"}]},{\"@type\":\"WebSite\",\"@id\":\"https:\\\/\\\/www.pure-beauty.shop\\\/#website\",\"url\":\"https:\\\/\\\/www.pure-beauty.shop\\\/\",\"name\":\"Pure Beauty &amp; PANDHY&#039;S Shop\",\"description\":\"Kosmetikshop in Graz\",\"potentialAction\":[{\"@type\":\"SearchAction\",\"target\":{\"@type\":\"EntryPoint\",\"urlTemplate\":\"https:\\\/\\\/www.pure-beauty.shop\\\/?s={search_term_string}\"},\"query-input\":{\"@type\":\"PropertyValueSpecification\",\"valueRequired\":true,\"valueName\":\"search_term_string\"}}],\"inLanguage\":\"en-GB\"}]}<\/script>\n<!-- \/ Yoast SEO plugin. -->","yoast_head_json":{"title":"COSMIX Wonder Powder - Pure Beauty &amp; PANDHY&#039;S Shop","description":"Zinkoxid Puder ohne Talkum \u2013 bei Akne, Rosacea & empfindlicher Haut. Beruhigt, sch\u00fctzt vor Feuchtigkeit und Geruch und vielseitig anwendbar.","robots":{"index":"index","follow":"follow","max-snippet":"max-snippet:-1","max-image-preview":"max-image-preview:large","max-video-preview":"max-video-preview:-1"},"canonical":"https:\/\/www.pure-beauty.shop\/en\/product\/wonder-powder\/","og_locale":"en_GB","og_type":"article","og_title":"COSMIX Wonder Powder - Pure Beauty &amp; PANDHY&#039;S Shop","og_description":"Zinkoxid Puder ohne Talkum \u2013 bei Akne, Rosacea & empfindlicher Haut. Beruhigt, sch\u00fctzt vor Feuchtigkeit und Geruch und vielseitig anwendbar.","og_url":"https:\/\/www.pure-beauty.shop\/en\/product\/wonder-powder\/","og_site_name":"Pure Beauty &amp; PANDHY&#039;S Shop","article_modified_time":"2026-04-11T11:25:07+00:00","og_image":[{"width":1400,"height":1400,"url":"https:\/\/www.pure-beauty.shop\/wp-content\/uploads\/2021\/04\/Online-Shop-Bilder-19.png","type":"image\/png"}],"twitter_card":"summary_large_image","twitter_misc":{"Estimated reading time":"1 minute"},"schema":{"@context":"https:\/\/schema.org","@graph":[{"@type":"WebPage","@id":"https:\/\/www.pure-beauty.shop\/produkt\/wonder-powder\/","url":"https:\/\/www.pure-beauty.shop\/produkt\/wonder-powder\/","name":"COSMIX Wonder Powder - Pure Beauty &amp; PANDHY&#039;S Shop","isPartOf":{"@id":"https:\/\/www.pure-beauty.shop\/#website"},"primaryImageOfPage":{"@id":"https:\/\/www.pure-beauty.shop\/produkt\/wonder-powder\/#primaryimage"},"image":{"@id":"https:\/\/www.pure-beauty.shop\/produkt\/wonder-powder\/#primaryimage"},"thumbnailUrl":"https:\/\/www.pure-beauty.shop\/wp-content\/uploads\/2021\/04\/Online-Shop-Bilder-19.png","datePublished":"2021-04-30T14:02:10+00:00","dateModified":"2026-04-11T11:25:07+00:00","description":"Zinkoxid Puder ohne Talkum \u2013 bei Akne, Rosacea & empfindlicher Haut. Beruhigt, sch\u00fctzt vor Feuchtigkeit und Geruch und vielseitig anwendbar.","breadcrumb":{"@id":"https:\/\/www.pure-beauty.shop\/produkt\/wonder-powder\/#breadcrumb"},"inLanguage":"en-GB","potentialAction":[{"@type":"ReadAction","target":["https:\/\/www.pure-beauty.shop\/produkt\/wonder-powder\/"]}]},{"@type":"ImageObject","inLanguage":"en-GB","@id":"https:\/\/www.pure-beauty.shop\/produkt\/wonder-powder\/#primaryimage","url":"https:\/\/www.pure-beauty.shop\/wp-content\/uploads\/2021\/04\/Online-Shop-Bilder-19.png","contentUrl":"https:\/\/www.pure-beauty.shop\/wp-content\/uploads\/2021\/04\/Online-Shop-Bilder-19.png","width":1400,"height":1400},{"@type":"BreadcrumbList","@id":"https:\/\/www.pure-beauty.shop\/produkt\/wonder-powder\/#breadcrumb","itemListElement":[{"@type":"ListItem","position":1,"name":"Startseite","item":"https:\/\/www.pure-beauty.shop\/"},{"@type":"ListItem","position":2,"name":"Shop","item":"https:\/\/www.pure-beauty.shop\/en\/shop\/"},{"@type":"ListItem","position":3,"name":"COSMIX Wonder Powder"}]},{"@type":"WebSite","@id":"https:\/\/www.pure-beauty.shop\/#website","url":"https:\/\/www.pure-beauty.shop\/","name":"Pure Beauty &amp; PANDHY&#039;S Shop","description":"Kosmetikshop in Graz","potentialAction":[{"@type":"SearchAction","target":{"@type":"EntryPoint","urlTemplate":"https:\/\/www.pure-beauty.shop\/?s={search_term_string}"},"query-input":{"@type":"PropertyValueSpecification","valueRequired":true,"valueName":"search_term_string"}}],"inLanguage":"en-GB"}]}},"jetpack_sharing_enabled":true,"_links":{"self":[{"href":"https:\/\/www.pure-beauty.shop\/en\/wp-json\/wp\/v2\/product\/19191","targetHints":{"allow":["GET"]}}],"collection":[{"href":"https:\/\/www.pure-beauty.shop\/en\/wp-json\/wp\/v2\/product"}],"about":[{"href":"https:\/\/www.pure-beauty.shop\/en\/wp-json\/wp\/v2\/types\/product"}],"replies":[{"embeddable":true,"href":"https:\/\/www.pure-beauty.shop\/en\/wp-json\/wp\/v2\/comments?post=19191"}],"wp:featuredmedia":[{"embeddable":true,"href":"https:\/\/www.pure-beauty.shop\/en\/wp-json\/wp\/v2\/media\/21089"}],"wp:attachment":[{"href":"https:\/\/www.pure-beauty.shop\/en\/wp-json\/wp\/v2\/media?parent=19191"}],"wp:term":[{"taxonomy":"brand","embeddable":true,"href":"https:\/\/www.pure-beauty.shop\/en\/wp-json\/wp\/v2\/etheme_brands?post=19191"},{"taxonomy":"product_brand","embeddable":true,"href":"https:\/\/www.pure-beauty.shop\/en\/wp-json\/wp\/v2\/product_brand?post=19191"},{"taxonomy":"product_cat","embeddable":true,"href":"https:\/\/www.pure-beauty.shop\/en\/wp-json\/wp\/v2\/product_cat?post=19191"},{"taxonomy":"product_tag","embeddable":true,"href":"https:\/\/www.pure-beauty.shop\/en\/wp-json\/wp\/v2\/product_tag?post=19191"}],"curies":[{"name":"wp","href":"https:\/\/api.w.org\/{rel}","templated":true}]}}