{"id":19194,"date":"2021-04-30T16:00:20","date_gmt":"2021-04-30T14:00:20","guid":{"rendered":"https:\/\/www.pure-beauty.shop\/?post_type=product&#038;p=19194"},"modified":"2026-04-19T23:13:32","modified_gmt":"2026-04-19T21:13:32","slug":"hairtip-oil","status":"publish","type":"product","link":"https:\/\/www.pure-beauty.shop\/en\/product\/hairtip-oil\/","title":{"rendered":"PANDHY\u2019S\u2122 HairTip Oil (30 ml)"},"content":{"rendered":"<div class=\"wpb-content-wrapper\"><div class=\"vc_row wpb_row vc_row-fluid et_custom_uniqid_63b347252e3af mpc-row\">\n<div class=\"wpb_column vc_column_container vc_col-sm-12 et_custom_uniqid_63b347252d281 mpc-column\" data-column-id=\"mpc_column-5063b3472f6b999\">\n<div class=\"vc_column-inner\">\n<div class=\"wpb_wrapper\">\n<div class=\"wpb_text_column wpb_content_element\">\n<div class=\"wpb_wrapper\">\n<p>Die leichte, angenehm duftende, reichhaltige Mischung sorgf&auml;ltig ausgew&auml;hlter Haarpflege&ouml;le st&auml;rkt die nat&uuml;rliche Haarstruktur, liefert essenzielle N&auml;hrstoffe sowie Schutz vor sch&auml;dlichen Umwelteinfl&uuml;ssen. Squalan und Hemisqualan als Basis dieser Formulierung sind pflanzenbasierte Kohlenwasserstoffe und sorgen f&uuml;r ein seidenweiches und luxuri&ouml;ses Gef&uuml;hl in den Haarspitzen, sowie intensive Geschmeidigkeit.<\/p>\n<p><strong>Anwendung:<\/strong> 1-2 Tropfen in die Haarl&auml;ngen einarbeiten.<\/p>\n<h6>INCI: C13-15 Alkane, Squalane, Cocos Nucifera (Coconut) Oil, Argania Spinosa Kernel Oil, Helianthus Annuus (Sunflower) Seed Oil, Amaranthus Caudatus (Amaranth) Seed Extract, Diisostearyl Malate, Rosmarinus Officinalis (Rosemary) Leaf Extract, Parfum (Fragrance)<\/h6>\n<\/p>\n<\/div>\n<\/div>\n<\/div>\n<\/div>\n<\/div>\n<\/div>\n<\/div>","protected":false},"excerpt":{"rendered":"<p>pflegendes \u00d6l f\u00fcr die Haarspitzen<\/p>","protected":false},"featured_media":19234,"comment_status":"open","ping_status":"closed","template":"","meta":{"jetpack_post_was_ever_published":false},"etheme_brands":[{"term_id":203,"name":"PANDHY'S\u2122","slug":"pandhys","term_group":0,"term_taxonomy_id":203,"taxonomy":"brand","description":"","parent":0,"count":63,"filter":"raw"}],"product_brand":[],"product_cat":[198,173,170],"product_tag":[],"class_list":{"0":"post-19194","1":"product","2":"type-product","3":"status-publish","4":"has-post-thumbnail","6":"brand-pandhys","7":"product_cat-haarpflege","8":"product_cat-koerper","9":"product_cat-pflege","11":"first","12":"instock","13":"taxable","14":"shipping-taxable","15":"purchasable","16":"product-type-simple"},"yoast_head":"<!-- This site is optimized with the Yoast SEO plugin v27.5 - https:\/\/yoast.com\/product\/yoast-seo-wordpress\/ -->\n<title>PANDHY\u2019S\u2122 HairTip Oil (30 ml) - Pure Beauty &amp; PANDHY&#039;S Shop<\/title>\n<meta name=\"description\" content=\"Die leichte, angenehm duftende, reichhaltige Mischung sorgf\u00e4ltig ausgew\u00e4hlter Haarpflege\u00f6le st\u00e4rkt die nat\u00fcrliche Haarstruktur, liefert essenzielle N\u00e4hrstoffe sowie Schutz vor sch\u00e4dlichen Umwelteinfl\u00fcssen. Squalan und Hemisqualan als Basis dieser Formulierung sind pflanzenbasierte Kohlenwasserstoffe und sorgen f\u00fcr ein seidenweiches und luxuri\u00f6ses Gef\u00fchl in den Haarspitzen, sowie intensive Geschmeidigkeit.\" \/>\n<meta name=\"robots\" content=\"index, follow, max-snippet:-1, max-image-preview:large, max-video-preview:-1\" \/>\n<link rel=\"canonical\" href=\"https:\/\/www.pure-beauty.shop\/en\/product\/hairtip-oil\/\" \/>\n<meta property=\"og:locale\" content=\"en_GB\" \/>\n<meta property=\"og:type\" content=\"article\" \/>\n<meta property=\"og:title\" content=\"PANDHY\u2019S\u2122 HairTip Oil (30 ml) - Pure Beauty &amp; PANDHY&#039;S Shop\" \/>\n<meta property=\"og:description\" content=\"Die leichte, angenehm duftende, reichhaltige Mischung sorgf\u00e4ltig ausgew\u00e4hlter Haarpflege\u00f6le st\u00e4rkt die nat\u00fcrliche Haarstruktur, liefert essenzielle N\u00e4hrstoffe sowie Schutz vor sch\u00e4dlichen Umwelteinfl\u00fcssen. Squalan und Hemisqualan als Basis dieser Formulierung sind pflanzenbasierte Kohlenwasserstoffe und sorgen f\u00fcr ein seidenweiches und luxuri\u00f6ses Gef\u00fchl in den Haarspitzen, sowie intensive Geschmeidigkeit.\" \/>\n<meta property=\"og:url\" content=\"https:\/\/www.pure-beauty.shop\/en\/product\/hairtip-oil\/\" \/>\n<meta property=\"og:site_name\" content=\"Pure Beauty &amp; PANDHY&#039;S Shop\" \/>\n<meta property=\"article:modified_time\" content=\"2026-04-19T21:13:32+00:00\" \/>\n<meta property=\"og:image\" content=\"https:\/\/www.pure-beauty.shop\/wp-content\/uploads\/2021\/04\/Hair-tip-oil-30ml.jpg\" \/>\n\t<meta property=\"og:image:width\" content=\"2000\" \/>\n\t<meta property=\"og:image:height\" content=\"2000\" \/>\n\t<meta property=\"og:image:type\" content=\"image\/jpeg\" \/>\n<meta name=\"twitter:card\" content=\"summary_large_image\" \/>\n<meta name=\"twitter:label1\" content=\"Estimated reading time\" \/>\n\t<meta name=\"twitter:data1\" content=\"1 minute\" \/>\n<script type=\"application\/ld+json\" class=\"yoast-schema-graph\">{\"@context\":\"https:\\\/\\\/schema.org\",\"@graph\":[{\"@type\":\"WebPage\",\"@id\":\"https:\\\/\\\/www.pure-beauty.shop\\\/produkt\\\/hairtip-oil\\\/\",\"url\":\"https:\\\/\\\/www.pure-beauty.shop\\\/produkt\\\/hairtip-oil\\\/\",\"name\":\"PANDHY\u2019S\u2122 HairTip Oil (30 ml) - Pure Beauty &amp; PANDHY&#039;S Shop\",\"isPartOf\":{\"@id\":\"https:\\\/\\\/www.pure-beauty.shop\\\/#website\"},\"primaryImageOfPage\":{\"@id\":\"https:\\\/\\\/www.pure-beauty.shop\\\/produkt\\\/hairtip-oil\\\/#primaryimage\"},\"image\":{\"@id\":\"https:\\\/\\\/www.pure-beauty.shop\\\/produkt\\\/hairtip-oil\\\/#primaryimage\"},\"thumbnailUrl\":\"https:\\\/\\\/www.pure-beauty.shop\\\/wp-content\\\/uploads\\\/2021\\\/04\\\/Hair-tip-oil-30ml.jpg\",\"datePublished\":\"2021-04-30T14:00:20+00:00\",\"dateModified\":\"2026-04-19T21:13:32+00:00\",\"description\":\"Die leichte, angenehm duftende, reichhaltige Mischung sorgf\u00e4ltig ausgew\u00e4hlter Haarpflege\u00f6le st\u00e4rkt die nat\u00fcrliche Haarstruktur, liefert essenzielle N\u00e4hrstoffe sowie Schutz vor sch\u00e4dlichen Umwelteinfl\u00fcssen. Squalan und Hemisqualan als Basis dieser Formulierung sind pflanzenbasierte Kohlenwasserstoffe und sorgen f\u00fcr ein seidenweiches und luxuri\u00f6ses Gef\u00fchl in den Haarspitzen, sowie intensive Geschmeidigkeit.\",\"breadcrumb\":{\"@id\":\"https:\\\/\\\/www.pure-beauty.shop\\\/produkt\\\/hairtip-oil\\\/#breadcrumb\"},\"inLanguage\":\"en-GB\",\"potentialAction\":[{\"@type\":\"ReadAction\",\"target\":[\"https:\\\/\\\/www.pure-beauty.shop\\\/produkt\\\/hairtip-oil\\\/\"]}]},{\"@type\":\"ImageObject\",\"inLanguage\":\"en-GB\",\"@id\":\"https:\\\/\\\/www.pure-beauty.shop\\\/produkt\\\/hairtip-oil\\\/#primaryimage\",\"url\":\"https:\\\/\\\/www.pure-beauty.shop\\\/wp-content\\\/uploads\\\/2021\\\/04\\\/Hair-tip-oil-30ml.jpg\",\"contentUrl\":\"https:\\\/\\\/www.pure-beauty.shop\\\/wp-content\\\/uploads\\\/2021\\\/04\\\/Hair-tip-oil-30ml.jpg\",\"width\":2000,\"height\":2000},{\"@type\":\"BreadcrumbList\",\"@id\":\"https:\\\/\\\/www.pure-beauty.shop\\\/produkt\\\/hairtip-oil\\\/#breadcrumb\",\"itemListElement\":[{\"@type\":\"ListItem\",\"position\":1,\"name\":\"Startseite\",\"item\":\"https:\\\/\\\/www.pure-beauty.shop\\\/\"},{\"@type\":\"ListItem\",\"position\":2,\"name\":\"Shop\",\"item\":\"https:\\\/\\\/www.pure-beauty.shop\\\/en\\\/shop\\\/\"},{\"@type\":\"ListItem\",\"position\":3,\"name\":\"PANDHY\u2019S\u2122 HairTip Oil (30 ml)\"}]},{\"@type\":\"WebSite\",\"@id\":\"https:\\\/\\\/www.pure-beauty.shop\\\/#website\",\"url\":\"https:\\\/\\\/www.pure-beauty.shop\\\/\",\"name\":\"Pure Beauty &amp; PANDHY&#039;S Shop\",\"description\":\"Kosmetikshop in Graz\",\"potentialAction\":[{\"@type\":\"SearchAction\",\"target\":{\"@type\":\"EntryPoint\",\"urlTemplate\":\"https:\\\/\\\/www.pure-beauty.shop\\\/?s={search_term_string}\"},\"query-input\":{\"@type\":\"PropertyValueSpecification\",\"valueRequired\":true,\"valueName\":\"search_term_string\"}}],\"inLanguage\":\"en-GB\"}]}<\/script>\n<!-- \/ Yoast SEO plugin. -->","yoast_head_json":{"title":"PANDHY\u2019S\u2122 HairTip Oil (30 ml) - Pure Beauty &amp; PANDHY&#039;S Shop","description":"Die leichte, angenehm duftende, reichhaltige Mischung sorgf\u00e4ltig ausgew\u00e4hlter Haarpflege\u00f6le st\u00e4rkt die nat\u00fcrliche Haarstruktur, liefert essenzielle N\u00e4hrstoffe sowie Schutz vor sch\u00e4dlichen Umwelteinfl\u00fcssen. Squalan und Hemisqualan als Basis dieser Formulierung sind pflanzenbasierte Kohlenwasserstoffe und sorgen f\u00fcr ein seidenweiches und luxuri\u00f6ses Gef\u00fchl in den Haarspitzen, sowie intensive Geschmeidigkeit.","robots":{"index":"index","follow":"follow","max-snippet":"max-snippet:-1","max-image-preview":"max-image-preview:large","max-video-preview":"max-video-preview:-1"},"canonical":"https:\/\/www.pure-beauty.shop\/en\/product\/hairtip-oil\/","og_locale":"en_GB","og_type":"article","og_title":"PANDHY\u2019S\u2122 HairTip Oil (30 ml) - Pure Beauty &amp; PANDHY&#039;S Shop","og_description":"Die leichte, angenehm duftende, reichhaltige Mischung sorgf\u00e4ltig ausgew\u00e4hlter Haarpflege\u00f6le st\u00e4rkt die nat\u00fcrliche Haarstruktur, liefert essenzielle N\u00e4hrstoffe sowie Schutz vor sch\u00e4dlichen Umwelteinfl\u00fcssen. Squalan und Hemisqualan als Basis dieser Formulierung sind pflanzenbasierte Kohlenwasserstoffe und sorgen f\u00fcr ein seidenweiches und luxuri\u00f6ses Gef\u00fchl in den Haarspitzen, sowie intensive Geschmeidigkeit.","og_url":"https:\/\/www.pure-beauty.shop\/en\/product\/hairtip-oil\/","og_site_name":"Pure Beauty &amp; PANDHY&#039;S Shop","article_modified_time":"2026-04-19T21:13:32+00:00","og_image":[{"width":2000,"height":2000,"url":"https:\/\/www.pure-beauty.shop\/wp-content\/uploads\/2021\/04\/Hair-tip-oil-30ml.jpg","type":"image\/jpeg"}],"twitter_card":"summary_large_image","twitter_misc":{"Estimated reading time":"1 minute"},"schema":{"@context":"https:\/\/schema.org","@graph":[{"@type":"WebPage","@id":"https:\/\/www.pure-beauty.shop\/produkt\/hairtip-oil\/","url":"https:\/\/www.pure-beauty.shop\/produkt\/hairtip-oil\/","name":"PANDHY\u2019S\u2122 HairTip Oil (30 ml) - Pure Beauty &amp; PANDHY&#039;S Shop","isPartOf":{"@id":"https:\/\/www.pure-beauty.shop\/#website"},"primaryImageOfPage":{"@id":"https:\/\/www.pure-beauty.shop\/produkt\/hairtip-oil\/#primaryimage"},"image":{"@id":"https:\/\/www.pure-beauty.shop\/produkt\/hairtip-oil\/#primaryimage"},"thumbnailUrl":"https:\/\/www.pure-beauty.shop\/wp-content\/uploads\/2021\/04\/Hair-tip-oil-30ml.jpg","datePublished":"2021-04-30T14:00:20+00:00","dateModified":"2026-04-19T21:13:32+00:00","description":"Die leichte, angenehm duftende, reichhaltige Mischung sorgf\u00e4ltig ausgew\u00e4hlter Haarpflege\u00f6le st\u00e4rkt die nat\u00fcrliche Haarstruktur, liefert essenzielle N\u00e4hrstoffe sowie Schutz vor sch\u00e4dlichen Umwelteinfl\u00fcssen. Squalan und Hemisqualan als Basis dieser Formulierung sind pflanzenbasierte Kohlenwasserstoffe und sorgen f\u00fcr ein seidenweiches und luxuri\u00f6ses Gef\u00fchl in den Haarspitzen, sowie intensive Geschmeidigkeit.","breadcrumb":{"@id":"https:\/\/www.pure-beauty.shop\/produkt\/hairtip-oil\/#breadcrumb"},"inLanguage":"en-GB","potentialAction":[{"@type":"ReadAction","target":["https:\/\/www.pure-beauty.shop\/produkt\/hairtip-oil\/"]}]},{"@type":"ImageObject","inLanguage":"en-GB","@id":"https:\/\/www.pure-beauty.shop\/produkt\/hairtip-oil\/#primaryimage","url":"https:\/\/www.pure-beauty.shop\/wp-content\/uploads\/2021\/04\/Hair-tip-oil-30ml.jpg","contentUrl":"https:\/\/www.pure-beauty.shop\/wp-content\/uploads\/2021\/04\/Hair-tip-oil-30ml.jpg","width":2000,"height":2000},{"@type":"BreadcrumbList","@id":"https:\/\/www.pure-beauty.shop\/produkt\/hairtip-oil\/#breadcrumb","itemListElement":[{"@type":"ListItem","position":1,"name":"Startseite","item":"https:\/\/www.pure-beauty.shop\/"},{"@type":"ListItem","position":2,"name":"Shop","item":"https:\/\/www.pure-beauty.shop\/en\/shop\/"},{"@type":"ListItem","position":3,"name":"PANDHY\u2019S\u2122 HairTip Oil (30 ml)"}]},{"@type":"WebSite","@id":"https:\/\/www.pure-beauty.shop\/#website","url":"https:\/\/www.pure-beauty.shop\/","name":"Pure Beauty &amp; PANDHY&#039;S Shop","description":"Kosmetikshop in Graz","potentialAction":[{"@type":"SearchAction","target":{"@type":"EntryPoint","urlTemplate":"https:\/\/www.pure-beauty.shop\/?s={search_term_string}"},"query-input":{"@type":"PropertyValueSpecification","valueRequired":true,"valueName":"search_term_string"}}],"inLanguage":"en-GB"}]}},"jetpack_sharing_enabled":true,"_links":{"self":[{"href":"https:\/\/www.pure-beauty.shop\/en\/wp-json\/wp\/v2\/product\/19194","targetHints":{"allow":["GET"]}}],"collection":[{"href":"https:\/\/www.pure-beauty.shop\/en\/wp-json\/wp\/v2\/product"}],"about":[{"href":"https:\/\/www.pure-beauty.shop\/en\/wp-json\/wp\/v2\/types\/product"}],"replies":[{"embeddable":true,"href":"https:\/\/www.pure-beauty.shop\/en\/wp-json\/wp\/v2\/comments?post=19194"}],"wp:featuredmedia":[{"embeddable":true,"href":"https:\/\/www.pure-beauty.shop\/en\/wp-json\/wp\/v2\/media\/19234"}],"wp:attachment":[{"href":"https:\/\/www.pure-beauty.shop\/en\/wp-json\/wp\/v2\/media?parent=19194"}],"wp:term":[{"taxonomy":"brand","embeddable":true,"href":"https:\/\/www.pure-beauty.shop\/en\/wp-json\/wp\/v2\/etheme_brands?post=19194"},{"taxonomy":"product_brand","embeddable":true,"href":"https:\/\/www.pure-beauty.shop\/en\/wp-json\/wp\/v2\/product_brand?post=19194"},{"taxonomy":"product_cat","embeddable":true,"href":"https:\/\/www.pure-beauty.shop\/en\/wp-json\/wp\/v2\/product_cat?post=19194"},{"taxonomy":"product_tag","embeddable":true,"href":"https:\/\/www.pure-beauty.shop\/en\/wp-json\/wp\/v2\/product_tag?post=19194"}],"curies":[{"name":"wp","href":"https:\/\/api.w.org\/{rel}","templated":true}]}}