{"id":19195,"date":"2021-04-30T15:59:52","date_gmt":"2021-04-30T13:59:52","guid":{"rendered":"https:\/\/www.pure-beauty.shop\/?post_type=product&#038;p=19195"},"modified":"2026-04-19T23:14:14","modified_gmt":"2026-04-19T21:14:14","slug":"capilia-serum","status":"publish","type":"product","link":"https:\/\/www.pure-beauty.shop\/en\/product\/capilia-serum\/","title":{"rendered":"PANDHY\u2019S\u2122 Capilia Serum"},"content":{"rendered":"<div class=\"wpb-content-wrapper\"><div class=\"vc_row wpb_row vc_row-fluid et_custom_uniqid_628503213fdc5 mpc-row\">\n<div class=\"wpb_column vc_column_container vc_col-sm-12 et_custom_uniqid_628503213fd5f mpc-column\" data-column-id=\"mpc_column-10062850324a70d1\">\n<div class=\"vc_column-inner\">\n<div class=\"wpb_wrapper\">\n<div class=\"wpb_text_column wpb_content_element\">\n<div class=\"wpb_wrapper\">\n<p>Das Capilia Serum unterst&uuml;tzt aktiv den Haarwuchs, die Haardichte und bek&auml;mpft die Ursachen des Haarausfalls. Seine einzigartige Zusammensetzung st&auml;rkt die Haare effektiv und verl&auml;ngert ihre Lebensdauer erheblich, regeneriert die Haarfollikel und erh&ouml;ht die Widerstandsf&auml;higkeit des Haares. Das Serum ist reich an wertvollen Wirkstoffen, ultraleicht, nicht fettend, einfach anzuwenden und zieht schnell ein.<\/p>\n<p>Feines Haar, mangelhafte Haardichte und Haarausfall sind ein recht h&auml;ufiges Problem und betreffen beide Geschlechter. Es gibt mehrere Gr&uuml;nde f&uuml;r Haarausfall &#8211; die Ursachen k&ouml;nnen von einfachen und vor&uuml;bergehenden bis hin zu komplexeren zugrunde liegenden Gesundheitszust&auml;nden reichen. Hormone, Gene, Stress, Krankheiten und Geburten, Pilzinfektion, Medikamente, Verbrennungen, Verletzungen und R&ouml;ntgenstrahlen, Autoimmunerkrankungen, kosmetische Eingriffe und Ern&auml;hrung k&ouml;nnen vor&uuml;bergehenden Haarausfall verursachen.<\/p>\n<p>Unser PANDHY&lsquo;S Capilia-Serum ist eine ursachenabh&auml;ngige M&ouml;glichkeit zur Behandlung von Haarausfall bei Frauen und M&auml;nnern<strong>. Seine spezielle Formulierung geht dieses Problem aus mehreren Richtungen an und setzt gegen alle Haarausfallsursachen 6 patentierte, hochinnovative Wirkstoffkombinationen f&uuml;r den bestm&ouml;glichen Effekt ein.&nbsp;<\/strong><\/p>\n<p>Folgende patententierte Wirkstoffkombinationen bilden die Basis f&uuml;r das Serum: <strong>Redensyl&reg;, CAPILIA LONGA PPF, Anargy&trade;, Baicapil&trade;, Kerascalp&trade;, Sangmodan&trade;<\/strong><\/p>\n<p><strong>Anwendung: <\/strong>Tragen Sie das Serum auf die Kopfhaut auf, insbesondere auf die von Haarausfall betroffenen Bereiche. Sanft mit den Fingern einmassieren und einziehen lassen, nicht aussp&uuml;len. Kann sowohl auf trockenem als auch auf nassem Haar angewendet werden.<\/p>\n<p>T&auml;glich 1 Monat lang als Intensivbehandlung und dann 2 Monate lang zweimal w&ouml;chentlich als Erhaltungsbehandlung anwenden.<\/p>\n<h6>INCI: Aqua (Water), Mentha Piperita (Peppermint) Water, Lavandula Angustifolia (Lavender) Flower Water, Citrus Aurantium Dulcis (Orange) Fruit Water, Propanediol, Saccharomyces\/Rice Ferment Filtrate, Glycerin,<br \/>\nCurcuma Longa (Turmeric) Callus Conditioned Media, Arginine, Lactic Acid, Glycine Soja Germ Extract, Triticum Vulgare (Wheat) Germ Extract, Camellia Sinensis Leaf Extract, Sophora Flavescens Root Extract, Capsicum Annuum Fruit Extract, Lycium Chinense Fruit Extract, Saccharomyces\/Zinc Ferment, Saccharomyces\/Copper Ferment, Saccharomyces\/Magnesium Ferment, Saccharomyces\/Iron Ferment, Saccharomyces\/Silicon Ferment, Angelica Gigas Root Extract, Scutellaria Baicalensis Root Extract, Angelica Dahurica Root Extract, Rubus Coreanus Fruit Extract, Morus Alba Root Extract, Leuconostoc\/Radish Root Ferment Filtrate, Phyllanthus Emblica Fruit Extract, Glycine, Larix Europaea (Larch) Wood Extract, Phytic Acid, Zinc Chloride, Glycoproteins, Oligopeptide-2, Parfum (Fragrance), Butylene Glycol, Pentylene Glycol, Sodium Salicylate, Benzyl Alcohol, Gluconolactone, Sodium Benzoate, Dehydroacetic Acid, Sodium Metabisulfite, Calcium Gluconate<\/h6>\n<\/p>\n<\/div>\n<\/div>\n<\/div>\n<\/div>\n<\/div>\n<\/div>\n<\/div>","protected":false},"excerpt":{"rendered":"<p>unterst\u00fctzt aktiv den Haarwuchs, die Haardichte und minimiert den Haarausfall<\/p>","protected":false},"featured_media":19236,"comment_status":"open","ping_status":"closed","template":"","meta":{"jetpack_post_was_ever_published":false},"etheme_brands":[{"term_id":203,"name":"PANDHY'S\u2122","slug":"pandhys","term_group":0,"term_taxonomy_id":203,"taxonomy":"brand","description":"","parent":0,"count":63,"filter":"raw"}],"product_brand":[],"product_cat":[198,173,170],"product_tag":[],"class_list":{"0":"post-19195","1":"product","2":"type-product","3":"status-publish","4":"has-post-thumbnail","6":"brand-pandhys","7":"product_cat-haarpflege","8":"product_cat-koerper","9":"product_cat-pflege","11":"first","12":"instock","13":"taxable","14":"shipping-taxable","15":"purchasable","16":"product-type-simple"},"yoast_head":"<!-- This site is optimized with the Yoast SEO plugin v27.5 - https:\/\/yoast.com\/product\/yoast-seo-wordpress\/ -->\n<title>PANDHY\u2019S\u2122 Capilia Serum - Pure Beauty &amp; PANDHY&#039;S Shop<\/title>\n<meta name=\"description\" content=\"Das Capilia Serum unterst\u00fctzt aktiv den Haarwuchs, die Haardichte und bek\u00e4mpft die Ursachen des Haarausfalls. Seine einzigartige Zusammensetzung st\u00e4rkt die Haare effektiv und verl\u00e4ngert ihre Lebensdauer erheblich, regeneriert die Haarfollikel und erh\u00f6ht die Widerstandsf\u00e4higkeit des Haares. Das Serum ist reich an wertvollen Wirkstoffen, ultraleicht, nicht fettend, einfach anzuwenden und zieht schnell ein.\u00a0\" \/>\n<meta name=\"robots\" content=\"index, follow, max-snippet:-1, max-image-preview:large, max-video-preview:-1\" \/>\n<link rel=\"canonical\" href=\"https:\/\/www.pure-beauty.shop\/en\/product\/capilia-serum\/\" \/>\n<meta property=\"og:locale\" content=\"en_GB\" \/>\n<meta property=\"og:type\" content=\"article\" \/>\n<meta property=\"og:title\" content=\"PANDHY\u2019S\u2122 Capilia Serum - Pure Beauty &amp; PANDHY&#039;S Shop\" \/>\n<meta property=\"og:description\" content=\"Das Capilia Serum unterst\u00fctzt aktiv den Haarwuchs, die Haardichte und bek\u00e4mpft die Ursachen des Haarausfalls. Seine einzigartige Zusammensetzung st\u00e4rkt die Haare effektiv und verl\u00e4ngert ihre Lebensdauer erheblich, regeneriert die Haarfollikel und erh\u00f6ht die Widerstandsf\u00e4higkeit des Haares. Das Serum ist reich an wertvollen Wirkstoffen, ultraleicht, nicht fettend, einfach anzuwenden und zieht schnell ein.\u00a0\" \/>\n<meta property=\"og:url\" content=\"https:\/\/www.pure-beauty.shop\/en\/product\/capilia-serum\/\" \/>\n<meta property=\"og:site_name\" content=\"Pure Beauty &amp; PANDHY&#039;S Shop\" \/>\n<meta property=\"article:modified_time\" content=\"2026-04-19T21:14:14+00:00\" \/>\n<meta property=\"og:image\" content=\"https:\/\/www.pure-beauty.shop\/wp-content\/uploads\/2021\/04\/capilia-serum.jpg\" \/>\n\t<meta property=\"og:image:width\" content=\"2000\" \/>\n\t<meta property=\"og:image:height\" content=\"2000\" \/>\n\t<meta property=\"og:image:type\" content=\"image\/jpeg\" \/>\n<meta name=\"twitter:card\" content=\"summary_large_image\" \/>\n<meta name=\"twitter:label1\" content=\"Estimated reading time\" \/>\n\t<meta name=\"twitter:data1\" content=\"2 minutes\" \/>\n<script type=\"application\/ld+json\" class=\"yoast-schema-graph\">{\"@context\":\"https:\\\/\\\/schema.org\",\"@graph\":[{\"@type\":\"WebPage\",\"@id\":\"https:\\\/\\\/www.pure-beauty.shop\\\/produkt\\\/capilia-serum\\\/\",\"url\":\"https:\\\/\\\/www.pure-beauty.shop\\\/produkt\\\/capilia-serum\\\/\",\"name\":\"PANDHY\u2019S\u2122 Capilia Serum - Pure Beauty &amp; PANDHY&#039;S Shop\",\"isPartOf\":{\"@id\":\"https:\\\/\\\/www.pure-beauty.shop\\\/#website\"},\"primaryImageOfPage\":{\"@id\":\"https:\\\/\\\/www.pure-beauty.shop\\\/produkt\\\/capilia-serum\\\/#primaryimage\"},\"image\":{\"@id\":\"https:\\\/\\\/www.pure-beauty.shop\\\/produkt\\\/capilia-serum\\\/#primaryimage\"},\"thumbnailUrl\":\"https:\\\/\\\/www.pure-beauty.shop\\\/wp-content\\\/uploads\\\/2021\\\/04\\\/capilia-serum.jpg\",\"datePublished\":\"2021-04-30T13:59:52+00:00\",\"dateModified\":\"2026-04-19T21:14:14+00:00\",\"description\":\"Das Capilia Serum unterst\u00fctzt aktiv den Haarwuchs, die Haardichte und bek\u00e4mpft die Ursachen des Haarausfalls. Seine einzigartige Zusammensetzung st\u00e4rkt die Haare effektiv und verl\u00e4ngert ihre Lebensdauer erheblich, regeneriert die Haarfollikel und erh\u00f6ht die Widerstandsf\u00e4higkeit des Haares. Das Serum ist reich an wertvollen Wirkstoffen, ultraleicht, nicht fettend, einfach anzuwenden und zieht schnell ein.\u00a0\",\"breadcrumb\":{\"@id\":\"https:\\\/\\\/www.pure-beauty.shop\\\/produkt\\\/capilia-serum\\\/#breadcrumb\"},\"inLanguage\":\"en-GB\",\"potentialAction\":[{\"@type\":\"ReadAction\",\"target\":[\"https:\\\/\\\/www.pure-beauty.shop\\\/produkt\\\/capilia-serum\\\/\"]}]},{\"@type\":\"ImageObject\",\"inLanguage\":\"en-GB\",\"@id\":\"https:\\\/\\\/www.pure-beauty.shop\\\/produkt\\\/capilia-serum\\\/#primaryimage\",\"url\":\"https:\\\/\\\/www.pure-beauty.shop\\\/wp-content\\\/uploads\\\/2021\\\/04\\\/capilia-serum.jpg\",\"contentUrl\":\"https:\\\/\\\/www.pure-beauty.shop\\\/wp-content\\\/uploads\\\/2021\\\/04\\\/capilia-serum.jpg\",\"width\":2000,\"height\":2000},{\"@type\":\"BreadcrumbList\",\"@id\":\"https:\\\/\\\/www.pure-beauty.shop\\\/produkt\\\/capilia-serum\\\/#breadcrumb\",\"itemListElement\":[{\"@type\":\"ListItem\",\"position\":1,\"name\":\"Startseite\",\"item\":\"https:\\\/\\\/www.pure-beauty.shop\\\/\"},{\"@type\":\"ListItem\",\"position\":2,\"name\":\"Shop\",\"item\":\"https:\\\/\\\/www.pure-beauty.shop\\\/en\\\/shop\\\/\"},{\"@type\":\"ListItem\",\"position\":3,\"name\":\"PANDHY\u2019S\u2122 Capilia Serum\"}]},{\"@type\":\"WebSite\",\"@id\":\"https:\\\/\\\/www.pure-beauty.shop\\\/#website\",\"url\":\"https:\\\/\\\/www.pure-beauty.shop\\\/\",\"name\":\"Pure Beauty &amp; PANDHY&#039;S Shop\",\"description\":\"Kosmetikshop in Graz\",\"potentialAction\":[{\"@type\":\"SearchAction\",\"target\":{\"@type\":\"EntryPoint\",\"urlTemplate\":\"https:\\\/\\\/www.pure-beauty.shop\\\/?s={search_term_string}\"},\"query-input\":{\"@type\":\"PropertyValueSpecification\",\"valueRequired\":true,\"valueName\":\"search_term_string\"}}],\"inLanguage\":\"en-GB\"}]}<\/script>\n<!-- \/ Yoast SEO plugin. -->","yoast_head_json":{"title":"PANDHY\u2019S\u2122 Capilia Serum - Pure Beauty &amp; PANDHY&#039;S Shop","description":"Das Capilia Serum unterst\u00fctzt aktiv den Haarwuchs, die Haardichte und bek\u00e4mpft die Ursachen des Haarausfalls. Seine einzigartige Zusammensetzung st\u00e4rkt die Haare effektiv und verl\u00e4ngert ihre Lebensdauer erheblich, regeneriert die Haarfollikel und erh\u00f6ht die Widerstandsf\u00e4higkeit des Haares. Das Serum ist reich an wertvollen Wirkstoffen, ultraleicht, nicht fettend, einfach anzuwenden und zieht schnell ein.\u00a0","robots":{"index":"index","follow":"follow","max-snippet":"max-snippet:-1","max-image-preview":"max-image-preview:large","max-video-preview":"max-video-preview:-1"},"canonical":"https:\/\/www.pure-beauty.shop\/en\/product\/capilia-serum\/","og_locale":"en_GB","og_type":"article","og_title":"PANDHY\u2019S\u2122 Capilia Serum - Pure Beauty &amp; PANDHY&#039;S Shop","og_description":"Das Capilia Serum unterst\u00fctzt aktiv den Haarwuchs, die Haardichte und bek\u00e4mpft die Ursachen des Haarausfalls. Seine einzigartige Zusammensetzung st\u00e4rkt die Haare effektiv und verl\u00e4ngert ihre Lebensdauer erheblich, regeneriert die Haarfollikel und erh\u00f6ht die Widerstandsf\u00e4higkeit des Haares. Das Serum ist reich an wertvollen Wirkstoffen, ultraleicht, nicht fettend, einfach anzuwenden und zieht schnell ein.\u00a0","og_url":"https:\/\/www.pure-beauty.shop\/en\/product\/capilia-serum\/","og_site_name":"Pure Beauty &amp; PANDHY&#039;S Shop","article_modified_time":"2026-04-19T21:14:14+00:00","og_image":[{"width":2000,"height":2000,"url":"https:\/\/www.pure-beauty.shop\/wp-content\/uploads\/2021\/04\/capilia-serum.jpg","type":"image\/jpeg"}],"twitter_card":"summary_large_image","twitter_misc":{"Estimated reading time":"2 minutes"},"schema":{"@context":"https:\/\/schema.org","@graph":[{"@type":"WebPage","@id":"https:\/\/www.pure-beauty.shop\/produkt\/capilia-serum\/","url":"https:\/\/www.pure-beauty.shop\/produkt\/capilia-serum\/","name":"PANDHY\u2019S\u2122 Capilia Serum - Pure Beauty &amp; PANDHY&#039;S Shop","isPartOf":{"@id":"https:\/\/www.pure-beauty.shop\/#website"},"primaryImageOfPage":{"@id":"https:\/\/www.pure-beauty.shop\/produkt\/capilia-serum\/#primaryimage"},"image":{"@id":"https:\/\/www.pure-beauty.shop\/produkt\/capilia-serum\/#primaryimage"},"thumbnailUrl":"https:\/\/www.pure-beauty.shop\/wp-content\/uploads\/2021\/04\/capilia-serum.jpg","datePublished":"2021-04-30T13:59:52+00:00","dateModified":"2026-04-19T21:14:14+00:00","description":"Das Capilia Serum unterst\u00fctzt aktiv den Haarwuchs, die Haardichte und bek\u00e4mpft die Ursachen des Haarausfalls. Seine einzigartige Zusammensetzung st\u00e4rkt die Haare effektiv und verl\u00e4ngert ihre Lebensdauer erheblich, regeneriert die Haarfollikel und erh\u00f6ht die Widerstandsf\u00e4higkeit des Haares. Das Serum ist reich an wertvollen Wirkstoffen, ultraleicht, nicht fettend, einfach anzuwenden und zieht schnell ein.\u00a0","breadcrumb":{"@id":"https:\/\/www.pure-beauty.shop\/produkt\/capilia-serum\/#breadcrumb"},"inLanguage":"en-GB","potentialAction":[{"@type":"ReadAction","target":["https:\/\/www.pure-beauty.shop\/produkt\/capilia-serum\/"]}]},{"@type":"ImageObject","inLanguage":"en-GB","@id":"https:\/\/www.pure-beauty.shop\/produkt\/capilia-serum\/#primaryimage","url":"https:\/\/www.pure-beauty.shop\/wp-content\/uploads\/2021\/04\/capilia-serum.jpg","contentUrl":"https:\/\/www.pure-beauty.shop\/wp-content\/uploads\/2021\/04\/capilia-serum.jpg","width":2000,"height":2000},{"@type":"BreadcrumbList","@id":"https:\/\/www.pure-beauty.shop\/produkt\/capilia-serum\/#breadcrumb","itemListElement":[{"@type":"ListItem","position":1,"name":"Startseite","item":"https:\/\/www.pure-beauty.shop\/"},{"@type":"ListItem","position":2,"name":"Shop","item":"https:\/\/www.pure-beauty.shop\/en\/shop\/"},{"@type":"ListItem","position":3,"name":"PANDHY\u2019S\u2122 Capilia Serum"}]},{"@type":"WebSite","@id":"https:\/\/www.pure-beauty.shop\/#website","url":"https:\/\/www.pure-beauty.shop\/","name":"Pure Beauty &amp; PANDHY&#039;S Shop","description":"Kosmetikshop in Graz","potentialAction":[{"@type":"SearchAction","target":{"@type":"EntryPoint","urlTemplate":"https:\/\/www.pure-beauty.shop\/?s={search_term_string}"},"query-input":{"@type":"PropertyValueSpecification","valueRequired":true,"valueName":"search_term_string"}}],"inLanguage":"en-GB"}]}},"jetpack_sharing_enabled":true,"_links":{"self":[{"href":"https:\/\/www.pure-beauty.shop\/en\/wp-json\/wp\/v2\/product\/19195","targetHints":{"allow":["GET"]}}],"collection":[{"href":"https:\/\/www.pure-beauty.shop\/en\/wp-json\/wp\/v2\/product"}],"about":[{"href":"https:\/\/www.pure-beauty.shop\/en\/wp-json\/wp\/v2\/types\/product"}],"replies":[{"embeddable":true,"href":"https:\/\/www.pure-beauty.shop\/en\/wp-json\/wp\/v2\/comments?post=19195"}],"wp:featuredmedia":[{"embeddable":true,"href":"https:\/\/www.pure-beauty.shop\/en\/wp-json\/wp\/v2\/media\/19236"}],"wp:attachment":[{"href":"https:\/\/www.pure-beauty.shop\/en\/wp-json\/wp\/v2\/media?parent=19195"}],"wp:term":[{"taxonomy":"brand","embeddable":true,"href":"https:\/\/www.pure-beauty.shop\/en\/wp-json\/wp\/v2\/etheme_brands?post=19195"},{"taxonomy":"product_brand","embeddable":true,"href":"https:\/\/www.pure-beauty.shop\/en\/wp-json\/wp\/v2\/product_brand?post=19195"},{"taxonomy":"product_cat","embeddable":true,"href":"https:\/\/www.pure-beauty.shop\/en\/wp-json\/wp\/v2\/product_cat?post=19195"},{"taxonomy":"product_tag","embeddable":true,"href":"https:\/\/www.pure-beauty.shop\/en\/wp-json\/wp\/v2\/product_tag?post=19195"}],"curies":[{"name":"wp","href":"https:\/\/api.w.org\/{rel}","templated":true}]}}