{"id":19196,"date":"2021-04-30T16:00:42","date_gmt":"2021-04-30T14:00:42","guid":{"rendered":"https:\/\/www.pure-beauty.shop\/?post_type=product&#038;p=19196"},"modified":"2026-04-19T23:11:56","modified_gmt":"2026-04-19T21:11:56","slug":"hair-mask-oil","status":"publish","type":"product","link":"https:\/\/www.pure-beauty.shop\/en\/product\/hair-mask-oil\/","title":{"rendered":"PANDHY\u2019S\u2122 Hair Mask Oil (100 ml)"},"content":{"rendered":"<div class=\"wpb-content-wrapper\"><div class=\"vc_row wpb_row vc_row-fluid et_custom_uniqid_63b347252e3af mpc-row\">\n<div class=\"wpb_column vc_column_container vc_col-sm-12 et_custom_uniqid_63b347252d281 mpc-column\" data-column-id=\"mpc_column-1663b3472f3bdb4\">\n<div class=\"vc_column-inner\">\n<div class=\"wpb_wrapper\">\n<div class=\"wpb_text_column wpb_content_element\">\n<div class=\"wpb_wrapper\">\n<p>Unsere intensiv pflegende Haarmasken\u00f6lmischung ist eine sehr reichhaltige Maske, die allen Haartypen zugutekommen kann, insbesondere trockenem, strapazierten Haar. Die Kombination aus wertvollen, n\u00e4hrenden \u00d6len wie Kokosnuss\u00f6l, Rizinus\u00f6l und Argan\u00f6l vitalisiert, pflegt und hydratisiert selbst stark gesch\u00e4digtes, coloriertes Haar. Das \u00d6l verleiht lang anhaltende Geschmeidigkeit, Glanz und Styling-Leichtigkeit.<\/p>\n<p><strong>Anwendung<\/strong>: Auf trockenes Haar auftragen, gr\u00fcndlich in die Kopfhaut einmassieren und gleichm\u00e4\u00dfig \u00fcber die gesamte L\u00e4nge des Haares verteilen. Mindestens 15-30 Minuten, oder \u00fcber Nacht einwirken lassen, um das beste Ergebnis zu erzielen. Gr\u00fcndlich aussp\u00fclen. Vor dem Gebrauch gut sch\u00fctteln!<\/p>\n<h6>INCI: Cocos Nucifera (Coconut) Oil, Ricinus Communis (Castor) Seed Oil, Argania Spinosa Kernel Oil, Triticum Vulgare Germ (Wheat Germ) Oil, Vitis Vinifera (Grape) Seed Oil, Azadirachta Indica (Neem) Seed Oil, Helianthus Annuus (Sunflower) Seed Oil, Mentha Arvensis (Mint) Leaf Oil, Lavandula Angustifolia (Lavender) Flower Oil, Cananga Odorata (Ylang-Ylang) Flower Oil, Rosmarinus Officinalis (Rosemary) Leaf Oil, Cymbopogon Citratus (Lemon Grass) Leaf Oil, Melaleuca Alternifolia (Tea Tree) Leaf Oil, Caffeine, Salvia Sclarea (Clary Sage) Oil, Amaranthus Caudatus (Amaranth) Seed Extract, Diisostearyl Malate, Rosmarinus Officinalis (Rosemary) Leaf Extract<\/h6>\n<\/div>\n<\/div>\n<\/div>\n<\/div>\n<\/div>\n<\/div>\n<\/div>","protected":false},"excerpt":{"rendered":"<p>tief pflegende Haarmasken\u00f6lmischung als sehr reichhaltige Maske, die allen Haartypen zugutekommen kann<\/p>","protected":false},"featured_media":21216,"comment_status":"open","ping_status":"closed","template":"","meta":{"jetpack_post_was_ever_published":false},"etheme_brands":[],"product_brand":[],"product_cat":[198,173,170],"product_tag":[],"class_list":{"0":"post-19196","1":"product","2":"type-product","3":"status-publish","4":"has-post-thumbnail","6":"product_cat-haarpflege","7":"product_cat-koerper","8":"product_cat-pflege","10":"first","11":"instock","12":"taxable","13":"shipping-taxable","14":"purchasable","15":"product-type-simple"},"yoast_head":"<!-- This site is optimized with the Yoast SEO plugin v27.5 - https:\/\/yoast.com\/product\/yoast-seo-wordpress\/ -->\n<title>PANDHY\u2019S\u2122 Hair Mask Oil (100 ml) - Pure Beauty &amp; PANDHY&#039;S Shop<\/title>\n<meta name=\"description\" content=\"Unsere intensiv pflegende Haarmasken\u00f6lmischung ist eine sehr reichhaltige Maske, die allen Haartypen zugutekommen kann, insbesondere trockenem, strapazierten Haar. Die Kombination aus wertvollen, n\u00e4hrenden \u00d6len wie Kokosnuss\u00f6l, Rizinus\u00f6l und Argan\u00f6l vitalisiert, pflegt und hydratisiert selbst stark gesch\u00e4digtes, coloriertes Haar. Das \u00d6l verleiht lang anhaltende Geschmeidigkeit, Glanz und Styling-Leichtigkeit.\u00a0\" \/>\n<meta name=\"robots\" content=\"index, follow, max-snippet:-1, max-image-preview:large, max-video-preview:-1\" \/>\n<link rel=\"canonical\" href=\"https:\/\/www.pure-beauty.shop\/en\/product\/hair-mask-oil\/\" \/>\n<meta property=\"og:locale\" content=\"en_GB\" \/>\n<meta property=\"og:type\" content=\"article\" \/>\n<meta property=\"og:title\" content=\"PANDHY\u2019S\u2122 Hair Mask Oil (100 ml) - Pure Beauty &amp; PANDHY&#039;S Shop\" \/>\n<meta property=\"og:description\" content=\"Unsere intensiv pflegende Haarmasken\u00f6lmischung ist eine sehr reichhaltige Maske, die allen Haartypen zugutekommen kann, insbesondere trockenem, strapazierten Haar. Die Kombination aus wertvollen, n\u00e4hrenden \u00d6len wie Kokosnuss\u00f6l, Rizinus\u00f6l und Argan\u00f6l vitalisiert, pflegt und hydratisiert selbst stark gesch\u00e4digtes, coloriertes Haar. Das \u00d6l verleiht lang anhaltende Geschmeidigkeit, Glanz und Styling-Leichtigkeit.\u00a0\" \/>\n<meta property=\"og:url\" content=\"https:\/\/www.pure-beauty.shop\/en\/product\/hair-mask-oil\/\" \/>\n<meta property=\"og:site_name\" content=\"Pure Beauty &amp; PANDHY&#039;S Shop\" \/>\n<meta property=\"article:modified_time\" content=\"2026-04-19T21:11:56+00:00\" \/>\n<meta property=\"og:image\" content=\"https:\/\/www.pure-beauty.shop\/wp-content\/uploads\/2021\/04\/Copy-of-hair-mask-oil.jpg\" \/>\n\t<meta property=\"og:image:width\" content=\"2000\" \/>\n\t<meta property=\"og:image:height\" content=\"2000\" \/>\n\t<meta property=\"og:image:type\" content=\"image\/jpeg\" \/>\n<meta name=\"twitter:card\" content=\"summary_large_image\" \/>\n<meta name=\"twitter:label1\" content=\"Estimated reading time\" \/>\n\t<meta name=\"twitter:data1\" content=\"1 minute\" \/>\n<script type=\"application\/ld+json\" class=\"yoast-schema-graph\">{\"@context\":\"https:\\\/\\\/schema.org\",\"@graph\":[{\"@type\":\"WebPage\",\"@id\":\"https:\\\/\\\/www.pure-beauty.shop\\\/produkt\\\/hair-mask-oil\\\/\",\"url\":\"https:\\\/\\\/www.pure-beauty.shop\\\/produkt\\\/hair-mask-oil\\\/\",\"name\":\"PANDHY\u2019S\u2122 Hair Mask Oil (100 ml) - Pure Beauty &amp; PANDHY&#039;S Shop\",\"isPartOf\":{\"@id\":\"https:\\\/\\\/www.pure-beauty.shop\\\/#website\"},\"primaryImageOfPage\":{\"@id\":\"https:\\\/\\\/www.pure-beauty.shop\\\/produkt\\\/hair-mask-oil\\\/#primaryimage\"},\"image\":{\"@id\":\"https:\\\/\\\/www.pure-beauty.shop\\\/produkt\\\/hair-mask-oil\\\/#primaryimage\"},\"thumbnailUrl\":\"https:\\\/\\\/www.pure-beauty.shop\\\/wp-content\\\/uploads\\\/2021\\\/04\\\/Copy-of-hair-mask-oil.jpg\",\"datePublished\":\"2021-04-30T14:00:42+00:00\",\"dateModified\":\"2026-04-19T21:11:56+00:00\",\"description\":\"Unsere intensiv pflegende Haarmasken\u00f6lmischung ist eine sehr reichhaltige Maske, die allen Haartypen zugutekommen kann, insbesondere trockenem, strapazierten Haar. Die Kombination aus wertvollen, n\u00e4hrenden \u00d6len wie Kokosnuss\u00f6l, Rizinus\u00f6l und Argan\u00f6l vitalisiert, pflegt und hydratisiert selbst stark gesch\u00e4digtes, coloriertes Haar. Das \u00d6l verleiht lang anhaltende Geschmeidigkeit, Glanz und Styling-Leichtigkeit.\u00a0\",\"breadcrumb\":{\"@id\":\"https:\\\/\\\/www.pure-beauty.shop\\\/produkt\\\/hair-mask-oil\\\/#breadcrumb\"},\"inLanguage\":\"en-GB\",\"potentialAction\":[{\"@type\":\"ReadAction\",\"target\":[\"https:\\\/\\\/www.pure-beauty.shop\\\/produkt\\\/hair-mask-oil\\\/\"]}]},{\"@type\":\"ImageObject\",\"inLanguage\":\"en-GB\",\"@id\":\"https:\\\/\\\/www.pure-beauty.shop\\\/produkt\\\/hair-mask-oil\\\/#primaryimage\",\"url\":\"https:\\\/\\\/www.pure-beauty.shop\\\/wp-content\\\/uploads\\\/2021\\\/04\\\/Copy-of-hair-mask-oil.jpg\",\"contentUrl\":\"https:\\\/\\\/www.pure-beauty.shop\\\/wp-content\\\/uploads\\\/2021\\\/04\\\/Copy-of-hair-mask-oil.jpg\",\"width\":2000,\"height\":2000},{\"@type\":\"BreadcrumbList\",\"@id\":\"https:\\\/\\\/www.pure-beauty.shop\\\/produkt\\\/hair-mask-oil\\\/#breadcrumb\",\"itemListElement\":[{\"@type\":\"ListItem\",\"position\":1,\"name\":\"Startseite\",\"item\":\"https:\\\/\\\/www.pure-beauty.shop\\\/\"},{\"@type\":\"ListItem\",\"position\":2,\"name\":\"Shop\",\"item\":\"https:\\\/\\\/www.pure-beauty.shop\\\/en\\\/shop\\\/\"},{\"@type\":\"ListItem\",\"position\":3,\"name\":\"PANDHY\u2019S\u2122 Hair Mask Oil (100 ml)\"}]},{\"@type\":\"WebSite\",\"@id\":\"https:\\\/\\\/www.pure-beauty.shop\\\/#website\",\"url\":\"https:\\\/\\\/www.pure-beauty.shop\\\/\",\"name\":\"Pure Beauty &amp; PANDHY&#039;S Shop\",\"description\":\"Kosmetikshop in Graz\",\"potentialAction\":[{\"@type\":\"SearchAction\",\"target\":{\"@type\":\"EntryPoint\",\"urlTemplate\":\"https:\\\/\\\/www.pure-beauty.shop\\\/?s={search_term_string}\"},\"query-input\":{\"@type\":\"PropertyValueSpecification\",\"valueRequired\":true,\"valueName\":\"search_term_string\"}}],\"inLanguage\":\"en-GB\"}]}<\/script>\n<!-- \/ Yoast SEO plugin. -->","yoast_head_json":{"title":"PANDHY\u2019S\u2122 Hair Mask Oil (100 ml) - Pure Beauty &amp; PANDHY&#039;S Shop","description":"Unsere intensiv pflegende Haarmasken\u00f6lmischung ist eine sehr reichhaltige Maske, die allen Haartypen zugutekommen kann, insbesondere trockenem, strapazierten Haar. Die Kombination aus wertvollen, n\u00e4hrenden \u00d6len wie Kokosnuss\u00f6l, Rizinus\u00f6l und Argan\u00f6l vitalisiert, pflegt und hydratisiert selbst stark gesch\u00e4digtes, coloriertes Haar. Das \u00d6l verleiht lang anhaltende Geschmeidigkeit, Glanz und Styling-Leichtigkeit.\u00a0","robots":{"index":"index","follow":"follow","max-snippet":"max-snippet:-1","max-image-preview":"max-image-preview:large","max-video-preview":"max-video-preview:-1"},"canonical":"https:\/\/www.pure-beauty.shop\/en\/product\/hair-mask-oil\/","og_locale":"en_GB","og_type":"article","og_title":"PANDHY\u2019S\u2122 Hair Mask Oil (100 ml) - Pure Beauty &amp; PANDHY&#039;S Shop","og_description":"Unsere intensiv pflegende Haarmasken\u00f6lmischung ist eine sehr reichhaltige Maske, die allen Haartypen zugutekommen kann, insbesondere trockenem, strapazierten Haar. Die Kombination aus wertvollen, n\u00e4hrenden \u00d6len wie Kokosnuss\u00f6l, Rizinus\u00f6l und Argan\u00f6l vitalisiert, pflegt und hydratisiert selbst stark gesch\u00e4digtes, coloriertes Haar. Das \u00d6l verleiht lang anhaltende Geschmeidigkeit, Glanz und Styling-Leichtigkeit.\u00a0","og_url":"https:\/\/www.pure-beauty.shop\/en\/product\/hair-mask-oil\/","og_site_name":"Pure Beauty &amp; PANDHY&#039;S Shop","article_modified_time":"2026-04-19T21:11:56+00:00","og_image":[{"width":2000,"height":2000,"url":"https:\/\/www.pure-beauty.shop\/wp-content\/uploads\/2021\/04\/Copy-of-hair-mask-oil.jpg","type":"image\/jpeg"}],"twitter_card":"summary_large_image","twitter_misc":{"Estimated reading time":"1 minute"},"schema":{"@context":"https:\/\/schema.org","@graph":[{"@type":"WebPage","@id":"https:\/\/www.pure-beauty.shop\/produkt\/hair-mask-oil\/","url":"https:\/\/www.pure-beauty.shop\/produkt\/hair-mask-oil\/","name":"PANDHY\u2019S\u2122 Hair Mask Oil (100 ml) - Pure Beauty &amp; PANDHY&#039;S Shop","isPartOf":{"@id":"https:\/\/www.pure-beauty.shop\/#website"},"primaryImageOfPage":{"@id":"https:\/\/www.pure-beauty.shop\/produkt\/hair-mask-oil\/#primaryimage"},"image":{"@id":"https:\/\/www.pure-beauty.shop\/produkt\/hair-mask-oil\/#primaryimage"},"thumbnailUrl":"https:\/\/www.pure-beauty.shop\/wp-content\/uploads\/2021\/04\/Copy-of-hair-mask-oil.jpg","datePublished":"2021-04-30T14:00:42+00:00","dateModified":"2026-04-19T21:11:56+00:00","description":"Unsere intensiv pflegende Haarmasken\u00f6lmischung ist eine sehr reichhaltige Maske, die allen Haartypen zugutekommen kann, insbesondere trockenem, strapazierten Haar. Die Kombination aus wertvollen, n\u00e4hrenden \u00d6len wie Kokosnuss\u00f6l, Rizinus\u00f6l und Argan\u00f6l vitalisiert, pflegt und hydratisiert selbst stark gesch\u00e4digtes, coloriertes Haar. Das \u00d6l verleiht lang anhaltende Geschmeidigkeit, Glanz und Styling-Leichtigkeit.\u00a0","breadcrumb":{"@id":"https:\/\/www.pure-beauty.shop\/produkt\/hair-mask-oil\/#breadcrumb"},"inLanguage":"en-GB","potentialAction":[{"@type":"ReadAction","target":["https:\/\/www.pure-beauty.shop\/produkt\/hair-mask-oil\/"]}]},{"@type":"ImageObject","inLanguage":"en-GB","@id":"https:\/\/www.pure-beauty.shop\/produkt\/hair-mask-oil\/#primaryimage","url":"https:\/\/www.pure-beauty.shop\/wp-content\/uploads\/2021\/04\/Copy-of-hair-mask-oil.jpg","contentUrl":"https:\/\/www.pure-beauty.shop\/wp-content\/uploads\/2021\/04\/Copy-of-hair-mask-oil.jpg","width":2000,"height":2000},{"@type":"BreadcrumbList","@id":"https:\/\/www.pure-beauty.shop\/produkt\/hair-mask-oil\/#breadcrumb","itemListElement":[{"@type":"ListItem","position":1,"name":"Startseite","item":"https:\/\/www.pure-beauty.shop\/"},{"@type":"ListItem","position":2,"name":"Shop","item":"https:\/\/www.pure-beauty.shop\/en\/shop\/"},{"@type":"ListItem","position":3,"name":"PANDHY\u2019S\u2122 Hair Mask Oil (100 ml)"}]},{"@type":"WebSite","@id":"https:\/\/www.pure-beauty.shop\/#website","url":"https:\/\/www.pure-beauty.shop\/","name":"Pure Beauty &amp; PANDHY&#039;S Shop","description":"Kosmetikshop in Graz","potentialAction":[{"@type":"SearchAction","target":{"@type":"EntryPoint","urlTemplate":"https:\/\/www.pure-beauty.shop\/?s={search_term_string}"},"query-input":{"@type":"PropertyValueSpecification","valueRequired":true,"valueName":"search_term_string"}}],"inLanguage":"en-GB"}]}},"jetpack_sharing_enabled":true,"_links":{"self":[{"href":"https:\/\/www.pure-beauty.shop\/en\/wp-json\/wp\/v2\/product\/19196","targetHints":{"allow":["GET"]}}],"collection":[{"href":"https:\/\/www.pure-beauty.shop\/en\/wp-json\/wp\/v2\/product"}],"about":[{"href":"https:\/\/www.pure-beauty.shop\/en\/wp-json\/wp\/v2\/types\/product"}],"replies":[{"embeddable":true,"href":"https:\/\/www.pure-beauty.shop\/en\/wp-json\/wp\/v2\/comments?post=19196"}],"wp:featuredmedia":[{"embeddable":true,"href":"https:\/\/www.pure-beauty.shop\/en\/wp-json\/wp\/v2\/media\/21216"}],"wp:attachment":[{"href":"https:\/\/www.pure-beauty.shop\/en\/wp-json\/wp\/v2\/media?parent=19196"}],"wp:term":[{"taxonomy":"brand","embeddable":true,"href":"https:\/\/www.pure-beauty.shop\/en\/wp-json\/wp\/v2\/etheme_brands?post=19196"},{"taxonomy":"product_brand","embeddable":true,"href":"https:\/\/www.pure-beauty.shop\/en\/wp-json\/wp\/v2\/product_brand?post=19196"},{"taxonomy":"product_cat","embeddable":true,"href":"https:\/\/www.pure-beauty.shop\/en\/wp-json\/wp\/v2\/product_cat?post=19196"},{"taxonomy":"product_tag","embeddable":true,"href":"https:\/\/www.pure-beauty.shop\/en\/wp-json\/wp\/v2\/product_tag?post=19196"}],"curies":[{"name":"wp","href":"https:\/\/api.w.org\/{rel}","templated":true}]}}