{"id":19197,"date":"2021-04-30T15:56:20","date_gmt":"2021-04-30T13:56:20","guid":{"rendered":"https:\/\/www.pure-beauty.shop\/?post_type=product&#038;p=19197"},"modified":"2026-04-19T23:14:34","modified_gmt":"2026-04-19T21:14:34","slug":"acv-tonic-hair-scalp-vital","status":"publish","type":"product","link":"https:\/\/www.pure-beauty.shop\/en\/product\/acv-tonic-hair-scalp-vital\/","title":{"rendered":"PANDHY\u2019S\u2122 ACV Tonic Hair &amp; Scalp Vital (100 ml)"},"content":{"rendered":"<div class=\"wpb-content-wrapper\"><div class=\"vc_row wpb_row vc_row-fluid et_custom_uniqid_63b2a6016769b mpc-row\">\n<div class=\"wpb_column vc_column_container vc_col-sm-12 et_custom_uniqid_63b2a60166015 mpc-column\" data-column-id=\"mpc_column-963b2a60aa34fb\">\n<div class=\"vc_column-inner\">\n<div class=\"wpb_wrapper\">\n<div class=\"wpb_text_column wpb_content_element\">\n<div class=\"wpb_wrapper\">\n<p>Unser ACV Haar- und Kopfhaut Tonic basiert auf einer Bl&uuml;tenwasser-Mischung und Apfelessigbasis. Es wurde speziell entwickelt, um Haar und Kopfhaut zu pflegen und gesund zu erhalten.&nbsp;Das Tonic gleicht das Mikrobiom der Kopfhaut aus, hemmt Juckreiz, beruhigt Entz&uuml;ndungen, und reguliert &uuml;berm&auml;&szlig;ige Talgproduktion. Die Basis enth&auml;lt den reichhaltigen Extrakt von 20 sorgf&auml;ltig ausgew&auml;hlten Pflanzen und Fr&uuml;chten in gut untersuchten Anteilen. Ihr Extrakt wird aus der Mazeration dieser Pflanzen und Fr&uuml;chte in Apfelessig entnommen.<\/p>\n<p>Das enthaltene fermentierte Reiswasser tr&auml;gt zur Erhaltung und Neubildung von kr&auml;ftigem und gesund-gl&auml;nzenden Haar bei. Das Tonikum ist hauchzart und himmlisch duftend, eignet sich f&uuml;r alle Haar- und Kopfhauttypen, auch f&uuml;r schuppige und empfindliche Kopfhaut.<\/p>\n<p><strong>Anwendung:<\/strong><br \/>\nSpr&uuml;hen Sie das Tonic nach dem Waschen der Haare auf nasse Kopfhaut und Haare auf. Zur t&auml;glichen Auffrischung kann man das Tonic auch auf trockenes Haar spr&uuml;hen. F&uuml;r eine intensive Kopfhautbehandlung spr&uuml;hen Sie das Haartonic vor dem Schlafengehen auf die Kopfhaut, und waschen Sie morgens Ihre Haare.<\/p>\n<h6>INCI: Aqua (Water), Lavandula Angustifolia (Lavender) Flower Water, Mentha Piperita (Peppermint) Water, Acetum (Apple Vinegar), Glycerin, Citrus Aurantium Dulcis (Orange) Fruit Water, Saccharomyces\/Rice Ferment Filtrate, Lavandula Angustifolia (Lavender) Flower Extract, Rosmarinus Officinalis (Rosemary) Leaf Extract, Salvia Officinalis (Sage) Leaf Extract, Thymus Vulgaris (Thyme) Flower\/Leaf Extract, Prunus Armeniaca (Apricot) Fruit Extract, Prunus Persica (Peach) Fruit Extract, Pyrus Malus (Apple) Fruit Extract, Chamomilla Recutita Flower Extract, Arnica Montana Flower Extract, Lamium Album (White Nettle) Extract, Pinus Sylvestris (Scotch Pine) Bud Extract, Nasturtium Officinale (Watercress) Extract, Arctium Majus (Burdock) Root Extract, Citrus Limon (Lemon) Peel Extract, Hedera Helix (Ivy) Leaf Extract, Calendula Officinalis Flower Extract, Tropaeolum Majus (Indian Cress) Flower Extract, Parfum (Fragrance), Sodium Salicylate, Pentylene Glycol, Sodium Benzoate, Potassium Sorbate, Benzyl Alcohol, Dehydroacetic Acid<\/h6>\n<\/p>\n<\/div>\n<\/div>\n<\/div>\n<\/div>\n<\/div>\n<\/div>\n<\/div>","protected":false},"excerpt":{"rendered":"<p>pflegendes ACV Haar- und Kopfhaut Tonic basierend auf Bl\u00fctenwasser-Mischung und Apfelessigbasis<\/p>","protected":false},"featured_media":19237,"comment_status":"open","ping_status":"closed","template":"","meta":{"jetpack_post_was_ever_published":false},"etheme_brands":[{"term_id":203,"name":"PANDHY'S\u2122","slug":"pandhys","term_group":0,"term_taxonomy_id":203,"taxonomy":"brand","description":"","parent":0,"count":63,"filter":"raw"}],"product_brand":[],"product_cat":[198,173,170],"product_tag":[],"class_list":{"0":"post-19197","1":"product","2":"type-product","3":"status-publish","4":"has-post-thumbnail","6":"brand-pandhys","7":"product_cat-haarpflege","8":"product_cat-koerper","9":"product_cat-pflege","11":"first","12":"instock","13":"taxable","14":"shipping-taxable","15":"purchasable","16":"product-type-simple"},"yoast_head":"<!-- This site is optimized with the Yoast SEO plugin v27.5 - https:\/\/yoast.com\/product\/yoast-seo-wordpress\/ -->\n<title>PANDHY\u2019S\u2122 ACV Tonic Hair &amp; Scalp Vital (100 ml) - Pure Beauty &amp; PANDHY&#039;S Shop<\/title>\n<meta name=\"description\" content=\"Unser ACV Haar- und Kopfhaut Tonic basiert auf einer Bl\u00fctenwasser-Mischung und Apfelessigbasis. Es wurde speziell entwickelt, um Haar und Kopfhaut zu pflegen und gesund zu erhalten.\u00a0Das Tonic gleicht das Mikrobiom der Kopfhaut aus, hemmt Juckreiz, beruhigt Entz\u00fcndungen, und reguliert \u00fcberm\u00e4\u00dfige Talgproduktion. Die Basis enth\u00e4lt den reichhaltigen Extrakt von 20 sorgf\u00e4ltig ausgew\u00e4hlten Pflanzen und Fr\u00fcchten in gut untersuchten Anteilen. Ihr Extrakt wird aus der Mazeration dieser Pflanzen und Fr\u00fcchte in Apfelessig entnommen.\u00a0\" \/>\n<meta name=\"robots\" content=\"index, follow, max-snippet:-1, max-image-preview:large, max-video-preview:-1\" \/>\n<link rel=\"canonical\" href=\"https:\/\/www.pure-beauty.shop\/en\/product\/acv-tonic-hair-scalp-vital\/\" \/>\n<meta property=\"og:locale\" content=\"en_GB\" \/>\n<meta property=\"og:type\" content=\"article\" \/>\n<meta property=\"og:title\" content=\"PANDHY\u2019S\u2122 ACV Tonic Hair &amp; Scalp Vital (100 ml) - Pure Beauty &amp; PANDHY&#039;S Shop\" \/>\n<meta property=\"og:description\" content=\"Unser ACV Haar- und Kopfhaut Tonic basiert auf einer Bl\u00fctenwasser-Mischung und Apfelessigbasis. Es wurde speziell entwickelt, um Haar und Kopfhaut zu pflegen und gesund zu erhalten.\u00a0Das Tonic gleicht das Mikrobiom der Kopfhaut aus, hemmt Juckreiz, beruhigt Entz\u00fcndungen, und reguliert \u00fcberm\u00e4\u00dfige Talgproduktion. Die Basis enth\u00e4lt den reichhaltigen Extrakt von 20 sorgf\u00e4ltig ausgew\u00e4hlten Pflanzen und Fr\u00fcchten in gut untersuchten Anteilen. Ihr Extrakt wird aus der Mazeration dieser Pflanzen und Fr\u00fcchte in Apfelessig entnommen.\u00a0\" \/>\n<meta property=\"og:url\" content=\"https:\/\/www.pure-beauty.shop\/en\/product\/acv-tonic-hair-scalp-vital\/\" \/>\n<meta property=\"og:site_name\" content=\"Pure Beauty &amp; PANDHY&#039;S Shop\" \/>\n<meta property=\"article:modified_time\" content=\"2026-04-19T21:14:34+00:00\" \/>\n<meta property=\"og:image\" content=\"https:\/\/www.pure-beauty.shop\/wp-content\/uploads\/2021\/04\/Acv-tonic.jpg\" \/>\n\t<meta property=\"og:image:width\" content=\"2000\" \/>\n\t<meta property=\"og:image:height\" content=\"2000\" \/>\n\t<meta property=\"og:image:type\" content=\"image\/jpeg\" \/>\n<meta name=\"twitter:card\" content=\"summary_large_image\" \/>\n<meta name=\"twitter:label1\" content=\"Estimated reading time\" \/>\n\t<meta name=\"twitter:data1\" content=\"2 minutes\" \/>\n<script type=\"application\/ld+json\" class=\"yoast-schema-graph\">{\"@context\":\"https:\\\/\\\/schema.org\",\"@graph\":[{\"@type\":\"WebPage\",\"@id\":\"https:\\\/\\\/www.pure-beauty.shop\\\/produkt\\\/acv-tonic-hair-scalp-vital\\\/\",\"url\":\"https:\\\/\\\/www.pure-beauty.shop\\\/produkt\\\/acv-tonic-hair-scalp-vital\\\/\",\"name\":\"PANDHY\u2019S\u2122 ACV Tonic Hair &amp; Scalp Vital (100 ml) - Pure Beauty &amp; PANDHY&#039;S Shop\",\"isPartOf\":{\"@id\":\"https:\\\/\\\/www.pure-beauty.shop\\\/#website\"},\"primaryImageOfPage\":{\"@id\":\"https:\\\/\\\/www.pure-beauty.shop\\\/produkt\\\/acv-tonic-hair-scalp-vital\\\/#primaryimage\"},\"image\":{\"@id\":\"https:\\\/\\\/www.pure-beauty.shop\\\/produkt\\\/acv-tonic-hair-scalp-vital\\\/#primaryimage\"},\"thumbnailUrl\":\"https:\\\/\\\/www.pure-beauty.shop\\\/wp-content\\\/uploads\\\/2021\\\/04\\\/Acv-tonic.jpg\",\"datePublished\":\"2021-04-30T13:56:20+00:00\",\"dateModified\":\"2026-04-19T21:14:34+00:00\",\"description\":\"Unser ACV Haar- und Kopfhaut Tonic basiert auf einer Bl\u00fctenwasser-Mischung und Apfelessigbasis. Es wurde speziell entwickelt, um Haar und Kopfhaut zu pflegen und gesund zu erhalten.\u00a0Das Tonic gleicht das Mikrobiom der Kopfhaut aus, hemmt Juckreiz, beruhigt Entz\u00fcndungen, und reguliert \u00fcberm\u00e4\u00dfige Talgproduktion. Die Basis enth\u00e4lt den reichhaltigen Extrakt von 20 sorgf\u00e4ltig ausgew\u00e4hlten Pflanzen und Fr\u00fcchten in gut untersuchten Anteilen. Ihr Extrakt wird aus der Mazeration dieser Pflanzen und Fr\u00fcchte in Apfelessig entnommen.\u00a0\",\"breadcrumb\":{\"@id\":\"https:\\\/\\\/www.pure-beauty.shop\\\/produkt\\\/acv-tonic-hair-scalp-vital\\\/#breadcrumb\"},\"inLanguage\":\"en-GB\",\"potentialAction\":[{\"@type\":\"ReadAction\",\"target\":[\"https:\\\/\\\/www.pure-beauty.shop\\\/produkt\\\/acv-tonic-hair-scalp-vital\\\/\"]}]},{\"@type\":\"ImageObject\",\"inLanguage\":\"en-GB\",\"@id\":\"https:\\\/\\\/www.pure-beauty.shop\\\/produkt\\\/acv-tonic-hair-scalp-vital\\\/#primaryimage\",\"url\":\"https:\\\/\\\/www.pure-beauty.shop\\\/wp-content\\\/uploads\\\/2021\\\/04\\\/Acv-tonic.jpg\",\"contentUrl\":\"https:\\\/\\\/www.pure-beauty.shop\\\/wp-content\\\/uploads\\\/2021\\\/04\\\/Acv-tonic.jpg\",\"width\":2000,\"height\":2000},{\"@type\":\"BreadcrumbList\",\"@id\":\"https:\\\/\\\/www.pure-beauty.shop\\\/produkt\\\/acv-tonic-hair-scalp-vital\\\/#breadcrumb\",\"itemListElement\":[{\"@type\":\"ListItem\",\"position\":1,\"name\":\"Startseite\",\"item\":\"https:\\\/\\\/www.pure-beauty.shop\\\/\"},{\"@type\":\"ListItem\",\"position\":2,\"name\":\"Shop\",\"item\":\"https:\\\/\\\/www.pure-beauty.shop\\\/en\\\/shop\\\/\"},{\"@type\":\"ListItem\",\"position\":3,\"name\":\"PANDHY\u2019S\u2122 ACV Tonic Hair &amp; Scalp Vital (100 ml)\"}]},{\"@type\":\"WebSite\",\"@id\":\"https:\\\/\\\/www.pure-beauty.shop\\\/#website\",\"url\":\"https:\\\/\\\/www.pure-beauty.shop\\\/\",\"name\":\"Pure Beauty &amp; PANDHY&#039;S Shop\",\"description\":\"Kosmetikshop in Graz\",\"potentialAction\":[{\"@type\":\"SearchAction\",\"target\":{\"@type\":\"EntryPoint\",\"urlTemplate\":\"https:\\\/\\\/www.pure-beauty.shop\\\/?s={search_term_string}\"},\"query-input\":{\"@type\":\"PropertyValueSpecification\",\"valueRequired\":true,\"valueName\":\"search_term_string\"}}],\"inLanguage\":\"en-GB\"}]}<\/script>\n<!-- \/ Yoast SEO plugin. -->","yoast_head_json":{"title":"PANDHY\u2019S\u2122 ACV Tonic Hair &amp; Scalp Vital (100 ml) - Pure Beauty &amp; PANDHY&#039;S Shop","description":"Unser ACV Haar- und Kopfhaut Tonic basiert auf einer Bl\u00fctenwasser-Mischung und Apfelessigbasis. Es wurde speziell entwickelt, um Haar und Kopfhaut zu pflegen und gesund zu erhalten.\u00a0Das Tonic gleicht das Mikrobiom der Kopfhaut aus, hemmt Juckreiz, beruhigt Entz\u00fcndungen, und reguliert \u00fcberm\u00e4\u00dfige Talgproduktion. Die Basis enth\u00e4lt den reichhaltigen Extrakt von 20 sorgf\u00e4ltig ausgew\u00e4hlten Pflanzen und Fr\u00fcchten in gut untersuchten Anteilen. Ihr Extrakt wird aus der Mazeration dieser Pflanzen und Fr\u00fcchte in Apfelessig entnommen.\u00a0","robots":{"index":"index","follow":"follow","max-snippet":"max-snippet:-1","max-image-preview":"max-image-preview:large","max-video-preview":"max-video-preview:-1"},"canonical":"https:\/\/www.pure-beauty.shop\/en\/product\/acv-tonic-hair-scalp-vital\/","og_locale":"en_GB","og_type":"article","og_title":"PANDHY\u2019S\u2122 ACV Tonic Hair &amp; Scalp Vital (100 ml) - Pure Beauty &amp; PANDHY&#039;S Shop","og_description":"Unser ACV Haar- und Kopfhaut Tonic basiert auf einer Bl\u00fctenwasser-Mischung und Apfelessigbasis. Es wurde speziell entwickelt, um Haar und Kopfhaut zu pflegen und gesund zu erhalten.\u00a0Das Tonic gleicht das Mikrobiom der Kopfhaut aus, hemmt Juckreiz, beruhigt Entz\u00fcndungen, und reguliert \u00fcberm\u00e4\u00dfige Talgproduktion. Die Basis enth\u00e4lt den reichhaltigen Extrakt von 20 sorgf\u00e4ltig ausgew\u00e4hlten Pflanzen und Fr\u00fcchten in gut untersuchten Anteilen. Ihr Extrakt wird aus der Mazeration dieser Pflanzen und Fr\u00fcchte in Apfelessig entnommen.\u00a0","og_url":"https:\/\/www.pure-beauty.shop\/en\/product\/acv-tonic-hair-scalp-vital\/","og_site_name":"Pure Beauty &amp; PANDHY&#039;S Shop","article_modified_time":"2026-04-19T21:14:34+00:00","og_image":[{"width":2000,"height":2000,"url":"https:\/\/www.pure-beauty.shop\/wp-content\/uploads\/2021\/04\/Acv-tonic.jpg","type":"image\/jpeg"}],"twitter_card":"summary_large_image","twitter_misc":{"Estimated reading time":"2 minutes"},"schema":{"@context":"https:\/\/schema.org","@graph":[{"@type":"WebPage","@id":"https:\/\/www.pure-beauty.shop\/produkt\/acv-tonic-hair-scalp-vital\/","url":"https:\/\/www.pure-beauty.shop\/produkt\/acv-tonic-hair-scalp-vital\/","name":"PANDHY\u2019S\u2122 ACV Tonic Hair &amp; Scalp Vital (100 ml) - Pure Beauty &amp; PANDHY&#039;S Shop","isPartOf":{"@id":"https:\/\/www.pure-beauty.shop\/#website"},"primaryImageOfPage":{"@id":"https:\/\/www.pure-beauty.shop\/produkt\/acv-tonic-hair-scalp-vital\/#primaryimage"},"image":{"@id":"https:\/\/www.pure-beauty.shop\/produkt\/acv-tonic-hair-scalp-vital\/#primaryimage"},"thumbnailUrl":"https:\/\/www.pure-beauty.shop\/wp-content\/uploads\/2021\/04\/Acv-tonic.jpg","datePublished":"2021-04-30T13:56:20+00:00","dateModified":"2026-04-19T21:14:34+00:00","description":"Unser ACV Haar- und Kopfhaut Tonic basiert auf einer Bl\u00fctenwasser-Mischung und Apfelessigbasis. Es wurde speziell entwickelt, um Haar und Kopfhaut zu pflegen und gesund zu erhalten.\u00a0Das Tonic gleicht das Mikrobiom der Kopfhaut aus, hemmt Juckreiz, beruhigt Entz\u00fcndungen, und reguliert \u00fcberm\u00e4\u00dfige Talgproduktion. Die Basis enth\u00e4lt den reichhaltigen Extrakt von 20 sorgf\u00e4ltig ausgew\u00e4hlten Pflanzen und Fr\u00fcchten in gut untersuchten Anteilen. Ihr Extrakt wird aus der Mazeration dieser Pflanzen und Fr\u00fcchte in Apfelessig entnommen.\u00a0","breadcrumb":{"@id":"https:\/\/www.pure-beauty.shop\/produkt\/acv-tonic-hair-scalp-vital\/#breadcrumb"},"inLanguage":"en-GB","potentialAction":[{"@type":"ReadAction","target":["https:\/\/www.pure-beauty.shop\/produkt\/acv-tonic-hair-scalp-vital\/"]}]},{"@type":"ImageObject","inLanguage":"en-GB","@id":"https:\/\/www.pure-beauty.shop\/produkt\/acv-tonic-hair-scalp-vital\/#primaryimage","url":"https:\/\/www.pure-beauty.shop\/wp-content\/uploads\/2021\/04\/Acv-tonic.jpg","contentUrl":"https:\/\/www.pure-beauty.shop\/wp-content\/uploads\/2021\/04\/Acv-tonic.jpg","width":2000,"height":2000},{"@type":"BreadcrumbList","@id":"https:\/\/www.pure-beauty.shop\/produkt\/acv-tonic-hair-scalp-vital\/#breadcrumb","itemListElement":[{"@type":"ListItem","position":1,"name":"Startseite","item":"https:\/\/www.pure-beauty.shop\/"},{"@type":"ListItem","position":2,"name":"Shop","item":"https:\/\/www.pure-beauty.shop\/en\/shop\/"},{"@type":"ListItem","position":3,"name":"PANDHY\u2019S\u2122 ACV Tonic Hair &amp; Scalp Vital (100 ml)"}]},{"@type":"WebSite","@id":"https:\/\/www.pure-beauty.shop\/#website","url":"https:\/\/www.pure-beauty.shop\/","name":"Pure Beauty &amp; PANDHY&#039;S Shop","description":"Kosmetikshop in Graz","potentialAction":[{"@type":"SearchAction","target":{"@type":"EntryPoint","urlTemplate":"https:\/\/www.pure-beauty.shop\/?s={search_term_string}"},"query-input":{"@type":"PropertyValueSpecification","valueRequired":true,"valueName":"search_term_string"}}],"inLanguage":"en-GB"}]}},"jetpack_sharing_enabled":true,"_links":{"self":[{"href":"https:\/\/www.pure-beauty.shop\/en\/wp-json\/wp\/v2\/product\/19197","targetHints":{"allow":["GET"]}}],"collection":[{"href":"https:\/\/www.pure-beauty.shop\/en\/wp-json\/wp\/v2\/product"}],"about":[{"href":"https:\/\/www.pure-beauty.shop\/en\/wp-json\/wp\/v2\/types\/product"}],"replies":[{"embeddable":true,"href":"https:\/\/www.pure-beauty.shop\/en\/wp-json\/wp\/v2\/comments?post=19197"}],"wp:featuredmedia":[{"embeddable":true,"href":"https:\/\/www.pure-beauty.shop\/en\/wp-json\/wp\/v2\/media\/19237"}],"wp:attachment":[{"href":"https:\/\/www.pure-beauty.shop\/en\/wp-json\/wp\/v2\/media?parent=19197"}],"wp:term":[{"taxonomy":"brand","embeddable":true,"href":"https:\/\/www.pure-beauty.shop\/en\/wp-json\/wp\/v2\/etheme_brands?post=19197"},{"taxonomy":"product_brand","embeddable":true,"href":"https:\/\/www.pure-beauty.shop\/en\/wp-json\/wp\/v2\/product_brand?post=19197"},{"taxonomy":"product_cat","embeddable":true,"href":"https:\/\/www.pure-beauty.shop\/en\/wp-json\/wp\/v2\/product_cat?post=19197"},{"taxonomy":"product_tag","embeddable":true,"href":"https:\/\/www.pure-beauty.shop\/en\/wp-json\/wp\/v2\/product_tag?post=19197"}],"curies":[{"name":"wp","href":"https:\/\/api.w.org\/{rel}","templated":true}]}}