{"id":19198,"date":"2021-04-30T16:01:26","date_gmt":"2021-04-30T14:01:26","guid":{"rendered":"https:\/\/www.pure-beauty.shop\/?post_type=product&#038;p=19198"},"modified":"2026-04-19T23:10:01","modified_gmt":"2026-04-19T21:10:01","slug":"scalp-care-salt-paste","status":"publish","type":"product","link":"https:\/\/www.pure-beauty.shop\/en\/product\/scalp-care-salt-paste\/","title":{"rendered":"PANDHY\u2019S\u2122 Scalp Care Salt Paste"},"content":{"rendered":"<div class=\"wpb-content-wrapper\"><div class=\"vc_row wpb_row vc_row-fluid et_custom_uniqid_62416757839c5 mpc-row\">\n<div class=\"wpb_column vc_column_container vc_col-sm-12 et_custom_uniqid_6241675783960 mpc-column\" data-column-id=\"mpc_column-516241675b36058\">\n<div class=\"vc_column-inner\">\n<div class=\"wpb_wrapper\">\n<div class=\"wpb_text_column wpb_content_element\">\n<div class=\"wpb_wrapper\">\n<p>Eine spezielle Waschpaste f\u00fcr Kopfhaut- und Haarpflege. Die Zusammensetzung aus rosa Himalaya-Salz und Glucose reinigen gr\u00fcndlich, befreien die Kopfhaut von Schuppen und kontrollieren die \u00fcberm\u00e4\u00dfige Talgproduktion. Die Salzpaste regt die Durchblutung der Kopfhaut an, stimuliert dadurch effektiv den Haarwuchs. Sie hebt anliegende Haare von der Kopfhaut und l\u00e4sst das Haar somit volumin\u00f6ser wirken.<\/p>\n<p>Wertvolle Inhaltsstoffe wie Ama-\u00d6l und Muskatellersalbei\u00f6l verleihen dem Haar Geschmeidigkeit und st\u00e4rken die Haarstruktur, was zu einer gesunden Kopfhaut und strahlend aussehendem Haar beitr\u00e4gt.<\/p>\n<p>Anwendung:<br \/>\nTragen Sie die Paste auf das feuchte Haar, direkt auf der Kopfhaut bis zu den Haarwurzeln auf und sch\u00e4umen Sie sie mit einer intensiven Massage ein. Lassen Sie die Paste 5-10 Minuten einwirken und sp\u00fclen Sie sie gr\u00fcndlich aus. Waschen Sie im Nachhinein noch einmal die Haare mit Shampoo und Conditioner.<\/p>\n<p>Tipp: Stellen Sie sicher, dass Sie die Paste insbesondere in den Problembereichen gr\u00fcndlich, und gleichm\u00e4\u00dfig aufgetragen haben. Die Behandlung sollte 2x pro Woche zwei Monate lang als Kur angewandt werden. Wiederholen Sie die Kur mindestens zwei- bis dreimal im Jahr, um die Kopfhaut gesund zu erhalten.<\/p>\n<h6>INCI: Sodium Chloride (Himalayan Pink Salt), Aqua (Water), Decyl Glucoside, Sodium Cocoyl Glutamate, Sodium Cocoamphoacetate, Lauryl Glucoside, Sodium Lauryl Glucose Carboxylate, Glycerin, Lactid Acid, Sodium Salicylate, Helianthus Annuus (Sunflower) Seed Oil, Amaranthus Caudatus (Amaranth) Seed Extract, Salvia Sclarea (Clary Sage) Oil, Panthenol, Diisostearyl Malate, Linalool<\/h6>\n<\/div>\n<\/div>\n<\/div>\n<\/div>\n<\/div>\n<\/div>\n<\/div>","protected":false},"excerpt":{"rendered":"<p>eine spezielle Waschpaste f\u00fcr Kopfhaut- und Haarpflege<\/p>","protected":false},"featured_media":21215,"comment_status":"open","ping_status":"closed","template":"","meta":{"jetpack_post_was_ever_published":false},"etheme_brands":[{"term_id":203,"name":"PANDHY'S\u2122","slug":"pandhys","term_group":0,"term_taxonomy_id":203,"taxonomy":"brand","description":"","parent":0,"count":63,"filter":"raw"}],"product_brand":[],"product_cat":[198,173,170],"product_tag":[],"class_list":{"0":"post-19198","1":"product","2":"type-product","3":"status-publish","4":"has-post-thumbnail","6":"brand-pandhys","7":"product_cat-haarpflege","8":"product_cat-koerper","9":"product_cat-pflege","11":"first","12":"instock","13":"taxable","14":"shipping-taxable","15":"purchasable","16":"product-type-simple"},"yoast_head":"<!-- This site is optimized with the Yoast SEO plugin v27.5 - https:\/\/yoast.com\/product\/yoast-seo-wordpress\/ -->\n<title>PANDHY\u2019S\u2122 Scalp Care Salt Paste - Pure Beauty &amp; PANDHY&#039;S Shop<\/title>\n<meta name=\"description\" content=\"Eine spezielle Waschpaste f\u00fcr Kopfhaut- und Haarpflege. Die Zusammensetzung aus rosa Himalaya-Salz und Glucose reinigen gr\u00fcndlich, befreien die Kopfhaut von Schuppen und kontrollieren die \u00fcberm\u00e4\u00dfige Talgproduktion. Die Salzpaste regt die Durchblutung der Kopfhaut an, stimuliert dadurch effektiv den Haarwuchs. Sie hebt anliegende Haare von der Kopfhaut und l\u00e4sst das Haar somit volumin\u00f6ser wirken.\" \/>\n<meta name=\"robots\" content=\"index, follow, max-snippet:-1, max-image-preview:large, max-video-preview:-1\" \/>\n<link rel=\"canonical\" href=\"https:\/\/www.pure-beauty.shop\/en\/product\/scalp-care-salt-paste\/\" \/>\n<meta property=\"og:locale\" content=\"en_GB\" \/>\n<meta property=\"og:type\" content=\"article\" \/>\n<meta property=\"og:title\" content=\"PANDHY\u2019S\u2122 Scalp Care Salt Paste - Pure Beauty &amp; PANDHY&#039;S Shop\" \/>\n<meta property=\"og:description\" content=\"Eine spezielle Waschpaste f\u00fcr Kopfhaut- und Haarpflege. Die Zusammensetzung aus rosa Himalaya-Salz und Glucose reinigen gr\u00fcndlich, befreien die Kopfhaut von Schuppen und kontrollieren die \u00fcberm\u00e4\u00dfige Talgproduktion. Die Salzpaste regt die Durchblutung der Kopfhaut an, stimuliert dadurch effektiv den Haarwuchs. Sie hebt anliegende Haare von der Kopfhaut und l\u00e4sst das Haar somit volumin\u00f6ser wirken.\" \/>\n<meta property=\"og:url\" content=\"https:\/\/www.pure-beauty.shop\/en\/product\/scalp-care-salt-paste\/\" \/>\n<meta property=\"og:site_name\" content=\"Pure Beauty &amp; PANDHY&#039;S Shop\" \/>\n<meta property=\"article:modified_time\" content=\"2026-04-19T21:10:01+00:00\" \/>\n<meta property=\"og:image\" content=\"https:\/\/www.pure-beauty.shop\/wp-content\/uploads\/2021\/04\/Copy-of-scalp_care.jpg\" \/>\n\t<meta property=\"og:image:width\" content=\"2000\" \/>\n\t<meta property=\"og:image:height\" content=\"2000\" \/>\n\t<meta property=\"og:image:type\" content=\"image\/jpeg\" \/>\n<meta name=\"twitter:card\" content=\"summary_large_image\" \/>\n<meta name=\"twitter:label1\" content=\"Estimated reading time\" \/>\n\t<meta name=\"twitter:data1\" content=\"1 minute\" \/>\n<script type=\"application\/ld+json\" class=\"yoast-schema-graph\">{\"@context\":\"https:\\\/\\\/schema.org\",\"@graph\":[{\"@type\":\"WebPage\",\"@id\":\"https:\\\/\\\/www.pure-beauty.shop\\\/produkt\\\/scalp-care-salt-paste\\\/\",\"url\":\"https:\\\/\\\/www.pure-beauty.shop\\\/produkt\\\/scalp-care-salt-paste\\\/\",\"name\":\"PANDHY\u2019S\u2122 Scalp Care Salt Paste - Pure Beauty &amp; PANDHY&#039;S Shop\",\"isPartOf\":{\"@id\":\"https:\\\/\\\/www.pure-beauty.shop\\\/#website\"},\"primaryImageOfPage\":{\"@id\":\"https:\\\/\\\/www.pure-beauty.shop\\\/produkt\\\/scalp-care-salt-paste\\\/#primaryimage\"},\"image\":{\"@id\":\"https:\\\/\\\/www.pure-beauty.shop\\\/produkt\\\/scalp-care-salt-paste\\\/#primaryimage\"},\"thumbnailUrl\":\"https:\\\/\\\/www.pure-beauty.shop\\\/wp-content\\\/uploads\\\/2021\\\/04\\\/Copy-of-scalp_care.jpg\",\"datePublished\":\"2021-04-30T14:01:26+00:00\",\"dateModified\":\"2026-04-19T21:10:01+00:00\",\"description\":\"Eine spezielle Waschpaste f\u00fcr Kopfhaut- und Haarpflege. Die Zusammensetzung aus rosa Himalaya-Salz und Glucose reinigen gr\u00fcndlich, befreien die Kopfhaut von Schuppen und kontrollieren die \u00fcberm\u00e4\u00dfige Talgproduktion. Die Salzpaste regt die Durchblutung der Kopfhaut an, stimuliert dadurch effektiv den Haarwuchs. Sie hebt anliegende Haare von der Kopfhaut und l\u00e4sst das Haar somit volumin\u00f6ser wirken.\",\"breadcrumb\":{\"@id\":\"https:\\\/\\\/www.pure-beauty.shop\\\/produkt\\\/scalp-care-salt-paste\\\/#breadcrumb\"},\"inLanguage\":\"en-GB\",\"potentialAction\":[{\"@type\":\"ReadAction\",\"target\":[\"https:\\\/\\\/www.pure-beauty.shop\\\/produkt\\\/scalp-care-salt-paste\\\/\"]}]},{\"@type\":\"ImageObject\",\"inLanguage\":\"en-GB\",\"@id\":\"https:\\\/\\\/www.pure-beauty.shop\\\/produkt\\\/scalp-care-salt-paste\\\/#primaryimage\",\"url\":\"https:\\\/\\\/www.pure-beauty.shop\\\/wp-content\\\/uploads\\\/2021\\\/04\\\/Copy-of-scalp_care.jpg\",\"contentUrl\":\"https:\\\/\\\/www.pure-beauty.shop\\\/wp-content\\\/uploads\\\/2021\\\/04\\\/Copy-of-scalp_care.jpg\",\"width\":2000,\"height\":2000},{\"@type\":\"BreadcrumbList\",\"@id\":\"https:\\\/\\\/www.pure-beauty.shop\\\/produkt\\\/scalp-care-salt-paste\\\/#breadcrumb\",\"itemListElement\":[{\"@type\":\"ListItem\",\"position\":1,\"name\":\"Startseite\",\"item\":\"https:\\\/\\\/www.pure-beauty.shop\\\/\"},{\"@type\":\"ListItem\",\"position\":2,\"name\":\"Shop\",\"item\":\"https:\\\/\\\/www.pure-beauty.shop\\\/en\\\/shop\\\/\"},{\"@type\":\"ListItem\",\"position\":3,\"name\":\"PANDHY\u2019S\u2122 Scalp Care Salt Paste\"}]},{\"@type\":\"WebSite\",\"@id\":\"https:\\\/\\\/www.pure-beauty.shop\\\/#website\",\"url\":\"https:\\\/\\\/www.pure-beauty.shop\\\/\",\"name\":\"Pure Beauty &amp; PANDHY&#039;S Shop\",\"description\":\"Kosmetikshop in Graz\",\"potentialAction\":[{\"@type\":\"SearchAction\",\"target\":{\"@type\":\"EntryPoint\",\"urlTemplate\":\"https:\\\/\\\/www.pure-beauty.shop\\\/?s={search_term_string}\"},\"query-input\":{\"@type\":\"PropertyValueSpecification\",\"valueRequired\":true,\"valueName\":\"search_term_string\"}}],\"inLanguage\":\"en-GB\"}]}<\/script>\n<!-- \/ Yoast SEO plugin. -->","yoast_head_json":{"title":"PANDHY\u2019S\u2122 Scalp Care Salt Paste - Pure Beauty &amp; PANDHY&#039;S Shop","description":"Eine spezielle Waschpaste f\u00fcr Kopfhaut- und Haarpflege. Die Zusammensetzung aus rosa Himalaya-Salz und Glucose reinigen gr\u00fcndlich, befreien die Kopfhaut von Schuppen und kontrollieren die \u00fcberm\u00e4\u00dfige Talgproduktion. Die Salzpaste regt die Durchblutung der Kopfhaut an, stimuliert dadurch effektiv den Haarwuchs. Sie hebt anliegende Haare von der Kopfhaut und l\u00e4sst das Haar somit volumin\u00f6ser wirken.","robots":{"index":"index","follow":"follow","max-snippet":"max-snippet:-1","max-image-preview":"max-image-preview:large","max-video-preview":"max-video-preview:-1"},"canonical":"https:\/\/www.pure-beauty.shop\/en\/product\/scalp-care-salt-paste\/","og_locale":"en_GB","og_type":"article","og_title":"PANDHY\u2019S\u2122 Scalp Care Salt Paste - Pure Beauty &amp; PANDHY&#039;S Shop","og_description":"Eine spezielle Waschpaste f\u00fcr Kopfhaut- und Haarpflege. Die Zusammensetzung aus rosa Himalaya-Salz und Glucose reinigen gr\u00fcndlich, befreien die Kopfhaut von Schuppen und kontrollieren die \u00fcberm\u00e4\u00dfige Talgproduktion. Die Salzpaste regt die Durchblutung der Kopfhaut an, stimuliert dadurch effektiv den Haarwuchs. Sie hebt anliegende Haare von der Kopfhaut und l\u00e4sst das Haar somit volumin\u00f6ser wirken.","og_url":"https:\/\/www.pure-beauty.shop\/en\/product\/scalp-care-salt-paste\/","og_site_name":"Pure Beauty &amp; PANDHY&#039;S Shop","article_modified_time":"2026-04-19T21:10:01+00:00","og_image":[{"width":2000,"height":2000,"url":"https:\/\/www.pure-beauty.shop\/wp-content\/uploads\/2021\/04\/Copy-of-scalp_care.jpg","type":"image\/jpeg"}],"twitter_card":"summary_large_image","twitter_misc":{"Estimated reading time":"1 minute"},"schema":{"@context":"https:\/\/schema.org","@graph":[{"@type":"WebPage","@id":"https:\/\/www.pure-beauty.shop\/produkt\/scalp-care-salt-paste\/","url":"https:\/\/www.pure-beauty.shop\/produkt\/scalp-care-salt-paste\/","name":"PANDHY\u2019S\u2122 Scalp Care Salt Paste - Pure Beauty &amp; PANDHY&#039;S Shop","isPartOf":{"@id":"https:\/\/www.pure-beauty.shop\/#website"},"primaryImageOfPage":{"@id":"https:\/\/www.pure-beauty.shop\/produkt\/scalp-care-salt-paste\/#primaryimage"},"image":{"@id":"https:\/\/www.pure-beauty.shop\/produkt\/scalp-care-salt-paste\/#primaryimage"},"thumbnailUrl":"https:\/\/www.pure-beauty.shop\/wp-content\/uploads\/2021\/04\/Copy-of-scalp_care.jpg","datePublished":"2021-04-30T14:01:26+00:00","dateModified":"2026-04-19T21:10:01+00:00","description":"Eine spezielle Waschpaste f\u00fcr Kopfhaut- und Haarpflege. Die Zusammensetzung aus rosa Himalaya-Salz und Glucose reinigen gr\u00fcndlich, befreien die Kopfhaut von Schuppen und kontrollieren die \u00fcberm\u00e4\u00dfige Talgproduktion. Die Salzpaste regt die Durchblutung der Kopfhaut an, stimuliert dadurch effektiv den Haarwuchs. Sie hebt anliegende Haare von der Kopfhaut und l\u00e4sst das Haar somit volumin\u00f6ser wirken.","breadcrumb":{"@id":"https:\/\/www.pure-beauty.shop\/produkt\/scalp-care-salt-paste\/#breadcrumb"},"inLanguage":"en-GB","potentialAction":[{"@type":"ReadAction","target":["https:\/\/www.pure-beauty.shop\/produkt\/scalp-care-salt-paste\/"]}]},{"@type":"ImageObject","inLanguage":"en-GB","@id":"https:\/\/www.pure-beauty.shop\/produkt\/scalp-care-salt-paste\/#primaryimage","url":"https:\/\/www.pure-beauty.shop\/wp-content\/uploads\/2021\/04\/Copy-of-scalp_care.jpg","contentUrl":"https:\/\/www.pure-beauty.shop\/wp-content\/uploads\/2021\/04\/Copy-of-scalp_care.jpg","width":2000,"height":2000},{"@type":"BreadcrumbList","@id":"https:\/\/www.pure-beauty.shop\/produkt\/scalp-care-salt-paste\/#breadcrumb","itemListElement":[{"@type":"ListItem","position":1,"name":"Startseite","item":"https:\/\/www.pure-beauty.shop\/"},{"@type":"ListItem","position":2,"name":"Shop","item":"https:\/\/www.pure-beauty.shop\/en\/shop\/"},{"@type":"ListItem","position":3,"name":"PANDHY\u2019S\u2122 Scalp Care Salt Paste"}]},{"@type":"WebSite","@id":"https:\/\/www.pure-beauty.shop\/#website","url":"https:\/\/www.pure-beauty.shop\/","name":"Pure Beauty &amp; PANDHY&#039;S Shop","description":"Kosmetikshop in Graz","potentialAction":[{"@type":"SearchAction","target":{"@type":"EntryPoint","urlTemplate":"https:\/\/www.pure-beauty.shop\/?s={search_term_string}"},"query-input":{"@type":"PropertyValueSpecification","valueRequired":true,"valueName":"search_term_string"}}],"inLanguage":"en-GB"}]}},"jetpack_sharing_enabled":true,"_links":{"self":[{"href":"https:\/\/www.pure-beauty.shop\/en\/wp-json\/wp\/v2\/product\/19198","targetHints":{"allow":["GET"]}}],"collection":[{"href":"https:\/\/www.pure-beauty.shop\/en\/wp-json\/wp\/v2\/product"}],"about":[{"href":"https:\/\/www.pure-beauty.shop\/en\/wp-json\/wp\/v2\/types\/product"}],"replies":[{"embeddable":true,"href":"https:\/\/www.pure-beauty.shop\/en\/wp-json\/wp\/v2\/comments?post=19198"}],"wp:featuredmedia":[{"embeddable":true,"href":"https:\/\/www.pure-beauty.shop\/en\/wp-json\/wp\/v2\/media\/21215"}],"wp:attachment":[{"href":"https:\/\/www.pure-beauty.shop\/en\/wp-json\/wp\/v2\/media?parent=19198"}],"wp:term":[{"taxonomy":"brand","embeddable":true,"href":"https:\/\/www.pure-beauty.shop\/en\/wp-json\/wp\/v2\/etheme_brands?post=19198"},{"taxonomy":"product_brand","embeddable":true,"href":"https:\/\/www.pure-beauty.shop\/en\/wp-json\/wp\/v2\/product_brand?post=19198"},{"taxonomy":"product_cat","embeddable":true,"href":"https:\/\/www.pure-beauty.shop\/en\/wp-json\/wp\/v2\/product_cat?post=19198"},{"taxonomy":"product_tag","embeddable":true,"href":"https:\/\/www.pure-beauty.shop\/en\/wp-json\/wp\/v2\/product_tag?post=19198"}],"curies":[{"name":"wp","href":"https:\/\/api.w.org\/{rel}","templated":true}]}}