{"id":19200,"date":"2021-04-30T15:54:53","date_gmt":"2021-04-30T13:54:53","guid":{"rendered":"https:\/\/www.pure-beauty.shop\/?post_type=product&#038;p=19200"},"modified":"2026-04-19T23:15:01","modified_gmt":"2026-04-19T21:15:01","slug":"sigma-line-shampoo","status":"publish","type":"product","link":"https:\/\/www.pure-beauty.shop\/en\/product\/sigma-line-shampoo\/","title":{"rendered":"PANDHY\u2019S\u2122 Sigma Line Shampoo"},"content":{"rendered":"<div class=\"wpb-content-wrapper\"><div class=\"vc_row wpb_row vc_row-fluid et_custom_uniqid_63b34fdc31209 mpc-row\">\n<div class=\"wpb_column vc_column_container vc_col-sm-12 et_custom_uniqid_63b34fdc2fc71 mpc-column\" data-column-id=\"mpc_column-1363b34fe4b9610\">\n<div class=\"vc_column-inner\">\n<div class=\"wpb_wrapper\">\n<div class=\"wpb_text_column wpb_content_element\">\n<div class=\"wpb_wrapper\">\n<p>Aufgrund seiner nat&uuml;rlichen, hautfreundlichen Zusammensetzung reinigt dieses Shampoo sanft und gr&uuml;ndlich zugleich. Es hydratisiert und pflegt das Haar und die Kopfhaut, und reguliert ihre Talgproduktion. Statt auf Seifentensiden, basiert dieses Shampoo auf haut- und haarfreundlichen <strong>Zuckertensiden<\/strong>. Das enthaltene <strong>Koffein <\/strong>beugt fr&uuml;hzeitigen Haarausfall vor und st&auml;rkt die Haarstruktur. <strong>Fermentiertes Reiswasser<\/strong>, <strong>Mineralien <\/strong>und ein spezielles <strong>Pr&auml;- und Postbiotika<\/strong> Komplex tragen zur Gesundheit von Kopfhaut und Haar bei.<\/p>\n<p>Zu verwenden bei allen Haartypen, auch bei empfindlicher Kopfhaut, sogar zur t&auml;glichen Haarw&auml;sche.<\/p>\n<p><strong>Anwendung:<br \/><\/strong>Sch&auml;umen Sie das Shampoo in das nasse Haar ein, indem Sie es in die Kopfhaut einmassieren. Sp&uuml;len Sie es im Nachhinein gr&uuml;ndlich aus. Verwenden Sie dann unseren PANDHY&rsquo;S&trade; Sigma Line Conditioner f&uuml;r mehr Geschmeidigkeit in den Haarspitzen.<\/p>\n<h6>INCI: Aqua (Water), Decyl Glucoside, Sodium Cocoyl Glutamate, Sodium Cocoamphoacetate, Lauryl Glucoside, Sodium Lauryl Glucose Carboxylate, Glycerin, Lactid Acid, Saccharomyces\/Rice Ferment Filtrate, Rosmarinus Officinalis (Rosemary) Leaf Oil, Citrus Aurantium Dulcis (Orange) Peel Oil, Caffeine, Acetum (Apple Vinegar), Sodium Salicylate, Hydrolyzed Wheat Protein, Panthenol, Pentylene Glycol, Silver Citrate, Citric Acid, Saccharomyces\/Zinc Ferment, Saccharomyces\/Copper Ferment, Saccharomyces\/Magnesium Ferment, Saccharomyces\/Iron Ferment, Saccharomyces\/Silicon Ferment, Leuconostoc\/Radish Root Ferment Filtrate, Lactose, Milk Protein, Bifida Ferment Lysate, Limonene, Linalool, Citral<\/h6>\n<\/p>\n<\/div>\n<\/div>\n<\/div>\n<\/div>\n<\/div>\n<\/div>\n<\/div>","protected":false},"excerpt":{"rendered":"<p>nat\u00fcrliches, hydratisierendes und pflegendes Shampoo<\/p>","protected":false},"featured_media":19231,"comment_status":"open","ping_status":"closed","template":"","meta":{"jetpack_post_was_ever_published":false},"etheme_brands":[{"term_id":203,"name":"PANDHY'S\u2122","slug":"pandhys","term_group":0,"term_taxonomy_id":203,"taxonomy":"brand","description":"","parent":0,"count":63,"filter":"raw"}],"product_brand":[],"product_cat":[198,173,170],"product_tag":[],"class_list":{"0":"post-19200","1":"product","2":"type-product","3":"status-publish","4":"has-post-thumbnail","6":"brand-pandhys","7":"product_cat-haarpflege","8":"product_cat-koerper","9":"product_cat-pflege","11":"first","12":"instock","13":"taxable","14":"shipping-taxable","15":"purchasable","16":"product-type-simple"},"yoast_head":"<!-- This site is optimized with the Yoast SEO plugin v27.5 - https:\/\/yoast.com\/product\/yoast-seo-wordpress\/ -->\n<title>PANDHY\u2019S\u2122 Sigma Line Shampoo - Pure Beauty &amp; PANDHY&#039;S Shop<\/title>\n<meta name=\"description\" content=\"Aufgrund seiner nat\u00fcrlichen, hautfreundlichen Zusammensetzung reinigt dieses Shampoo sanft und gr\u00fcndlich zugleich. Es hydratisiert und pflegt das Haar und die Kopfhaut, und reguliert ihre Talgproduktion. Statt auf Seifentensiden, basiert dieses Shampoo auf haut- und haarfreundlichen Zuckertensiden. Das enthaltene Koffein beugt fr\u00fchzeitigen Haarausfall vor und st\u00e4rkt die Haarstruktur. Fermentiertes Reiswasser, Mineralien und ein spezielles Pr\u00e4- und Postbiotika Komplex tragen zur Gesundheit von Kopfhaut und Haar bei. Zu verwenden bei allen Haartypen, auch bei empfindlicher Kopfhaut, sogar zur t\u00e4glichen Haarw\u00e4sche.\" \/>\n<meta name=\"robots\" content=\"index, follow, max-snippet:-1, max-image-preview:large, max-video-preview:-1\" \/>\n<link rel=\"canonical\" href=\"https:\/\/www.pure-beauty.shop\/en\/product\/sigma-line-shampoo\/\" \/>\n<meta property=\"og:locale\" content=\"en_GB\" \/>\n<meta property=\"og:type\" content=\"article\" \/>\n<meta property=\"og:title\" content=\"PANDHY\u2019S\u2122 Sigma Line Shampoo - Pure Beauty &amp; PANDHY&#039;S Shop\" \/>\n<meta property=\"og:description\" content=\"Aufgrund seiner nat\u00fcrlichen, hautfreundlichen Zusammensetzung reinigt dieses Shampoo sanft und gr\u00fcndlich zugleich. Es hydratisiert und pflegt das Haar und die Kopfhaut, und reguliert ihre Talgproduktion. Statt auf Seifentensiden, basiert dieses Shampoo auf haut- und haarfreundlichen Zuckertensiden. Das enthaltene Koffein beugt fr\u00fchzeitigen Haarausfall vor und st\u00e4rkt die Haarstruktur. Fermentiertes Reiswasser, Mineralien und ein spezielles Pr\u00e4- und Postbiotika Komplex tragen zur Gesundheit von Kopfhaut und Haar bei. Zu verwenden bei allen Haartypen, auch bei empfindlicher Kopfhaut, sogar zur t\u00e4glichen Haarw\u00e4sche.\" \/>\n<meta property=\"og:url\" content=\"https:\/\/www.pure-beauty.shop\/en\/product\/sigma-line-shampoo\/\" \/>\n<meta property=\"og:site_name\" content=\"Pure Beauty &amp; PANDHY&#039;S Shop\" \/>\n<meta property=\"article:modified_time\" content=\"2026-04-19T21:15:01+00:00\" \/>\n<meta property=\"og:image\" content=\"https:\/\/www.pure-beauty.shop\/wp-content\/uploads\/2021\/04\/sigma-line-shampoo.jpg\" \/>\n\t<meta property=\"og:image:width\" content=\"2000\" \/>\n\t<meta property=\"og:image:height\" content=\"2000\" \/>\n\t<meta property=\"og:image:type\" content=\"image\/jpeg\" \/>\n<meta name=\"twitter:card\" content=\"summary_large_image\" \/>\n<meta name=\"twitter:label1\" content=\"Estimated reading time\" \/>\n\t<meta name=\"twitter:data1\" content=\"1 minute\" \/>\n<script type=\"application\/ld+json\" class=\"yoast-schema-graph\">{\"@context\":\"https:\\\/\\\/schema.org\",\"@graph\":[{\"@type\":\"WebPage\",\"@id\":\"https:\\\/\\\/www.pure-beauty.shop\\\/produkt\\\/sigma-line-shampoo\\\/\",\"url\":\"https:\\\/\\\/www.pure-beauty.shop\\\/produkt\\\/sigma-line-shampoo\\\/\",\"name\":\"PANDHY\u2019S\u2122 Sigma Line Shampoo - Pure Beauty &amp; PANDHY&#039;S Shop\",\"isPartOf\":{\"@id\":\"https:\\\/\\\/www.pure-beauty.shop\\\/#website\"},\"primaryImageOfPage\":{\"@id\":\"https:\\\/\\\/www.pure-beauty.shop\\\/produkt\\\/sigma-line-shampoo\\\/#primaryimage\"},\"image\":{\"@id\":\"https:\\\/\\\/www.pure-beauty.shop\\\/produkt\\\/sigma-line-shampoo\\\/#primaryimage\"},\"thumbnailUrl\":\"https:\\\/\\\/www.pure-beauty.shop\\\/wp-content\\\/uploads\\\/2021\\\/04\\\/sigma-line-shampoo.jpg\",\"datePublished\":\"2021-04-30T13:54:53+00:00\",\"dateModified\":\"2026-04-19T21:15:01+00:00\",\"description\":\"Aufgrund seiner nat\u00fcrlichen, hautfreundlichen Zusammensetzung reinigt dieses Shampoo sanft und gr\u00fcndlich zugleich. Es hydratisiert und pflegt das Haar und die Kopfhaut, und reguliert ihre Talgproduktion. Statt auf Seifentensiden, basiert dieses Shampoo auf haut- und haarfreundlichen Zuckertensiden. Das enthaltene Koffein beugt fr\u00fchzeitigen Haarausfall vor und st\u00e4rkt die Haarstruktur. Fermentiertes Reiswasser, Mineralien und ein spezielles Pr\u00e4- und Postbiotika Komplex tragen zur Gesundheit von Kopfhaut und Haar bei. Zu verwenden bei allen Haartypen, auch bei empfindlicher Kopfhaut, sogar zur t\u00e4glichen Haarw\u00e4sche.\",\"breadcrumb\":{\"@id\":\"https:\\\/\\\/www.pure-beauty.shop\\\/produkt\\\/sigma-line-shampoo\\\/#breadcrumb\"},\"inLanguage\":\"en-GB\",\"potentialAction\":[{\"@type\":\"ReadAction\",\"target\":[\"https:\\\/\\\/www.pure-beauty.shop\\\/produkt\\\/sigma-line-shampoo\\\/\"]}]},{\"@type\":\"ImageObject\",\"inLanguage\":\"en-GB\",\"@id\":\"https:\\\/\\\/www.pure-beauty.shop\\\/produkt\\\/sigma-line-shampoo\\\/#primaryimage\",\"url\":\"https:\\\/\\\/www.pure-beauty.shop\\\/wp-content\\\/uploads\\\/2021\\\/04\\\/sigma-line-shampoo.jpg\",\"contentUrl\":\"https:\\\/\\\/www.pure-beauty.shop\\\/wp-content\\\/uploads\\\/2021\\\/04\\\/sigma-line-shampoo.jpg\",\"width\":2000,\"height\":2000},{\"@type\":\"BreadcrumbList\",\"@id\":\"https:\\\/\\\/www.pure-beauty.shop\\\/produkt\\\/sigma-line-shampoo\\\/#breadcrumb\",\"itemListElement\":[{\"@type\":\"ListItem\",\"position\":1,\"name\":\"Startseite\",\"item\":\"https:\\\/\\\/www.pure-beauty.shop\\\/\"},{\"@type\":\"ListItem\",\"position\":2,\"name\":\"Shop\",\"item\":\"https:\\\/\\\/www.pure-beauty.shop\\\/en\\\/shop\\\/\"},{\"@type\":\"ListItem\",\"position\":3,\"name\":\"PANDHY\u2019S\u2122 Sigma Line Shampoo\"}]},{\"@type\":\"WebSite\",\"@id\":\"https:\\\/\\\/www.pure-beauty.shop\\\/#website\",\"url\":\"https:\\\/\\\/www.pure-beauty.shop\\\/\",\"name\":\"Pure Beauty &amp; PANDHY&#039;S Shop\",\"description\":\"Kosmetikshop in Graz\",\"potentialAction\":[{\"@type\":\"SearchAction\",\"target\":{\"@type\":\"EntryPoint\",\"urlTemplate\":\"https:\\\/\\\/www.pure-beauty.shop\\\/?s={search_term_string}\"},\"query-input\":{\"@type\":\"PropertyValueSpecification\",\"valueRequired\":true,\"valueName\":\"search_term_string\"}}],\"inLanguage\":\"en-GB\"}]}<\/script>\n<!-- \/ Yoast SEO plugin. -->","yoast_head_json":{"title":"PANDHY\u2019S\u2122 Sigma Line Shampoo - Pure Beauty &amp; PANDHY&#039;S Shop","description":"Aufgrund seiner nat\u00fcrlichen, hautfreundlichen Zusammensetzung reinigt dieses Shampoo sanft und gr\u00fcndlich zugleich. Es hydratisiert und pflegt das Haar und die Kopfhaut, und reguliert ihre Talgproduktion. Statt auf Seifentensiden, basiert dieses Shampoo auf haut- und haarfreundlichen Zuckertensiden. Das enthaltene Koffein beugt fr\u00fchzeitigen Haarausfall vor und st\u00e4rkt die Haarstruktur. Fermentiertes Reiswasser, Mineralien und ein spezielles Pr\u00e4- und Postbiotika Komplex tragen zur Gesundheit von Kopfhaut und Haar bei. Zu verwenden bei allen Haartypen, auch bei empfindlicher Kopfhaut, sogar zur t\u00e4glichen Haarw\u00e4sche.","robots":{"index":"index","follow":"follow","max-snippet":"max-snippet:-1","max-image-preview":"max-image-preview:large","max-video-preview":"max-video-preview:-1"},"canonical":"https:\/\/www.pure-beauty.shop\/en\/product\/sigma-line-shampoo\/","og_locale":"en_GB","og_type":"article","og_title":"PANDHY\u2019S\u2122 Sigma Line Shampoo - Pure Beauty &amp; PANDHY&#039;S Shop","og_description":"Aufgrund seiner nat\u00fcrlichen, hautfreundlichen Zusammensetzung reinigt dieses Shampoo sanft und gr\u00fcndlich zugleich. Es hydratisiert und pflegt das Haar und die Kopfhaut, und reguliert ihre Talgproduktion. Statt auf Seifentensiden, basiert dieses Shampoo auf haut- und haarfreundlichen Zuckertensiden. Das enthaltene Koffein beugt fr\u00fchzeitigen Haarausfall vor und st\u00e4rkt die Haarstruktur. Fermentiertes Reiswasser, Mineralien und ein spezielles Pr\u00e4- und Postbiotika Komplex tragen zur Gesundheit von Kopfhaut und Haar bei. Zu verwenden bei allen Haartypen, auch bei empfindlicher Kopfhaut, sogar zur t\u00e4glichen Haarw\u00e4sche.","og_url":"https:\/\/www.pure-beauty.shop\/en\/product\/sigma-line-shampoo\/","og_site_name":"Pure Beauty &amp; PANDHY&#039;S Shop","article_modified_time":"2026-04-19T21:15:01+00:00","og_image":[{"width":2000,"height":2000,"url":"https:\/\/www.pure-beauty.shop\/wp-content\/uploads\/2021\/04\/sigma-line-shampoo.jpg","type":"image\/jpeg"}],"twitter_card":"summary_large_image","twitter_misc":{"Estimated reading time":"1 minute"},"schema":{"@context":"https:\/\/schema.org","@graph":[{"@type":"WebPage","@id":"https:\/\/www.pure-beauty.shop\/produkt\/sigma-line-shampoo\/","url":"https:\/\/www.pure-beauty.shop\/produkt\/sigma-line-shampoo\/","name":"PANDHY\u2019S\u2122 Sigma Line Shampoo - Pure Beauty &amp; PANDHY&#039;S Shop","isPartOf":{"@id":"https:\/\/www.pure-beauty.shop\/#website"},"primaryImageOfPage":{"@id":"https:\/\/www.pure-beauty.shop\/produkt\/sigma-line-shampoo\/#primaryimage"},"image":{"@id":"https:\/\/www.pure-beauty.shop\/produkt\/sigma-line-shampoo\/#primaryimage"},"thumbnailUrl":"https:\/\/www.pure-beauty.shop\/wp-content\/uploads\/2021\/04\/sigma-line-shampoo.jpg","datePublished":"2021-04-30T13:54:53+00:00","dateModified":"2026-04-19T21:15:01+00:00","description":"Aufgrund seiner nat\u00fcrlichen, hautfreundlichen Zusammensetzung reinigt dieses Shampoo sanft und gr\u00fcndlich zugleich. Es hydratisiert und pflegt das Haar und die Kopfhaut, und reguliert ihre Talgproduktion. Statt auf Seifentensiden, basiert dieses Shampoo auf haut- und haarfreundlichen Zuckertensiden. Das enthaltene Koffein beugt fr\u00fchzeitigen Haarausfall vor und st\u00e4rkt die Haarstruktur. Fermentiertes Reiswasser, Mineralien und ein spezielles Pr\u00e4- und Postbiotika Komplex tragen zur Gesundheit von Kopfhaut und Haar bei. Zu verwenden bei allen Haartypen, auch bei empfindlicher Kopfhaut, sogar zur t\u00e4glichen Haarw\u00e4sche.","breadcrumb":{"@id":"https:\/\/www.pure-beauty.shop\/produkt\/sigma-line-shampoo\/#breadcrumb"},"inLanguage":"en-GB","potentialAction":[{"@type":"ReadAction","target":["https:\/\/www.pure-beauty.shop\/produkt\/sigma-line-shampoo\/"]}]},{"@type":"ImageObject","inLanguage":"en-GB","@id":"https:\/\/www.pure-beauty.shop\/produkt\/sigma-line-shampoo\/#primaryimage","url":"https:\/\/www.pure-beauty.shop\/wp-content\/uploads\/2021\/04\/sigma-line-shampoo.jpg","contentUrl":"https:\/\/www.pure-beauty.shop\/wp-content\/uploads\/2021\/04\/sigma-line-shampoo.jpg","width":2000,"height":2000},{"@type":"BreadcrumbList","@id":"https:\/\/www.pure-beauty.shop\/produkt\/sigma-line-shampoo\/#breadcrumb","itemListElement":[{"@type":"ListItem","position":1,"name":"Startseite","item":"https:\/\/www.pure-beauty.shop\/"},{"@type":"ListItem","position":2,"name":"Shop","item":"https:\/\/www.pure-beauty.shop\/en\/shop\/"},{"@type":"ListItem","position":3,"name":"PANDHY\u2019S\u2122 Sigma Line Shampoo"}]},{"@type":"WebSite","@id":"https:\/\/www.pure-beauty.shop\/#website","url":"https:\/\/www.pure-beauty.shop\/","name":"Pure Beauty &amp; PANDHY&#039;S Shop","description":"Kosmetikshop in Graz","potentialAction":[{"@type":"SearchAction","target":{"@type":"EntryPoint","urlTemplate":"https:\/\/www.pure-beauty.shop\/?s={search_term_string}"},"query-input":{"@type":"PropertyValueSpecification","valueRequired":true,"valueName":"search_term_string"}}],"inLanguage":"en-GB"}]}},"jetpack_sharing_enabled":true,"_links":{"self":[{"href":"https:\/\/www.pure-beauty.shop\/en\/wp-json\/wp\/v2\/product\/19200","targetHints":{"allow":["GET"]}}],"collection":[{"href":"https:\/\/www.pure-beauty.shop\/en\/wp-json\/wp\/v2\/product"}],"about":[{"href":"https:\/\/www.pure-beauty.shop\/en\/wp-json\/wp\/v2\/types\/product"}],"replies":[{"embeddable":true,"href":"https:\/\/www.pure-beauty.shop\/en\/wp-json\/wp\/v2\/comments?post=19200"}],"wp:featuredmedia":[{"embeddable":true,"href":"https:\/\/www.pure-beauty.shop\/en\/wp-json\/wp\/v2\/media\/19231"}],"wp:attachment":[{"href":"https:\/\/www.pure-beauty.shop\/en\/wp-json\/wp\/v2\/media?parent=19200"}],"wp:term":[{"taxonomy":"brand","embeddable":true,"href":"https:\/\/www.pure-beauty.shop\/en\/wp-json\/wp\/v2\/etheme_brands?post=19200"},{"taxonomy":"product_brand","embeddable":true,"href":"https:\/\/www.pure-beauty.shop\/en\/wp-json\/wp\/v2\/product_brand?post=19200"},{"taxonomy":"product_cat","embeddable":true,"href":"https:\/\/www.pure-beauty.shop\/en\/wp-json\/wp\/v2\/product_cat?post=19200"},{"taxonomy":"product_tag","embeddable":true,"href":"https:\/\/www.pure-beauty.shop\/en\/wp-json\/wp\/v2\/product_tag?post=19200"}],"curies":[{"name":"wp","href":"https:\/\/api.w.org\/{rel}","templated":true}]}}