{"id":19837,"date":"2023-09-30T15:49:05","date_gmt":"2023-09-30T13:49:05","guid":{"rendered":"https:\/\/www.pure-beauty.shop\/?post_type=product&#038;p=19837"},"modified":"2026-04-19T17:55:00","modified_gmt":"2026-04-19T15:55:00","slug":"acv-oleogel","status":"publish","type":"product","link":"https:\/\/www.pure-beauty.shop\/en\/product\/acv-oleogel\/","title":{"rendered":"PANDHY\u2019S\u2122 ACV OleoGel"},"content":{"rendered":"<div class=\"wpb-content-wrapper\"><div class=\"vc_row wpb_row vc_row-fluid et_custom_uniqid_69e730734862c\"><div class=\"wpb_column vc_column_container vc_col-sm-12 et_custom_uniqid_69e73073485fa\"><div class=\"vc_column-inner\"><div class=\"wpb_wrapper\">\n\t<div class=\"wpb_text_column wpb_content_element\" >\n\t\t<div class=\"wpb_wrapper\">\n\t\t\t<p data-start=\"79\" data-end=\"365\">Dieses beruhigende, regenerierende und adstringierende Oleo-Gel vereint eine hochwertige \u00d6lmischung mit einem hohen Anteil an Apfelessig und Korkeichenextrakt. Die innovative Formulierung unterst\u00fctzt die Haut dabei, ihr nat\u00fcrliches Gleichgewicht wiederzufinden und sich zu regenerieren.<\/p>\n<p data-start=\"367\" data-end=\"600\">Das Gel wirkt gezielt gegen Juckreiz, R\u00f6tungen und allergische Hautreaktionen und sorgt f\u00fcr ein ausgeglichenes, beruhigtes Hautbild. Trotz seiner pflegenden Eigenschaften zieht es schnell ein und hinterl\u00e4sst kein fettiges Hautgef\u00fchl.<\/p>\n<p data-start=\"602\" data-end=\"715\">F\u00fcr alle Hauttypen geeignet und ideal f\u00fcr die t\u00e4gliche Pflege sowie zur Beruhigung sensibler oder gereizter Haut.<\/p>\n<h6>INCI: aqua (water), acetum (apple vinegar), caprylic \/ capric triglyceride, prunus armeniaca (apricot) kernel oil, triethanolamine, squalane, argania spinosa kernel oil, carbomer, sodium salicylate, cymbopogon citratus (lemon) oil, cocos nucifera oil, oak root extract, silver citrate, citric acidcitral, geraniol, limonene, linalool<\/h6>\n\n\t\t<\/div>\n\t<\/div>\n<\/div><\/div><\/div><\/div>\n<\/div>","protected":false},"excerpt":{"rendered":"<p data-start=\"742\" data-end=\"806\">Oleo-Gel \u2013 beruhigt, regeneriert und gleicht die Haut sanft aus.<\/p>","protected":false},"featured_media":19839,"comment_status":"open","ping_status":"closed","template":"","meta":{"jetpack_post_was_ever_published":false},"etheme_brands":[{"term_id":203,"name":"PANDHY'S\u2122","slug":"pandhys","term_group":0,"term_taxonomy_id":203,"taxonomy":"brand","description":"","parent":0,"count":63,"filter":"raw"}],"product_brand":[],"product_cat":[172,178,173,190,170,287,180],"product_tag":[],"class_list":{"0":"post-19837","1":"product","2":"type-product","3":"status-publish","4":"has-post-thumbnail","6":"brand-pandhys","7":"product_cat-gesicht","8":"product_cat-gesichtscreme","9":"product_cat-koerper","10":"product_cat-koerperpflege","11":"product_cat-pflege","12":"product_cat-sale","13":"product_cat-spezialpflege","15":"first","16":"instock","17":"taxable","18":"shipping-taxable","19":"purchasable","20":"product-type-variable","21":"has-default-attributes"},"yoast_head":"<!-- This site is optimized with the Yoast SEO plugin v27.4 - https:\/\/yoast.com\/product\/yoast-seo-wordpress\/ -->\n<title>PANDHY\u2019S\u2122 ACV OleoGel - Pure Beauty &amp; PANDHY&#039;S Shop<\/title>\n<meta name=\"description\" content=\"Beruhigendes Oleo-Gel mit Apfelessig &amp; Korkeiche \u2013 lindert R\u00f6tungen, Juckreiz und Irritationen. F\u00fcr alle Hauttypen, zieht schnell ein ohne Fettfilm.\" \/>\n<meta name=\"robots\" content=\"index, follow, max-snippet:-1, max-image-preview:large, max-video-preview:-1\" \/>\n<link rel=\"canonical\" href=\"https:\/\/www.pure-beauty.shop\/en\/product\/acv-oleogel\/\" \/>\n<meta property=\"og:locale\" content=\"en_GB\" \/>\n<meta property=\"og:type\" content=\"article\" \/>\n<meta property=\"og:title\" content=\"PANDHY\u2019S\u2122 ACV OleoGel - Pure Beauty &amp; PANDHY&#039;S Shop\" \/>\n<meta property=\"og:description\" content=\"Beruhigendes Oleo-Gel mit Apfelessig &amp; Korkeiche \u2013 lindert R\u00f6tungen, Juckreiz und Irritationen. F\u00fcr alle Hauttypen, zieht schnell ein ohne Fettfilm.\" \/>\n<meta property=\"og:url\" content=\"https:\/\/www.pure-beauty.shop\/en\/product\/acv-oleogel\/\" \/>\n<meta property=\"og:site_name\" content=\"Pure Beauty &amp; PANDHY&#039;S Shop\" \/>\n<meta property=\"article:modified_time\" content=\"2026-04-19T15:55:00+00:00\" \/>\n<meta property=\"og:image\" content=\"https:\/\/www.pure-beauty.shop\/wp-content\/uploads\/2023\/09\/ACV-Oleo-Gel-2.jpg\" \/>\n\t<meta property=\"og:image:width\" content=\"2000\" \/>\n\t<meta property=\"og:image:height\" content=\"2000\" \/>\n\t<meta property=\"og:image:type\" content=\"image\/jpeg\" \/>\n<meta name=\"twitter:card\" content=\"summary_large_image\" \/>\n<meta name=\"twitter:label1\" content=\"Estimated reading time\" \/>\n\t<meta name=\"twitter:data1\" content=\"1 minute\" \/>\n<script type=\"application\/ld+json\" class=\"yoast-schema-graph\">{\"@context\":\"https:\\\/\\\/schema.org\",\"@graph\":[{\"@type\":\"WebPage\",\"@id\":\"https:\\\/\\\/www.pure-beauty.shop\\\/produkt\\\/acv-oleogel\\\/\",\"url\":\"https:\\\/\\\/www.pure-beauty.shop\\\/produkt\\\/acv-oleogel\\\/\",\"name\":\"PANDHY\u2019S\u2122 ACV OleoGel - Pure Beauty &amp; PANDHY&#039;S Shop\",\"isPartOf\":{\"@id\":\"https:\\\/\\\/www.pure-beauty.shop\\\/#website\"},\"primaryImageOfPage\":{\"@id\":\"https:\\\/\\\/www.pure-beauty.shop\\\/produkt\\\/acv-oleogel\\\/#primaryimage\"},\"image\":{\"@id\":\"https:\\\/\\\/www.pure-beauty.shop\\\/produkt\\\/acv-oleogel\\\/#primaryimage\"},\"thumbnailUrl\":\"https:\\\/\\\/www.pure-beauty.shop\\\/wp-content\\\/uploads\\\/2023\\\/09\\\/ACV-Oleo-Gel-2.jpg\",\"datePublished\":\"2023-09-30T13:49:05+00:00\",\"dateModified\":\"2026-04-19T15:55:00+00:00\",\"description\":\"Beruhigendes Oleo-Gel mit Apfelessig & Korkeiche \u2013 lindert R\u00f6tungen, Juckreiz und Irritationen. F\u00fcr alle Hauttypen, zieht schnell ein ohne Fettfilm.\",\"breadcrumb\":{\"@id\":\"https:\\\/\\\/www.pure-beauty.shop\\\/produkt\\\/acv-oleogel\\\/#breadcrumb\"},\"inLanguage\":\"en-GB\",\"potentialAction\":[{\"@type\":\"ReadAction\",\"target\":[\"https:\\\/\\\/www.pure-beauty.shop\\\/produkt\\\/acv-oleogel\\\/\"]}]},{\"@type\":\"ImageObject\",\"inLanguage\":\"en-GB\",\"@id\":\"https:\\\/\\\/www.pure-beauty.shop\\\/produkt\\\/acv-oleogel\\\/#primaryimage\",\"url\":\"https:\\\/\\\/www.pure-beauty.shop\\\/wp-content\\\/uploads\\\/2023\\\/09\\\/ACV-Oleo-Gel-2.jpg\",\"contentUrl\":\"https:\\\/\\\/www.pure-beauty.shop\\\/wp-content\\\/uploads\\\/2023\\\/09\\\/ACV-Oleo-Gel-2.jpg\",\"width\":2000,\"height\":2000},{\"@type\":\"BreadcrumbList\",\"@id\":\"https:\\\/\\\/www.pure-beauty.shop\\\/produkt\\\/acv-oleogel\\\/#breadcrumb\",\"itemListElement\":[{\"@type\":\"ListItem\",\"position\":1,\"name\":\"Startseite\",\"item\":\"https:\\\/\\\/www.pure-beauty.shop\\\/\"},{\"@type\":\"ListItem\",\"position\":2,\"name\":\"Shop\",\"item\":\"https:\\\/\\\/www.pure-beauty.shop\\\/en\\\/shop\\\/\"},{\"@type\":\"ListItem\",\"position\":3,\"name\":\"PANDHY\u2019S\u2122 ACV OleoGel\"}]},{\"@type\":\"WebSite\",\"@id\":\"https:\\\/\\\/www.pure-beauty.shop\\\/#website\",\"url\":\"https:\\\/\\\/www.pure-beauty.shop\\\/\",\"name\":\"Pure Beauty &amp; PANDHY&#039;S Shop\",\"description\":\"Kosmetikshop in Graz\",\"potentialAction\":[{\"@type\":\"SearchAction\",\"target\":{\"@type\":\"EntryPoint\",\"urlTemplate\":\"https:\\\/\\\/www.pure-beauty.shop\\\/?s={search_term_string}\"},\"query-input\":{\"@type\":\"PropertyValueSpecification\",\"valueRequired\":true,\"valueName\":\"search_term_string\"}}],\"inLanguage\":\"en-GB\"}]}<\/script>\n<!-- \/ Yoast SEO plugin. -->","yoast_head_json":{"title":"PANDHY\u2019S\u2122 ACV OleoGel - Pure Beauty &amp; PANDHY&#039;S Shop","description":"Beruhigendes Oleo-Gel mit Apfelessig & Korkeiche \u2013 lindert R\u00f6tungen, Juckreiz und Irritationen. F\u00fcr alle Hauttypen, zieht schnell ein ohne Fettfilm.","robots":{"index":"index","follow":"follow","max-snippet":"max-snippet:-1","max-image-preview":"max-image-preview:large","max-video-preview":"max-video-preview:-1"},"canonical":"https:\/\/www.pure-beauty.shop\/en\/product\/acv-oleogel\/","og_locale":"en_GB","og_type":"article","og_title":"PANDHY\u2019S\u2122 ACV OleoGel - Pure Beauty &amp; PANDHY&#039;S Shop","og_description":"Beruhigendes Oleo-Gel mit Apfelessig & Korkeiche \u2013 lindert R\u00f6tungen, Juckreiz und Irritationen. F\u00fcr alle Hauttypen, zieht schnell ein ohne Fettfilm.","og_url":"https:\/\/www.pure-beauty.shop\/en\/product\/acv-oleogel\/","og_site_name":"Pure Beauty &amp; PANDHY&#039;S Shop","article_modified_time":"2026-04-19T15:55:00+00:00","og_image":[{"width":2000,"height":2000,"url":"https:\/\/www.pure-beauty.shop\/wp-content\/uploads\/2023\/09\/ACV-Oleo-Gel-2.jpg","type":"image\/jpeg"}],"twitter_card":"summary_large_image","twitter_misc":{"Estimated reading time":"1 minute"},"schema":{"@context":"https:\/\/schema.org","@graph":[{"@type":"WebPage","@id":"https:\/\/www.pure-beauty.shop\/produkt\/acv-oleogel\/","url":"https:\/\/www.pure-beauty.shop\/produkt\/acv-oleogel\/","name":"PANDHY\u2019S\u2122 ACV OleoGel - Pure Beauty &amp; PANDHY&#039;S Shop","isPartOf":{"@id":"https:\/\/www.pure-beauty.shop\/#website"},"primaryImageOfPage":{"@id":"https:\/\/www.pure-beauty.shop\/produkt\/acv-oleogel\/#primaryimage"},"image":{"@id":"https:\/\/www.pure-beauty.shop\/produkt\/acv-oleogel\/#primaryimage"},"thumbnailUrl":"https:\/\/www.pure-beauty.shop\/wp-content\/uploads\/2023\/09\/ACV-Oleo-Gel-2.jpg","datePublished":"2023-09-30T13:49:05+00:00","dateModified":"2026-04-19T15:55:00+00:00","description":"Beruhigendes Oleo-Gel mit Apfelessig & Korkeiche \u2013 lindert R\u00f6tungen, Juckreiz und Irritationen. F\u00fcr alle Hauttypen, zieht schnell ein ohne Fettfilm.","breadcrumb":{"@id":"https:\/\/www.pure-beauty.shop\/produkt\/acv-oleogel\/#breadcrumb"},"inLanguage":"en-GB","potentialAction":[{"@type":"ReadAction","target":["https:\/\/www.pure-beauty.shop\/produkt\/acv-oleogel\/"]}]},{"@type":"ImageObject","inLanguage":"en-GB","@id":"https:\/\/www.pure-beauty.shop\/produkt\/acv-oleogel\/#primaryimage","url":"https:\/\/www.pure-beauty.shop\/wp-content\/uploads\/2023\/09\/ACV-Oleo-Gel-2.jpg","contentUrl":"https:\/\/www.pure-beauty.shop\/wp-content\/uploads\/2023\/09\/ACV-Oleo-Gel-2.jpg","width":2000,"height":2000},{"@type":"BreadcrumbList","@id":"https:\/\/www.pure-beauty.shop\/produkt\/acv-oleogel\/#breadcrumb","itemListElement":[{"@type":"ListItem","position":1,"name":"Startseite","item":"https:\/\/www.pure-beauty.shop\/"},{"@type":"ListItem","position":2,"name":"Shop","item":"https:\/\/www.pure-beauty.shop\/en\/shop\/"},{"@type":"ListItem","position":3,"name":"PANDHY\u2019S\u2122 ACV OleoGel"}]},{"@type":"WebSite","@id":"https:\/\/www.pure-beauty.shop\/#website","url":"https:\/\/www.pure-beauty.shop\/","name":"Pure Beauty &amp; PANDHY&#039;S Shop","description":"Kosmetikshop in Graz","potentialAction":[{"@type":"SearchAction","target":{"@type":"EntryPoint","urlTemplate":"https:\/\/www.pure-beauty.shop\/?s={search_term_string}"},"query-input":{"@type":"PropertyValueSpecification","valueRequired":true,"valueName":"search_term_string"}}],"inLanguage":"en-GB"}]}},"jetpack_sharing_enabled":true,"_links":{"self":[{"href":"https:\/\/www.pure-beauty.shop\/en\/wp-json\/wp\/v2\/product\/19837","targetHints":{"allow":["GET"]}}],"collection":[{"href":"https:\/\/www.pure-beauty.shop\/en\/wp-json\/wp\/v2\/product"}],"about":[{"href":"https:\/\/www.pure-beauty.shop\/en\/wp-json\/wp\/v2\/types\/product"}],"replies":[{"embeddable":true,"href":"https:\/\/www.pure-beauty.shop\/en\/wp-json\/wp\/v2\/comments?post=19837"}],"wp:featuredmedia":[{"embeddable":true,"href":"https:\/\/www.pure-beauty.shop\/en\/wp-json\/wp\/v2\/media\/19839"}],"wp:attachment":[{"href":"https:\/\/www.pure-beauty.shop\/en\/wp-json\/wp\/v2\/media?parent=19837"}],"wp:term":[{"taxonomy":"brand","embeddable":true,"href":"https:\/\/www.pure-beauty.shop\/en\/wp-json\/wp\/v2\/etheme_brands?post=19837"},{"taxonomy":"product_brand","embeddable":true,"href":"https:\/\/www.pure-beauty.shop\/en\/wp-json\/wp\/v2\/product_brand?post=19837"},{"taxonomy":"product_cat","embeddable":true,"href":"https:\/\/www.pure-beauty.shop\/en\/wp-json\/wp\/v2\/product_cat?post=19837"},{"taxonomy":"product_tag","embeddable":true,"href":"https:\/\/www.pure-beauty.shop\/en\/wp-json\/wp\/v2\/product_tag?post=19837"}],"curies":[{"name":"wp","href":"https:\/\/api.w.org\/{rel}","templated":true}]}}