{"id":20121,"date":"2024-05-12T23:40:19","date_gmt":"2024-05-12T21:40:19","guid":{"rendered":"https:\/\/www.pure-beauty.shop\/?post_type=product&#038;p=20121"},"modified":"2026-04-11T16:05:38","modified_gmt":"2026-04-11T14:05:38","slug":"highdrate","status":"publish","type":"product","link":"https:\/\/www.pure-beauty.shop\/en\/product\/highdrate\/","title":{"rendered":"COSMIX HighDrate (50 ml)"},"content":{"rendered":"<div class=\"wpb-content-wrapper\"><div class=\"vc_row wpb_row vc_row-fluid et_custom_uniqid_69e4638154dcc\"><div class=\"wpb_column vc_column_container vc_col-sm-12 et_custom_uniqid_69e4638154da7\"><div class=\"vc_column-inner\"><div class=\"wpb_wrapper\">\n\t<div class=\"wpb_text_column wpb_content_element\" >\n\t\t<div class=\"wpb_wrapper\">\n\t\t\t<p data-start=\"79\" data-end=\"420\">Diese leichte, innovative Feuchtigkeitspflege basiert auf dem Well-Aging Prinzip und unterst\u00fctzt die Haut dabei, ihre nat\u00fcrliche Balance und Spannkraft zu bewahren. Sie baut die Hydro-Elastic-Matrix in der Haut auf und erh\u00f6ht den Feuchtigkeitsspeicher durch Hyaluron und Bl\u00fctenwasser \u2013 f\u00fcr ein sichtbar pralleres und hydratisiertes Hautbild.<\/p>\n<p data-start=\"422\" data-end=\"710\">Die enthaltene Golden Flower und Lotusblume wirken stark antioxidativ, sch\u00fctzen vor umweltbedingter Hautalterung und sorgen f\u00fcr einen ebenm\u00e4\u00dfigeren, strahlenden Teint. Tara und Wegwarte gl\u00e4tten feine Linien, st\u00e4rken die Hautstruktur und verleihen ein geschmeidiges, gepflegtes Hautgef\u00fchl.<\/p>\n<p data-start=\"712\" data-end=\"835\">Die Creme bildet die ideale Grundlage f\u00fcr eine gesunde, ausgeglichene Haut und eignet sich perfekt f\u00fcr die t\u00e4gliche Pflege.<\/p>\n<p data-start=\"837\" data-end=\"1084\"><strong data-start=\"837\" data-end=\"851\">Anwendung:<\/strong><br data-start=\"851\" data-end=\"854\" \/>F\u00fcr optimale Ergebnisse empfehlen wir, die Haut vor und nach dem Auftragen mit einem PANDHY\u2019S\u2122 Hydrolat zu befeuchten. Dadurch kann die Creme ihre volle Wirkung entfalten und die Feuchtigkeitsaufnahme der Haut zus\u00e4tzlich steigern.<\/p>\n<h6>INCI: aqua (water), rosa damascena (damask rose) flower water, lavandula angustifolia (lavender) flower water, glycerin, urea, glyceryl stearate, pullulan, cichorium intybus (chicory) root oligosaccharides, remella fuciformis polysaccharide, sodium hyaluronate, hydrolyzed sodium hyaluronate, aspergillus\/camellia sinensis leaf ferment extract, nelumbo nucifera leaf extract, vitis vinifera (grape) seed oil, helianthus annus (suntower) seed oil, lactic acid, stearic acid, 1,2-hexandiol, caesalpinia spinosa gum, xanthan gum, tocopherol, ethylhexylglycerin, gluconolactone, sodium benzoate, calcium gluconate, propanediol, butylene glycol, cetyl alcohol, stearyl alcohol, phenoxyethanol, alcohol, citronellol, geraniol, eugenol, linalool, limonene, 4-terpineol<\/h6>\n\n\t\t<\/div>\n\t<\/div>\n<\/div><\/div><\/div><\/div>\n<\/div>","protected":false},"excerpt":{"rendered":"<p data-start=\"1111\" data-end=\"1190\">Feuchtigkeitscreme \u2013 st\u00e4rkt die Hautstruktur und sorgt f\u00fcr intensive Hydration.<\/p>","protected":false},"featured_media":20118,"comment_status":"open","ping_status":"closed","template":"","meta":{"jetpack_post_was_ever_published":false},"etheme_brands":[{"term_id":205,"name":"COSMIX","slug":"cosmix","term_group":0,"term_taxonomy_id":205,"taxonomy":"brand","description":"","parent":0,"count":37,"filter":"raw"},{"term_id":203,"name":"PANDHY'S\u2122","slug":"pandhys","term_group":0,"term_taxonomy_id":203,"taxonomy":"brand","description":"","parent":0,"count":56,"filter":"raw"}],"product_brand":[],"product_cat":[172,178,202,170,180],"product_tag":[],"class_list":{"0":"post-20121","1":"product","2":"type-product","3":"status-publish","4":"has-post-thumbnail","6":"brand-cosmix","7":"brand-pandhys","8":"product_cat-gesicht","9":"product_cat-gesichtscreme","10":"product_cat-neu","11":"product_cat-pflege","12":"product_cat-spezialpflege","14":"first","15":"instock","16":"taxable","17":"shipping-taxable","18":"purchasable","19":"product-type-variable","20":"has-default-attributes"},"yoast_head":"<!-- This site is optimized with the Yoast SEO plugin v27.4 - https:\/\/yoast.com\/product\/yoast-seo-wordpress\/ -->\n<title>COSMIX HighDrate (50 ml) - Pure Beauty &amp; PANDHY&#039;S Shop<\/title>\n<meta name=\"description\" content=\"Feuchtigkeitscreme mit Hyaluron &amp; Bl\u00fctenwasser \u2013 hydratisiert, gl\u00e4ttet und sch\u00fctzt vor Hautalterung. F\u00fcr ein pralles, gesundes Hautbild.\" \/>\n<meta name=\"robots\" content=\"index, follow, max-snippet:-1, max-image-preview:large, max-video-preview:-1\" \/>\n<link rel=\"canonical\" href=\"https:\/\/www.pure-beauty.shop\/en\/product\/highdrate\/\" \/>\n<meta property=\"og:locale\" content=\"en_GB\" \/>\n<meta property=\"og:type\" content=\"article\" \/>\n<meta property=\"og:title\" content=\"COSMIX HighDrate (50 ml) - Pure Beauty &amp; PANDHY&#039;S Shop\" \/>\n<meta property=\"og:description\" content=\"Feuchtigkeitscreme mit Hyaluron &amp; Bl\u00fctenwasser \u2013 hydratisiert, gl\u00e4ttet und sch\u00fctzt vor Hautalterung. F\u00fcr ein pralles, gesundes Hautbild.\" \/>\n<meta property=\"og:url\" content=\"https:\/\/www.pure-beauty.shop\/en\/product\/highdrate\/\" \/>\n<meta property=\"og:site_name\" content=\"Pure Beauty &amp; PANDHY&#039;S Shop\" \/>\n<meta property=\"article:modified_time\" content=\"2026-04-11T14:05:38+00:00\" \/>\n<meta property=\"og:image\" content=\"https:\/\/www.pure-beauty.shop\/wp-content\/uploads\/2024\/05\/high_drate_jar.jpg\" \/>\n\t<meta property=\"og:image:width\" content=\"2000\" \/>\n\t<meta property=\"og:image:height\" content=\"2000\" \/>\n\t<meta property=\"og:image:type\" content=\"image\/jpeg\" \/>\n<meta name=\"twitter:card\" content=\"summary_large_image\" \/>\n<meta name=\"twitter:label1\" content=\"Estimated reading time\" \/>\n\t<meta name=\"twitter:data1\" content=\"1 minute\" \/>\n<script type=\"application\/ld+json\" class=\"yoast-schema-graph\">{\"@context\":\"https:\\\/\\\/schema.org\",\"@graph\":[{\"@type\":\"WebPage\",\"@id\":\"https:\\\/\\\/www.pure-beauty.shop\\\/produkt\\\/highdrate\\\/\",\"url\":\"https:\\\/\\\/www.pure-beauty.shop\\\/produkt\\\/highdrate\\\/\",\"name\":\"COSMIX HighDrate (50 ml) - Pure Beauty &amp; PANDHY&#039;S Shop\",\"isPartOf\":{\"@id\":\"https:\\\/\\\/www.pure-beauty.shop\\\/#website\"},\"primaryImageOfPage\":{\"@id\":\"https:\\\/\\\/www.pure-beauty.shop\\\/produkt\\\/highdrate\\\/#primaryimage\"},\"image\":{\"@id\":\"https:\\\/\\\/www.pure-beauty.shop\\\/produkt\\\/highdrate\\\/#primaryimage\"},\"thumbnailUrl\":\"https:\\\/\\\/www.pure-beauty.shop\\\/wp-content\\\/uploads\\\/2024\\\/05\\\/high_drate_jar.jpg\",\"datePublished\":\"2024-05-12T21:40:19+00:00\",\"dateModified\":\"2026-04-11T14:05:38+00:00\",\"description\":\"Feuchtigkeitscreme mit Hyaluron & Bl\u00fctenwasser \u2013 hydratisiert, gl\u00e4ttet und sch\u00fctzt vor Hautalterung. F\u00fcr ein pralles, gesundes Hautbild.\",\"breadcrumb\":{\"@id\":\"https:\\\/\\\/www.pure-beauty.shop\\\/produkt\\\/highdrate\\\/#breadcrumb\"},\"inLanguage\":\"en-GB\",\"potentialAction\":[{\"@type\":\"ReadAction\",\"target\":[\"https:\\\/\\\/www.pure-beauty.shop\\\/produkt\\\/highdrate\\\/\"]}]},{\"@type\":\"ImageObject\",\"inLanguage\":\"en-GB\",\"@id\":\"https:\\\/\\\/www.pure-beauty.shop\\\/produkt\\\/highdrate\\\/#primaryimage\",\"url\":\"https:\\\/\\\/www.pure-beauty.shop\\\/wp-content\\\/uploads\\\/2024\\\/05\\\/high_drate_jar.jpg\",\"contentUrl\":\"https:\\\/\\\/www.pure-beauty.shop\\\/wp-content\\\/uploads\\\/2024\\\/05\\\/high_drate_jar.jpg\",\"width\":2000,\"height\":2000},{\"@type\":\"BreadcrumbList\",\"@id\":\"https:\\\/\\\/www.pure-beauty.shop\\\/produkt\\\/highdrate\\\/#breadcrumb\",\"itemListElement\":[{\"@type\":\"ListItem\",\"position\":1,\"name\":\"Startseite\",\"item\":\"https:\\\/\\\/www.pure-beauty.shop\\\/\"},{\"@type\":\"ListItem\",\"position\":2,\"name\":\"Shop\",\"item\":\"https:\\\/\\\/www.pure-beauty.shop\\\/en\\\/shop\\\/\"},{\"@type\":\"ListItem\",\"position\":3,\"name\":\"COSMIX HighDrate (50 ml)\"}]},{\"@type\":\"WebSite\",\"@id\":\"https:\\\/\\\/www.pure-beauty.shop\\\/#website\",\"url\":\"https:\\\/\\\/www.pure-beauty.shop\\\/\",\"name\":\"Pure Beauty &amp; PANDHY&#039;S Shop\",\"description\":\"Kosmetikshop in Graz\",\"potentialAction\":[{\"@type\":\"SearchAction\",\"target\":{\"@type\":\"EntryPoint\",\"urlTemplate\":\"https:\\\/\\\/www.pure-beauty.shop\\\/?s={search_term_string}\"},\"query-input\":{\"@type\":\"PropertyValueSpecification\",\"valueRequired\":true,\"valueName\":\"search_term_string\"}}],\"inLanguage\":\"en-GB\"}]}<\/script>\n<!-- \/ Yoast SEO plugin. -->","yoast_head_json":{"title":"COSMIX HighDrate (50 ml) - Pure Beauty &amp; PANDHY&#039;S Shop","description":"Feuchtigkeitscreme mit Hyaluron & Bl\u00fctenwasser \u2013 hydratisiert, gl\u00e4ttet und sch\u00fctzt vor Hautalterung. F\u00fcr ein pralles, gesundes Hautbild.","robots":{"index":"index","follow":"follow","max-snippet":"max-snippet:-1","max-image-preview":"max-image-preview:large","max-video-preview":"max-video-preview:-1"},"canonical":"https:\/\/www.pure-beauty.shop\/en\/product\/highdrate\/","og_locale":"en_GB","og_type":"article","og_title":"COSMIX HighDrate (50 ml) - Pure Beauty &amp; PANDHY&#039;S Shop","og_description":"Feuchtigkeitscreme mit Hyaluron & Bl\u00fctenwasser \u2013 hydratisiert, gl\u00e4ttet und sch\u00fctzt vor Hautalterung. F\u00fcr ein pralles, gesundes Hautbild.","og_url":"https:\/\/www.pure-beauty.shop\/en\/product\/highdrate\/","og_site_name":"Pure Beauty &amp; PANDHY&#039;S Shop","article_modified_time":"2026-04-11T14:05:38+00:00","og_image":[{"width":2000,"height":2000,"url":"https:\/\/www.pure-beauty.shop\/wp-content\/uploads\/2024\/05\/high_drate_jar.jpg","type":"image\/jpeg"}],"twitter_card":"summary_large_image","twitter_misc":{"Estimated reading time":"1 minute"},"schema":{"@context":"https:\/\/schema.org","@graph":[{"@type":"WebPage","@id":"https:\/\/www.pure-beauty.shop\/produkt\/highdrate\/","url":"https:\/\/www.pure-beauty.shop\/produkt\/highdrate\/","name":"COSMIX HighDrate (50 ml) - Pure Beauty &amp; PANDHY&#039;S Shop","isPartOf":{"@id":"https:\/\/www.pure-beauty.shop\/#website"},"primaryImageOfPage":{"@id":"https:\/\/www.pure-beauty.shop\/produkt\/highdrate\/#primaryimage"},"image":{"@id":"https:\/\/www.pure-beauty.shop\/produkt\/highdrate\/#primaryimage"},"thumbnailUrl":"https:\/\/www.pure-beauty.shop\/wp-content\/uploads\/2024\/05\/high_drate_jar.jpg","datePublished":"2024-05-12T21:40:19+00:00","dateModified":"2026-04-11T14:05:38+00:00","description":"Feuchtigkeitscreme mit Hyaluron & Bl\u00fctenwasser \u2013 hydratisiert, gl\u00e4ttet und sch\u00fctzt vor Hautalterung. F\u00fcr ein pralles, gesundes Hautbild.","breadcrumb":{"@id":"https:\/\/www.pure-beauty.shop\/produkt\/highdrate\/#breadcrumb"},"inLanguage":"en-GB","potentialAction":[{"@type":"ReadAction","target":["https:\/\/www.pure-beauty.shop\/produkt\/highdrate\/"]}]},{"@type":"ImageObject","inLanguage":"en-GB","@id":"https:\/\/www.pure-beauty.shop\/produkt\/highdrate\/#primaryimage","url":"https:\/\/www.pure-beauty.shop\/wp-content\/uploads\/2024\/05\/high_drate_jar.jpg","contentUrl":"https:\/\/www.pure-beauty.shop\/wp-content\/uploads\/2024\/05\/high_drate_jar.jpg","width":2000,"height":2000},{"@type":"BreadcrumbList","@id":"https:\/\/www.pure-beauty.shop\/produkt\/highdrate\/#breadcrumb","itemListElement":[{"@type":"ListItem","position":1,"name":"Startseite","item":"https:\/\/www.pure-beauty.shop\/"},{"@type":"ListItem","position":2,"name":"Shop","item":"https:\/\/www.pure-beauty.shop\/en\/shop\/"},{"@type":"ListItem","position":3,"name":"COSMIX HighDrate (50 ml)"}]},{"@type":"WebSite","@id":"https:\/\/www.pure-beauty.shop\/#website","url":"https:\/\/www.pure-beauty.shop\/","name":"Pure Beauty &amp; PANDHY&#039;S Shop","description":"Kosmetikshop in Graz","potentialAction":[{"@type":"SearchAction","target":{"@type":"EntryPoint","urlTemplate":"https:\/\/www.pure-beauty.shop\/?s={search_term_string}"},"query-input":{"@type":"PropertyValueSpecification","valueRequired":true,"valueName":"search_term_string"}}],"inLanguage":"en-GB"}]}},"jetpack_sharing_enabled":true,"_links":{"self":[{"href":"https:\/\/www.pure-beauty.shop\/en\/wp-json\/wp\/v2\/product\/20121","targetHints":{"allow":["GET"]}}],"collection":[{"href":"https:\/\/www.pure-beauty.shop\/en\/wp-json\/wp\/v2\/product"}],"about":[{"href":"https:\/\/www.pure-beauty.shop\/en\/wp-json\/wp\/v2\/types\/product"}],"replies":[{"embeddable":true,"href":"https:\/\/www.pure-beauty.shop\/en\/wp-json\/wp\/v2\/comments?post=20121"}],"wp:featuredmedia":[{"embeddable":true,"href":"https:\/\/www.pure-beauty.shop\/en\/wp-json\/wp\/v2\/media\/20118"}],"wp:attachment":[{"href":"https:\/\/www.pure-beauty.shop\/en\/wp-json\/wp\/v2\/media?parent=20121"}],"wp:term":[{"taxonomy":"brand","embeddable":true,"href":"https:\/\/www.pure-beauty.shop\/en\/wp-json\/wp\/v2\/etheme_brands?post=20121"},{"taxonomy":"product_brand","embeddable":true,"href":"https:\/\/www.pure-beauty.shop\/en\/wp-json\/wp\/v2\/product_brand?post=20121"},{"taxonomy":"product_cat","embeddable":true,"href":"https:\/\/www.pure-beauty.shop\/en\/wp-json\/wp\/v2\/product_cat?post=20121"},{"taxonomy":"product_tag","embeddable":true,"href":"https:\/\/www.pure-beauty.shop\/en\/wp-json\/wp\/v2\/product_tag?post=20121"}],"curies":[{"name":"wp","href":"https:\/\/api.w.org\/{rel}","templated":true}]}}