{"id":20123,"date":"2024-05-12T23:49:50","date_gmt":"2024-05-12T21:49:50","guid":{"rendered":"https:\/\/www.pure-beauty.shop\/?post_type=product&#038;p=20123"},"modified":"2026-04-11T16:03:11","modified_gmt":"2026-04-11T14:03:11","slug":"problemsolver","status":"publish","type":"product","link":"https:\/\/www.pure-beauty.shop\/en\/product\/problemsolver\/","title":{"rendered":"COSMIX ProblemSolver (50 ml)"},"content":{"rendered":"<div class=\"wpb-content-wrapper\"><div class=\"vc_row wpb_row vc_row-fluid et_custom_uniqid_69f2414007d9c\"><div class=\"wpb_column vc_column_container vc_col-sm-12 et_custom_uniqid_69f2414007d73\"><div class=\"vc_column-inner\"><div class=\"wpb_wrapper\">\n\t<div class=\"wpb_text_column wpb_content_element\" >\n\t\t<div class=\"wpb_wrapper\">\n\t\t\t<p data-start=\"118\" data-end=\"362\">Der ProblemSolver ist eine hochwirksame Creme zur ganzheitlichen Beruhigung entz\u00fcndlicher und empfindlicher Hautzust\u00e4nde. Sie unterst\u00fctzt den Wiederaufbau der nat\u00fcrlichen Hautschutzfunktion und sorgt f\u00fcr ein ausgeglichenes, gest\u00e4rktes Hautbild.<\/p>\n<p data-start=\"364\" data-end=\"682\">Die Formulierung lindert gezielt Symptome von Rosazea, Schuppenflechte, mikrobiellen und chronischen Ekzemen, Akne, Entz\u00fcndungen sowie leichten Verbrennungen. Ausgew\u00e4hlte Pflanzenwirkstoffe wie Harzklee, Schnurbaum und Zapfennuss wirken antibakteriell, hemmen aknebeg\u00fcnstigende Keime und regulieren die Talgproduktion.<\/p>\n<p data-start=\"684\" data-end=\"949\">Hopfen und Propolis sch\u00fctzen die Haut vor oxidativem Stress und sch\u00e4dlichen Umwelteinfl\u00fcssen, w\u00e4hrend Korkeiche R\u00f6tungen reduziert und f\u00fcr einen gleichm\u00e4\u00dfigen Hautton sorgt. Tulsi, Mariendistel und gr\u00fcnes Seegras beruhigen zus\u00e4tzlich empfindliche und gereizte Haut.<\/p>\n<p data-start=\"951\" data-end=\"1100\">Die Creme kann individuell mit allen COSMIX Wirkstoff-Toppings personalisiert werden \u2013 f\u00fcr eine gezielte, auf die Hautbed\u00fcrfnisse abgestimmte Pflege.<\/p>\n<h6>INCI: aqua (water), glycerin, propanediol, helianthus annus (sunflower) seed oil, cocos nucifera (coconut) oil, glyceryl stearate, urea, gluconolactone, oak root extract, propolis extract, hydrolyzed caesaspinia spinosa (tara) gum, caesapinia spinosa (tara) gum, vitis vinifera (grape) seed oil, enteromorpha compressa (algae) extract, humulus lupulus (hops) extract, sophora flavescens root extract, psoralea corylifolia fruit ex-tract, platycarya strobilace extract, silybum marianum (lady s thistle) fruit extract, ocimum sanctum (holy basil) leaf extract, tocopheral, cetyl alcohol, stearyl alcohol, stearic acid, sodium benzoate, citric acid, potassium sorbate, calcium gluconate<\/h6>\n\n\t\t<\/div>\n\t<\/div>\n<\/div><\/div><\/div><\/div>\n<\/div>","protected":false},"excerpt":{"rendered":"<p data-start=\"1127\" data-end=\"1195\">ProblemSolver \u2013 beruhigt, sch\u00fctzt und regeneriert empfindliche Haut.<\/p>","protected":false},"featured_media":20117,"comment_status":"open","ping_status":"closed","template":"","meta":{"jetpack_post_was_ever_published":false},"etheme_brands":[{"term_id":205,"name":"COSMIX","slug":"cosmix","term_group":0,"term_taxonomy_id":205,"taxonomy":"brand","description":"","parent":0,"count":46,"filter":"raw"},{"term_id":203,"name":"PANDHY'S\u2122","slug":"pandhys","term_group":0,"term_taxonomy_id":203,"taxonomy":"brand","description":"","parent":0,"count":63,"filter":"raw"}],"product_brand":[],"product_cat":[172,178,202,170,180],"product_tag":[],"class_list":{"0":"post-20123","1":"product","2":"type-product","3":"status-publish","4":"has-post-thumbnail","6":"brand-cosmix","7":"brand-pandhys","8":"product_cat-gesicht","9":"product_cat-gesichtscreme","10":"product_cat-neu","11":"product_cat-pflege","12":"product_cat-spezialpflege","14":"first","15":"instock","16":"taxable","17":"shipping-taxable","18":"purchasable","19":"product-type-variable","20":"has-default-attributes"},"yoast_head":"<!-- This site is optimized with the Yoast SEO plugin v27.5 - https:\/\/yoast.com\/product\/yoast-seo-wordpress\/ -->\n<title>COSMIX ProblemSolver (50 ml) - Pure Beauty &amp; PANDHY&#039;S Shop<\/title>\n<meta name=\"description\" content=\"ProblemSolver Creme \u2013 bei Akne, Rosazea &amp; empfindlicher Haut. Beruhigt Entz\u00fcndungen, st\u00e4rkt die Hautbarriere und individuell mit COSMIX Wirkstoffen kombinierbar.\" \/>\n<meta name=\"robots\" content=\"index, follow, max-snippet:-1, max-image-preview:large, max-video-preview:-1\" \/>\n<link rel=\"canonical\" href=\"https:\/\/www.pure-beauty.shop\/en\/product\/problemsolver\/\" \/>\n<meta property=\"og:locale\" content=\"en_GB\" \/>\n<meta property=\"og:type\" content=\"article\" \/>\n<meta property=\"og:title\" content=\"COSMIX ProblemSolver (50 ml) - Pure Beauty &amp; PANDHY&#039;S Shop\" \/>\n<meta property=\"og:description\" content=\"ProblemSolver Creme \u2013 bei Akne, Rosazea &amp; empfindlicher Haut. Beruhigt Entz\u00fcndungen, st\u00e4rkt die Hautbarriere und individuell mit COSMIX Wirkstoffen kombinierbar.\" \/>\n<meta property=\"og:url\" content=\"https:\/\/www.pure-beauty.shop\/en\/product\/problemsolver\/\" \/>\n<meta property=\"og:site_name\" content=\"Pure Beauty &amp; PANDHY&#039;S Shop\" \/>\n<meta property=\"article:modified_time\" content=\"2026-04-11T14:03:11+00:00\" \/>\n<meta property=\"og:image\" content=\"https:\/\/www.pure-beauty.shop\/wp-content\/uploads\/2024\/05\/problem_solver_jar.jpg\" \/>\n\t<meta property=\"og:image:width\" content=\"2000\" \/>\n\t<meta property=\"og:image:height\" content=\"2000\" \/>\n\t<meta property=\"og:image:type\" content=\"image\/jpeg\" \/>\n<meta name=\"twitter:card\" content=\"summary_large_image\" \/>\n<meta name=\"twitter:label1\" content=\"Estimated reading time\" \/>\n\t<meta name=\"twitter:data1\" content=\"1 minute\" \/>\n<script type=\"application\/ld+json\" class=\"yoast-schema-graph\">{\"@context\":\"https:\\\/\\\/schema.org\",\"@graph\":[{\"@type\":\"WebPage\",\"@id\":\"https:\\\/\\\/www.pure-beauty.shop\\\/produkt\\\/problemsolver\\\/\",\"url\":\"https:\\\/\\\/www.pure-beauty.shop\\\/produkt\\\/problemsolver\\\/\",\"name\":\"COSMIX ProblemSolver (50 ml) - Pure Beauty &amp; PANDHY&#039;S Shop\",\"isPartOf\":{\"@id\":\"https:\\\/\\\/www.pure-beauty.shop\\\/#website\"},\"primaryImageOfPage\":{\"@id\":\"https:\\\/\\\/www.pure-beauty.shop\\\/produkt\\\/problemsolver\\\/#primaryimage\"},\"image\":{\"@id\":\"https:\\\/\\\/www.pure-beauty.shop\\\/produkt\\\/problemsolver\\\/#primaryimage\"},\"thumbnailUrl\":\"https:\\\/\\\/www.pure-beauty.shop\\\/wp-content\\\/uploads\\\/2024\\\/05\\\/problem_solver_jar.jpg\",\"datePublished\":\"2024-05-12T21:49:50+00:00\",\"dateModified\":\"2026-04-11T14:03:11+00:00\",\"description\":\"ProblemSolver Creme \u2013 bei Akne, Rosazea & empfindlicher Haut. Beruhigt Entz\u00fcndungen, st\u00e4rkt die Hautbarriere und individuell mit COSMIX Wirkstoffen kombinierbar.\",\"breadcrumb\":{\"@id\":\"https:\\\/\\\/www.pure-beauty.shop\\\/produkt\\\/problemsolver\\\/#breadcrumb\"},\"inLanguage\":\"en-GB\",\"potentialAction\":[{\"@type\":\"ReadAction\",\"target\":[\"https:\\\/\\\/www.pure-beauty.shop\\\/produkt\\\/problemsolver\\\/\"]}]},{\"@type\":\"ImageObject\",\"inLanguage\":\"en-GB\",\"@id\":\"https:\\\/\\\/www.pure-beauty.shop\\\/produkt\\\/problemsolver\\\/#primaryimage\",\"url\":\"https:\\\/\\\/www.pure-beauty.shop\\\/wp-content\\\/uploads\\\/2024\\\/05\\\/problem_solver_jar.jpg\",\"contentUrl\":\"https:\\\/\\\/www.pure-beauty.shop\\\/wp-content\\\/uploads\\\/2024\\\/05\\\/problem_solver_jar.jpg\",\"width\":2000,\"height\":2000},{\"@type\":\"BreadcrumbList\",\"@id\":\"https:\\\/\\\/www.pure-beauty.shop\\\/produkt\\\/problemsolver\\\/#breadcrumb\",\"itemListElement\":[{\"@type\":\"ListItem\",\"position\":1,\"name\":\"Startseite\",\"item\":\"https:\\\/\\\/www.pure-beauty.shop\\\/\"},{\"@type\":\"ListItem\",\"position\":2,\"name\":\"Shop\",\"item\":\"https:\\\/\\\/www.pure-beauty.shop\\\/en\\\/shop\\\/\"},{\"@type\":\"ListItem\",\"position\":3,\"name\":\"COSMIX ProblemSolver (50 ml)\"}]},{\"@type\":\"WebSite\",\"@id\":\"https:\\\/\\\/www.pure-beauty.shop\\\/#website\",\"url\":\"https:\\\/\\\/www.pure-beauty.shop\\\/\",\"name\":\"Pure Beauty &amp; PANDHY&#039;S Shop\",\"description\":\"Kosmetikshop in Graz\",\"potentialAction\":[{\"@type\":\"SearchAction\",\"target\":{\"@type\":\"EntryPoint\",\"urlTemplate\":\"https:\\\/\\\/www.pure-beauty.shop\\\/?s={search_term_string}\"},\"query-input\":{\"@type\":\"PropertyValueSpecification\",\"valueRequired\":true,\"valueName\":\"search_term_string\"}}],\"inLanguage\":\"en-GB\"}]}<\/script>\n<!-- \/ Yoast SEO plugin. -->","yoast_head_json":{"title":"COSMIX ProblemSolver (50 ml) - Pure Beauty &amp; PANDHY&#039;S Shop","description":"ProblemSolver Creme \u2013 bei Akne, Rosazea & empfindlicher Haut. Beruhigt Entz\u00fcndungen, st\u00e4rkt die Hautbarriere und individuell mit COSMIX Wirkstoffen kombinierbar.","robots":{"index":"index","follow":"follow","max-snippet":"max-snippet:-1","max-image-preview":"max-image-preview:large","max-video-preview":"max-video-preview:-1"},"canonical":"https:\/\/www.pure-beauty.shop\/en\/product\/problemsolver\/","og_locale":"en_GB","og_type":"article","og_title":"COSMIX ProblemSolver (50 ml) - Pure Beauty &amp; PANDHY&#039;S Shop","og_description":"ProblemSolver Creme \u2013 bei Akne, Rosazea & empfindlicher Haut. Beruhigt Entz\u00fcndungen, st\u00e4rkt die Hautbarriere und individuell mit COSMIX Wirkstoffen kombinierbar.","og_url":"https:\/\/www.pure-beauty.shop\/en\/product\/problemsolver\/","og_site_name":"Pure Beauty &amp; PANDHY&#039;S Shop","article_modified_time":"2026-04-11T14:03:11+00:00","og_image":[{"width":2000,"height":2000,"url":"https:\/\/www.pure-beauty.shop\/wp-content\/uploads\/2024\/05\/problem_solver_jar.jpg","type":"image\/jpeg"}],"twitter_card":"summary_large_image","twitter_misc":{"Estimated reading time":"1 minute"},"schema":{"@context":"https:\/\/schema.org","@graph":[{"@type":"WebPage","@id":"https:\/\/www.pure-beauty.shop\/produkt\/problemsolver\/","url":"https:\/\/www.pure-beauty.shop\/produkt\/problemsolver\/","name":"COSMIX ProblemSolver (50 ml) - Pure Beauty &amp; PANDHY&#039;S Shop","isPartOf":{"@id":"https:\/\/www.pure-beauty.shop\/#website"},"primaryImageOfPage":{"@id":"https:\/\/www.pure-beauty.shop\/produkt\/problemsolver\/#primaryimage"},"image":{"@id":"https:\/\/www.pure-beauty.shop\/produkt\/problemsolver\/#primaryimage"},"thumbnailUrl":"https:\/\/www.pure-beauty.shop\/wp-content\/uploads\/2024\/05\/problem_solver_jar.jpg","datePublished":"2024-05-12T21:49:50+00:00","dateModified":"2026-04-11T14:03:11+00:00","description":"ProblemSolver Creme \u2013 bei Akne, Rosazea & empfindlicher Haut. Beruhigt Entz\u00fcndungen, st\u00e4rkt die Hautbarriere und individuell mit COSMIX Wirkstoffen kombinierbar.","breadcrumb":{"@id":"https:\/\/www.pure-beauty.shop\/produkt\/problemsolver\/#breadcrumb"},"inLanguage":"en-GB","potentialAction":[{"@type":"ReadAction","target":["https:\/\/www.pure-beauty.shop\/produkt\/problemsolver\/"]}]},{"@type":"ImageObject","inLanguage":"en-GB","@id":"https:\/\/www.pure-beauty.shop\/produkt\/problemsolver\/#primaryimage","url":"https:\/\/www.pure-beauty.shop\/wp-content\/uploads\/2024\/05\/problem_solver_jar.jpg","contentUrl":"https:\/\/www.pure-beauty.shop\/wp-content\/uploads\/2024\/05\/problem_solver_jar.jpg","width":2000,"height":2000},{"@type":"BreadcrumbList","@id":"https:\/\/www.pure-beauty.shop\/produkt\/problemsolver\/#breadcrumb","itemListElement":[{"@type":"ListItem","position":1,"name":"Startseite","item":"https:\/\/www.pure-beauty.shop\/"},{"@type":"ListItem","position":2,"name":"Shop","item":"https:\/\/www.pure-beauty.shop\/en\/shop\/"},{"@type":"ListItem","position":3,"name":"COSMIX ProblemSolver (50 ml)"}]},{"@type":"WebSite","@id":"https:\/\/www.pure-beauty.shop\/#website","url":"https:\/\/www.pure-beauty.shop\/","name":"Pure Beauty &amp; PANDHY&#039;S Shop","description":"Kosmetikshop in Graz","potentialAction":[{"@type":"SearchAction","target":{"@type":"EntryPoint","urlTemplate":"https:\/\/www.pure-beauty.shop\/?s={search_term_string}"},"query-input":{"@type":"PropertyValueSpecification","valueRequired":true,"valueName":"search_term_string"}}],"inLanguage":"en-GB"}]}},"jetpack_sharing_enabled":true,"_links":{"self":[{"href":"https:\/\/www.pure-beauty.shop\/en\/wp-json\/wp\/v2\/product\/20123","targetHints":{"allow":["GET"]}}],"collection":[{"href":"https:\/\/www.pure-beauty.shop\/en\/wp-json\/wp\/v2\/product"}],"about":[{"href":"https:\/\/www.pure-beauty.shop\/en\/wp-json\/wp\/v2\/types\/product"}],"replies":[{"embeddable":true,"href":"https:\/\/www.pure-beauty.shop\/en\/wp-json\/wp\/v2\/comments?post=20123"}],"wp:featuredmedia":[{"embeddable":true,"href":"https:\/\/www.pure-beauty.shop\/en\/wp-json\/wp\/v2\/media\/20117"}],"wp:attachment":[{"href":"https:\/\/www.pure-beauty.shop\/en\/wp-json\/wp\/v2\/media?parent=20123"}],"wp:term":[{"taxonomy":"brand","embeddable":true,"href":"https:\/\/www.pure-beauty.shop\/en\/wp-json\/wp\/v2\/etheme_brands?post=20123"},{"taxonomy":"product_brand","embeddable":true,"href":"https:\/\/www.pure-beauty.shop\/en\/wp-json\/wp\/v2\/product_brand?post=20123"},{"taxonomy":"product_cat","embeddable":true,"href":"https:\/\/www.pure-beauty.shop\/en\/wp-json\/wp\/v2\/product_cat?post=20123"},{"taxonomy":"product_tag","embeddable":true,"href":"https:\/\/www.pure-beauty.shop\/en\/wp-json\/wp\/v2\/product_tag?post=20123"}],"curies":[{"name":"wp","href":"https:\/\/api.w.org\/{rel}","templated":true}]}}