{"id":20124,"date":"2024-05-12T23:59:26","date_gmt":"2024-05-12T21:59:26","guid":{"rendered":"https:\/\/www.pure-beauty.shop\/?post_type=product&#038;p=20124"},"modified":"2026-04-11T16:00:55","modified_gmt":"2026-04-11T14:00:55","slug":"maskbase","status":"publish","type":"product","link":"https:\/\/www.pure-beauty.shop\/en\/product\/maskbase\/","title":{"rendered":"COSMIX MaskBase (50 ml)"},"content":{"rendered":"<div class=\"wpb-content-wrapper\"><div class=\"vc_row wpb_row vc_row-fluid et_custom_uniqid_69f2320c21347\"><div class=\"wpb_column vc_column_container vc_col-sm-12 et_custom_uniqid_69f2320c21321\"><div class=\"vc_column-inner\"><div class=\"wpb_wrapper\">\n\t<div class=\"wpb_text_column wpb_content_element\" >\n\t\t<div class=\"wpb_wrapper\">\n\t\t\t<p data-start=\"79\" data-end=\"332\">Die MaskBase ist eine vielseitige, universelle Maskenformulierung, die jedes Hautbild harmonisiert und individuell angepasst werden kann. Sie eignet sich ideal f\u00fcr unterschiedliche Hautbed\u00fcrfnisse und sorgt f\u00fcr ein ausgeglichenes, gepflegtes Hautgef\u00fchl.<\/p>\n<p data-start=\"334\" data-end=\"604\">Wei\u00dfes Kaolin reinigt die Haut sanft, wirkt kl\u00e4rend, aufhellend und entz\u00fcndungshemmend. Gleichzeitig versorgen Sheabutter und Kakaobutter die Haut mit wertvollen Vitaminen und Mineralstoffen, wirken antioxidativ und f\u00f6rdern die Regeneration sowie die Vitalit\u00e4t der Haut.<\/p>\n<p data-start=\"606\" data-end=\"841\">Die Maske st\u00e4rkt die Hautbarriere, polstert feine Linien auf und gleicht Unebenheiten sichtbar aus. F\u00fcr eine ma\u00dfgeschneiderte Pflege kann die MaskBase individuell mit Terra Masken, Skin Essentials Ampullen und Scents kombiniert werden.<\/p>\n<p data-start=\"843\" data-end=\"1032\"><strong data-start=\"843\" data-end=\"857\">Anwendung:<\/strong><br data-start=\"857\" data-end=\"860\" \/>Als Teil des COSMIX-Heimpflegerituals 2\u20133 Mal pro Woche auf die gereinigte Haut in einer d\u00fcnnen Schicht auftragen. 10\u201315 Minuten einwirken lassen und anschlie\u00dfend abnehmen.<\/p>\n<h6>INCI: aqua (water), kaolin, butyrospermum parkii (shea) butter, caprylic\/capric triglyceride, gliceryl stearate, glycerin, stearic acid, cetyl alcohol, urea, theobroma cacao (cocoa seed butter, algin, prunus amygdalus dulcis (sweet almond) oil, olea europea (olive) fruit oil, cocos nuciferaoil, coco-glucoside, sodium benzoate, polassium sorbate, silver citrate, citric add, cocopheryl acetate<\/h6>\n\n\t\t<\/div>\n\t<\/div>\n<\/div><\/div><\/div><\/div>\n<\/div>","protected":false},"excerpt":{"rendered":"<p data-start=\"1059\" data-end=\"1143\">MaskBase \u2013 universelle Gesichtsmaske f\u00fcr ein ausgeglichenes und gepflegtes Hautbild.<\/p>","protected":false},"featured_media":20116,"comment_status":"open","ping_status":"closed","template":"","meta":{"jetpack_post_was_ever_published":false},"etheme_brands":[{"term_id":205,"name":"COSMIX","slug":"cosmix","term_group":0,"term_taxonomy_id":205,"taxonomy":"brand","description":"","parent":0,"count":46,"filter":"raw"},{"term_id":203,"name":"PANDHY'S\u2122","slug":"pandhys","term_group":0,"term_taxonomy_id":203,"taxonomy":"brand","description":"","parent":0,"count":63,"filter":"raw"}],"product_brand":[],"product_cat":[172,179,202,170],"product_tag":[],"class_list":{"0":"post-20124","1":"product","2":"type-product","3":"status-publish","4":"has-post-thumbnail","6":"brand-cosmix","7":"brand-pandhys","8":"product_cat-gesicht","9":"product_cat-gesichtsmaske","10":"product_cat-neu","11":"product_cat-pflege","13":"first","14":"instock","15":"taxable","16":"shipping-taxable","17":"purchasable","18":"product-type-variable"},"yoast_head":"<!-- This site is optimized with the Yoast SEO plugin v27.5 - https:\/\/yoast.com\/product\/yoast-seo-wordpress\/ -->\n<title>COSMIX MaskBase (50 ml) - Pure Beauty &amp; PANDHY&#039;S Shop<\/title>\n<meta name=\"description\" content=\"MaskBase Gesichtsmaske \u2013 reinigt, pflegt und st\u00e4rkt die Haut. Mit Kaolin, Sheabutter &amp; Kakaobutter, individuell kombinierbar f\u00fcr jedes Hautbild.\" \/>\n<meta name=\"robots\" content=\"index, follow, max-snippet:-1, max-image-preview:large, max-video-preview:-1\" \/>\n<link rel=\"canonical\" href=\"https:\/\/www.pure-beauty.shop\/en\/product\/maskbase\/\" \/>\n<meta property=\"og:locale\" content=\"en_GB\" \/>\n<meta property=\"og:type\" content=\"article\" \/>\n<meta property=\"og:title\" content=\"COSMIX MaskBase (50 ml) - Pure Beauty &amp; PANDHY&#039;S Shop\" \/>\n<meta property=\"og:description\" content=\"MaskBase Gesichtsmaske \u2013 reinigt, pflegt und st\u00e4rkt die Haut. Mit Kaolin, Sheabutter &amp; Kakaobutter, individuell kombinierbar f\u00fcr jedes Hautbild.\" \/>\n<meta property=\"og:url\" content=\"https:\/\/www.pure-beauty.shop\/en\/product\/maskbase\/\" \/>\n<meta property=\"og:site_name\" content=\"Pure Beauty &amp; PANDHY&#039;S Shop\" \/>\n<meta property=\"article:modified_time\" content=\"2026-04-11T14:00:55+00:00\" \/>\n<meta property=\"og:image\" content=\"https:\/\/www.pure-beauty.shop\/wp-content\/uploads\/2024\/05\/mask_base_jar.jpg\" \/>\n\t<meta property=\"og:image:width\" content=\"2000\" \/>\n\t<meta property=\"og:image:height\" content=\"2000\" \/>\n\t<meta property=\"og:image:type\" content=\"image\/jpeg\" \/>\n<meta name=\"twitter:card\" content=\"summary_large_image\" \/>\n<meta name=\"twitter:label1\" content=\"Estimated reading time\" \/>\n\t<meta name=\"twitter:data1\" content=\"1 minute\" \/>\n<script type=\"application\/ld+json\" class=\"yoast-schema-graph\">{\"@context\":\"https:\\\/\\\/schema.org\",\"@graph\":[{\"@type\":\"WebPage\",\"@id\":\"https:\\\/\\\/www.pure-beauty.shop\\\/produkt\\\/maskbase\\\/\",\"url\":\"https:\\\/\\\/www.pure-beauty.shop\\\/produkt\\\/maskbase\\\/\",\"name\":\"COSMIX MaskBase (50 ml) - Pure Beauty &amp; PANDHY&#039;S Shop\",\"isPartOf\":{\"@id\":\"https:\\\/\\\/www.pure-beauty.shop\\\/#website\"},\"primaryImageOfPage\":{\"@id\":\"https:\\\/\\\/www.pure-beauty.shop\\\/produkt\\\/maskbase\\\/#primaryimage\"},\"image\":{\"@id\":\"https:\\\/\\\/www.pure-beauty.shop\\\/produkt\\\/maskbase\\\/#primaryimage\"},\"thumbnailUrl\":\"https:\\\/\\\/www.pure-beauty.shop\\\/wp-content\\\/uploads\\\/2024\\\/05\\\/mask_base_jar.jpg\",\"datePublished\":\"2024-05-12T21:59:26+00:00\",\"dateModified\":\"2026-04-11T14:00:55+00:00\",\"description\":\"MaskBase Gesichtsmaske \u2013 reinigt, pflegt und st\u00e4rkt die Haut. Mit Kaolin, Sheabutter & Kakaobutter, individuell kombinierbar f\u00fcr jedes Hautbild.\",\"breadcrumb\":{\"@id\":\"https:\\\/\\\/www.pure-beauty.shop\\\/produkt\\\/maskbase\\\/#breadcrumb\"},\"inLanguage\":\"en-GB\",\"potentialAction\":[{\"@type\":\"ReadAction\",\"target\":[\"https:\\\/\\\/www.pure-beauty.shop\\\/produkt\\\/maskbase\\\/\"]}]},{\"@type\":\"ImageObject\",\"inLanguage\":\"en-GB\",\"@id\":\"https:\\\/\\\/www.pure-beauty.shop\\\/produkt\\\/maskbase\\\/#primaryimage\",\"url\":\"https:\\\/\\\/www.pure-beauty.shop\\\/wp-content\\\/uploads\\\/2024\\\/05\\\/mask_base_jar.jpg\",\"contentUrl\":\"https:\\\/\\\/www.pure-beauty.shop\\\/wp-content\\\/uploads\\\/2024\\\/05\\\/mask_base_jar.jpg\",\"width\":2000,\"height\":2000},{\"@type\":\"BreadcrumbList\",\"@id\":\"https:\\\/\\\/www.pure-beauty.shop\\\/produkt\\\/maskbase\\\/#breadcrumb\",\"itemListElement\":[{\"@type\":\"ListItem\",\"position\":1,\"name\":\"Startseite\",\"item\":\"https:\\\/\\\/www.pure-beauty.shop\\\/\"},{\"@type\":\"ListItem\",\"position\":2,\"name\":\"Shop\",\"item\":\"https:\\\/\\\/www.pure-beauty.shop\\\/en\\\/shop\\\/\"},{\"@type\":\"ListItem\",\"position\":3,\"name\":\"COSMIX MaskBase (50 ml)\"}]},{\"@type\":\"WebSite\",\"@id\":\"https:\\\/\\\/www.pure-beauty.shop\\\/#website\",\"url\":\"https:\\\/\\\/www.pure-beauty.shop\\\/\",\"name\":\"Pure Beauty &amp; PANDHY&#039;S Shop\",\"description\":\"Kosmetikshop in Graz\",\"potentialAction\":[{\"@type\":\"SearchAction\",\"target\":{\"@type\":\"EntryPoint\",\"urlTemplate\":\"https:\\\/\\\/www.pure-beauty.shop\\\/?s={search_term_string}\"},\"query-input\":{\"@type\":\"PropertyValueSpecification\",\"valueRequired\":true,\"valueName\":\"search_term_string\"}}],\"inLanguage\":\"en-GB\"}]}<\/script>\n<!-- \/ Yoast SEO plugin. -->","yoast_head_json":{"title":"COSMIX MaskBase (50 ml) - Pure Beauty &amp; PANDHY&#039;S Shop","description":"MaskBase Gesichtsmaske \u2013 reinigt, pflegt und st\u00e4rkt die Haut. Mit Kaolin, Sheabutter & Kakaobutter, individuell kombinierbar f\u00fcr jedes Hautbild.","robots":{"index":"index","follow":"follow","max-snippet":"max-snippet:-1","max-image-preview":"max-image-preview:large","max-video-preview":"max-video-preview:-1"},"canonical":"https:\/\/www.pure-beauty.shop\/en\/product\/maskbase\/","og_locale":"en_GB","og_type":"article","og_title":"COSMIX MaskBase (50 ml) - Pure Beauty &amp; PANDHY&#039;S Shop","og_description":"MaskBase Gesichtsmaske \u2013 reinigt, pflegt und st\u00e4rkt die Haut. Mit Kaolin, Sheabutter & Kakaobutter, individuell kombinierbar f\u00fcr jedes Hautbild.","og_url":"https:\/\/www.pure-beauty.shop\/en\/product\/maskbase\/","og_site_name":"Pure Beauty &amp; PANDHY&#039;S Shop","article_modified_time":"2026-04-11T14:00:55+00:00","og_image":[{"width":2000,"height":2000,"url":"https:\/\/www.pure-beauty.shop\/wp-content\/uploads\/2024\/05\/mask_base_jar.jpg","type":"image\/jpeg"}],"twitter_card":"summary_large_image","twitter_misc":{"Estimated reading time":"1 minute"},"schema":{"@context":"https:\/\/schema.org","@graph":[{"@type":"WebPage","@id":"https:\/\/www.pure-beauty.shop\/produkt\/maskbase\/","url":"https:\/\/www.pure-beauty.shop\/produkt\/maskbase\/","name":"COSMIX MaskBase (50 ml) - Pure Beauty &amp; PANDHY&#039;S Shop","isPartOf":{"@id":"https:\/\/www.pure-beauty.shop\/#website"},"primaryImageOfPage":{"@id":"https:\/\/www.pure-beauty.shop\/produkt\/maskbase\/#primaryimage"},"image":{"@id":"https:\/\/www.pure-beauty.shop\/produkt\/maskbase\/#primaryimage"},"thumbnailUrl":"https:\/\/www.pure-beauty.shop\/wp-content\/uploads\/2024\/05\/mask_base_jar.jpg","datePublished":"2024-05-12T21:59:26+00:00","dateModified":"2026-04-11T14:00:55+00:00","description":"MaskBase Gesichtsmaske \u2013 reinigt, pflegt und st\u00e4rkt die Haut. Mit Kaolin, Sheabutter & Kakaobutter, individuell kombinierbar f\u00fcr jedes Hautbild.","breadcrumb":{"@id":"https:\/\/www.pure-beauty.shop\/produkt\/maskbase\/#breadcrumb"},"inLanguage":"en-GB","potentialAction":[{"@type":"ReadAction","target":["https:\/\/www.pure-beauty.shop\/produkt\/maskbase\/"]}]},{"@type":"ImageObject","inLanguage":"en-GB","@id":"https:\/\/www.pure-beauty.shop\/produkt\/maskbase\/#primaryimage","url":"https:\/\/www.pure-beauty.shop\/wp-content\/uploads\/2024\/05\/mask_base_jar.jpg","contentUrl":"https:\/\/www.pure-beauty.shop\/wp-content\/uploads\/2024\/05\/mask_base_jar.jpg","width":2000,"height":2000},{"@type":"BreadcrumbList","@id":"https:\/\/www.pure-beauty.shop\/produkt\/maskbase\/#breadcrumb","itemListElement":[{"@type":"ListItem","position":1,"name":"Startseite","item":"https:\/\/www.pure-beauty.shop\/"},{"@type":"ListItem","position":2,"name":"Shop","item":"https:\/\/www.pure-beauty.shop\/en\/shop\/"},{"@type":"ListItem","position":3,"name":"COSMIX MaskBase (50 ml)"}]},{"@type":"WebSite","@id":"https:\/\/www.pure-beauty.shop\/#website","url":"https:\/\/www.pure-beauty.shop\/","name":"Pure Beauty &amp; PANDHY&#039;S Shop","description":"Kosmetikshop in Graz","potentialAction":[{"@type":"SearchAction","target":{"@type":"EntryPoint","urlTemplate":"https:\/\/www.pure-beauty.shop\/?s={search_term_string}"},"query-input":{"@type":"PropertyValueSpecification","valueRequired":true,"valueName":"search_term_string"}}],"inLanguage":"en-GB"}]}},"jetpack_sharing_enabled":true,"_links":{"self":[{"href":"https:\/\/www.pure-beauty.shop\/en\/wp-json\/wp\/v2\/product\/20124","targetHints":{"allow":["GET"]}}],"collection":[{"href":"https:\/\/www.pure-beauty.shop\/en\/wp-json\/wp\/v2\/product"}],"about":[{"href":"https:\/\/www.pure-beauty.shop\/en\/wp-json\/wp\/v2\/types\/product"}],"replies":[{"embeddable":true,"href":"https:\/\/www.pure-beauty.shop\/en\/wp-json\/wp\/v2\/comments?post=20124"}],"wp:featuredmedia":[{"embeddable":true,"href":"https:\/\/www.pure-beauty.shop\/en\/wp-json\/wp\/v2\/media\/20116"}],"wp:attachment":[{"href":"https:\/\/www.pure-beauty.shop\/en\/wp-json\/wp\/v2\/media?parent=20124"}],"wp:term":[{"taxonomy":"brand","embeddable":true,"href":"https:\/\/www.pure-beauty.shop\/en\/wp-json\/wp\/v2\/etheme_brands?post=20124"},{"taxonomy":"product_brand","embeddable":true,"href":"https:\/\/www.pure-beauty.shop\/en\/wp-json\/wp\/v2\/product_brand?post=20124"},{"taxonomy":"product_cat","embeddable":true,"href":"https:\/\/www.pure-beauty.shop\/en\/wp-json\/wp\/v2\/product_cat?post=20124"},{"taxonomy":"product_tag","embeddable":true,"href":"https:\/\/www.pure-beauty.shop\/en\/wp-json\/wp\/v2\/product_tag?post=20124"}],"curies":[{"name":"wp","href":"https:\/\/api.w.org\/{rel}","templated":true}]}}