{"id":20125,"date":"2024-05-13T00:25:04","date_gmt":"2024-05-12T22:25:04","guid":{"rendered":"https:\/\/www.pure-beauty.shop\/?post_type=product&#038;p=20125"},"modified":"2026-04-11T16:43:59","modified_gmt":"2026-04-11T14:43:59","slug":"stemsation","status":"publish","type":"product","link":"https:\/\/www.pure-beauty.shop\/en\/product\/stemsation\/","title":{"rendered":"COSMIX StemSation (3 ml)"},"content":{"rendered":"<div class=\"wpb-content-wrapper\"><div class=\"vc_row wpb_row vc_row-fluid et_custom_uniqid_69f2ab45ddbb3\"><div class=\"wpb_column vc_column_container vc_col-sm-12 et_custom_uniqid_69f2ab45ddb8d\"><div class=\"vc_column-inner\"><div class=\"wpb_wrapper\">\n\t<div class=\"wpb_text_column wpb_content_element\" >\n\t\t<div class=\"wpb_wrapper\">\n\t\t\t<p data-start=\"81\" data-end=\"362\">StemSation ist eine patentrechtlich gesch\u00fctzte Wirkstoffkombination aus vier hochwirksamen pflanzlichen Stammzellen und gilt als innovativer Regenerator f\u00fcr die Hautzellen. Die Formulierung unterst\u00fctzt die Erhaltung einer jugendlichen Hautqualit\u00e4t und wirkt gezielt hautverj\u00fcngend.<\/p>\n<p data-start=\"364\" data-end=\"435\">Die enthaltenen Stammzellen entfalten ihre Wirkung auf mehreren Ebenen:<\/p>\n<ul data-start=\"437\" data-end=\"922\">\n<li data-section-id=\"1azf50u\" data-start=\"437\" data-end=\"564\"><strong data-start=\"439\" data-end=\"462\">Orangen-Stammzellen<\/strong> \u2013 verdichten die Hautstruktur, reparieren die extrazellul\u00e4re Matrix und verbessern die Zelladh\u00e4sion<\/li>\n<li data-section-id=\"tzsu9h\" data-start=\"565\" data-end=\"672\"><strong data-start=\"567\" data-end=\"592\">Orchideen-Stammzellen<\/strong> \u2013 f\u00f6rdern die Zellkommunikation und verleihen der Haut einen nat\u00fcrlichen Glow<\/li>\n<li data-section-id=\"19zpl1i\" data-start=\"673\" data-end=\"801\"><strong data-start=\"675\" data-end=\"702\">Preiselbeer-Stammzellen<\/strong> \u2013 sch\u00fctzen vor lichtbedingter Hautalterung, helfen diese umzukehren und reparieren Sonnensch\u00e4den<\/li>\n<li data-section-id=\"1d5ru5d\" data-start=\"802\" data-end=\"922\"><strong data-start=\"804\" data-end=\"829\">Stockrose-Stammzellen<\/strong> \u2013 wirken durch Senolyse der Hautalterung entgegen und bewahren die Jugendlichkeit der Haut<\/li>\n<\/ul>\n<p data-start=\"924\" data-end=\"1158\">F\u00fcr sichtbar langanhaltende Ergebnisse wird eine kontinuierliche Anwendung empfohlen. Ideal ist die Verwendung als Add-in in eine 50 ml Creme, um die Pflege individuell zu intensivieren und optimal auf die Hautbed\u00fcrfnisse abzustimmen.<\/p>\n<h6>INCI: glycerin, aqua (water), citrus aurantium dulcis (orange) callus culture extract, propanediol, calanthe discolor extract, vaccinium vitis-idaea (cowberry) fruit extract, althaea rosea (hollyhoch) flower extract, xanthan gum, pentylene glycol, gluconolactone, glyceryl caprylate, sodium benzoate, citric acid, levulinic acid, calcium gluconate<\/h6>\n\n\t\t<\/div>\n\t<\/div>\n<\/div><\/div><\/div><\/div>\n<\/div>","protected":false},"excerpt":{"rendered":"<p data-start=\"1185\" data-end=\"1257\">StemSation \u2013 pflanzliche Stammzellen f\u00fcr jugendliche, regenerierte Haut.<\/p>","protected":false},"featured_media":20115,"comment_status":"open","ping_status":"closed","template":"","meta":{"jetpack_post_was_ever_published":false},"etheme_brands":[{"term_id":205,"name":"COSMIX","slug":"cosmix","term_group":0,"term_taxonomy_id":205,"taxonomy":"brand","description":"","parent":0,"count":46,"filter":"raw"}],"product_brand":[],"product_cat":[172,202,170,177,180,569],"product_tag":[],"class_list":{"0":"post-20125","1":"product","2":"type-product","3":"status-publish","4":"has-post-thumbnail","6":"brand-cosmix","7":"product_cat-gesicht","8":"product_cat-neu","9":"product_cat-pflege","10":"product_cat-serum_booster_ampullen","11":"product_cat-spezialpflege","12":"product_cat-wirkstoffe","14":"first","15":"instock","16":"taxable","17":"shipping-taxable","18":"purchasable","19":"product-type-simple"},"yoast_head":"<!-- This site is optimized with the Yoast SEO plugin v27.5 - https:\/\/yoast.com\/product\/yoast-seo-wordpress\/ -->\n<title>COSMIX StemSation (3 ml) - Pure Beauty &amp; PANDHY&#039;S Shop<\/title>\n<meta name=\"description\" content=\"StemSation \u2013 Anti-Aging mit pflanzlichen Stammzellen. Regeneriert die Haut, verbessert Struktur &amp; Glow und sch\u00fctzt vor Hautalterung.\" \/>\n<meta name=\"robots\" content=\"index, follow, max-snippet:-1, max-image-preview:large, max-video-preview:-1\" \/>\n<link rel=\"canonical\" href=\"https:\/\/www.pure-beauty.shop\/en\/product\/stemsation\/\" \/>\n<meta property=\"og:locale\" content=\"en_GB\" \/>\n<meta property=\"og:type\" content=\"article\" \/>\n<meta property=\"og:title\" content=\"COSMIX StemSation (3 ml) - Pure Beauty &amp; PANDHY&#039;S Shop\" \/>\n<meta property=\"og:description\" content=\"StemSation \u2013 Anti-Aging mit pflanzlichen Stammzellen. Regeneriert die Haut, verbessert Struktur &amp; Glow und sch\u00fctzt vor Hautalterung.\" \/>\n<meta property=\"og:url\" content=\"https:\/\/www.pure-beauty.shop\/en\/product\/stemsation\/\" \/>\n<meta property=\"og:site_name\" content=\"Pure Beauty &amp; PANDHY&#039;S Shop\" \/>\n<meta property=\"article:modified_time\" content=\"2026-04-11T14:43:59+00:00\" \/>\n<meta property=\"og:image\" content=\"https:\/\/www.pure-beauty.shop\/wp-content\/uploads\/2024\/05\/stemsation2.jpg\" \/>\n\t<meta property=\"og:image:width\" content=\"2000\" \/>\n\t<meta property=\"og:image:height\" content=\"2000\" \/>\n\t<meta property=\"og:image:type\" content=\"image\/jpeg\" \/>\n<meta name=\"twitter:card\" content=\"summary_large_image\" \/>\n<meta name=\"twitter:label1\" content=\"Estimated reading time\" \/>\n\t<meta name=\"twitter:data1\" content=\"1 minute\" \/>\n<script type=\"application\/ld+json\" class=\"yoast-schema-graph\">{\"@context\":\"https:\\\/\\\/schema.org\",\"@graph\":[{\"@type\":\"WebPage\",\"@id\":\"https:\\\/\\\/www.pure-beauty.shop\\\/produkt\\\/stemsation\\\/\",\"url\":\"https:\\\/\\\/www.pure-beauty.shop\\\/produkt\\\/stemsation\\\/\",\"name\":\"COSMIX StemSation (3 ml) - Pure Beauty &amp; PANDHY&#039;S Shop\",\"isPartOf\":{\"@id\":\"https:\\\/\\\/www.pure-beauty.shop\\\/#website\"},\"primaryImageOfPage\":{\"@id\":\"https:\\\/\\\/www.pure-beauty.shop\\\/produkt\\\/stemsation\\\/#primaryimage\"},\"image\":{\"@id\":\"https:\\\/\\\/www.pure-beauty.shop\\\/produkt\\\/stemsation\\\/#primaryimage\"},\"thumbnailUrl\":\"https:\\\/\\\/www.pure-beauty.shop\\\/wp-content\\\/uploads\\\/2024\\\/05\\\/stemsation2.jpg\",\"datePublished\":\"2024-05-12T22:25:04+00:00\",\"dateModified\":\"2026-04-11T14:43:59+00:00\",\"description\":\"StemSation \u2013 Anti-Aging mit pflanzlichen Stammzellen. Regeneriert die Haut, verbessert Struktur & Glow und sch\u00fctzt vor Hautalterung.\",\"breadcrumb\":{\"@id\":\"https:\\\/\\\/www.pure-beauty.shop\\\/produkt\\\/stemsation\\\/#breadcrumb\"},\"inLanguage\":\"en-GB\",\"potentialAction\":[{\"@type\":\"ReadAction\",\"target\":[\"https:\\\/\\\/www.pure-beauty.shop\\\/produkt\\\/stemsation\\\/\"]}]},{\"@type\":\"ImageObject\",\"inLanguage\":\"en-GB\",\"@id\":\"https:\\\/\\\/www.pure-beauty.shop\\\/produkt\\\/stemsation\\\/#primaryimage\",\"url\":\"https:\\\/\\\/www.pure-beauty.shop\\\/wp-content\\\/uploads\\\/2024\\\/05\\\/stemsation2.jpg\",\"contentUrl\":\"https:\\\/\\\/www.pure-beauty.shop\\\/wp-content\\\/uploads\\\/2024\\\/05\\\/stemsation2.jpg\",\"width\":2000,\"height\":2000},{\"@type\":\"BreadcrumbList\",\"@id\":\"https:\\\/\\\/www.pure-beauty.shop\\\/produkt\\\/stemsation\\\/#breadcrumb\",\"itemListElement\":[{\"@type\":\"ListItem\",\"position\":1,\"name\":\"Startseite\",\"item\":\"https:\\\/\\\/www.pure-beauty.shop\\\/\"},{\"@type\":\"ListItem\",\"position\":2,\"name\":\"Shop\",\"item\":\"https:\\\/\\\/www.pure-beauty.shop\\\/en\\\/shop\\\/\"},{\"@type\":\"ListItem\",\"position\":3,\"name\":\"COSMIX StemSation (3 ml)\"}]},{\"@type\":\"WebSite\",\"@id\":\"https:\\\/\\\/www.pure-beauty.shop\\\/#website\",\"url\":\"https:\\\/\\\/www.pure-beauty.shop\\\/\",\"name\":\"Pure Beauty &amp; PANDHY&#039;S Shop\",\"description\":\"Kosmetikshop in Graz\",\"potentialAction\":[{\"@type\":\"SearchAction\",\"target\":{\"@type\":\"EntryPoint\",\"urlTemplate\":\"https:\\\/\\\/www.pure-beauty.shop\\\/?s={search_term_string}\"},\"query-input\":{\"@type\":\"PropertyValueSpecification\",\"valueRequired\":true,\"valueName\":\"search_term_string\"}}],\"inLanguage\":\"en-GB\"}]}<\/script>\n<!-- \/ Yoast SEO plugin. -->","yoast_head_json":{"title":"COSMIX StemSation (3 ml) - Pure Beauty &amp; PANDHY&#039;S Shop","description":"StemSation \u2013 Anti-Aging mit pflanzlichen Stammzellen. Regeneriert die Haut, verbessert Struktur & Glow und sch\u00fctzt vor Hautalterung.","robots":{"index":"index","follow":"follow","max-snippet":"max-snippet:-1","max-image-preview":"max-image-preview:large","max-video-preview":"max-video-preview:-1"},"canonical":"https:\/\/www.pure-beauty.shop\/en\/product\/stemsation\/","og_locale":"en_GB","og_type":"article","og_title":"COSMIX StemSation (3 ml) - Pure Beauty &amp; PANDHY&#039;S Shop","og_description":"StemSation \u2013 Anti-Aging mit pflanzlichen Stammzellen. Regeneriert die Haut, verbessert Struktur & Glow und sch\u00fctzt vor Hautalterung.","og_url":"https:\/\/www.pure-beauty.shop\/en\/product\/stemsation\/","og_site_name":"Pure Beauty &amp; PANDHY&#039;S Shop","article_modified_time":"2026-04-11T14:43:59+00:00","og_image":[{"width":2000,"height":2000,"url":"https:\/\/www.pure-beauty.shop\/wp-content\/uploads\/2024\/05\/stemsation2.jpg","type":"image\/jpeg"}],"twitter_card":"summary_large_image","twitter_misc":{"Estimated reading time":"1 minute"},"schema":{"@context":"https:\/\/schema.org","@graph":[{"@type":"WebPage","@id":"https:\/\/www.pure-beauty.shop\/produkt\/stemsation\/","url":"https:\/\/www.pure-beauty.shop\/produkt\/stemsation\/","name":"COSMIX StemSation (3 ml) - Pure Beauty &amp; PANDHY&#039;S Shop","isPartOf":{"@id":"https:\/\/www.pure-beauty.shop\/#website"},"primaryImageOfPage":{"@id":"https:\/\/www.pure-beauty.shop\/produkt\/stemsation\/#primaryimage"},"image":{"@id":"https:\/\/www.pure-beauty.shop\/produkt\/stemsation\/#primaryimage"},"thumbnailUrl":"https:\/\/www.pure-beauty.shop\/wp-content\/uploads\/2024\/05\/stemsation2.jpg","datePublished":"2024-05-12T22:25:04+00:00","dateModified":"2026-04-11T14:43:59+00:00","description":"StemSation \u2013 Anti-Aging mit pflanzlichen Stammzellen. Regeneriert die Haut, verbessert Struktur & Glow und sch\u00fctzt vor Hautalterung.","breadcrumb":{"@id":"https:\/\/www.pure-beauty.shop\/produkt\/stemsation\/#breadcrumb"},"inLanguage":"en-GB","potentialAction":[{"@type":"ReadAction","target":["https:\/\/www.pure-beauty.shop\/produkt\/stemsation\/"]}]},{"@type":"ImageObject","inLanguage":"en-GB","@id":"https:\/\/www.pure-beauty.shop\/produkt\/stemsation\/#primaryimage","url":"https:\/\/www.pure-beauty.shop\/wp-content\/uploads\/2024\/05\/stemsation2.jpg","contentUrl":"https:\/\/www.pure-beauty.shop\/wp-content\/uploads\/2024\/05\/stemsation2.jpg","width":2000,"height":2000},{"@type":"BreadcrumbList","@id":"https:\/\/www.pure-beauty.shop\/produkt\/stemsation\/#breadcrumb","itemListElement":[{"@type":"ListItem","position":1,"name":"Startseite","item":"https:\/\/www.pure-beauty.shop\/"},{"@type":"ListItem","position":2,"name":"Shop","item":"https:\/\/www.pure-beauty.shop\/en\/shop\/"},{"@type":"ListItem","position":3,"name":"COSMIX StemSation (3 ml)"}]},{"@type":"WebSite","@id":"https:\/\/www.pure-beauty.shop\/#website","url":"https:\/\/www.pure-beauty.shop\/","name":"Pure Beauty &amp; PANDHY&#039;S Shop","description":"Kosmetikshop in Graz","potentialAction":[{"@type":"SearchAction","target":{"@type":"EntryPoint","urlTemplate":"https:\/\/www.pure-beauty.shop\/?s={search_term_string}"},"query-input":{"@type":"PropertyValueSpecification","valueRequired":true,"valueName":"search_term_string"}}],"inLanguage":"en-GB"}]}},"jetpack_sharing_enabled":true,"_links":{"self":[{"href":"https:\/\/www.pure-beauty.shop\/en\/wp-json\/wp\/v2\/product\/20125","targetHints":{"allow":["GET"]}}],"collection":[{"href":"https:\/\/www.pure-beauty.shop\/en\/wp-json\/wp\/v2\/product"}],"about":[{"href":"https:\/\/www.pure-beauty.shop\/en\/wp-json\/wp\/v2\/types\/product"}],"replies":[{"embeddable":true,"href":"https:\/\/www.pure-beauty.shop\/en\/wp-json\/wp\/v2\/comments?post=20125"}],"wp:featuredmedia":[{"embeddable":true,"href":"https:\/\/www.pure-beauty.shop\/en\/wp-json\/wp\/v2\/media\/20115"}],"wp:attachment":[{"href":"https:\/\/www.pure-beauty.shop\/en\/wp-json\/wp\/v2\/media?parent=20125"}],"wp:term":[{"taxonomy":"brand","embeddable":true,"href":"https:\/\/www.pure-beauty.shop\/en\/wp-json\/wp\/v2\/etheme_brands?post=20125"},{"taxonomy":"product_brand","embeddable":true,"href":"https:\/\/www.pure-beauty.shop\/en\/wp-json\/wp\/v2\/product_brand?post=20125"},{"taxonomy":"product_cat","embeddable":true,"href":"https:\/\/www.pure-beauty.shop\/en\/wp-json\/wp\/v2\/product_cat?post=20125"},{"taxonomy":"product_tag","embeddable":true,"href":"https:\/\/www.pure-beauty.shop\/en\/wp-json\/wp\/v2\/product_tag?post=20125"}],"curies":[{"name":"wp","href":"https:\/\/api.w.org\/{rel}","templated":true}]}}