{"id":20129,"date":"2024-05-13T00:42:35","date_gmt":"2024-05-12T22:42:35","guid":{"rendered":"https:\/\/www.pure-beauty.shop\/?post_type=product&#038;p=20129"},"modified":"2026-04-11T13:08:51","modified_gmt":"2026-04-11T11:08:51","slug":"senso-calm","status":"publish","type":"product","link":"https:\/\/www.pure-beauty.shop\/en\/product\/senso-calm\/","title":{"rendered":"COSMIX Slow Beauty Line Senso Calm Gel (50 ml)"},"content":{"rendered":"<div class=\"wpb-content-wrapper\"><div class=\"vc_row wpb_row vc_row-fluid et_custom_uniqid_69f61a119a9d5\"><div class=\"wpb_column vc_column_container vc_col-sm-12 et_custom_uniqid_69f61a119a9b1\"><div class=\"vc_column-inner\"><div class=\"wpb_wrapper\">\n\t<div class=\"wpb_text_column wpb_content_element\" >\n\t\t<div class=\"wpb_wrapper\">\n\t\t\t<p data-start=\"79\" data-end=\"374\">Das Senso Calm Gel ist ein leicht einziehendes, multifunktionales Beruhigungsgel, das die Haut effektiv vor \u00e4u\u00dferen mechanischen Einwirkungen sch\u00fctzt. Es wurde speziell entwickelt, um R\u00f6tungen und Irritationen zu lindern und eignet sich ideal zur Pflege nach kleineren \u00e4sthetischen Behandlungen.<\/p>\n<p data-start=\"376\" data-end=\"584\">Die Formulierung unterst\u00fctzt die Wiederherstellung der nat\u00fcrlichen Hautbarriere und unterbricht den negativen Kreislauf aus Reizung und Hautsch\u00e4digung. Dadurch wird die Haut nachhaltig gest\u00e4rkt und gesch\u00fctzt.<\/p>\n<p data-start=\"586\" data-end=\"820\">Das Gel bietet zudem eine wirksame L\u00f6sung bei MASKNE-Symptomen sowie bei umweltbedingten allergischen Hautreaktionen. Die Basis bildet hochwertiges Aloe Vera Gel, das f\u00fcr eine angenehm leichte, transparente und luxuri\u00f6se Textur sorgt.<\/p>\n<p data-start=\"822\" data-end=\"991\">Erg\u00e4nzt wird die Formel durch beruhigende Pflanzenextrakte wie Hopfen, Mariendistel, Tulsi und gr\u00fcne Alge, die die Haut zus\u00e4tzlich pflegen, ausgleichen und regenerieren.<\/p>\n<h6>INCI: Aqua (Water), Aloe Barbadensis (Aloe Vera) Leaf Juice, Glycerin, Propanediol, Phenoxyethanol, Hydrolyzed Caesalpi-nia Spinosa (Tara) Gum, Cellulose Gum, Carrageenan, Sucrose, Ceratonia Siliqua (Carob) Gum, Caesalpinia Spinosa (Tara) Gum, Enteromorpha Compressa (Algen) Extrakt, Humulus Lupulus (Hopfen) Extrakt, Natriumbenzoat, Kaliumsorbat, Silybum Marianum (Mariendistel) Fruchtextrakt, Ocimum\u00a0Sanctum (Helliges Basilikum) Blattextraht, Cucumis Sativus (Gurke) Fruchtextrakt, Zitronens\u00e4ure, Kaliumsorbat<\/h6>\n\n\t\t<\/div>\n\t<\/div>\n<\/div><\/div><\/div><\/div>\n<\/div>","protected":false},"excerpt":{"rendered":"<p data-start=\"1018\" data-end=\"1086\">Beruhigendes Gel \u2013 sch\u00fctzt, regeneriert und st\u00e4rkt die Hautbarriere.<\/p>","protected":false},"featured_media":20127,"comment_status":"open","ping_status":"closed","template":"","meta":{"jetpack_post_was_ever_published":false},"etheme_brands":[{"term_id":205,"name":"COSMIX","slug":"cosmix","term_group":0,"term_taxonomy_id":205,"taxonomy":"brand","description":"","parent":0,"count":46,"filter":"raw"}],"product_brand":[],"product_cat":[172,202,170,177,180],"product_tag":[],"class_list":{"0":"post-20129","1":"product","2":"type-product","3":"status-publish","4":"has-post-thumbnail","6":"brand-cosmix","7":"product_cat-gesicht","8":"product_cat-neu","9":"product_cat-pflege","10":"product_cat-serum_booster_ampullen","11":"product_cat-spezialpflege","13":"first","14":"instock","15":"taxable","16":"shipping-taxable","17":"purchasable","18":"product-type-simple"},"yoast_head":"<!-- This site is optimized with the Yoast SEO plugin v27.5 - https:\/\/yoast.com\/product\/yoast-seo-wordpress\/ -->\n<title>COSMIX Slow Beauty Line Senso Calm Gel (50 ml) - Pure Beauty &amp; PANDHY&#039;S Shop<\/title>\n<meta name=\"description\" content=\"Senso Calm Gel \u2013 beruhigt gereizte Haut, reduziert R\u00f6tungen und st\u00e4rkt die Hautbarriere. Ideal bei Irritationen, Maskne und nach \u00e4sthetischen Behandlungen.\" \/>\n<meta name=\"robots\" content=\"index, follow, max-snippet:-1, max-image-preview:large, max-video-preview:-1\" \/>\n<link rel=\"canonical\" href=\"https:\/\/www.pure-beauty.shop\/en\/product\/senso-calm\/\" \/>\n<meta property=\"og:locale\" content=\"en_GB\" \/>\n<meta property=\"og:type\" content=\"article\" \/>\n<meta property=\"og:title\" content=\"COSMIX Slow Beauty Line Senso Calm Gel (50 ml) - Pure Beauty &amp; PANDHY&#039;S Shop\" \/>\n<meta property=\"og:description\" content=\"Senso Calm Gel \u2013 beruhigt gereizte Haut, reduziert R\u00f6tungen und st\u00e4rkt die Hautbarriere. Ideal bei Irritationen, Maskne und nach \u00e4sthetischen Behandlungen.\" \/>\n<meta property=\"og:url\" content=\"https:\/\/www.pure-beauty.shop\/en\/product\/senso-calm\/\" \/>\n<meta property=\"og:site_name\" content=\"Pure Beauty &amp; PANDHY&#039;S Shop\" \/>\n<meta property=\"article:publisher\" content=\"https:\/\/www.facebook.com\/purebeautygraz\" \/>\n<meta property=\"article:modified_time\" content=\"2026-04-11T11:08:51+00:00\" \/>\n<meta property=\"og:image\" content=\"https:\/\/www.pure-beauty.shop\/wp-content\/uploads\/2024\/05\/2205-30_senso_calm_gel.jpg\" \/>\n\t<meta property=\"og:image:width\" content=\"2000\" \/>\n\t<meta property=\"og:image:height\" content=\"2000\" \/>\n\t<meta property=\"og:image:type\" content=\"image\/jpeg\" \/>\n<meta name=\"twitter:card\" content=\"summary_large_image\" \/>\n<meta name=\"twitter:label1\" content=\"Estimated reading time\" \/>\n\t<meta name=\"twitter:data1\" content=\"1 minute\" \/>\n<script type=\"application\/ld+json\" class=\"yoast-schema-graph\">{\"@context\":\"https:\\\/\\\/schema.org\",\"@graph\":[{\"@type\":\"WebPage\",\"@id\":\"https:\\\/\\\/www.pure-beauty.shop\\\/produkt\\\/senso-calm\\\/\",\"url\":\"https:\\\/\\\/www.pure-beauty.shop\\\/produkt\\\/senso-calm\\\/\",\"name\":\"COSMIX Slow Beauty Line Senso Calm Gel (50 ml) - Pure Beauty &amp; PANDHY&#039;S Shop\",\"isPartOf\":{\"@id\":\"https:\\\/\\\/www.pure-beauty.shop\\\/#website\"},\"primaryImageOfPage\":{\"@id\":\"https:\\\/\\\/www.pure-beauty.shop\\\/produkt\\\/senso-calm\\\/#primaryimage\"},\"image\":{\"@id\":\"https:\\\/\\\/www.pure-beauty.shop\\\/produkt\\\/senso-calm\\\/#primaryimage\"},\"thumbnailUrl\":\"https:\\\/\\\/www.pure-beauty.shop\\\/wp-content\\\/uploads\\\/2024\\\/05\\\/2205-30_senso_calm_gel.jpg\",\"datePublished\":\"2024-05-12T22:42:35+00:00\",\"dateModified\":\"2026-04-11T11:08:51+00:00\",\"description\":\"Senso Calm Gel \u2013 beruhigt gereizte Haut, reduziert R\u00f6tungen und st\u00e4rkt die Hautbarriere. Ideal bei Irritationen, Maskne und nach \u00e4sthetischen Behandlungen.\",\"breadcrumb\":{\"@id\":\"https:\\\/\\\/www.pure-beauty.shop\\\/produkt\\\/senso-calm\\\/#breadcrumb\"},\"inLanguage\":\"en-GB\",\"potentialAction\":[{\"@type\":\"ReadAction\",\"target\":[\"https:\\\/\\\/www.pure-beauty.shop\\\/produkt\\\/senso-calm\\\/\"]}]},{\"@type\":\"ImageObject\",\"inLanguage\":\"en-GB\",\"@id\":\"https:\\\/\\\/www.pure-beauty.shop\\\/produkt\\\/senso-calm\\\/#primaryimage\",\"url\":\"https:\\\/\\\/www.pure-beauty.shop\\\/wp-content\\\/uploads\\\/2024\\\/05\\\/2205-30_senso_calm_gel.jpg\",\"contentUrl\":\"https:\\\/\\\/www.pure-beauty.shop\\\/wp-content\\\/uploads\\\/2024\\\/05\\\/2205-30_senso_calm_gel.jpg\",\"width\":2000,\"height\":2000},{\"@type\":\"BreadcrumbList\",\"@id\":\"https:\\\/\\\/www.pure-beauty.shop\\\/produkt\\\/senso-calm\\\/#breadcrumb\",\"itemListElement\":[{\"@type\":\"ListItem\",\"position\":1,\"name\":\"Startseite\",\"item\":\"https:\\\/\\\/www.pure-beauty.shop\\\/\"},{\"@type\":\"ListItem\",\"position\":2,\"name\":\"Shop\",\"item\":\"https:\\\/\\\/www.pure-beauty.shop\\\/en\\\/shop\\\/\"},{\"@type\":\"ListItem\",\"position\":3,\"name\":\"COSMIX Slow Beauty Line Senso Calm Gel (50 ml)\"}]},{\"@type\":\"WebSite\",\"@id\":\"https:\\\/\\\/www.pure-beauty.shop\\\/#website\",\"url\":\"https:\\\/\\\/www.pure-beauty.shop\\\/\",\"name\":\"Pure Beauty & PANDHY'S Shop\",\"description\":\"Kosmetikshop in Graz\",\"publisher\":{\"@id\":\"https:\\\/\\\/www.pure-beauty.shop\\\/#organization\"},\"potentialAction\":[{\"@type\":\"SearchAction\",\"target\":{\"@type\":\"EntryPoint\",\"urlTemplate\":\"https:\\\/\\\/www.pure-beauty.shop\\\/?s={search_term_string}\"},\"query-input\":{\"@type\":\"PropertyValueSpecification\",\"valueRequired\":true,\"valueName\":\"search_term_string\"}}],\"inLanguage\":\"en-GB\"},{\"@type\":\"Organization\",\"@id\":\"https:\\\/\\\/www.pure-beauty.shop\\\/#organization\",\"name\":\"Pure Beauty & PANDHY'S Shop\",\"url\":\"https:\\\/\\\/www.pure-beauty.shop\\\/\",\"logo\":{\"@type\":\"ImageObject\",\"inLanguage\":\"en-GB\",\"@id\":\"https:\\\/\\\/www.pure-beauty.shop\\\/#\\\/schema\\\/logo\\\/image\\\/\",\"url\":\"https:\\\/\\\/www.pure-beauty.shop\\\/wp-content\\\/uploads\\\/2026\\\/04\\\/pb_black-scaled.png\",\"contentUrl\":\"https:\\\/\\\/www.pure-beauty.shop\\\/wp-content\\\/uploads\\\/2026\\\/04\\\/pb_black-scaled.png\",\"width\":2560,\"height\":2560,\"caption\":\"Pure Beauty & PANDHY'S Shop\"},\"image\":{\"@id\":\"https:\\\/\\\/www.pure-beauty.shop\\\/#\\\/schema\\\/logo\\\/image\\\/\"},\"sameAs\":[\"https:\\\/\\\/www.facebook.com\\\/purebeautygraz\",\"https:\\\/\\\/www.instragram.com\\\/pure_beauty_graz\"]}]}<\/script>\n<!-- \/ Yoast SEO plugin. -->","yoast_head_json":{"title":"COSMIX Slow Beauty Line Senso Calm Gel (50 ml) - Pure Beauty &amp; PANDHY&#039;S Shop","description":"Senso Calm Gel \u2013 beruhigt gereizte Haut, reduziert R\u00f6tungen und st\u00e4rkt die Hautbarriere. Ideal bei Irritationen, Maskne und nach \u00e4sthetischen Behandlungen.","robots":{"index":"index","follow":"follow","max-snippet":"max-snippet:-1","max-image-preview":"max-image-preview:large","max-video-preview":"max-video-preview:-1"},"canonical":"https:\/\/www.pure-beauty.shop\/en\/product\/senso-calm\/","og_locale":"en_GB","og_type":"article","og_title":"COSMIX Slow Beauty Line Senso Calm Gel (50 ml) - Pure Beauty &amp; PANDHY&#039;S Shop","og_description":"Senso Calm Gel \u2013 beruhigt gereizte Haut, reduziert R\u00f6tungen und st\u00e4rkt die Hautbarriere. Ideal bei Irritationen, Maskne und nach \u00e4sthetischen Behandlungen.","og_url":"https:\/\/www.pure-beauty.shop\/en\/product\/senso-calm\/","og_site_name":"Pure Beauty &amp; PANDHY&#039;S Shop","article_publisher":"https:\/\/www.facebook.com\/purebeautygraz","article_modified_time":"2026-04-11T11:08:51+00:00","og_image":[{"width":2000,"height":2000,"url":"https:\/\/www.pure-beauty.shop\/wp-content\/uploads\/2024\/05\/2205-30_senso_calm_gel.jpg","type":"image\/jpeg"}],"twitter_card":"summary_large_image","twitter_misc":{"Estimated reading time":"1 minute"},"schema":{"@context":"https:\/\/schema.org","@graph":[{"@type":"WebPage","@id":"https:\/\/www.pure-beauty.shop\/produkt\/senso-calm\/","url":"https:\/\/www.pure-beauty.shop\/produkt\/senso-calm\/","name":"COSMIX Slow Beauty Line Senso Calm Gel (50 ml) - Pure Beauty &amp; PANDHY&#039;S Shop","isPartOf":{"@id":"https:\/\/www.pure-beauty.shop\/#website"},"primaryImageOfPage":{"@id":"https:\/\/www.pure-beauty.shop\/produkt\/senso-calm\/#primaryimage"},"image":{"@id":"https:\/\/www.pure-beauty.shop\/produkt\/senso-calm\/#primaryimage"},"thumbnailUrl":"https:\/\/www.pure-beauty.shop\/wp-content\/uploads\/2024\/05\/2205-30_senso_calm_gel.jpg","datePublished":"2024-05-12T22:42:35+00:00","dateModified":"2026-04-11T11:08:51+00:00","description":"Senso Calm Gel \u2013 beruhigt gereizte Haut, reduziert R\u00f6tungen und st\u00e4rkt die Hautbarriere. Ideal bei Irritationen, Maskne und nach \u00e4sthetischen Behandlungen.","breadcrumb":{"@id":"https:\/\/www.pure-beauty.shop\/produkt\/senso-calm\/#breadcrumb"},"inLanguage":"en-GB","potentialAction":[{"@type":"ReadAction","target":["https:\/\/www.pure-beauty.shop\/produkt\/senso-calm\/"]}]},{"@type":"ImageObject","inLanguage":"en-GB","@id":"https:\/\/www.pure-beauty.shop\/produkt\/senso-calm\/#primaryimage","url":"https:\/\/www.pure-beauty.shop\/wp-content\/uploads\/2024\/05\/2205-30_senso_calm_gel.jpg","contentUrl":"https:\/\/www.pure-beauty.shop\/wp-content\/uploads\/2024\/05\/2205-30_senso_calm_gel.jpg","width":2000,"height":2000},{"@type":"BreadcrumbList","@id":"https:\/\/www.pure-beauty.shop\/produkt\/senso-calm\/#breadcrumb","itemListElement":[{"@type":"ListItem","position":1,"name":"Startseite","item":"https:\/\/www.pure-beauty.shop\/"},{"@type":"ListItem","position":2,"name":"Shop","item":"https:\/\/www.pure-beauty.shop\/en\/shop\/"},{"@type":"ListItem","position":3,"name":"COSMIX Slow Beauty Line Senso Calm Gel (50 ml)"}]},{"@type":"WebSite","@id":"https:\/\/www.pure-beauty.shop\/#website","url":"https:\/\/www.pure-beauty.shop\/","name":"Pure Beauty & PANDHY'S Shop","description":"Kosmetikshop in Graz","publisher":{"@id":"https:\/\/www.pure-beauty.shop\/#organization"},"potentialAction":[{"@type":"SearchAction","target":{"@type":"EntryPoint","urlTemplate":"https:\/\/www.pure-beauty.shop\/?s={search_term_string}"},"query-input":{"@type":"PropertyValueSpecification","valueRequired":true,"valueName":"search_term_string"}}],"inLanguage":"en-GB"},{"@type":"Organization","@id":"https:\/\/www.pure-beauty.shop\/#organization","name":"Pure Beauty & PANDHY'S Shop","url":"https:\/\/www.pure-beauty.shop\/","logo":{"@type":"ImageObject","inLanguage":"en-GB","@id":"https:\/\/www.pure-beauty.shop\/#\/schema\/logo\/image\/","url":"https:\/\/www.pure-beauty.shop\/wp-content\/uploads\/2026\/04\/pb_black-scaled.png","contentUrl":"https:\/\/www.pure-beauty.shop\/wp-content\/uploads\/2026\/04\/pb_black-scaled.png","width":2560,"height":2560,"caption":"Pure Beauty & PANDHY'S Shop"},"image":{"@id":"https:\/\/www.pure-beauty.shop\/#\/schema\/logo\/image\/"},"sameAs":["https:\/\/www.facebook.com\/purebeautygraz","https:\/\/www.instragram.com\/pure_beauty_graz"]}]}},"jetpack_sharing_enabled":true,"_links":{"self":[{"href":"https:\/\/www.pure-beauty.shop\/en\/wp-json\/wp\/v2\/product\/20129","targetHints":{"allow":["GET"]}}],"collection":[{"href":"https:\/\/www.pure-beauty.shop\/en\/wp-json\/wp\/v2\/product"}],"about":[{"href":"https:\/\/www.pure-beauty.shop\/en\/wp-json\/wp\/v2\/types\/product"}],"replies":[{"embeddable":true,"href":"https:\/\/www.pure-beauty.shop\/en\/wp-json\/wp\/v2\/comments?post=20129"}],"wp:featuredmedia":[{"embeddable":true,"href":"https:\/\/www.pure-beauty.shop\/en\/wp-json\/wp\/v2\/media\/20127"}],"wp:attachment":[{"href":"https:\/\/www.pure-beauty.shop\/en\/wp-json\/wp\/v2\/media?parent=20129"}],"wp:term":[{"taxonomy":"brand","embeddable":true,"href":"https:\/\/www.pure-beauty.shop\/en\/wp-json\/wp\/v2\/etheme_brands?post=20129"},{"taxonomy":"product_brand","embeddable":true,"href":"https:\/\/www.pure-beauty.shop\/en\/wp-json\/wp\/v2\/product_brand?post=20129"},{"taxonomy":"product_cat","embeddable":true,"href":"https:\/\/www.pure-beauty.shop\/en\/wp-json\/wp\/v2\/product_cat?post=20129"},{"taxonomy":"product_tag","embeddable":true,"href":"https:\/\/www.pure-beauty.shop\/en\/wp-json\/wp\/v2\/product_tag?post=20129"}],"curies":[{"name":"wp","href":"https:\/\/api.w.org\/{rel}","templated":true}]}}