{"id":20478,"date":"2025-05-16T21:56:56","date_gmt":"2025-05-16T19:56:56","guid":{"rendered":"https:\/\/www.pure-beauty.shop\/?post_type=product&#038;p=20478"},"modified":"2026-04-19T17:51:12","modified_gmt":"2026-04-19T15:51:12","slug":"seiden-haarband","status":"publish","type":"product","link":"https:\/\/www.pure-beauty.shop\/en\/product\/seiden-haarband\/","title":{"rendered":"PANDHY\u2019S\u2122 Home Selection Seiden-Haarband"},"content":{"rendered":"<div class=\"wpb-content-wrapper\"><div class=\"vc_row wpb_row vc_row-fluid et_custom_uniqid_69e88511deeaa\"><div class=\"wpb_column vc_column_container vc_col-sm-12 et_custom_uniqid_69e88511dee87\"><div class=\"vc_column-inner\"><div class=\"wpb_wrapper\">\n\t<div class=\"wpb_text_column wpb_content_element\" >\n\t\t<div class=\"wpb_wrapper\">\n\t\t\t<p data-start=\"84\" data-end=\"347\">Die PANDHY\u2019S\u2122 Seidenhaarb\u00e4nder verbinden stilvolles Design mit maximaler Schonung f\u00fcr Haar und Kopfhaut. Erh\u00e4ltlich in den eleganten Farben Sand, Powder und Black sowie in zwei Gr\u00f6\u00dfen (1 cm und 4 cm Durchmesser), passen sie sich jedem Look und Haartyp perfekt an.<\/p>\n<p data-start=\"349\" data-end=\"609\">Dank der glatten Seidenstruktur wird Reibung minimiert, wodurch Haarbruch, Knoten und Frizz effektiv reduziert werden. Die Haarb\u00e4nder sind antistatisch, hypoallergen und hinterlassen keine Druckstellen \u2013 ideal f\u00fcr empfindliches Haar und die t\u00e4gliche Anwendung.<\/p>\n<p data-start=\"611\" data-end=\"694\">F\u00fcr geschmeidiges, gl\u00e4nzendes Haar und ein angenehmes Tragegef\u00fchl \u2013 den ganzen Tag.<\/p>\n<p data-start=\"696\" data-end=\"755\"><strong data-start=\"696\" data-end=\"755\">Die Vorteile der PANDHY\u2019S\u2122 Seidenprodukte im \u00dcberblick:<\/strong><\/p>\n<p data-start=\"757\" data-end=\"789\"><strong data-start=\"757\" data-end=\"787\">Verbesserte Schlafqualit\u00e4t<\/strong><\/p>\n<ul data-start=\"790\" data-end=\"979\">\n<li data-section-id=\"h91bu7\" data-start=\"790\" data-end=\"879\">Unterst\u00fctzt ein ausgeglichenes Schlafklima durch temperaturregulierende Eigenschaften<\/li>\n<li data-section-id=\"1gaj7an\" data-start=\"880\" data-end=\"933\">F\u00f6rdert die Regeneration durch reduzierte Reibung<\/li>\n<li data-section-id=\"m3mt3t\" data-start=\"934\" data-end=\"979\">Schont Haut und Haare w\u00e4hrend des Schlafs<\/li>\n<\/ul>\n<p data-start=\"981\" data-end=\"1001\"><strong data-start=\"981\" data-end=\"999\">Hautgesundheit<\/strong><\/p>\n<ul data-start=\"1002\" data-end=\"1233\">\n<li data-section-id=\"170n1u0\" data-start=\"1002\" data-end=\"1090\">Antibakterielle und entz\u00fcndungshemmende Eigenschaften \u2013 ideal bei empfindlicher Haut<\/li>\n<li data-section-id=\"ok4jh4\" data-start=\"1091\" data-end=\"1187\">Reduziert Reibung und beugt Faltenbildung sowie Feuchtigkeitsverlust vor (Well-Aging Effekt)<\/li>\n<li data-section-id=\"20bese\" data-start=\"1188\" data-end=\"1233\">Hypoallergen und besonders hautfreundlich<\/li>\n<\/ul>\n<p data-start=\"1235\" data-end=\"1255\"><strong data-start=\"1235\" data-end=\"1253\">Haargesundheit<\/strong><\/p>\n<ul data-start=\"1256\" data-end=\"1500\">\n<li data-section-id=\"1qaql7i\" data-start=\"1256\" data-end=\"1327\">Verhindert Haarbruch und Frizz durch besonders glatte Faserstruktur<\/li>\n<li data-section-id=\"1961hou\" data-start=\"1328\" data-end=\"1391\">Sorgt f\u00fcr geschmeidiges, gl\u00e4nzendes Haar mit weniger Knoten<\/li>\n<li data-section-id=\"1d29ham\" data-start=\"1392\" data-end=\"1442\">Antistatischer Effekt reduziert Frizz sichtbar<\/li>\n<li data-section-id=\"1d29ham\" data-start=\"1392\" data-end=\"1442\">Sanfter Halt ohne Druckstellen \u2013 ideal f\u00fcr den Alltag<\/li>\n<\/ul>\n\n\t\t<\/div>\n\t<\/div>\n<\/div><\/div><\/div><\/div>\n<\/div>","protected":false},"excerpt":{"rendered":"<p data-start=\"1527\" data-end=\"1589\">Seidenhaarb\u00e4nder \u2013 sanfter Halt f\u00fcr gl\u00e4nzendes, gesundes Haar.<\/p>","protected":false},"featured_media":20492,"comment_status":"open","ping_status":"closed","template":"","meta":{"jetpack_post_was_ever_published":false},"etheme_brands":[{"term_id":203,"name":"PANDHY'S\u2122","slug":"pandhys","term_group":0,"term_taxonomy_id":203,"taxonomy":"brand","description":"","parent":0,"count":63,"filter":"raw"}],"product_brand":[],"product_cat":[202,531],"product_tag":[540,537,538,539,532,536],"class_list":{"0":"post-20478","1":"product","2":"type-product","3":"status-publish","4":"has-post-thumbnail","6":"brand-pandhys","7":"product_cat-neu","8":"product_cat-seiden-collection","9":"product_tag-haar","10":"product_tag-haarband","11":"product_tag-home-selection","12":"product_tag-schlaf","13":"product_tag-seide","14":"product_tag-seiden-collection","16":"first","17":"instock","18":"taxable","19":"shipping-taxable","20":"purchasable","21":"product-type-variable"},"yoast_head":"<!-- This site is optimized with the Yoast SEO plugin v27.4 - https:\/\/yoast.com\/product\/yoast-seo-wordpress\/ -->\n<title>PANDHY\u2019S\u2122 Home Selection Seiden-Haarband - Pure Beauty &amp; PANDHY&#039;S Shop<\/title>\n<meta name=\"description\" content=\"Seidenhaarb\u00e4nder \u2013 schonend f\u00fcr Haar &amp; Kopfhaut. Verhindern Haarbruch &amp; Frizz, antistatisch &amp; hypoallergen. F\u00fcr gl\u00e4nzendes, gesundes Haar jeden Tag.\" \/>\n<meta name=\"robots\" content=\"index, follow, max-snippet:-1, max-image-preview:large, max-video-preview:-1\" \/>\n<link rel=\"canonical\" href=\"https:\/\/www.pure-beauty.shop\/en\/product\/seiden-haarband\/\" \/>\n<meta property=\"og:locale\" content=\"en_GB\" \/>\n<meta property=\"og:type\" content=\"article\" \/>\n<meta property=\"og:title\" content=\"PANDHY\u2019S\u2122 Home Selection Seiden-Haarband - Pure Beauty &amp; PANDHY&#039;S Shop\" \/>\n<meta property=\"og:description\" content=\"Seidenhaarb\u00e4nder \u2013 schonend f\u00fcr Haar &amp; Kopfhaut. Verhindern Haarbruch &amp; Frizz, antistatisch &amp; hypoallergen. F\u00fcr gl\u00e4nzendes, gesundes Haar jeden Tag.\" \/>\n<meta property=\"og:url\" content=\"https:\/\/www.pure-beauty.shop\/en\/product\/seiden-haarband\/\" \/>\n<meta property=\"og:site_name\" content=\"Pure Beauty &amp; PANDHY&#039;S Shop\" \/>\n<meta property=\"article:modified_time\" content=\"2026-04-19T15:51:12+00:00\" \/>\n<meta property=\"og:image\" content=\"https:\/\/www.pure-beauty.shop\/wp-content\/uploads\/2025\/05\/BOR_9575.jpg\" \/>\n\t<meta property=\"og:image:width\" content=\"2000\" \/>\n\t<meta property=\"og:image:height\" content=\"2000\" \/>\n\t<meta property=\"og:image:type\" content=\"image\/jpeg\" \/>\n<meta name=\"twitter:card\" content=\"summary_large_image\" \/>\n<meta name=\"twitter:label1\" content=\"Estimated reading time\" \/>\n\t<meta name=\"twitter:data1\" content=\"1 minute\" \/>\n<script type=\"application\/ld+json\" class=\"yoast-schema-graph\">{\"@context\":\"https:\\\/\\\/schema.org\",\"@graph\":[{\"@type\":\"WebPage\",\"@id\":\"https:\\\/\\\/www.pure-beauty.shop\\\/produkt\\\/seiden-haarband\\\/\",\"url\":\"https:\\\/\\\/www.pure-beauty.shop\\\/produkt\\\/seiden-haarband\\\/\",\"name\":\"PANDHY\u2019S\u2122 Home Selection Seiden-Haarband - Pure Beauty &amp; PANDHY&#039;S Shop\",\"isPartOf\":{\"@id\":\"https:\\\/\\\/www.pure-beauty.shop\\\/#website\"},\"primaryImageOfPage\":{\"@id\":\"https:\\\/\\\/www.pure-beauty.shop\\\/produkt\\\/seiden-haarband\\\/#primaryimage\"},\"image\":{\"@id\":\"https:\\\/\\\/www.pure-beauty.shop\\\/produkt\\\/seiden-haarband\\\/#primaryimage\"},\"thumbnailUrl\":\"https:\\\/\\\/www.pure-beauty.shop\\\/wp-content\\\/uploads\\\/2025\\\/05\\\/BOR_9575.jpg\",\"datePublished\":\"2025-05-16T19:56:56+00:00\",\"dateModified\":\"2026-04-19T15:51:12+00:00\",\"description\":\"Seidenhaarb\u00e4nder \u2013 schonend f\u00fcr Haar & Kopfhaut. Verhindern Haarbruch & Frizz, antistatisch & hypoallergen. F\u00fcr gl\u00e4nzendes, gesundes Haar jeden Tag.\",\"breadcrumb\":{\"@id\":\"https:\\\/\\\/www.pure-beauty.shop\\\/produkt\\\/seiden-haarband\\\/#breadcrumb\"},\"inLanguage\":\"en-GB\",\"potentialAction\":[{\"@type\":\"ReadAction\",\"target\":[\"https:\\\/\\\/www.pure-beauty.shop\\\/produkt\\\/seiden-haarband\\\/\"]}]},{\"@type\":\"ImageObject\",\"inLanguage\":\"en-GB\",\"@id\":\"https:\\\/\\\/www.pure-beauty.shop\\\/produkt\\\/seiden-haarband\\\/#primaryimage\",\"url\":\"https:\\\/\\\/www.pure-beauty.shop\\\/wp-content\\\/uploads\\\/2025\\\/05\\\/BOR_9575.jpg\",\"contentUrl\":\"https:\\\/\\\/www.pure-beauty.shop\\\/wp-content\\\/uploads\\\/2025\\\/05\\\/BOR_9575.jpg\",\"width\":2000,\"height\":2000},{\"@type\":\"BreadcrumbList\",\"@id\":\"https:\\\/\\\/www.pure-beauty.shop\\\/produkt\\\/seiden-haarband\\\/#breadcrumb\",\"itemListElement\":[{\"@type\":\"ListItem\",\"position\":1,\"name\":\"Startseite\",\"item\":\"https:\\\/\\\/www.pure-beauty.shop\\\/\"},{\"@type\":\"ListItem\",\"position\":2,\"name\":\"Shop\",\"item\":\"https:\\\/\\\/www.pure-beauty.shop\\\/en\\\/shop\\\/\"},{\"@type\":\"ListItem\",\"position\":3,\"name\":\"PANDHY\u2019S\u2122 Home Selection Seiden-Haarband\"}]},{\"@type\":\"WebSite\",\"@id\":\"https:\\\/\\\/www.pure-beauty.shop\\\/#website\",\"url\":\"https:\\\/\\\/www.pure-beauty.shop\\\/\",\"name\":\"Pure Beauty &amp; PANDHY&#039;S Shop\",\"description\":\"Kosmetikshop in Graz\",\"potentialAction\":[{\"@type\":\"SearchAction\",\"target\":{\"@type\":\"EntryPoint\",\"urlTemplate\":\"https:\\\/\\\/www.pure-beauty.shop\\\/?s={search_term_string}\"},\"query-input\":{\"@type\":\"PropertyValueSpecification\",\"valueRequired\":true,\"valueName\":\"search_term_string\"}}],\"inLanguage\":\"en-GB\"}]}<\/script>\n<!-- \/ Yoast SEO plugin. -->","yoast_head_json":{"title":"PANDHY\u2019S\u2122 Home Selection Seiden-Haarband - Pure Beauty &amp; PANDHY&#039;S Shop","description":"Seidenhaarb\u00e4nder \u2013 schonend f\u00fcr Haar & Kopfhaut. Verhindern Haarbruch & Frizz, antistatisch & hypoallergen. F\u00fcr gl\u00e4nzendes, gesundes Haar jeden Tag.","robots":{"index":"index","follow":"follow","max-snippet":"max-snippet:-1","max-image-preview":"max-image-preview:large","max-video-preview":"max-video-preview:-1"},"canonical":"https:\/\/www.pure-beauty.shop\/en\/product\/seiden-haarband\/","og_locale":"en_GB","og_type":"article","og_title":"PANDHY\u2019S\u2122 Home Selection Seiden-Haarband - Pure Beauty &amp; PANDHY&#039;S Shop","og_description":"Seidenhaarb\u00e4nder \u2013 schonend f\u00fcr Haar & Kopfhaut. Verhindern Haarbruch & Frizz, antistatisch & hypoallergen. F\u00fcr gl\u00e4nzendes, gesundes Haar jeden Tag.","og_url":"https:\/\/www.pure-beauty.shop\/en\/product\/seiden-haarband\/","og_site_name":"Pure Beauty &amp; PANDHY&#039;S Shop","article_modified_time":"2026-04-19T15:51:12+00:00","og_image":[{"width":2000,"height":2000,"url":"https:\/\/www.pure-beauty.shop\/wp-content\/uploads\/2025\/05\/BOR_9575.jpg","type":"image\/jpeg"}],"twitter_card":"summary_large_image","twitter_misc":{"Estimated reading time":"1 minute"},"schema":{"@context":"https:\/\/schema.org","@graph":[{"@type":"WebPage","@id":"https:\/\/www.pure-beauty.shop\/produkt\/seiden-haarband\/","url":"https:\/\/www.pure-beauty.shop\/produkt\/seiden-haarband\/","name":"PANDHY\u2019S\u2122 Home Selection Seiden-Haarband - Pure Beauty &amp; PANDHY&#039;S Shop","isPartOf":{"@id":"https:\/\/www.pure-beauty.shop\/#website"},"primaryImageOfPage":{"@id":"https:\/\/www.pure-beauty.shop\/produkt\/seiden-haarband\/#primaryimage"},"image":{"@id":"https:\/\/www.pure-beauty.shop\/produkt\/seiden-haarband\/#primaryimage"},"thumbnailUrl":"https:\/\/www.pure-beauty.shop\/wp-content\/uploads\/2025\/05\/BOR_9575.jpg","datePublished":"2025-05-16T19:56:56+00:00","dateModified":"2026-04-19T15:51:12+00:00","description":"Seidenhaarb\u00e4nder \u2013 schonend f\u00fcr Haar & Kopfhaut. Verhindern Haarbruch & Frizz, antistatisch & hypoallergen. F\u00fcr gl\u00e4nzendes, gesundes Haar jeden Tag.","breadcrumb":{"@id":"https:\/\/www.pure-beauty.shop\/produkt\/seiden-haarband\/#breadcrumb"},"inLanguage":"en-GB","potentialAction":[{"@type":"ReadAction","target":["https:\/\/www.pure-beauty.shop\/produkt\/seiden-haarband\/"]}]},{"@type":"ImageObject","inLanguage":"en-GB","@id":"https:\/\/www.pure-beauty.shop\/produkt\/seiden-haarband\/#primaryimage","url":"https:\/\/www.pure-beauty.shop\/wp-content\/uploads\/2025\/05\/BOR_9575.jpg","contentUrl":"https:\/\/www.pure-beauty.shop\/wp-content\/uploads\/2025\/05\/BOR_9575.jpg","width":2000,"height":2000},{"@type":"BreadcrumbList","@id":"https:\/\/www.pure-beauty.shop\/produkt\/seiden-haarband\/#breadcrumb","itemListElement":[{"@type":"ListItem","position":1,"name":"Startseite","item":"https:\/\/www.pure-beauty.shop\/"},{"@type":"ListItem","position":2,"name":"Shop","item":"https:\/\/www.pure-beauty.shop\/en\/shop\/"},{"@type":"ListItem","position":3,"name":"PANDHY\u2019S\u2122 Home Selection Seiden-Haarband"}]},{"@type":"WebSite","@id":"https:\/\/www.pure-beauty.shop\/#website","url":"https:\/\/www.pure-beauty.shop\/","name":"Pure Beauty &amp; PANDHY&#039;S Shop","description":"Kosmetikshop in Graz","potentialAction":[{"@type":"SearchAction","target":{"@type":"EntryPoint","urlTemplate":"https:\/\/www.pure-beauty.shop\/?s={search_term_string}"},"query-input":{"@type":"PropertyValueSpecification","valueRequired":true,"valueName":"search_term_string"}}],"inLanguage":"en-GB"}]}},"jetpack_sharing_enabled":true,"_links":{"self":[{"href":"https:\/\/www.pure-beauty.shop\/en\/wp-json\/wp\/v2\/product\/20478","targetHints":{"allow":["GET"]}}],"collection":[{"href":"https:\/\/www.pure-beauty.shop\/en\/wp-json\/wp\/v2\/product"}],"about":[{"href":"https:\/\/www.pure-beauty.shop\/en\/wp-json\/wp\/v2\/types\/product"}],"replies":[{"embeddable":true,"href":"https:\/\/www.pure-beauty.shop\/en\/wp-json\/wp\/v2\/comments?post=20478"}],"wp:featuredmedia":[{"embeddable":true,"href":"https:\/\/www.pure-beauty.shop\/en\/wp-json\/wp\/v2\/media\/20492"}],"wp:attachment":[{"href":"https:\/\/www.pure-beauty.shop\/en\/wp-json\/wp\/v2\/media?parent=20478"}],"wp:term":[{"taxonomy":"brand","embeddable":true,"href":"https:\/\/www.pure-beauty.shop\/en\/wp-json\/wp\/v2\/etheme_brands?post=20478"},{"taxonomy":"product_brand","embeddable":true,"href":"https:\/\/www.pure-beauty.shop\/en\/wp-json\/wp\/v2\/product_brand?post=20478"},{"taxonomy":"product_cat","embeddable":true,"href":"https:\/\/www.pure-beauty.shop\/en\/wp-json\/wp\/v2\/product_cat?post=20478"},{"taxonomy":"product_tag","embeddable":true,"href":"https:\/\/www.pure-beauty.shop\/en\/wp-json\/wp\/v2\/product_tag?post=20478"}],"curies":[{"name":"wp","href":"https:\/\/api.w.org\/{rel}","templated":true}]}}