{"id":20511,"date":"2025-05-16T22:51:36","date_gmt":"2025-05-16T20:51:36","guid":{"rendered":"https:\/\/www.pure-beauty.shop\/?post_type=product&#038;p=20511"},"modified":"2026-04-19T17:40:42","modified_gmt":"2026-04-19T15:40:42","slug":"seiden-schlafmaske","status":"publish","type":"product","link":"https:\/\/www.pure-beauty.shop\/en\/product\/seiden-schlafmaske\/","title":{"rendered":"PANDHY\u2019S\u2122 Home Selection Seiden-Schlafmaske"},"content":{"rendered":"<div class=\"wpb-content-wrapper\"><div class=\"vc_row wpb_row vc_row-fluid et_custom_uniqid_69e8874c813b6\"><div class=\"wpb_column vc_column_container vc_col-sm-12 et_custom_uniqid_69e8874c81389\"><div class=\"vc_column-inner\"><div class=\"wpb_wrapper\">\n\t<div class=\"wpb_text_column wpb_content_element\" >\n\t\t<div class=\"wpb_wrapper\">\n\t\t\t<p data-start=\"84\" data-end=\"339\">Die PANDHY\u2019S\u2122 Seiden-Schlafmaske sorgt f\u00fcr erholsamen, tiefen Schlaf und h\u00f6chsten Komfort \u2013 Nacht f\u00fcr Nacht. Sie blockiert Licht vollst\u00e4ndig und unterst\u00fctzt so den nat\u00fcrlichen REM-Schlaf, der f\u00fcr die Regeneration von K\u00f6rper und Haut besonders wichtig ist.<\/p>\n<p data-start=\"341\" data-end=\"673\">Die glatte, hochwertige Seidenstruktur reduziert Reibung auf der Haut und beugt Irritationen vor. Gleichzeitig wirkt Seide antibakteriell, hypoallergen und ist somit ideal f\u00fcr empfindliche Haut geeignet. Dank ihrer temperaturausgleichenden Eigenschaften entsteht ein angenehmes Schlafklima \u2013 unabh\u00e4ngig von Jahreszeit oder Umgebung.<\/p>\n<p data-start=\"675\" data-end=\"734\"><strong data-start=\"675\" data-end=\"734\">Die Vorteile der PANDHY\u2019S\u2122 Seidenprodukte im \u00dcberblick:<\/strong><\/p>\n<p data-start=\"736\" data-end=\"768\"><strong data-start=\"736\" data-end=\"766\">Verbesserte Schlafqualit\u00e4t<\/strong><\/p>\n<ul data-start=\"769\" data-end=\"950\">\n<li data-section-id=\"ziwyof\" data-start=\"769\" data-end=\"815\">F\u00f6rdert den nat\u00fcrlichen, tiefen REM-Schlaf<\/li>\n<li data-section-id=\"pbktid\" data-start=\"816\" data-end=\"885\">Unterst\u00fctzt die Regeneration durch optimale Temperaturregulierung<\/li>\n<li data-section-id=\"pqxy0p\" data-start=\"886\" data-end=\"950\">Reduziert mechanische Reibung und beugt Hautirritationen vor<\/li>\n<\/ul>\n<p data-start=\"952\" data-end=\"972\"><strong data-start=\"952\" data-end=\"970\">Hautgesundheit<\/strong><\/p>\n<ul data-start=\"973\" data-end=\"1210\">\n<li data-section-id=\"g66xq\" data-start=\"973\" data-end=\"1062\">Antibakterielle und entz\u00fcndungshemmende Eigenschaften \u2013 ideal bei Akne oder Couperose<\/li>\n<li data-section-id=\"1lje6cj\" data-start=\"1063\" data-end=\"1164\">Glatte Oberfl\u00e4che hilft, Faltenbildung und Feuchtigkeitsverlust zu reduzieren (Well-Aging Effekt)<\/li>\n<li data-section-id=\"20bese\" data-start=\"1165\" data-end=\"1210\">Hypoallergen und besonders hautfreundlich<\/li>\n<\/ul>\n<p data-start=\"1212\" data-end=\"1232\"><strong data-start=\"1212\" data-end=\"1230\">Haargesundheit<\/strong><\/p>\n<ul data-start=\"1233\" data-end=\"1464\">\n<li data-section-id=\"hh0xdv\" data-start=\"1233\" data-end=\"1298\">Verhindert Haarbruch und Frizz durch die glatte Faserstruktur<\/li>\n<li data-section-id=\"1961hou\" data-start=\"1299\" data-end=\"1362\">Sorgt f\u00fcr geschmeidiges, gl\u00e4nzendes Haar mit weniger Knoten<\/li>\n<li data-section-id=\"1jlpvdm\" data-start=\"1363\" data-end=\"1404\">Antistatischer Effekt reduziert Frizz<\/li>\n<li data-section-id=\"fa3sfn\" data-start=\"1405\" data-end=\"1464\">Seiden-Scrunchies bieten sanften Halt ohne Druckstellen<\/li>\n<\/ul>\n\n\t\t<\/div>\n\t<\/div>\n<\/div><\/div><\/div><\/div>\n<\/div>","protected":false},"excerpt":{"rendered":"<p data-start=\"1491\" data-end=\"1563\">Seiden-Schlafmaske \u2013 f\u00fcr besseren Schlaf, gesunde Haut und sch\u00f6nes Haar.<\/p>","protected":false},"featured_media":20522,"comment_status":"open","ping_status":"closed","template":"","meta":{"jetpack_post_was_ever_published":false},"etheme_brands":[{"term_id":203,"name":"PANDHY'S\u2122","slug":"pandhys","term_group":0,"term_taxonomy_id":203,"taxonomy":"brand","description":"","parent":0,"count":63,"filter":"raw"}],"product_brand":[],"product_cat":[202,531],"product_tag":[534,532,536,533,535],"class_list":{"0":"post-20511","1":"product","2":"type-product","3":"status-publish","4":"has-post-thumbnail","6":"brand-pandhys","7":"product_cat-neu","8":"product_cat-seiden-collection","9":"product_tag-schlafmaske","10":"product_tag-seide","11":"product_tag-seiden-collection","12":"product_tag-silk","13":"product_tag-sleeping-mask","15":"first","16":"instock","17":"taxable","18":"shipping-taxable","19":"purchasable","20":"product-type-variable"},"yoast_head":"<!-- This site is optimized with the Yoast SEO plugin v27.4 - https:\/\/yoast.com\/product\/yoast-seo-wordpress\/ -->\n<title>PANDHY\u2019S\u2122 Home Selection Seiden-Schlafmaske - Pure Beauty &amp; PANDHY&#039;S Shop<\/title>\n<meta name=\"description\" content=\"Seiden-Schlafmaske \u2013 f\u00f6rdert REM-Schlaf, sch\u00fctzt Haut &amp; Haare. Antibakteriell, hypoallergen und temperaturausgleichend f\u00fcr maximalen Schlafkomfort.\" \/>\n<meta name=\"robots\" content=\"index, follow, max-snippet:-1, max-image-preview:large, max-video-preview:-1\" \/>\n<link rel=\"canonical\" href=\"https:\/\/www.pure-beauty.shop\/en\/product\/seiden-schlafmaske\/\" \/>\n<meta property=\"og:locale\" content=\"en_GB\" \/>\n<meta property=\"og:type\" content=\"article\" \/>\n<meta property=\"og:title\" content=\"PANDHY\u2019S\u2122 Home Selection Seiden-Schlafmaske - Pure Beauty &amp; PANDHY&#039;S Shop\" \/>\n<meta property=\"og:description\" content=\"Seiden-Schlafmaske \u2013 f\u00f6rdert REM-Schlaf, sch\u00fctzt Haut &amp; Haare. Antibakteriell, hypoallergen und temperaturausgleichend f\u00fcr maximalen Schlafkomfort.\" \/>\n<meta property=\"og:url\" content=\"https:\/\/www.pure-beauty.shop\/en\/product\/seiden-schlafmaske\/\" \/>\n<meta property=\"og:site_name\" content=\"Pure Beauty &amp; PANDHY&#039;S Shop\" \/>\n<meta property=\"article:modified_time\" content=\"2026-04-19T15:40:42+00:00\" \/>\n<meta property=\"og:image\" content=\"https:\/\/www.pure-beauty.shop\/wp-content\/uploads\/2025\/05\/BOR_9637-2.jpg\" \/>\n\t<meta property=\"og:image:width\" content=\"1444\" \/>\n\t<meta property=\"og:image:height\" content=\"1330\" \/>\n\t<meta property=\"og:image:type\" content=\"image\/jpeg\" \/>\n<meta name=\"twitter:card\" content=\"summary_large_image\" \/>\n<meta name=\"twitter:label1\" content=\"Estimated reading time\" \/>\n\t<meta name=\"twitter:data1\" content=\"1 minute\" \/>\n<script type=\"application\/ld+json\" class=\"yoast-schema-graph\">{\"@context\":\"https:\\\/\\\/schema.org\",\"@graph\":[{\"@type\":\"WebPage\",\"@id\":\"https:\\\/\\\/www.pure-beauty.shop\\\/produkt\\\/seiden-schlafmaske\\\/\",\"url\":\"https:\\\/\\\/www.pure-beauty.shop\\\/produkt\\\/seiden-schlafmaske\\\/\",\"name\":\"PANDHY\u2019S\u2122 Home Selection Seiden-Schlafmaske - Pure Beauty &amp; PANDHY&#039;S Shop\",\"isPartOf\":{\"@id\":\"https:\\\/\\\/www.pure-beauty.shop\\\/#website\"},\"primaryImageOfPage\":{\"@id\":\"https:\\\/\\\/www.pure-beauty.shop\\\/produkt\\\/seiden-schlafmaske\\\/#primaryimage\"},\"image\":{\"@id\":\"https:\\\/\\\/www.pure-beauty.shop\\\/produkt\\\/seiden-schlafmaske\\\/#primaryimage\"},\"thumbnailUrl\":\"https:\\\/\\\/www.pure-beauty.shop\\\/wp-content\\\/uploads\\\/2025\\\/05\\\/BOR_9637-2.jpg\",\"datePublished\":\"2025-05-16T20:51:36+00:00\",\"dateModified\":\"2026-04-19T15:40:42+00:00\",\"description\":\"Seiden-Schlafmaske \u2013 f\u00f6rdert REM-Schlaf, sch\u00fctzt Haut & Haare. Antibakteriell, hypoallergen und temperaturausgleichend f\u00fcr maximalen Schlafkomfort.\",\"breadcrumb\":{\"@id\":\"https:\\\/\\\/www.pure-beauty.shop\\\/produkt\\\/seiden-schlafmaske\\\/#breadcrumb\"},\"inLanguage\":\"en-GB\",\"potentialAction\":[{\"@type\":\"ReadAction\",\"target\":[\"https:\\\/\\\/www.pure-beauty.shop\\\/produkt\\\/seiden-schlafmaske\\\/\"]}]},{\"@type\":\"ImageObject\",\"inLanguage\":\"en-GB\",\"@id\":\"https:\\\/\\\/www.pure-beauty.shop\\\/produkt\\\/seiden-schlafmaske\\\/#primaryimage\",\"url\":\"https:\\\/\\\/www.pure-beauty.shop\\\/wp-content\\\/uploads\\\/2025\\\/05\\\/BOR_9637-2.jpg\",\"contentUrl\":\"https:\\\/\\\/www.pure-beauty.shop\\\/wp-content\\\/uploads\\\/2025\\\/05\\\/BOR_9637-2.jpg\",\"width\":1444,\"height\":1330},{\"@type\":\"BreadcrumbList\",\"@id\":\"https:\\\/\\\/www.pure-beauty.shop\\\/produkt\\\/seiden-schlafmaske\\\/#breadcrumb\",\"itemListElement\":[{\"@type\":\"ListItem\",\"position\":1,\"name\":\"Startseite\",\"item\":\"https:\\\/\\\/www.pure-beauty.shop\\\/\"},{\"@type\":\"ListItem\",\"position\":2,\"name\":\"Shop\",\"item\":\"https:\\\/\\\/www.pure-beauty.shop\\\/en\\\/shop\\\/\"},{\"@type\":\"ListItem\",\"position\":3,\"name\":\"PANDHY\u2019S\u2122 Home Selection Seiden-Schlafmaske\"}]},{\"@type\":\"WebSite\",\"@id\":\"https:\\\/\\\/www.pure-beauty.shop\\\/#website\",\"url\":\"https:\\\/\\\/www.pure-beauty.shop\\\/\",\"name\":\"Pure Beauty &amp; PANDHY&#039;S Shop\",\"description\":\"Kosmetikshop in Graz\",\"potentialAction\":[{\"@type\":\"SearchAction\",\"target\":{\"@type\":\"EntryPoint\",\"urlTemplate\":\"https:\\\/\\\/www.pure-beauty.shop\\\/?s={search_term_string}\"},\"query-input\":{\"@type\":\"PropertyValueSpecification\",\"valueRequired\":true,\"valueName\":\"search_term_string\"}}],\"inLanguage\":\"en-GB\"}]}<\/script>\n<!-- \/ Yoast SEO plugin. -->","yoast_head_json":{"title":"PANDHY\u2019S\u2122 Home Selection Seiden-Schlafmaske - Pure Beauty &amp; PANDHY&#039;S Shop","description":"Seiden-Schlafmaske \u2013 f\u00f6rdert REM-Schlaf, sch\u00fctzt Haut & Haare. Antibakteriell, hypoallergen und temperaturausgleichend f\u00fcr maximalen Schlafkomfort.","robots":{"index":"index","follow":"follow","max-snippet":"max-snippet:-1","max-image-preview":"max-image-preview:large","max-video-preview":"max-video-preview:-1"},"canonical":"https:\/\/www.pure-beauty.shop\/en\/product\/seiden-schlafmaske\/","og_locale":"en_GB","og_type":"article","og_title":"PANDHY\u2019S\u2122 Home Selection Seiden-Schlafmaske - Pure Beauty &amp; PANDHY&#039;S Shop","og_description":"Seiden-Schlafmaske \u2013 f\u00f6rdert REM-Schlaf, sch\u00fctzt Haut & Haare. Antibakteriell, hypoallergen und temperaturausgleichend f\u00fcr maximalen Schlafkomfort.","og_url":"https:\/\/www.pure-beauty.shop\/en\/product\/seiden-schlafmaske\/","og_site_name":"Pure Beauty &amp; PANDHY&#039;S Shop","article_modified_time":"2026-04-19T15:40:42+00:00","og_image":[{"width":1444,"height":1330,"url":"https:\/\/www.pure-beauty.shop\/wp-content\/uploads\/2025\/05\/BOR_9637-2.jpg","type":"image\/jpeg"}],"twitter_card":"summary_large_image","twitter_misc":{"Estimated reading time":"1 minute"},"schema":{"@context":"https:\/\/schema.org","@graph":[{"@type":"WebPage","@id":"https:\/\/www.pure-beauty.shop\/produkt\/seiden-schlafmaske\/","url":"https:\/\/www.pure-beauty.shop\/produkt\/seiden-schlafmaske\/","name":"PANDHY\u2019S\u2122 Home Selection Seiden-Schlafmaske - Pure Beauty &amp; PANDHY&#039;S Shop","isPartOf":{"@id":"https:\/\/www.pure-beauty.shop\/#website"},"primaryImageOfPage":{"@id":"https:\/\/www.pure-beauty.shop\/produkt\/seiden-schlafmaske\/#primaryimage"},"image":{"@id":"https:\/\/www.pure-beauty.shop\/produkt\/seiden-schlafmaske\/#primaryimage"},"thumbnailUrl":"https:\/\/www.pure-beauty.shop\/wp-content\/uploads\/2025\/05\/BOR_9637-2.jpg","datePublished":"2025-05-16T20:51:36+00:00","dateModified":"2026-04-19T15:40:42+00:00","description":"Seiden-Schlafmaske \u2013 f\u00f6rdert REM-Schlaf, sch\u00fctzt Haut & Haare. Antibakteriell, hypoallergen und temperaturausgleichend f\u00fcr maximalen Schlafkomfort.","breadcrumb":{"@id":"https:\/\/www.pure-beauty.shop\/produkt\/seiden-schlafmaske\/#breadcrumb"},"inLanguage":"en-GB","potentialAction":[{"@type":"ReadAction","target":["https:\/\/www.pure-beauty.shop\/produkt\/seiden-schlafmaske\/"]}]},{"@type":"ImageObject","inLanguage":"en-GB","@id":"https:\/\/www.pure-beauty.shop\/produkt\/seiden-schlafmaske\/#primaryimage","url":"https:\/\/www.pure-beauty.shop\/wp-content\/uploads\/2025\/05\/BOR_9637-2.jpg","contentUrl":"https:\/\/www.pure-beauty.shop\/wp-content\/uploads\/2025\/05\/BOR_9637-2.jpg","width":1444,"height":1330},{"@type":"BreadcrumbList","@id":"https:\/\/www.pure-beauty.shop\/produkt\/seiden-schlafmaske\/#breadcrumb","itemListElement":[{"@type":"ListItem","position":1,"name":"Startseite","item":"https:\/\/www.pure-beauty.shop\/"},{"@type":"ListItem","position":2,"name":"Shop","item":"https:\/\/www.pure-beauty.shop\/en\/shop\/"},{"@type":"ListItem","position":3,"name":"PANDHY\u2019S\u2122 Home Selection Seiden-Schlafmaske"}]},{"@type":"WebSite","@id":"https:\/\/www.pure-beauty.shop\/#website","url":"https:\/\/www.pure-beauty.shop\/","name":"Pure Beauty &amp; PANDHY&#039;S Shop","description":"Kosmetikshop in Graz","potentialAction":[{"@type":"SearchAction","target":{"@type":"EntryPoint","urlTemplate":"https:\/\/www.pure-beauty.shop\/?s={search_term_string}"},"query-input":{"@type":"PropertyValueSpecification","valueRequired":true,"valueName":"search_term_string"}}],"inLanguage":"en-GB"}]}},"jetpack_sharing_enabled":true,"_links":{"self":[{"href":"https:\/\/www.pure-beauty.shop\/en\/wp-json\/wp\/v2\/product\/20511","targetHints":{"allow":["GET"]}}],"collection":[{"href":"https:\/\/www.pure-beauty.shop\/en\/wp-json\/wp\/v2\/product"}],"about":[{"href":"https:\/\/www.pure-beauty.shop\/en\/wp-json\/wp\/v2\/types\/product"}],"replies":[{"embeddable":true,"href":"https:\/\/www.pure-beauty.shop\/en\/wp-json\/wp\/v2\/comments?post=20511"}],"wp:featuredmedia":[{"embeddable":true,"href":"https:\/\/www.pure-beauty.shop\/en\/wp-json\/wp\/v2\/media\/20522"}],"wp:attachment":[{"href":"https:\/\/www.pure-beauty.shop\/en\/wp-json\/wp\/v2\/media?parent=20511"}],"wp:term":[{"taxonomy":"brand","embeddable":true,"href":"https:\/\/www.pure-beauty.shop\/en\/wp-json\/wp\/v2\/etheme_brands?post=20511"},{"taxonomy":"product_brand","embeddable":true,"href":"https:\/\/www.pure-beauty.shop\/en\/wp-json\/wp\/v2\/product_brand?post=20511"},{"taxonomy":"product_cat","embeddable":true,"href":"https:\/\/www.pure-beauty.shop\/en\/wp-json\/wp\/v2\/product_cat?post=20511"},{"taxonomy":"product_tag","embeddable":true,"href":"https:\/\/www.pure-beauty.shop\/en\/wp-json\/wp\/v2\/product_tag?post=20511"}],"curies":[{"name":"wp","href":"https:\/\/api.w.org\/{rel}","templated":true}]}}