{"id":20650,"date":"2025-10-04T21:46:13","date_gmt":"2025-10-04T19:46:13","guid":{"rendered":"https:\/\/www.pure-beauty.shop\/?post_type=product&#038;p=20650"},"modified":"2026-04-20T03:38:34","modified_gmt":"2026-04-20T01:38:34","slug":"neuro-active-serum","status":"publish","type":"product","link":"https:\/\/www.pure-beauty.shop\/en\/product\/neuro-active-serum\/","title":{"rendered":"COSMIX Neuro Active Serum (30 ml)"},"content":{"rendered":"<div class=\"wpb-content-wrapper\"><div class=\"vc_row wpb_row vc_row-fluid et_custom_uniqid_69e89602c4aec\"><div class=\"wpb_column vc_column_container vc_col-sm-12 et_custom_uniqid_69e89602c4ac7\"><div class=\"vc_column-inner\"><div class=\"wpb_wrapper\">\n\t<div class=\"wpb_text_column wpb_content_element\" >\n\t\t<div class=\"wpb_wrapper\">\n\t\t\t<p data-start=\"79\" data-end=\"386\">Das Neuro-Active-Serum (NAS) ist eine innovative neuro-kosmetische Pflegeformel f\u00fcr eine gesunde, strahlende und sichtbar ausgeglichene Haut \u2013 auch bekannt als \u201eHappiness in the Bottle\u201c. Es unterst\u00fctzt die nat\u00fcrlichen Verj\u00fcngungsmechanismen der Haut und wirkt gezielt gegen stressbedingte Hauterscheinungen.<\/p>\n<p data-start=\"388\" data-end=\"647\">Die t\u00e4gliche Anwendung bietet einen umfassenden Schutz vor Hautstress (\u201eMulti-Ohm-Schutz\u201c), f\u00f6rdert die Zellregeneration und tr\u00e4gt zu einem harmonischen, vitalen Hautbild bei. Die Haut wirkt entspannter, ausgeglichener und erh\u00e4lt eine nat\u00fcrliche Ausstrahlung.<\/p>\n<p data-start=\"649\" data-end=\"1169\">Ausgew\u00e4hlte Wirkstoffe sorgen f\u00fcr gezielte Effekte: Wilder Indigo reduziert die Kortisolproduktion, wirkt beruhigend und verleiht der Haut neue Strahlkraft. Kulturapfel, Baikal-Helmkraut und Chinawurzel st\u00e4rken die Hautbarriere und unterst\u00fctzen eine jugendliche Hautstruktur. Tara-Gummi, afrikanisches Sterngras und ayurvedisches Steinkraut wirken aufhellend und gleichen den Hautton aus. F\u00e4rber-Kn\u00f6terich stimuliert die Melaninproduktion, unterst\u00fctzt die Vitamin-D-Synthese und sch\u00fctzt vor moderater Sonneneinstrahlung.<\/p>\n<h6 data-start=\"649\" data-end=\"1169\">INCI: aqua (water), propanediol, glycerin, faex extract, sodium hyaluronate, silkworm sh-polypeptide-47, poria cocos polysaccharide, hydrolyzed sodium hyaluronate, moringa oleifera seed oil, pyrus malus (apple) fruit extract, tephrosia purpurea seed extract, hypoxis rooperi rhizome extract, polygonum tinctorium leaf\/stem extract, sodium hyaluronate crosspolymer, boerhavia diffusa (red spiderling) root extract, caesalpinia spinosa (tara) gum, baicalin, rosmarinus officinalis (rosemary) leaf extract, levulinic acid, pentylene glycol, tocopheryl acetate, sodium chloride, glyceryl caprylate, calcium gluconate, gluconolactone, xanthan gum, sodium benzoate, potassium sorbate, parfum (fragrance)<\/h6>\n\n\t\t<\/div>\n\t<\/div>\n<\/div><\/div><\/div><\/div>\n<\/div>","protected":false},"excerpt":{"rendered":"<p data-start=\"1196\" data-end=\"1289\">Neuro-Active-Serum \u2013 bringt die Haut ins Gleichgewicht und sorgt f\u00fcr strahlende Ausstrahlung.<\/p>","protected":false},"featured_media":20651,"comment_status":"open","ping_status":"closed","template":"","meta":{"jetpack_post_was_ever_published":false},"etheme_brands":[{"term_id":205,"name":"COSMIX","slug":"cosmix","term_group":0,"term_taxonomy_id":205,"taxonomy":"brand","description":"","parent":0,"count":46,"filter":"raw"}],"product_brand":[],"product_cat":[172,202,170,177],"product_tag":[],"class_list":{"0":"post-20650","1":"product","2":"type-product","3":"status-publish","4":"has-post-thumbnail","6":"brand-cosmix","7":"product_cat-gesicht","8":"product_cat-neu","9":"product_cat-pflege","10":"product_cat-serum_booster_ampullen","12":"first","13":"instock","14":"taxable","15":"shipping-taxable","16":"purchasable","17":"product-type-simple"},"yoast_head":"<!-- This site is optimized with the Yoast SEO plugin v27.4 - https:\/\/yoast.com\/product\/yoast-seo-wordpress\/ -->\n<title>COSMIX Neuro Active Serum (30 ml) - Pure Beauty &amp; PANDHY&#039;S Shop<\/title>\n<meta name=\"description\" content=\"Neuro-Active-Serum \u2013 innovative Anti-Aging Pflege gegen Hautstress. St\u00e4rkt die Hautbarriere, f\u00f6rdert Regeneration und sorgt f\u00fcr einen strahlenden Teint.\" \/>\n<meta name=\"robots\" content=\"index, follow, max-snippet:-1, max-image-preview:large, max-video-preview:-1\" \/>\n<link rel=\"canonical\" href=\"https:\/\/www.pure-beauty.shop\/en\/product\/neuro-active-serum\/\" \/>\n<meta property=\"og:locale\" content=\"en_GB\" \/>\n<meta property=\"og:type\" content=\"article\" \/>\n<meta property=\"og:title\" content=\"COSMIX Neuro Active Serum (30 ml) - Pure Beauty &amp; PANDHY&#039;S Shop\" \/>\n<meta property=\"og:description\" content=\"Neuro-Active-Serum \u2013 innovative Anti-Aging Pflege gegen Hautstress. St\u00e4rkt die Hautbarriere, f\u00f6rdert Regeneration und sorgt f\u00fcr einen strahlenden Teint.\" \/>\n<meta property=\"og:url\" content=\"https:\/\/www.pure-beauty.shop\/en\/product\/neuro-active-serum\/\" \/>\n<meta property=\"og:site_name\" content=\"Pure Beauty &amp; PANDHY&#039;S Shop\" \/>\n<meta property=\"article:modified_time\" content=\"2026-04-20T01:38:34+00:00\" \/>\n<meta property=\"og:image\" content=\"https:\/\/www.pure-beauty.shop\/wp-content\/uploads\/2025\/10\/PANDHYS\u2122-Cosmix-Neuro-Active-Serum-30-ml-1024x1024.png\" \/>\n\t<meta property=\"og:image:width\" content=\"1024\" \/>\n\t<meta property=\"og:image:height\" content=\"1024\" \/>\n\t<meta property=\"og:image:type\" content=\"image\/png\" \/>\n<meta name=\"twitter:card\" content=\"summary_large_image\" \/>\n<meta name=\"twitter:label1\" content=\"Estimated reading time\" \/>\n\t<meta name=\"twitter:data1\" content=\"1 minute\" \/>\n<script type=\"application\/ld+json\" class=\"yoast-schema-graph\">{\"@context\":\"https:\\\/\\\/schema.org\",\"@graph\":[{\"@type\":\"WebPage\",\"@id\":\"https:\\\/\\\/www.pure-beauty.shop\\\/produkt\\\/neuro-active-serum\\\/\",\"url\":\"https:\\\/\\\/www.pure-beauty.shop\\\/produkt\\\/neuro-active-serum\\\/\",\"name\":\"COSMIX Neuro Active Serum (30 ml) - Pure Beauty &amp; PANDHY&#039;S Shop\",\"isPartOf\":{\"@id\":\"https:\\\/\\\/www.pure-beauty.shop\\\/#website\"},\"primaryImageOfPage\":{\"@id\":\"https:\\\/\\\/www.pure-beauty.shop\\\/produkt\\\/neuro-active-serum\\\/#primaryimage\"},\"image\":{\"@id\":\"https:\\\/\\\/www.pure-beauty.shop\\\/produkt\\\/neuro-active-serum\\\/#primaryimage\"},\"thumbnailUrl\":\"https:\\\/\\\/www.pure-beauty.shop\\\/wp-content\\\/uploads\\\/2025\\\/10\\\/PANDHYS\u2122-Cosmix-Neuro-Active-Serum-30-ml.png\",\"datePublished\":\"2025-10-04T19:46:13+00:00\",\"dateModified\":\"2026-04-20T01:38:34+00:00\",\"description\":\"Neuro-Active-Serum \u2013 innovative Anti-Aging Pflege gegen Hautstress. St\u00e4rkt die Hautbarriere, f\u00f6rdert Regeneration und sorgt f\u00fcr einen strahlenden Teint.\",\"breadcrumb\":{\"@id\":\"https:\\\/\\\/www.pure-beauty.shop\\\/produkt\\\/neuro-active-serum\\\/#breadcrumb\"},\"inLanguage\":\"en-GB\",\"potentialAction\":[{\"@type\":\"ReadAction\",\"target\":[\"https:\\\/\\\/www.pure-beauty.shop\\\/produkt\\\/neuro-active-serum\\\/\"]}]},{\"@type\":\"ImageObject\",\"inLanguage\":\"en-GB\",\"@id\":\"https:\\\/\\\/www.pure-beauty.shop\\\/produkt\\\/neuro-active-serum\\\/#primaryimage\",\"url\":\"https:\\\/\\\/www.pure-beauty.shop\\\/wp-content\\\/uploads\\\/2025\\\/10\\\/PANDHYS\u2122-Cosmix-Neuro-Active-Serum-30-ml.png\",\"contentUrl\":\"https:\\\/\\\/www.pure-beauty.shop\\\/wp-content\\\/uploads\\\/2025\\\/10\\\/PANDHYS\u2122-Cosmix-Neuro-Active-Serum-30-ml.png\",\"width\":2000,\"height\":2000},{\"@type\":\"BreadcrumbList\",\"@id\":\"https:\\\/\\\/www.pure-beauty.shop\\\/produkt\\\/neuro-active-serum\\\/#breadcrumb\",\"itemListElement\":[{\"@type\":\"ListItem\",\"position\":1,\"name\":\"Startseite\",\"item\":\"https:\\\/\\\/www.pure-beauty.shop\\\/\"},{\"@type\":\"ListItem\",\"position\":2,\"name\":\"Shop\",\"item\":\"https:\\\/\\\/www.pure-beauty.shop\\\/en\\\/shop\\\/\"},{\"@type\":\"ListItem\",\"position\":3,\"name\":\"COSMIX Neuro Active Serum (30 ml)\"}]},{\"@type\":\"WebSite\",\"@id\":\"https:\\\/\\\/www.pure-beauty.shop\\\/#website\",\"url\":\"https:\\\/\\\/www.pure-beauty.shop\\\/\",\"name\":\"Pure Beauty &amp; PANDHY&#039;S Shop\",\"description\":\"Kosmetikshop in Graz\",\"potentialAction\":[{\"@type\":\"SearchAction\",\"target\":{\"@type\":\"EntryPoint\",\"urlTemplate\":\"https:\\\/\\\/www.pure-beauty.shop\\\/?s={search_term_string}\"},\"query-input\":{\"@type\":\"PropertyValueSpecification\",\"valueRequired\":true,\"valueName\":\"search_term_string\"}}],\"inLanguage\":\"en-GB\"}]}<\/script>\n<!-- \/ Yoast SEO plugin. -->","yoast_head_json":{"title":"COSMIX Neuro Active Serum (30 ml) - Pure Beauty &amp; PANDHY&#039;S Shop","description":"Neuro-Active-Serum \u2013 innovative Anti-Aging Pflege gegen Hautstress. St\u00e4rkt die Hautbarriere, f\u00f6rdert Regeneration und sorgt f\u00fcr einen strahlenden Teint.","robots":{"index":"index","follow":"follow","max-snippet":"max-snippet:-1","max-image-preview":"max-image-preview:large","max-video-preview":"max-video-preview:-1"},"canonical":"https:\/\/www.pure-beauty.shop\/en\/product\/neuro-active-serum\/","og_locale":"en_GB","og_type":"article","og_title":"COSMIX Neuro Active Serum (30 ml) - Pure Beauty &amp; PANDHY&#039;S Shop","og_description":"Neuro-Active-Serum \u2013 innovative Anti-Aging Pflege gegen Hautstress. St\u00e4rkt die Hautbarriere, f\u00f6rdert Regeneration und sorgt f\u00fcr einen strahlenden Teint.","og_url":"https:\/\/www.pure-beauty.shop\/en\/product\/neuro-active-serum\/","og_site_name":"Pure Beauty &amp; PANDHY&#039;S Shop","article_modified_time":"2026-04-20T01:38:34+00:00","og_image":[{"width":1024,"height":1024,"url":"https:\/\/www.pure-beauty.shop\/wp-content\/uploads\/2025\/10\/PANDHYS\u2122-Cosmix-Neuro-Active-Serum-30-ml-1024x1024.png","type":"image\/png"}],"twitter_card":"summary_large_image","twitter_misc":{"Estimated reading time":"1 minute"},"schema":{"@context":"https:\/\/schema.org","@graph":[{"@type":"WebPage","@id":"https:\/\/www.pure-beauty.shop\/produkt\/neuro-active-serum\/","url":"https:\/\/www.pure-beauty.shop\/produkt\/neuro-active-serum\/","name":"COSMIX Neuro Active Serum (30 ml) - Pure Beauty &amp; PANDHY&#039;S Shop","isPartOf":{"@id":"https:\/\/www.pure-beauty.shop\/#website"},"primaryImageOfPage":{"@id":"https:\/\/www.pure-beauty.shop\/produkt\/neuro-active-serum\/#primaryimage"},"image":{"@id":"https:\/\/www.pure-beauty.shop\/produkt\/neuro-active-serum\/#primaryimage"},"thumbnailUrl":"https:\/\/www.pure-beauty.shop\/wp-content\/uploads\/2025\/10\/PANDHYS\u2122-Cosmix-Neuro-Active-Serum-30-ml.png","datePublished":"2025-10-04T19:46:13+00:00","dateModified":"2026-04-20T01:38:34+00:00","description":"Neuro-Active-Serum \u2013 innovative Anti-Aging Pflege gegen Hautstress. St\u00e4rkt die Hautbarriere, f\u00f6rdert Regeneration und sorgt f\u00fcr einen strahlenden Teint.","breadcrumb":{"@id":"https:\/\/www.pure-beauty.shop\/produkt\/neuro-active-serum\/#breadcrumb"},"inLanguage":"en-GB","potentialAction":[{"@type":"ReadAction","target":["https:\/\/www.pure-beauty.shop\/produkt\/neuro-active-serum\/"]}]},{"@type":"ImageObject","inLanguage":"en-GB","@id":"https:\/\/www.pure-beauty.shop\/produkt\/neuro-active-serum\/#primaryimage","url":"https:\/\/www.pure-beauty.shop\/wp-content\/uploads\/2025\/10\/PANDHYS\u2122-Cosmix-Neuro-Active-Serum-30-ml.png","contentUrl":"https:\/\/www.pure-beauty.shop\/wp-content\/uploads\/2025\/10\/PANDHYS\u2122-Cosmix-Neuro-Active-Serum-30-ml.png","width":2000,"height":2000},{"@type":"BreadcrumbList","@id":"https:\/\/www.pure-beauty.shop\/produkt\/neuro-active-serum\/#breadcrumb","itemListElement":[{"@type":"ListItem","position":1,"name":"Startseite","item":"https:\/\/www.pure-beauty.shop\/"},{"@type":"ListItem","position":2,"name":"Shop","item":"https:\/\/www.pure-beauty.shop\/en\/shop\/"},{"@type":"ListItem","position":3,"name":"COSMIX Neuro Active Serum (30 ml)"}]},{"@type":"WebSite","@id":"https:\/\/www.pure-beauty.shop\/#website","url":"https:\/\/www.pure-beauty.shop\/","name":"Pure Beauty &amp; PANDHY&#039;S Shop","description":"Kosmetikshop in Graz","potentialAction":[{"@type":"SearchAction","target":{"@type":"EntryPoint","urlTemplate":"https:\/\/www.pure-beauty.shop\/?s={search_term_string}"},"query-input":{"@type":"PropertyValueSpecification","valueRequired":true,"valueName":"search_term_string"}}],"inLanguage":"en-GB"}]}},"jetpack_sharing_enabled":true,"_links":{"self":[{"href":"https:\/\/www.pure-beauty.shop\/en\/wp-json\/wp\/v2\/product\/20650","targetHints":{"allow":["GET"]}}],"collection":[{"href":"https:\/\/www.pure-beauty.shop\/en\/wp-json\/wp\/v2\/product"}],"about":[{"href":"https:\/\/www.pure-beauty.shop\/en\/wp-json\/wp\/v2\/types\/product"}],"replies":[{"embeddable":true,"href":"https:\/\/www.pure-beauty.shop\/en\/wp-json\/wp\/v2\/comments?post=20650"}],"wp:featuredmedia":[{"embeddable":true,"href":"https:\/\/www.pure-beauty.shop\/en\/wp-json\/wp\/v2\/media\/20651"}],"wp:attachment":[{"href":"https:\/\/www.pure-beauty.shop\/en\/wp-json\/wp\/v2\/media?parent=20650"}],"wp:term":[{"taxonomy":"brand","embeddable":true,"href":"https:\/\/www.pure-beauty.shop\/en\/wp-json\/wp\/v2\/etheme_brands?post=20650"},{"taxonomy":"product_brand","embeddable":true,"href":"https:\/\/www.pure-beauty.shop\/en\/wp-json\/wp\/v2\/product_brand?post=20650"},{"taxonomy":"product_cat","embeddable":true,"href":"https:\/\/www.pure-beauty.shop\/en\/wp-json\/wp\/v2\/product_cat?post=20650"},{"taxonomy":"product_tag","embeddable":true,"href":"https:\/\/www.pure-beauty.shop\/en\/wp-json\/wp\/v2\/product_tag?post=20650"}],"curies":[{"name":"wp","href":"https:\/\/api.w.org\/{rel}","templated":true}]}}