{"id":21013,"date":"2026-04-10T22:44:11","date_gmt":"2026-04-10T20:44:11","guid":{"rendered":"https:\/\/www.pure-beauty.shop\/produkt\/kabuki-pinsel-2\/"},"modified":"2026-04-10T22:52:51","modified_gmt":"2026-04-10T20:52:51","slug":"oval-kabuki","status":"publish","type":"product","link":"https:\/\/www.pure-beauty.shop\/en\/product\/oval-kabuki\/","title":{"rendered":"Oval Kabuki"},"content":{"rendered":"<div class=\"wpb-content-wrapper\"><div class=\"vc_row wpb_row vc_row-fluid et_custom_uniqid_69e1cbb452d56\"><div class=\"wpb_column vc_column_container vc_col-sm-12 et_custom_uniqid_69e1cbb452d31\"><div class=\"vc_column-inner\"><div class=\"wpb_wrapper\">\n\t<div class=\"wpb_text_column wpb_content_element\" >\n\t\t<div class=\"wpb_wrapper\">\n\t\t\t<div class=\"vc_row wpb_row vc_row-fluid et_custom_uniqid_63b349ad96062 mpc-row\">\n<div class=\"wpb_column vc_column_container vc_col-sm-12 et_custom_uniqid_63b349ad94fcb mpc-column\" data-column-id=\"mpc_column-6063b349b493061\">\n<div class=\"vc_column-inner\">\n<div class=\"wpb_wrapper\">\n<div class=\"wpb_text_column wpb_content_element\">\n<div class=\"wpb_wrapper\">\n<p data-start=\"79\" data-end=\"301\">Der ovale Kabuki-Pinsel ist ein mittelgro\u00dfer, dicht gebundener Pinsel mit besonders weichen Haaren und ergonomischem Stiel. Er erm\u00f6glicht ein gleichm\u00e4\u00dfiges und pr\u00e4zises Auftragen sowie ein nahtloses Verblenden von Make-up.<\/p>\n<p data-start=\"303\" data-end=\"545\">Dank seiner ovalen Form passt sich der Pinsel optimal den Gesichtskonturen an und eignet sich hervorragend zum Konturieren und Definieren. Er kann vielseitig verwendet werden und ist ideal f\u00fcr Puder-, Creme- und fl\u00fcssige Foundations geeignet.<\/p>\n<p data-start=\"547\" data-end=\"641\">F\u00fcr ein ebenm\u00e4\u00dfiges, professionelles Finish und ein angenehmes Hautgef\u00fchl bei jeder Anwendung.<\/p>\n<\/div>\n<\/div>\n<\/div>\n<\/div>\n<\/div>\n<\/div>\n\n\t\t<\/div>\n\t<\/div>\n<\/div><\/div><\/div><\/div>\n<\/div>","protected":false},"excerpt":{"rendered":"<p data-start=\"668\" data-end=\"756\">Ovaler Kabuki-Pinsel \u2013 perfekt zum Verblenden und Konturieren f\u00fcr ein makelloses Finish.<\/p>","protected":false},"featured_media":21015,"comment_status":"open","ping_status":"closed","template":"","meta":{"jetpack_post_was_ever_published":false},"etheme_brands":[{"term_id":206,"name":"MINERAL MAKEUP","slug":"mineralmakeup","term_group":0,"term_taxonomy_id":206,"taxonomy":"brand","description":"","parent":0,"count":12,"filter":"raw"}],"product_brand":[],"product_cat":[213,216,171,212,214,199],"product_tag":[],"class_list":{"0":"post-21013","1":"product","2":"type-product","3":"status-publish","4":"has-post-thumbnail","6":"brand-mineralmakeup","7":"product_cat-foundation","8":"product_cat-highlighter","9":"product_cat-make-up","10":"product_cat-puder","11":"product_cat-rouge","12":"product_cat-teint","14":"first","15":"instock","16":"taxable","17":"shipping-taxable","18":"purchasable","19":"product-type-simple"},"yoast_head":"<!-- This site is optimized with the Yoast SEO plugin v27.4 - https:\/\/yoast.com\/product\/yoast-seo-wordpress\/ -->\n<title>Oval Kabuki - Pure Beauty &amp; PANDHY&#039;S Shop<\/title>\n<meta name=\"description\" content=\"Ovaler Kabuki-Pinsel \u2013 ideal f\u00fcr Puder, Creme &amp; Fl\u00fcssig-Foundation. Weiche, dichte Borsten f\u00fcr pr\u00e4zises Verblenden und ein ebenm\u00e4\u00dfiges Make-up Finish.\" \/>\n<meta name=\"robots\" content=\"index, follow, max-snippet:-1, max-image-preview:large, max-video-preview:-1\" \/>\n<link rel=\"canonical\" href=\"https:\/\/www.pure-beauty.shop\/en\/product\/oval-kabuki\/\" \/>\n<meta property=\"og:locale\" content=\"en_GB\" \/>\n<meta property=\"og:type\" content=\"article\" \/>\n<meta property=\"og:title\" content=\"Oval Kabuki - Pure Beauty &amp; PANDHY&#039;S Shop\" \/>\n<meta property=\"og:description\" content=\"Ovaler Kabuki-Pinsel \u2013 ideal f\u00fcr Puder, Creme &amp; Fl\u00fcssig-Foundation. Weiche, dichte Borsten f\u00fcr pr\u00e4zises Verblenden und ein ebenm\u00e4\u00dfiges Make-up Finish.\" \/>\n<meta property=\"og:url\" content=\"https:\/\/www.pure-beauty.shop\/en\/product\/oval-kabuki\/\" \/>\n<meta property=\"og:site_name\" content=\"Pure Beauty &amp; PANDHY&#039;S Shop\" \/>\n<meta property=\"article:modified_time\" content=\"2026-04-10T20:52:51+00:00\" \/>\n<meta property=\"og:image\" content=\"https:\/\/www.pure-beauty.shop\/wp-content\/uploads\/2026\/04\/Online-Shop-Bilder.png\" \/>\n\t<meta property=\"og:image:width\" content=\"1400\" \/>\n\t<meta property=\"og:image:height\" content=\"1400\" \/>\n\t<meta property=\"og:image:type\" content=\"image\/png\" \/>\n<meta name=\"twitter:card\" content=\"summary_large_image\" \/>\n<meta name=\"twitter:label1\" content=\"Estimated reading time\" \/>\n\t<meta name=\"twitter:data1\" content=\"1 minute\" \/>\n<script type=\"application\/ld+json\" class=\"yoast-schema-graph\">{\"@context\":\"https:\\\/\\\/schema.org\",\"@graph\":[{\"@type\":\"WebPage\",\"@id\":\"https:\\\/\\\/www.pure-beauty.shop\\\/produkt\\\/oval-kabuki\\\/\",\"url\":\"https:\\\/\\\/www.pure-beauty.shop\\\/produkt\\\/oval-kabuki\\\/\",\"name\":\"Oval Kabuki - Pure Beauty &amp; PANDHY&#039;S Shop\",\"isPartOf\":{\"@id\":\"https:\\\/\\\/www.pure-beauty.shop\\\/#website\"},\"primaryImageOfPage\":{\"@id\":\"https:\\\/\\\/www.pure-beauty.shop\\\/produkt\\\/oval-kabuki\\\/#primaryimage\"},\"image\":{\"@id\":\"https:\\\/\\\/www.pure-beauty.shop\\\/produkt\\\/oval-kabuki\\\/#primaryimage\"},\"thumbnailUrl\":\"https:\\\/\\\/www.pure-beauty.shop\\\/wp-content\\\/uploads\\\/2026\\\/04\\\/Online-Shop-Bilder.png\",\"datePublished\":\"2026-04-10T20:44:11+00:00\",\"dateModified\":\"2026-04-10T20:52:51+00:00\",\"description\":\"Ovaler Kabuki-Pinsel \u2013 ideal f\u00fcr Puder, Creme & Fl\u00fcssig-Foundation. Weiche, dichte Borsten f\u00fcr pr\u00e4zises Verblenden und ein ebenm\u00e4\u00dfiges Make-up Finish.\",\"breadcrumb\":{\"@id\":\"https:\\\/\\\/www.pure-beauty.shop\\\/produkt\\\/oval-kabuki\\\/#breadcrumb\"},\"inLanguage\":\"en-GB\",\"potentialAction\":[{\"@type\":\"ReadAction\",\"target\":[\"https:\\\/\\\/www.pure-beauty.shop\\\/produkt\\\/oval-kabuki\\\/\"]}]},{\"@type\":\"ImageObject\",\"inLanguage\":\"en-GB\",\"@id\":\"https:\\\/\\\/www.pure-beauty.shop\\\/produkt\\\/oval-kabuki\\\/#primaryimage\",\"url\":\"https:\\\/\\\/www.pure-beauty.shop\\\/wp-content\\\/uploads\\\/2026\\\/04\\\/Online-Shop-Bilder.png\",\"contentUrl\":\"https:\\\/\\\/www.pure-beauty.shop\\\/wp-content\\\/uploads\\\/2026\\\/04\\\/Online-Shop-Bilder.png\",\"width\":1400,\"height\":1400},{\"@type\":\"BreadcrumbList\",\"@id\":\"https:\\\/\\\/www.pure-beauty.shop\\\/produkt\\\/oval-kabuki\\\/#breadcrumb\",\"itemListElement\":[{\"@type\":\"ListItem\",\"position\":1,\"name\":\"Startseite\",\"item\":\"https:\\\/\\\/www.pure-beauty.shop\\\/\"},{\"@type\":\"ListItem\",\"position\":2,\"name\":\"Shop\",\"item\":\"https:\\\/\\\/www.pure-beauty.shop\\\/en\\\/shop\\\/\"},{\"@type\":\"ListItem\",\"position\":3,\"name\":\"Oval Kabuki\"}]},{\"@type\":\"WebSite\",\"@id\":\"https:\\\/\\\/www.pure-beauty.shop\\\/#website\",\"url\":\"https:\\\/\\\/www.pure-beauty.shop\\\/\",\"name\":\"Pure Beauty &amp; PANDHY&#039;S Shop\",\"description\":\"Kosmetikshop in Graz\",\"potentialAction\":[{\"@type\":\"SearchAction\",\"target\":{\"@type\":\"EntryPoint\",\"urlTemplate\":\"https:\\\/\\\/www.pure-beauty.shop\\\/?s={search_term_string}\"},\"query-input\":{\"@type\":\"PropertyValueSpecification\",\"valueRequired\":true,\"valueName\":\"search_term_string\"}}],\"inLanguage\":\"en-GB\"}]}<\/script>\n<!-- \/ Yoast SEO plugin. -->","yoast_head_json":{"title":"Oval Kabuki - Pure Beauty &amp; PANDHY&#039;S Shop","description":"Ovaler Kabuki-Pinsel \u2013 ideal f\u00fcr Puder, Creme & Fl\u00fcssig-Foundation. Weiche, dichte Borsten f\u00fcr pr\u00e4zises Verblenden und ein ebenm\u00e4\u00dfiges Make-up Finish.","robots":{"index":"index","follow":"follow","max-snippet":"max-snippet:-1","max-image-preview":"max-image-preview:large","max-video-preview":"max-video-preview:-1"},"canonical":"https:\/\/www.pure-beauty.shop\/en\/product\/oval-kabuki\/","og_locale":"en_GB","og_type":"article","og_title":"Oval Kabuki - Pure Beauty &amp; PANDHY&#039;S Shop","og_description":"Ovaler Kabuki-Pinsel \u2013 ideal f\u00fcr Puder, Creme & Fl\u00fcssig-Foundation. Weiche, dichte Borsten f\u00fcr pr\u00e4zises Verblenden und ein ebenm\u00e4\u00dfiges Make-up Finish.","og_url":"https:\/\/www.pure-beauty.shop\/en\/product\/oval-kabuki\/","og_site_name":"Pure Beauty &amp; PANDHY&#039;S Shop","article_modified_time":"2026-04-10T20:52:51+00:00","og_image":[{"width":1400,"height":1400,"url":"https:\/\/www.pure-beauty.shop\/wp-content\/uploads\/2026\/04\/Online-Shop-Bilder.png","type":"image\/png"}],"twitter_card":"summary_large_image","twitter_misc":{"Estimated reading time":"1 minute"},"schema":{"@context":"https:\/\/schema.org","@graph":[{"@type":"WebPage","@id":"https:\/\/www.pure-beauty.shop\/produkt\/oval-kabuki\/","url":"https:\/\/www.pure-beauty.shop\/produkt\/oval-kabuki\/","name":"Oval Kabuki - Pure Beauty &amp; PANDHY&#039;S Shop","isPartOf":{"@id":"https:\/\/www.pure-beauty.shop\/#website"},"primaryImageOfPage":{"@id":"https:\/\/www.pure-beauty.shop\/produkt\/oval-kabuki\/#primaryimage"},"image":{"@id":"https:\/\/www.pure-beauty.shop\/produkt\/oval-kabuki\/#primaryimage"},"thumbnailUrl":"https:\/\/www.pure-beauty.shop\/wp-content\/uploads\/2026\/04\/Online-Shop-Bilder.png","datePublished":"2026-04-10T20:44:11+00:00","dateModified":"2026-04-10T20:52:51+00:00","description":"Ovaler Kabuki-Pinsel \u2013 ideal f\u00fcr Puder, Creme & Fl\u00fcssig-Foundation. Weiche, dichte Borsten f\u00fcr pr\u00e4zises Verblenden und ein ebenm\u00e4\u00dfiges Make-up Finish.","breadcrumb":{"@id":"https:\/\/www.pure-beauty.shop\/produkt\/oval-kabuki\/#breadcrumb"},"inLanguage":"en-GB","potentialAction":[{"@type":"ReadAction","target":["https:\/\/www.pure-beauty.shop\/produkt\/oval-kabuki\/"]}]},{"@type":"ImageObject","inLanguage":"en-GB","@id":"https:\/\/www.pure-beauty.shop\/produkt\/oval-kabuki\/#primaryimage","url":"https:\/\/www.pure-beauty.shop\/wp-content\/uploads\/2026\/04\/Online-Shop-Bilder.png","contentUrl":"https:\/\/www.pure-beauty.shop\/wp-content\/uploads\/2026\/04\/Online-Shop-Bilder.png","width":1400,"height":1400},{"@type":"BreadcrumbList","@id":"https:\/\/www.pure-beauty.shop\/produkt\/oval-kabuki\/#breadcrumb","itemListElement":[{"@type":"ListItem","position":1,"name":"Startseite","item":"https:\/\/www.pure-beauty.shop\/"},{"@type":"ListItem","position":2,"name":"Shop","item":"https:\/\/www.pure-beauty.shop\/en\/shop\/"},{"@type":"ListItem","position":3,"name":"Oval Kabuki"}]},{"@type":"WebSite","@id":"https:\/\/www.pure-beauty.shop\/#website","url":"https:\/\/www.pure-beauty.shop\/","name":"Pure Beauty &amp; PANDHY&#039;S Shop","description":"Kosmetikshop in Graz","potentialAction":[{"@type":"SearchAction","target":{"@type":"EntryPoint","urlTemplate":"https:\/\/www.pure-beauty.shop\/?s={search_term_string}"},"query-input":{"@type":"PropertyValueSpecification","valueRequired":true,"valueName":"search_term_string"}}],"inLanguage":"en-GB"}]}},"jetpack_sharing_enabled":true,"_links":{"self":[{"href":"https:\/\/www.pure-beauty.shop\/en\/wp-json\/wp\/v2\/product\/21013","targetHints":{"allow":["GET"]}}],"collection":[{"href":"https:\/\/www.pure-beauty.shop\/en\/wp-json\/wp\/v2\/product"}],"about":[{"href":"https:\/\/www.pure-beauty.shop\/en\/wp-json\/wp\/v2\/types\/product"}],"replies":[{"embeddable":true,"href":"https:\/\/www.pure-beauty.shop\/en\/wp-json\/wp\/v2\/comments?post=21013"}],"wp:featuredmedia":[{"embeddable":true,"href":"https:\/\/www.pure-beauty.shop\/en\/wp-json\/wp\/v2\/media\/21015"}],"wp:attachment":[{"href":"https:\/\/www.pure-beauty.shop\/en\/wp-json\/wp\/v2\/media?parent=21013"}],"wp:term":[{"taxonomy":"brand","embeddable":true,"href":"https:\/\/www.pure-beauty.shop\/en\/wp-json\/wp\/v2\/etheme_brands?post=21013"},{"taxonomy":"product_brand","embeddable":true,"href":"https:\/\/www.pure-beauty.shop\/en\/wp-json\/wp\/v2\/product_brand?post=21013"},{"taxonomy":"product_cat","embeddable":true,"href":"https:\/\/www.pure-beauty.shop\/en\/wp-json\/wp\/v2\/product_cat?post=21013"},{"taxonomy":"product_tag","embeddable":true,"href":"https:\/\/www.pure-beauty.shop\/en\/wp-json\/wp\/v2\/product_tag?post=21013"}],"curies":[{"name":"wp","href":"https:\/\/api.w.org\/{rel}","templated":true}]}}