{"id":21091,"date":"2026-04-11T14:05:02","date_gmt":"2026-04-11T12:05:02","guid":{"rendered":"https:\/\/www.pure-beauty.shop\/?post_type=product&#038;p=21091"},"modified":"2026-04-11T14:50:46","modified_gmt":"2026-04-11T12:50:46","slug":"cosmix-perfume-set","status":"publish","type":"product","link":"https:\/\/www.pure-beauty.shop\/en\/product\/cosmix-perfume-set\/","title":{"rendered":"COSMIX Scent Set Perfume"},"content":{"rendered":"<div class=\"wpb-content-wrapper\"><div class=\"vc_row wpb_row vc_row-fluid et_custom_uniqid_69dafc5b6136f\"><div class=\"wpb_column vc_column_container vc_col-sm-12 et_custom_uniqid_69dafc5b6134c\"><div class=\"vc_column-inner\"><div class=\"wpb_wrapper\">\n\t<div class=\"wpb_text_column wpb_content_element\" >\n\t\t<div class=\"wpb_wrapper\">\n\t\t\t<p data-start=\"79\" data-end=\"365\">Die COSMIX Perfume Scents bieten die M\u00f6glichkeit, alle unparf\u00fcmierten Basisformulierungen individuell mit einem Lieblingsduft zu veredeln. Bereits vor der Behandlung kann der gew\u00fcnschte Duft ausgew\u00e4hlt werden, um Kabinenbehandlungen zu einem sinnlichen, pers\u00f6nlichen Erlebnis zu machen.<\/p>\n<p data-start=\"367\" data-end=\"578\">Auch f\u00fcr die Heimpflege lassen sich Cremes und Masken ganz nach Wunsch beduften und individuell anpassen. So entsteht eine durchgehend personalisierte Pflegeroutine \u2013 abgestimmt auf die Vorlieben der Kund:innen.<\/p>\n<p data-start=\"580\" data-end=\"819\">Die Perfume Scents bestehen aus 6 synthetischen Duftkompositionen in unterschiedlichen Duftrichtungen. Sie wurden speziell f\u00fcr Personen entwickelt, die empfindlich auf \u00e4therische \u00d6le reagieren, und bieten eine gut vertr\u00e4gliche Alternative.<\/p>\n<p data-start=\"821\" data-end=\"837\"><strong data-start=\"821\" data-end=\"835\">Dosierung:<\/strong><\/p>\n<ul data-start=\"838\" data-end=\"952\">\n<li data-section-id=\"oy2vis\" data-start=\"838\" data-end=\"894\">Kabinenanwendung: 3\u20134 Tropfen pro Behandlungsschritt<\/li>\n<li data-section-id=\"1utk988\" data-start=\"895\" data-end=\"952\">Heimpflege: ca. 10 Tropfen auf 50 ml Creme oder Maske<\/li>\n<\/ul>\n<h6>INCI: opus 1 &#8211; 6: caprylic\/capri triglyceride, perfum (fragrance)<\/h6>\n\n\t\t<\/div>\n\t<\/div>\n<\/div><\/div><\/div><\/div>\n<\/div>","protected":false},"excerpt":{"rendered":"<p data-start=\"979\" data-end=\"1064\">Perfume Scents \u2013 individuelle Duftkompositionen f\u00fcr personalisierte Pflegeerlebnisse.<\/p>","protected":false},"featured_media":21093,"comment_status":"open","ping_status":"closed","template":"","meta":{"jetpack_post_was_ever_published":false},"etheme_brands":[{"term_id":205,"name":"COSMIX","slug":"cosmix","term_group":0,"term_taxonomy_id":205,"taxonomy":"brand","description":"","parent":0,"count":32,"filter":"raw"}],"product_brand":[],"product_cat":[172,170,569],"product_tag":[],"class_list":{"0":"post-21091","1":"product","2":"type-product","3":"status-publish","4":"has-post-thumbnail","6":"brand-cosmix","7":"product_cat-gesicht","8":"product_cat-pflege","9":"product_cat-wirkstoffe","11":"first","12":"instock","13":"taxable","14":"shipping-taxable","15":"purchasable","16":"product-type-variable","17":"has-default-attributes"},"yoast_head":"<!-- This site is optimized with the Yoast SEO plugin v27.3 - https:\/\/yoast.com\/product\/yoast-seo-wordpress\/ -->\n<title>COSMIX Scent Set Perfume - Pure Beauty &amp; PANDHY&#039;S Shop<\/title>\n<meta name=\"description\" content=\"COSMIX Perfume Scents \u2013 6 Duftkompositionen zur individuellen Beduftung von Pflegeprodukten. Ideal f\u00fcr empfindliche Haut und personalisierte Behandlungen.\" \/>\n<meta name=\"robots\" content=\"index, follow, max-snippet:-1, max-image-preview:large, max-video-preview:-1\" \/>\n<link rel=\"canonical\" href=\"https:\/\/www.pure-beauty.shop\/en\/product\/cosmix-perfume-set\/\" \/>\n<meta property=\"og:locale\" content=\"en_GB\" \/>\n<meta property=\"og:type\" content=\"article\" \/>\n<meta property=\"og:title\" content=\"COSMIX Scent Set Perfume - Pure Beauty &amp; PANDHY&#039;S Shop\" \/>\n<meta property=\"og:description\" content=\"COSMIX Perfume Scents \u2013 6 Duftkompositionen zur individuellen Beduftung von Pflegeprodukten. Ideal f\u00fcr empfindliche Haut und personalisierte Behandlungen.\" \/>\n<meta property=\"og:url\" content=\"https:\/\/www.pure-beauty.shop\/en\/product\/cosmix-perfume-set\/\" \/>\n<meta property=\"og:site_name\" content=\"Pure Beauty &amp; PANDHY&#039;S Shop\" \/>\n<meta property=\"article:modified_time\" content=\"2026-04-11T12:50:46+00:00\" \/>\n<meta property=\"og:image\" content=\"https:\/\/www.pure-beauty.shop\/wp-content\/uploads\/2026\/04\/Online-Shop-Bilder-20.png\" \/>\n\t<meta property=\"og:image:width\" content=\"1400\" \/>\n\t<meta property=\"og:image:height\" content=\"1400\" \/>\n\t<meta property=\"og:image:type\" content=\"image\/png\" \/>\n<meta name=\"twitter:card\" content=\"summary_large_image\" \/>\n<meta name=\"twitter:label1\" content=\"Estimated reading time\" \/>\n\t<meta name=\"twitter:data1\" content=\"1 minute\" \/>\n<script type=\"application\/ld+json\" class=\"yoast-schema-graph\">{\"@context\":\"https:\\\/\\\/schema.org\",\"@graph\":[{\"@type\":\"WebPage\",\"@id\":\"https:\\\/\\\/www.pure-beauty.shop\\\/produkt\\\/cosmix-perfume-set\\\/\",\"url\":\"https:\\\/\\\/www.pure-beauty.shop\\\/produkt\\\/cosmix-perfume-set\\\/\",\"name\":\"COSMIX Scent Set Perfume - Pure Beauty &amp; PANDHY&#039;S Shop\",\"isPartOf\":{\"@id\":\"https:\\\/\\\/www.pure-beauty.shop\\\/#website\"},\"primaryImageOfPage\":{\"@id\":\"https:\\\/\\\/www.pure-beauty.shop\\\/produkt\\\/cosmix-perfume-set\\\/#primaryimage\"},\"image\":{\"@id\":\"https:\\\/\\\/www.pure-beauty.shop\\\/produkt\\\/cosmix-perfume-set\\\/#primaryimage\"},\"thumbnailUrl\":\"https:\\\/\\\/www.pure-beauty.shop\\\/wp-content\\\/uploads\\\/2026\\\/04\\\/Online-Shop-Bilder-20.png\",\"datePublished\":\"2026-04-11T12:05:02+00:00\",\"dateModified\":\"2026-04-11T12:50:46+00:00\",\"description\":\"COSMIX Perfume Scents \u2013 6 Duftkompositionen zur individuellen Beduftung von Pflegeprodukten. Ideal f\u00fcr empfindliche Haut und personalisierte Behandlungen.\",\"breadcrumb\":{\"@id\":\"https:\\\/\\\/www.pure-beauty.shop\\\/produkt\\\/cosmix-perfume-set\\\/#breadcrumb\"},\"inLanguage\":\"en-GB\",\"potentialAction\":[{\"@type\":\"ReadAction\",\"target\":[\"https:\\\/\\\/www.pure-beauty.shop\\\/produkt\\\/cosmix-perfume-set\\\/\"]}]},{\"@type\":\"ImageObject\",\"inLanguage\":\"en-GB\",\"@id\":\"https:\\\/\\\/www.pure-beauty.shop\\\/produkt\\\/cosmix-perfume-set\\\/#primaryimage\",\"url\":\"https:\\\/\\\/www.pure-beauty.shop\\\/wp-content\\\/uploads\\\/2026\\\/04\\\/Online-Shop-Bilder-20.png\",\"contentUrl\":\"https:\\\/\\\/www.pure-beauty.shop\\\/wp-content\\\/uploads\\\/2026\\\/04\\\/Online-Shop-Bilder-20.png\",\"width\":1400,\"height\":1400},{\"@type\":\"BreadcrumbList\",\"@id\":\"https:\\\/\\\/www.pure-beauty.shop\\\/produkt\\\/cosmix-perfume-set\\\/#breadcrumb\",\"itemListElement\":[{\"@type\":\"ListItem\",\"position\":1,\"name\":\"Startseite\",\"item\":\"https:\\\/\\\/www.pure-beauty.shop\\\/\"},{\"@type\":\"ListItem\",\"position\":2,\"name\":\"Shop\",\"item\":\"https:\\\/\\\/www.pure-beauty.shop\\\/en\\\/shop\\\/\"},{\"@type\":\"ListItem\",\"position\":3,\"name\":\"COSMIX Scent Set Perfume\"}]},{\"@type\":\"WebSite\",\"@id\":\"https:\\\/\\\/www.pure-beauty.shop\\\/#website\",\"url\":\"https:\\\/\\\/www.pure-beauty.shop\\\/\",\"name\":\"Pure Beauty &amp; PANDHY&#039;S Shop\",\"description\":\"Kosmetikshop in Graz\",\"potentialAction\":[{\"@type\":\"SearchAction\",\"target\":{\"@type\":\"EntryPoint\",\"urlTemplate\":\"https:\\\/\\\/www.pure-beauty.shop\\\/?s={search_term_string}\"},\"query-input\":{\"@type\":\"PropertyValueSpecification\",\"valueRequired\":true,\"valueName\":\"search_term_string\"}}],\"inLanguage\":\"en-GB\"}]}<\/script>\n<!-- \/ Yoast SEO plugin. -->","yoast_head_json":{"title":"COSMIX Scent Set Perfume - Pure Beauty &amp; PANDHY&#039;S Shop","description":"COSMIX Perfume Scents \u2013 6 Duftkompositionen zur individuellen Beduftung von Pflegeprodukten. Ideal f\u00fcr empfindliche Haut und personalisierte Behandlungen.","robots":{"index":"index","follow":"follow","max-snippet":"max-snippet:-1","max-image-preview":"max-image-preview:large","max-video-preview":"max-video-preview:-1"},"canonical":"https:\/\/www.pure-beauty.shop\/en\/product\/cosmix-perfume-set\/","og_locale":"en_GB","og_type":"article","og_title":"COSMIX Scent Set Perfume - Pure Beauty &amp; PANDHY&#039;S Shop","og_description":"COSMIX Perfume Scents \u2013 6 Duftkompositionen zur individuellen Beduftung von Pflegeprodukten. Ideal f\u00fcr empfindliche Haut und personalisierte Behandlungen.","og_url":"https:\/\/www.pure-beauty.shop\/en\/product\/cosmix-perfume-set\/","og_site_name":"Pure Beauty &amp; PANDHY&#039;S Shop","article_modified_time":"2026-04-11T12:50:46+00:00","og_image":[{"width":1400,"height":1400,"url":"https:\/\/www.pure-beauty.shop\/wp-content\/uploads\/2026\/04\/Online-Shop-Bilder-20.png","type":"image\/png"}],"twitter_card":"summary_large_image","twitter_misc":{"Estimated reading time":"1 minute"},"schema":{"@context":"https:\/\/schema.org","@graph":[{"@type":"WebPage","@id":"https:\/\/www.pure-beauty.shop\/produkt\/cosmix-perfume-set\/","url":"https:\/\/www.pure-beauty.shop\/produkt\/cosmix-perfume-set\/","name":"COSMIX Scent Set Perfume - Pure Beauty &amp; PANDHY&#039;S Shop","isPartOf":{"@id":"https:\/\/www.pure-beauty.shop\/#website"},"primaryImageOfPage":{"@id":"https:\/\/www.pure-beauty.shop\/produkt\/cosmix-perfume-set\/#primaryimage"},"image":{"@id":"https:\/\/www.pure-beauty.shop\/produkt\/cosmix-perfume-set\/#primaryimage"},"thumbnailUrl":"https:\/\/www.pure-beauty.shop\/wp-content\/uploads\/2026\/04\/Online-Shop-Bilder-20.png","datePublished":"2026-04-11T12:05:02+00:00","dateModified":"2026-04-11T12:50:46+00:00","description":"COSMIX Perfume Scents \u2013 6 Duftkompositionen zur individuellen Beduftung von Pflegeprodukten. Ideal f\u00fcr empfindliche Haut und personalisierte Behandlungen.","breadcrumb":{"@id":"https:\/\/www.pure-beauty.shop\/produkt\/cosmix-perfume-set\/#breadcrumb"},"inLanguage":"en-GB","potentialAction":[{"@type":"ReadAction","target":["https:\/\/www.pure-beauty.shop\/produkt\/cosmix-perfume-set\/"]}]},{"@type":"ImageObject","inLanguage":"en-GB","@id":"https:\/\/www.pure-beauty.shop\/produkt\/cosmix-perfume-set\/#primaryimage","url":"https:\/\/www.pure-beauty.shop\/wp-content\/uploads\/2026\/04\/Online-Shop-Bilder-20.png","contentUrl":"https:\/\/www.pure-beauty.shop\/wp-content\/uploads\/2026\/04\/Online-Shop-Bilder-20.png","width":1400,"height":1400},{"@type":"BreadcrumbList","@id":"https:\/\/www.pure-beauty.shop\/produkt\/cosmix-perfume-set\/#breadcrumb","itemListElement":[{"@type":"ListItem","position":1,"name":"Startseite","item":"https:\/\/www.pure-beauty.shop\/"},{"@type":"ListItem","position":2,"name":"Shop","item":"https:\/\/www.pure-beauty.shop\/en\/shop\/"},{"@type":"ListItem","position":3,"name":"COSMIX Scent Set Perfume"}]},{"@type":"WebSite","@id":"https:\/\/www.pure-beauty.shop\/#website","url":"https:\/\/www.pure-beauty.shop\/","name":"Pure Beauty &amp; PANDHY&#039;S Shop","description":"Kosmetikshop in Graz","potentialAction":[{"@type":"SearchAction","target":{"@type":"EntryPoint","urlTemplate":"https:\/\/www.pure-beauty.shop\/?s={search_term_string}"},"query-input":{"@type":"PropertyValueSpecification","valueRequired":true,"valueName":"search_term_string"}}],"inLanguage":"en-GB"}]}},"jetpack_sharing_enabled":true,"_links":{"self":[{"href":"https:\/\/www.pure-beauty.shop\/en\/wp-json\/wp\/v2\/product\/21091","targetHints":{"allow":["GET"]}}],"collection":[{"href":"https:\/\/www.pure-beauty.shop\/en\/wp-json\/wp\/v2\/product"}],"about":[{"href":"https:\/\/www.pure-beauty.shop\/en\/wp-json\/wp\/v2\/types\/product"}],"replies":[{"embeddable":true,"href":"https:\/\/www.pure-beauty.shop\/en\/wp-json\/wp\/v2\/comments?post=21091"}],"wp:featuredmedia":[{"embeddable":true,"href":"https:\/\/www.pure-beauty.shop\/en\/wp-json\/wp\/v2\/media\/21093"}],"wp:attachment":[{"href":"https:\/\/www.pure-beauty.shop\/en\/wp-json\/wp\/v2\/media?parent=21091"}],"wp:term":[{"taxonomy":"brand","embeddable":true,"href":"https:\/\/www.pure-beauty.shop\/en\/wp-json\/wp\/v2\/etheme_brands?post=21091"},{"taxonomy":"product_brand","embeddable":true,"href":"https:\/\/www.pure-beauty.shop\/en\/wp-json\/wp\/v2\/product_brand?post=21091"},{"taxonomy":"product_cat","embeddable":true,"href":"https:\/\/www.pure-beauty.shop\/en\/wp-json\/wp\/v2\/product_cat?post=21091"},{"taxonomy":"product_tag","embeddable":true,"href":"https:\/\/www.pure-beauty.shop\/en\/wp-json\/wp\/v2\/product_tag?post=21091"}],"curies":[{"name":"wp","href":"https:\/\/api.w.org\/{rel}","templated":true}]}}