{"id":21103,"date":"2026-04-11T14:05:57","date_gmt":"2026-04-11T12:05:57","guid":{"rendered":"https:\/\/www.pure-beauty.shop\/produkt\/cosmix-perfume-set-2\/"},"modified":"2026-04-11T14:18:07","modified_gmt":"2026-04-11T12:18:07","slug":"cosmix-facial-set","status":"publish","type":"product","link":"https:\/\/www.pure-beauty.shop\/en\/product\/cosmix-facial-set\/","title":{"rendered":"COSMIX Scent Set Facial"},"content":{"rendered":"<div class=\"wpb-content-wrapper\"><div class=\"vc_row wpb_row vc_row-fluid et_custom_uniqid_69dae41017831\"><div class=\"wpb_column vc_column_container vc_col-sm-12 et_custom_uniqid_69dae410177fd\"><div class=\"vc_column-inner\"><div class=\"wpb_wrapper\">\n\t<div class=\"wpb_text_column wpb_content_element\" >\n\t\t<div class=\"wpb_wrapper\">\n\t\t\t<p data-start=\"79\" data-end=\"377\">Die COSMIX Facial Scents erm\u00f6glichen es, alle unparf\u00fcmierten Basisformulierungen individuell mit nat\u00fcrlichen Duftkompositionen zu veredeln. Bereits vor der Behandlung kann der pers\u00f6nliche Lieblingsduft ausgew\u00e4hlt werden, um Kabinenanwendungen zu einem ganzheitlichen, sinnlichen Erlebnis zu machen.<\/p>\n<p data-start=\"379\" data-end=\"549\">Auch f\u00fcr die Heimpflege k\u00f6nnen Cremes und Masken nach Wunsch beduftet werden \u2013 f\u00fcr eine individuell abgestimmte Pflege, die perfekt zu den Vorlieben der Kund:innen passt.<\/p>\n<p data-start=\"551\" data-end=\"782\">Die Facial Scents bestehen aus 6 nat\u00fcrlichen, \u00e4therischen Duftkompositionen. Sie enthalten sorgf\u00e4ltig ausgew\u00e4hlte, reine \u00e4therische \u00d6le in unterschiedlichen Duftrichtungen und verbinden Pflege mit aromatherapeutischem Wohlbefinden.<\/p>\n<p data-start=\"784\" data-end=\"800\"><strong data-start=\"784\" data-end=\"798\">Dosierung:<\/strong><\/p>\n<ul data-start=\"801\" data-end=\"915\">\n<li data-section-id=\"oy2vis\" data-start=\"801\" data-end=\"857\">Kabinenanwendung: 3\u20134 Tropfen pro Behandlungsschritt<\/li>\n<li data-section-id=\"1utk988\" data-start=\"858\" data-end=\"915\">Heimpflege: ca. 10 Tropfen auf 50 ml Creme oder Maske<\/li>\n<\/ul>\n<h6>INCI: Die vollst\u00e4ndige INCI Liste f\u00fcr dieses Produkt ist via R\u00fcckfrage erh\u00e4ltlich..<\/h6>\n\n\t\t<\/div>\n\t<\/div>\n<\/div><\/div><\/div><\/div>\n<\/div>","protected":false},"excerpt":{"rendered":"<p data-start=\"942\" data-end=\"1031\">Facial Scents \u2013 nat\u00fcrliche Duftkompositionen f\u00fcr personalisierte Pflege und Wohlbefinden.<\/p>","protected":false},"featured_media":21094,"comment_status":"open","ping_status":"closed","template":"","meta":{"jetpack_post_was_ever_published":false},"etheme_brands":[{"term_id":205,"name":"COSMIX","slug":"cosmix","term_group":0,"term_taxonomy_id":205,"taxonomy":"brand","description":"","parent":0,"count":32,"filter":"raw"}],"product_brand":[],"product_cat":[172,170,569],"product_tag":[],"class_list":{"0":"post-21103","1":"product","2":"type-product","3":"status-publish","4":"has-post-thumbnail","6":"brand-cosmix","7":"product_cat-gesicht","8":"product_cat-pflege","9":"product_cat-wirkstoffe","11":"first","12":"instock","13":"taxable","14":"shipping-taxable","15":"purchasable","16":"product-type-variable","17":"has-default-attributes"},"yoast_head":"<!-- This site is optimized with the Yoast SEO plugin v27.3 - https:\/\/yoast.com\/product\/yoast-seo-wordpress\/ -->\n<title>COSMIX Scent Set Facial - Pure Beauty &amp; PANDHY&#039;S Shop<\/title>\n<meta name=\"description\" content=\"COSMIX Facial Scents \u2013 6 nat\u00fcrliche Duftkompositionen mit \u00e4therischen \u00d6len zur individuellen Beduftung von Pflegeprodukten. F\u00fcr ein ganzheitliches Pflegeerlebnis.\" \/>\n<meta name=\"robots\" content=\"index, follow, max-snippet:-1, max-image-preview:large, max-video-preview:-1\" \/>\n<link rel=\"canonical\" href=\"https:\/\/www.pure-beauty.shop\/en\/product\/cosmix-facial-set\/\" \/>\n<meta property=\"og:locale\" content=\"en_GB\" \/>\n<meta property=\"og:type\" content=\"article\" \/>\n<meta property=\"og:title\" content=\"COSMIX Scent Set Facial - Pure Beauty &amp; PANDHY&#039;S Shop\" \/>\n<meta property=\"og:description\" content=\"COSMIX Facial Scents \u2013 6 nat\u00fcrliche Duftkompositionen mit \u00e4therischen \u00d6len zur individuellen Beduftung von Pflegeprodukten. F\u00fcr ein ganzheitliches Pflegeerlebnis.\" \/>\n<meta property=\"og:url\" content=\"https:\/\/www.pure-beauty.shop\/en\/product\/cosmix-facial-set\/\" \/>\n<meta property=\"og:site_name\" content=\"Pure Beauty &amp; PANDHY&#039;S Shop\" \/>\n<meta property=\"article:modified_time\" content=\"2026-04-11T12:18:07+00:00\" \/>\n<meta property=\"og:image\" content=\"https:\/\/www.pure-beauty.shop\/wp-content\/uploads\/2026\/04\/Online-Shop-Bilder-21.png\" \/>\n\t<meta property=\"og:image:width\" content=\"1400\" \/>\n\t<meta property=\"og:image:height\" content=\"1400\" \/>\n\t<meta property=\"og:image:type\" content=\"image\/png\" \/>\n<meta name=\"twitter:card\" content=\"summary_large_image\" \/>\n<meta name=\"twitter:label1\" content=\"Estimated reading time\" \/>\n\t<meta name=\"twitter:data1\" content=\"1 minute\" \/>\n<script type=\"application\/ld+json\" class=\"yoast-schema-graph\">{\"@context\":\"https:\\\/\\\/schema.org\",\"@graph\":[{\"@type\":\"WebPage\",\"@id\":\"https:\\\/\\\/www.pure-beauty.shop\\\/produkt\\\/cosmix-facial-set\\\/\",\"url\":\"https:\\\/\\\/www.pure-beauty.shop\\\/produkt\\\/cosmix-facial-set\\\/\",\"name\":\"COSMIX Scent Set Facial - Pure Beauty &amp; PANDHY&#039;S Shop\",\"isPartOf\":{\"@id\":\"https:\\\/\\\/www.pure-beauty.shop\\\/#website\"},\"primaryImageOfPage\":{\"@id\":\"https:\\\/\\\/www.pure-beauty.shop\\\/produkt\\\/cosmix-facial-set\\\/#primaryimage\"},\"image\":{\"@id\":\"https:\\\/\\\/www.pure-beauty.shop\\\/produkt\\\/cosmix-facial-set\\\/#primaryimage\"},\"thumbnailUrl\":\"https:\\\/\\\/www.pure-beauty.shop\\\/wp-content\\\/uploads\\\/2026\\\/04\\\/Online-Shop-Bilder-21.png\",\"datePublished\":\"2026-04-11T12:05:57+00:00\",\"dateModified\":\"2026-04-11T12:18:07+00:00\",\"description\":\"COSMIX Facial Scents \u2013 6 nat\u00fcrliche Duftkompositionen mit \u00e4therischen \u00d6len zur individuellen Beduftung von Pflegeprodukten. F\u00fcr ein ganzheitliches Pflegeerlebnis.\",\"breadcrumb\":{\"@id\":\"https:\\\/\\\/www.pure-beauty.shop\\\/produkt\\\/cosmix-facial-set\\\/#breadcrumb\"},\"inLanguage\":\"en-GB\",\"potentialAction\":[{\"@type\":\"ReadAction\",\"target\":[\"https:\\\/\\\/www.pure-beauty.shop\\\/produkt\\\/cosmix-facial-set\\\/\"]}]},{\"@type\":\"ImageObject\",\"inLanguage\":\"en-GB\",\"@id\":\"https:\\\/\\\/www.pure-beauty.shop\\\/produkt\\\/cosmix-facial-set\\\/#primaryimage\",\"url\":\"https:\\\/\\\/www.pure-beauty.shop\\\/wp-content\\\/uploads\\\/2026\\\/04\\\/Online-Shop-Bilder-21.png\",\"contentUrl\":\"https:\\\/\\\/www.pure-beauty.shop\\\/wp-content\\\/uploads\\\/2026\\\/04\\\/Online-Shop-Bilder-21.png\",\"width\":1400,\"height\":1400},{\"@type\":\"BreadcrumbList\",\"@id\":\"https:\\\/\\\/www.pure-beauty.shop\\\/produkt\\\/cosmix-facial-set\\\/#breadcrumb\",\"itemListElement\":[{\"@type\":\"ListItem\",\"position\":1,\"name\":\"Startseite\",\"item\":\"https:\\\/\\\/www.pure-beauty.shop\\\/\"},{\"@type\":\"ListItem\",\"position\":2,\"name\":\"Shop\",\"item\":\"https:\\\/\\\/www.pure-beauty.shop\\\/en\\\/shop\\\/\"},{\"@type\":\"ListItem\",\"position\":3,\"name\":\"COSMIX Scent Set Facial\"}]},{\"@type\":\"WebSite\",\"@id\":\"https:\\\/\\\/www.pure-beauty.shop\\\/#website\",\"url\":\"https:\\\/\\\/www.pure-beauty.shop\\\/\",\"name\":\"Pure Beauty &amp; PANDHY&#039;S Shop\",\"description\":\"Kosmetikshop in Graz\",\"potentialAction\":[{\"@type\":\"SearchAction\",\"target\":{\"@type\":\"EntryPoint\",\"urlTemplate\":\"https:\\\/\\\/www.pure-beauty.shop\\\/?s={search_term_string}\"},\"query-input\":{\"@type\":\"PropertyValueSpecification\",\"valueRequired\":true,\"valueName\":\"search_term_string\"}}],\"inLanguage\":\"en-GB\"}]}<\/script>\n<!-- \/ Yoast SEO plugin. -->","yoast_head_json":{"title":"COSMIX Scent Set Facial - Pure Beauty &amp; PANDHY&#039;S Shop","description":"COSMIX Facial Scents \u2013 6 nat\u00fcrliche Duftkompositionen mit \u00e4therischen \u00d6len zur individuellen Beduftung von Pflegeprodukten. F\u00fcr ein ganzheitliches Pflegeerlebnis.","robots":{"index":"index","follow":"follow","max-snippet":"max-snippet:-1","max-image-preview":"max-image-preview:large","max-video-preview":"max-video-preview:-1"},"canonical":"https:\/\/www.pure-beauty.shop\/en\/product\/cosmix-facial-set\/","og_locale":"en_GB","og_type":"article","og_title":"COSMIX Scent Set Facial - Pure Beauty &amp; PANDHY&#039;S Shop","og_description":"COSMIX Facial Scents \u2013 6 nat\u00fcrliche Duftkompositionen mit \u00e4therischen \u00d6len zur individuellen Beduftung von Pflegeprodukten. F\u00fcr ein ganzheitliches Pflegeerlebnis.","og_url":"https:\/\/www.pure-beauty.shop\/en\/product\/cosmix-facial-set\/","og_site_name":"Pure Beauty &amp; PANDHY&#039;S Shop","article_modified_time":"2026-04-11T12:18:07+00:00","og_image":[{"width":1400,"height":1400,"url":"https:\/\/www.pure-beauty.shop\/wp-content\/uploads\/2026\/04\/Online-Shop-Bilder-21.png","type":"image\/png"}],"twitter_card":"summary_large_image","twitter_misc":{"Estimated reading time":"1 minute"},"schema":{"@context":"https:\/\/schema.org","@graph":[{"@type":"WebPage","@id":"https:\/\/www.pure-beauty.shop\/produkt\/cosmix-facial-set\/","url":"https:\/\/www.pure-beauty.shop\/produkt\/cosmix-facial-set\/","name":"COSMIX Scent Set Facial - Pure Beauty &amp; PANDHY&#039;S Shop","isPartOf":{"@id":"https:\/\/www.pure-beauty.shop\/#website"},"primaryImageOfPage":{"@id":"https:\/\/www.pure-beauty.shop\/produkt\/cosmix-facial-set\/#primaryimage"},"image":{"@id":"https:\/\/www.pure-beauty.shop\/produkt\/cosmix-facial-set\/#primaryimage"},"thumbnailUrl":"https:\/\/www.pure-beauty.shop\/wp-content\/uploads\/2026\/04\/Online-Shop-Bilder-21.png","datePublished":"2026-04-11T12:05:57+00:00","dateModified":"2026-04-11T12:18:07+00:00","description":"COSMIX Facial Scents \u2013 6 nat\u00fcrliche Duftkompositionen mit \u00e4therischen \u00d6len zur individuellen Beduftung von Pflegeprodukten. F\u00fcr ein ganzheitliches Pflegeerlebnis.","breadcrumb":{"@id":"https:\/\/www.pure-beauty.shop\/produkt\/cosmix-facial-set\/#breadcrumb"},"inLanguage":"en-GB","potentialAction":[{"@type":"ReadAction","target":["https:\/\/www.pure-beauty.shop\/produkt\/cosmix-facial-set\/"]}]},{"@type":"ImageObject","inLanguage":"en-GB","@id":"https:\/\/www.pure-beauty.shop\/produkt\/cosmix-facial-set\/#primaryimage","url":"https:\/\/www.pure-beauty.shop\/wp-content\/uploads\/2026\/04\/Online-Shop-Bilder-21.png","contentUrl":"https:\/\/www.pure-beauty.shop\/wp-content\/uploads\/2026\/04\/Online-Shop-Bilder-21.png","width":1400,"height":1400},{"@type":"BreadcrumbList","@id":"https:\/\/www.pure-beauty.shop\/produkt\/cosmix-facial-set\/#breadcrumb","itemListElement":[{"@type":"ListItem","position":1,"name":"Startseite","item":"https:\/\/www.pure-beauty.shop\/"},{"@type":"ListItem","position":2,"name":"Shop","item":"https:\/\/www.pure-beauty.shop\/en\/shop\/"},{"@type":"ListItem","position":3,"name":"COSMIX Scent Set Facial"}]},{"@type":"WebSite","@id":"https:\/\/www.pure-beauty.shop\/#website","url":"https:\/\/www.pure-beauty.shop\/","name":"Pure Beauty &amp; PANDHY&#039;S Shop","description":"Kosmetikshop in Graz","potentialAction":[{"@type":"SearchAction","target":{"@type":"EntryPoint","urlTemplate":"https:\/\/www.pure-beauty.shop\/?s={search_term_string}"},"query-input":{"@type":"PropertyValueSpecification","valueRequired":true,"valueName":"search_term_string"}}],"inLanguage":"en-GB"}]}},"jetpack_sharing_enabled":true,"_links":{"self":[{"href":"https:\/\/www.pure-beauty.shop\/en\/wp-json\/wp\/v2\/product\/21103","targetHints":{"allow":["GET"]}}],"collection":[{"href":"https:\/\/www.pure-beauty.shop\/en\/wp-json\/wp\/v2\/product"}],"about":[{"href":"https:\/\/www.pure-beauty.shop\/en\/wp-json\/wp\/v2\/types\/product"}],"replies":[{"embeddable":true,"href":"https:\/\/www.pure-beauty.shop\/en\/wp-json\/wp\/v2\/comments?post=21103"}],"wp:featuredmedia":[{"embeddable":true,"href":"https:\/\/www.pure-beauty.shop\/en\/wp-json\/wp\/v2\/media\/21094"}],"wp:attachment":[{"href":"https:\/\/www.pure-beauty.shop\/en\/wp-json\/wp\/v2\/media?parent=21103"}],"wp:term":[{"taxonomy":"brand","embeddable":true,"href":"https:\/\/www.pure-beauty.shop\/en\/wp-json\/wp\/v2\/etheme_brands?post=21103"},{"taxonomy":"product_brand","embeddable":true,"href":"https:\/\/www.pure-beauty.shop\/en\/wp-json\/wp\/v2\/product_brand?post=21103"},{"taxonomy":"product_cat","embeddable":true,"href":"https:\/\/www.pure-beauty.shop\/en\/wp-json\/wp\/v2\/product_cat?post=21103"},{"taxonomy":"product_tag","embeddable":true,"href":"https:\/\/www.pure-beauty.shop\/en\/wp-json\/wp\/v2\/product_tag?post=21103"}],"curies":[{"name":"wp","href":"https:\/\/api.w.org\/{rel}","templated":true}]}}