{"id":21127,"date":"2026-04-11T15:05:10","date_gmt":"2026-04-11T13:05:10","guid":{"rendered":"https:\/\/www.pure-beauty.shop\/produkt\/time-transformer-elixir-2\/"},"modified":"2026-04-11T15:19:37","modified_gmt":"2026-04-11T13:19:37","slug":"cosmix-lift-and-fill","status":"publish","type":"product","link":"https:\/\/www.pure-beauty.shop\/en\/product\/cosmix-lift-and-fill\/","title":{"rendered":"COSMIX Lift &#038; Fill \u00d6l (15 ml)"},"content":{"rendered":"<div class=\"wpb-content-wrapper\"><div class=\"vc_row wpb_row vc_row-fluid et_custom_uniqid_69dafc59d2a79\"><div class=\"wpb_column vc_column_container vc_col-sm-12 et_custom_uniqid_69dafc59d2a57\"><div class=\"vc_column-inner\"><div class=\"wpb_wrapper\">\n\t<div class=\"wpb_text_column wpb_content_element\" >\n\t\t<div class=\"wpb_wrapper\">\n\t\t\t<div class=\"vc_row wpb_row vc_row-fluid et_custom_uniqid_63b3531522358 mpc-row\">\n<div class=\"wpb_column vc_column_container vc_col-sm-12 et_custom_uniqid_63b35315212ef mpc-column\" data-column-id=\"mpc_column-9763b3531b680a0\">\n<div class=\"vc_column-inner\">\n<div class=\"wpb_wrapper\">\n<div class=\"wpb_text_column wpb_content_element\">\n<div class=\"wpb_wrapper\">\n<p data-start=\"79\" data-end=\"363\">Diese hochwirksame \u00d6lmischung wurde speziell entwickelt, um sichtbare Zeichen der Hautalterung gezielt zu reduzieren und der Entstehung neuer Falten vorzubeugen. Sie unterst\u00fctzt die Haut dabei, ihre Struktur zu regenerieren und ein glatteres, gefestigtes Erscheinungsbild zu erzielen.<\/p>\n<p data-start=\"365\" data-end=\"650\">Das Kollagennetz in der Dermis wird reorganisiert, die Elastizit\u00e4t der Haut verbessert und das Mikrorelief sichtbar verfeinert. Der enthaltene Wirkstoff Spilanthol wirkt wie ein nat\u00fcrliches Botox, indem er die Muskelkontraktion sanft hemmt und so zur Gl\u00e4ttung von Mimikfalten beitr\u00e4gt.<\/p>\n<p data-start=\"652\" data-end=\"876\">Die Formulierung ist reich an antioxidativen, synergistisch wirkenden Biomolek\u00fclen wie F\u00e4rberdistel, mongolischem Tragant und Myrte, die gemeinsam die Hautverj\u00fcngung unterst\u00fctzen und die Haut vor \u00e4u\u00dferen Einfl\u00fcssen sch\u00fctzen.<\/p>\n<p data-start=\"878\" data-end=\"1150\"><strong data-start=\"878\" data-end=\"892\">Anwendung:<\/strong><br data-start=\"892\" data-end=\"895\" \/>Das \u00d6l eignet sich hervorragend als Massagemedium, auch in Kombination mit Tools wie Gua Sha oder Nice Globes. Zus\u00e4tzlich kann es in die t\u00e4gliche Pflegeroutine integriert werden: 1\u20133 Tropfen pur als Serum auftragen oder in die gew\u00fcnschte Creme einmischen.<\/p>\n<\/div>\n<h6 data-start=\"878\" data-end=\"1150\">INCI: caprylic \/ capric triglyceride, olea europaea (olive) fruit oil, carthamus tinctorius (safflower) seed oil, astragalus membranaceus root extract, spilanthes acmella flower\/leaf\/stem extract, polyglyceryl-4 oleate, myrtus communis leaf extract, olea europaea (olive) leaf extract, ubiquinone, tocopherol<\/h6>\n<\/div>\n<\/div>\n<\/div>\n<\/div>\n<\/div>\n\n\t\t<\/div>\n\t<\/div>\n<\/div><\/div><\/div><\/div>\n<\/div>","protected":false},"excerpt":{"rendered":"<p data-start=\"1177\" data-end=\"1265\">Anti-Aging \u00d6l \u2013 gl\u00e4ttet Falten, st\u00e4rkt die Hautstruktur und wirkt wie nat\u00fcrliches Botox.<\/p>","protected":false},"featured_media":21129,"comment_status":"open","ping_status":"closed","template":"","meta":{"jetpack_post_was_ever_published":false},"etheme_brands":[{"term_id":205,"name":"COSMIX","slug":"cosmix","term_group":0,"term_taxonomy_id":205,"taxonomy":"brand","description":"","parent":0,"count":32,"filter":"raw"}],"product_brand":[],"product_cat":[172,170,177,180],"product_tag":[],"class_list":{"0":"post-21127","1":"product","2":"type-product","3":"status-publish","4":"has-post-thumbnail","6":"brand-cosmix","7":"product_cat-gesicht","8":"product_cat-pflege","9":"product_cat-serum_booster_ampullen","10":"product_cat-spezialpflege","12":"first","13":"instock","14":"taxable","15":"shipping-taxable","16":"purchasable","17":"product-type-simple"},"yoast_head":"<!-- This site is optimized with the Yoast SEO plugin v27.3 - https:\/\/yoast.com\/product\/yoast-seo-wordpress\/ -->\n<title>COSMIX Lift &amp; Fill \u00d6l (15 ml) - Pure Beauty &amp; PANDHY&#039;S Shop<\/title>\n<meta name=\"description\" content=\"Anti-Aging Gesichts\u00f6l \u2013 reduziert Falten, steigert Elastizit\u00e4t und wirkt mit Spilanthol wie nat\u00fcrliches Botox. Ideal f\u00fcr Massage &amp; t\u00e4gliche Pflege.\" \/>\n<meta name=\"robots\" content=\"index, follow, max-snippet:-1, max-image-preview:large, max-video-preview:-1\" \/>\n<link rel=\"canonical\" href=\"https:\/\/www.pure-beauty.shop\/en\/product\/cosmix-lift-and-fill\/\" \/>\n<meta property=\"og:locale\" content=\"en_GB\" \/>\n<meta property=\"og:type\" content=\"article\" \/>\n<meta property=\"og:title\" content=\"COSMIX Lift &amp; Fill \u00d6l (15 ml) - Pure Beauty &amp; PANDHY&#039;S Shop\" \/>\n<meta property=\"og:description\" content=\"Anti-Aging Gesichts\u00f6l \u2013 reduziert Falten, steigert Elastizit\u00e4t und wirkt mit Spilanthol wie nat\u00fcrliches Botox. Ideal f\u00fcr Massage &amp; t\u00e4gliche Pflege.\" \/>\n<meta property=\"og:url\" content=\"https:\/\/www.pure-beauty.shop\/en\/product\/cosmix-lift-and-fill\/\" \/>\n<meta property=\"og:site_name\" content=\"Pure Beauty &amp; PANDHY&#039;S Shop\" \/>\n<meta property=\"article:modified_time\" content=\"2026-04-11T13:19:37+00:00\" \/>\n<meta property=\"og:image\" content=\"https:\/\/www.pure-beauty.shop\/wp-content\/uploads\/2026\/04\/lift_fill_oil_set-1.jpg\" \/>\n\t<meta property=\"og:image:width\" content=\"2000\" \/>\n\t<meta property=\"og:image:height\" content=\"2000\" \/>\n\t<meta property=\"og:image:type\" content=\"image\/jpeg\" \/>\n<meta name=\"twitter:card\" content=\"summary_large_image\" \/>\n<meta name=\"twitter:label1\" content=\"Estimated reading time\" \/>\n\t<meta name=\"twitter:data1\" content=\"1 minute\" \/>\n<script type=\"application\/ld+json\" class=\"yoast-schema-graph\">{\"@context\":\"https:\\\/\\\/schema.org\",\"@graph\":[{\"@type\":\"WebPage\",\"@id\":\"https:\\\/\\\/www.pure-beauty.shop\\\/produkt\\\/cosmix-lift-and-fill\\\/\",\"url\":\"https:\\\/\\\/www.pure-beauty.shop\\\/produkt\\\/cosmix-lift-and-fill\\\/\",\"name\":\"COSMIX Lift & Fill \u00d6l (15 ml) - Pure Beauty &amp; PANDHY&#039;S Shop\",\"isPartOf\":{\"@id\":\"https:\\\/\\\/www.pure-beauty.shop\\\/#website\"},\"primaryImageOfPage\":{\"@id\":\"https:\\\/\\\/www.pure-beauty.shop\\\/produkt\\\/cosmix-lift-and-fill\\\/#primaryimage\"},\"image\":{\"@id\":\"https:\\\/\\\/www.pure-beauty.shop\\\/produkt\\\/cosmix-lift-and-fill\\\/#primaryimage\"},\"thumbnailUrl\":\"https:\\\/\\\/www.pure-beauty.shop\\\/wp-content\\\/uploads\\\/2026\\\/04\\\/lift_fill_oil_set-1.jpg\",\"datePublished\":\"2026-04-11T13:05:10+00:00\",\"dateModified\":\"2026-04-11T13:19:37+00:00\",\"description\":\"Anti-Aging Gesichts\u00f6l \u2013 reduziert Falten, steigert Elastizit\u00e4t und wirkt mit Spilanthol wie nat\u00fcrliches Botox. Ideal f\u00fcr Massage & t\u00e4gliche Pflege.\",\"breadcrumb\":{\"@id\":\"https:\\\/\\\/www.pure-beauty.shop\\\/produkt\\\/cosmix-lift-and-fill\\\/#breadcrumb\"},\"inLanguage\":\"en-GB\",\"potentialAction\":[{\"@type\":\"ReadAction\",\"target\":[\"https:\\\/\\\/www.pure-beauty.shop\\\/produkt\\\/cosmix-lift-and-fill\\\/\"]}]},{\"@type\":\"ImageObject\",\"inLanguage\":\"en-GB\",\"@id\":\"https:\\\/\\\/www.pure-beauty.shop\\\/produkt\\\/cosmix-lift-and-fill\\\/#primaryimage\",\"url\":\"https:\\\/\\\/www.pure-beauty.shop\\\/wp-content\\\/uploads\\\/2026\\\/04\\\/lift_fill_oil_set-1.jpg\",\"contentUrl\":\"https:\\\/\\\/www.pure-beauty.shop\\\/wp-content\\\/uploads\\\/2026\\\/04\\\/lift_fill_oil_set-1.jpg\",\"width\":2000,\"height\":2000},{\"@type\":\"BreadcrumbList\",\"@id\":\"https:\\\/\\\/www.pure-beauty.shop\\\/produkt\\\/cosmix-lift-and-fill\\\/#breadcrumb\",\"itemListElement\":[{\"@type\":\"ListItem\",\"position\":1,\"name\":\"Startseite\",\"item\":\"https:\\\/\\\/www.pure-beauty.shop\\\/\"},{\"@type\":\"ListItem\",\"position\":2,\"name\":\"Shop\",\"item\":\"https:\\\/\\\/www.pure-beauty.shop\\\/en\\\/shop\\\/\"},{\"@type\":\"ListItem\",\"position\":3,\"name\":\"COSMIX Lift &#038; Fill \u00d6l (15 ml)\"}]},{\"@type\":\"WebSite\",\"@id\":\"https:\\\/\\\/www.pure-beauty.shop\\\/#website\",\"url\":\"https:\\\/\\\/www.pure-beauty.shop\\\/\",\"name\":\"Pure Beauty &amp; PANDHY&#039;S Shop\",\"description\":\"Kosmetikshop in Graz\",\"potentialAction\":[{\"@type\":\"SearchAction\",\"target\":{\"@type\":\"EntryPoint\",\"urlTemplate\":\"https:\\\/\\\/www.pure-beauty.shop\\\/?s={search_term_string}\"},\"query-input\":{\"@type\":\"PropertyValueSpecification\",\"valueRequired\":true,\"valueName\":\"search_term_string\"}}],\"inLanguage\":\"en-GB\"}]}<\/script>\n<!-- \/ Yoast SEO plugin. -->","yoast_head_json":{"title":"COSMIX Lift & Fill \u00d6l (15 ml) - Pure Beauty &amp; PANDHY&#039;S Shop","description":"Anti-Aging Gesichts\u00f6l \u2013 reduziert Falten, steigert Elastizit\u00e4t und wirkt mit Spilanthol wie nat\u00fcrliches Botox. Ideal f\u00fcr Massage & t\u00e4gliche Pflege.","robots":{"index":"index","follow":"follow","max-snippet":"max-snippet:-1","max-image-preview":"max-image-preview:large","max-video-preview":"max-video-preview:-1"},"canonical":"https:\/\/www.pure-beauty.shop\/en\/product\/cosmix-lift-and-fill\/","og_locale":"en_GB","og_type":"article","og_title":"COSMIX Lift & Fill \u00d6l (15 ml) - Pure Beauty &amp; PANDHY&#039;S Shop","og_description":"Anti-Aging Gesichts\u00f6l \u2013 reduziert Falten, steigert Elastizit\u00e4t und wirkt mit Spilanthol wie nat\u00fcrliches Botox. Ideal f\u00fcr Massage & t\u00e4gliche Pflege.","og_url":"https:\/\/www.pure-beauty.shop\/en\/product\/cosmix-lift-and-fill\/","og_site_name":"Pure Beauty &amp; PANDHY&#039;S Shop","article_modified_time":"2026-04-11T13:19:37+00:00","og_image":[{"width":2000,"height":2000,"url":"https:\/\/www.pure-beauty.shop\/wp-content\/uploads\/2026\/04\/lift_fill_oil_set-1.jpg","type":"image\/jpeg"}],"twitter_card":"summary_large_image","twitter_misc":{"Estimated reading time":"1 minute"},"schema":{"@context":"https:\/\/schema.org","@graph":[{"@type":"WebPage","@id":"https:\/\/www.pure-beauty.shop\/produkt\/cosmix-lift-and-fill\/","url":"https:\/\/www.pure-beauty.shop\/produkt\/cosmix-lift-and-fill\/","name":"COSMIX Lift & Fill \u00d6l (15 ml) - Pure Beauty &amp; PANDHY&#039;S Shop","isPartOf":{"@id":"https:\/\/www.pure-beauty.shop\/#website"},"primaryImageOfPage":{"@id":"https:\/\/www.pure-beauty.shop\/produkt\/cosmix-lift-and-fill\/#primaryimage"},"image":{"@id":"https:\/\/www.pure-beauty.shop\/produkt\/cosmix-lift-and-fill\/#primaryimage"},"thumbnailUrl":"https:\/\/www.pure-beauty.shop\/wp-content\/uploads\/2026\/04\/lift_fill_oil_set-1.jpg","datePublished":"2026-04-11T13:05:10+00:00","dateModified":"2026-04-11T13:19:37+00:00","description":"Anti-Aging Gesichts\u00f6l \u2013 reduziert Falten, steigert Elastizit\u00e4t und wirkt mit Spilanthol wie nat\u00fcrliches Botox. Ideal f\u00fcr Massage & t\u00e4gliche Pflege.","breadcrumb":{"@id":"https:\/\/www.pure-beauty.shop\/produkt\/cosmix-lift-and-fill\/#breadcrumb"},"inLanguage":"en-GB","potentialAction":[{"@type":"ReadAction","target":["https:\/\/www.pure-beauty.shop\/produkt\/cosmix-lift-and-fill\/"]}]},{"@type":"ImageObject","inLanguage":"en-GB","@id":"https:\/\/www.pure-beauty.shop\/produkt\/cosmix-lift-and-fill\/#primaryimage","url":"https:\/\/www.pure-beauty.shop\/wp-content\/uploads\/2026\/04\/lift_fill_oil_set-1.jpg","contentUrl":"https:\/\/www.pure-beauty.shop\/wp-content\/uploads\/2026\/04\/lift_fill_oil_set-1.jpg","width":2000,"height":2000},{"@type":"BreadcrumbList","@id":"https:\/\/www.pure-beauty.shop\/produkt\/cosmix-lift-and-fill\/#breadcrumb","itemListElement":[{"@type":"ListItem","position":1,"name":"Startseite","item":"https:\/\/www.pure-beauty.shop\/"},{"@type":"ListItem","position":2,"name":"Shop","item":"https:\/\/www.pure-beauty.shop\/en\/shop\/"},{"@type":"ListItem","position":3,"name":"COSMIX Lift &#038; Fill \u00d6l (15 ml)"}]},{"@type":"WebSite","@id":"https:\/\/www.pure-beauty.shop\/#website","url":"https:\/\/www.pure-beauty.shop\/","name":"Pure Beauty &amp; PANDHY&#039;S Shop","description":"Kosmetikshop in Graz","potentialAction":[{"@type":"SearchAction","target":{"@type":"EntryPoint","urlTemplate":"https:\/\/www.pure-beauty.shop\/?s={search_term_string}"},"query-input":{"@type":"PropertyValueSpecification","valueRequired":true,"valueName":"search_term_string"}}],"inLanguage":"en-GB"}]}},"jetpack_sharing_enabled":true,"_links":{"self":[{"href":"https:\/\/www.pure-beauty.shop\/en\/wp-json\/wp\/v2\/product\/21127","targetHints":{"allow":["GET"]}}],"collection":[{"href":"https:\/\/www.pure-beauty.shop\/en\/wp-json\/wp\/v2\/product"}],"about":[{"href":"https:\/\/www.pure-beauty.shop\/en\/wp-json\/wp\/v2\/types\/product"}],"replies":[{"embeddable":true,"href":"https:\/\/www.pure-beauty.shop\/en\/wp-json\/wp\/v2\/comments?post=21127"}],"wp:featuredmedia":[{"embeddable":true,"href":"https:\/\/www.pure-beauty.shop\/en\/wp-json\/wp\/v2\/media\/21129"}],"wp:attachment":[{"href":"https:\/\/www.pure-beauty.shop\/en\/wp-json\/wp\/v2\/media?parent=21127"}],"wp:term":[{"taxonomy":"brand","embeddable":true,"href":"https:\/\/www.pure-beauty.shop\/en\/wp-json\/wp\/v2\/etheme_brands?post=21127"},{"taxonomy":"product_brand","embeddable":true,"href":"https:\/\/www.pure-beauty.shop\/en\/wp-json\/wp\/v2\/product_brand?post=21127"},{"taxonomy":"product_cat","embeddable":true,"href":"https:\/\/www.pure-beauty.shop\/en\/wp-json\/wp\/v2\/product_cat?post=21127"},{"taxonomy":"product_tag","embeddable":true,"href":"https:\/\/www.pure-beauty.shop\/en\/wp-json\/wp\/v2\/product_tag?post=21127"}],"curies":[{"name":"wp","href":"https:\/\/api.w.org\/{rel}","templated":true}]}}