{"id":21324,"date":"2026-04-30T19:10:11","date_gmt":"2026-04-30T17:10:11","guid":{"rendered":"https:\/\/www.pure-beauty.shop\/produkt\/bioliner-2\/"},"modified":"2026-04-30T19:42:27","modified_gmt":"2026-04-30T17:42:27","slug":"bioliner-2","status":"publish","type":"product","link":"https:\/\/www.pure-beauty.shop\/en\/product\/bioliner-2\/","title":{"rendered":"PANDHY&#8217;S\u2122 Potted Lip Care (4 g)"},"content":{"rendered":"<div class=\"wpb-content-wrapper\"><div class=\"vc_row wpb_row vc_row-fluid et_custom_uniqid_69f3d97f3768e\"><div class=\"wpb_column vc_column_container vc_col-sm-12 et_custom_uniqid_69f3d97f3765d\"><div class=\"vc_column-inner\"><div class=\"wpb_wrapper\">\n\t<div class=\"wpb_text_column wpb_content_element\" >\n\t\t<div class=\"wpb_wrapper\">\n\t\t\t<p data-start=\"79\" data-end=\"334\">Dieser Lippenbalsam ist dank seiner hochwertigen pflanzlichen \u00d6le und Wachse die ideale Pflege f\u00fcr trockene und rissige Lippen. Er spendet intensive Feuchtigkeit, sch\u00fctzt zuverl\u00e4ssig und sorgt selbst bei extremen Wetterbedingungen f\u00fcr geschmeidige Lippen.<\/p>\n<p data-start=\"336\" data-end=\"586\">Die innovative Verpackung macht die Potted Lipcare zum perfekten Begleiter f\u00fcr unterwegs: Ein praktischer Applikator erm\u00f6glicht eine hygienische Entnahme, w\u00e4hrend der integrierte Spiegel auf der R\u00fcckseite ein pr\u00e4zises Auftragen jederzeit erleichtert.<\/p>\n<p data-start=\"588\" data-end=\"856\">Der Lippenbalsam ist in einer farblosen Variante erh\u00e4ltlich, die individuell mit PANDHY\u2019S\u2122 Mineralien eingef\u00e4rbt werden kann, sowie in verschiedenen bereits pigmentierten Farbt\u00f6nen. Die farbigen Varianten bieten zus\u00e4tzlich einen nat\u00fcrlichen mineralischen Sonnenschutz.<\/p>\n<h6>INCI: ricinus communis seed oil, pentaerythril tertaisostearate, octyldodecanol, bis-diglyceryl polyacyladipate-2, kaoilin, stearic acid, candelilla cera\/euphorbia cerifera (candelilla) wax, squalane, sorbitan sesquioleate, polyethylene, popernicia cerifera cera\/copernicia cerifera (carnauba) wax, di-c20-40 akryl dimer dilinoleate, pentaerythrityl tetra-di-t-butyl hydroxyhydrocinnamate, limonene, geraniol, parfum (fragrance)<\/h6>\n\n\t\t<\/div>\n\t<\/div>\n<\/div><\/div><\/div><\/div>\n<\/div>","protected":false},"excerpt":{"rendered":"<div><span lang=\"DE\">nat\u00fcrlicher, universeller Konturenstift f\u00fcr alle Bereiche im Gesicht <\/span><\/div>","protected":false},"featured_media":21326,"comment_status":"open","ping_status":"closed","template":"","meta":{"jetpack_post_was_ever_published":false},"etheme_brands":[{"term_id":206,"name":"MINERAL MAKEUP","slug":"mineralmakeup","term_group":0,"term_taxonomy_id":206,"taxonomy":"brand","description":"","parent":0,"count":15,"filter":"raw"}],"product_brand":[],"product_cat":[223,201,171],"product_tag":[503,505,504],"class_list":{"0":"post-21324","1":"product","2":"type-product","3":"status-publish","4":"has-post-thumbnail","6":"brand-mineralmakeup","7":"product_cat-lipgloss","8":"product_cat-lippen","9":"product_cat-make-up","10":"product_tag-eyeliner","11":"product_tag-kajal","12":"product_tag-kayal","14":"first","15":"instock","16":"taxable","17":"shipping-taxable","18":"purchasable","19":"product-type-variable","20":"has-default-attributes"},"yoast_head":"<!-- This site is optimized with the Yoast SEO plugin v27.5 - https:\/\/yoast.com\/product\/yoast-seo-wordpress\/ -->\n<title>PANDHY&#039;S\u2122 Potted Lip Care (4 g) - Pure Beauty &amp; PANDHY&#039;S Shop<\/title>\n<meta name=\"description\" content=\"Lippenbalsam mit pflanzlichen \u00d6len \u2013 pflegt trockene Lippen intensiv und sch\u00fctzt vor Umwelteinfl\u00fcssen. Mit Applikator &amp; Spiegel, ideal f\u00fcr unterwegs.\" \/>\n<meta name=\"robots\" content=\"index, follow, max-snippet:-1, max-image-preview:large, max-video-preview:-1\" \/>\n<link rel=\"canonical\" href=\"https:\/\/www.pure-beauty.shop\/en\/product\/bioliner-2\/\" \/>\n<meta property=\"og:locale\" content=\"en_GB\" \/>\n<meta property=\"og:type\" content=\"article\" \/>\n<meta property=\"og:title\" content=\"PANDHY&#039;S\u2122 Potted Lip Care (4 g) - Pure Beauty &amp; PANDHY&#039;S Shop\" \/>\n<meta property=\"og:description\" content=\"Lippenbalsam mit pflanzlichen \u00d6len \u2013 pflegt trockene Lippen intensiv und sch\u00fctzt vor Umwelteinfl\u00fcssen. Mit Applikator &amp; Spiegel, ideal f\u00fcr unterwegs.\" \/>\n<meta property=\"og:url\" content=\"https:\/\/www.pure-beauty.shop\/en\/product\/bioliner-2\/\" \/>\n<meta property=\"og:site_name\" content=\"Pure Beauty &amp; PANDHY&#039;S Shop\" \/>\n<meta property=\"article:modified_time\" content=\"2026-04-30T17:42:27+00:00\" \/>\n<meta property=\"og:image\" content=\"https:\/\/www.pure-beauty.shop\/wp-content\/uploads\/2026\/04\/Online-Shop-Bilder-58.png\" \/>\n\t<meta property=\"og:image:width\" content=\"1400\" \/>\n\t<meta property=\"og:image:height\" content=\"1400\" \/>\n\t<meta property=\"og:image:type\" content=\"image\/png\" \/>\n<meta name=\"twitter:card\" content=\"summary_large_image\" \/>\n<meta name=\"twitter:label1\" content=\"Estimated reading time\" \/>\n\t<meta name=\"twitter:data1\" content=\"1 minute\" \/>\n<script type=\"application\/ld+json\" class=\"yoast-schema-graph\">{\"@context\":\"https:\\\/\\\/schema.org\",\"@graph\":[{\"@type\":\"WebPage\",\"@id\":\"https:\\\/\\\/www.pure-beauty.shop\\\/produkt\\\/bioliner-2\\\/\",\"url\":\"https:\\\/\\\/www.pure-beauty.shop\\\/produkt\\\/bioliner-2\\\/\",\"name\":\"PANDHY'S\u2122 Potted Lip Care (4 g) - Pure Beauty &amp; PANDHY&#039;S Shop\",\"isPartOf\":{\"@id\":\"https:\\\/\\\/www.pure-beauty.shop\\\/#website\"},\"primaryImageOfPage\":{\"@id\":\"https:\\\/\\\/www.pure-beauty.shop\\\/produkt\\\/bioliner-2\\\/#primaryimage\"},\"image\":{\"@id\":\"https:\\\/\\\/www.pure-beauty.shop\\\/produkt\\\/bioliner-2\\\/#primaryimage\"},\"thumbnailUrl\":\"https:\\\/\\\/www.pure-beauty.shop\\\/wp-content\\\/uploads\\\/2026\\\/04\\\/Online-Shop-Bilder-58.png\",\"datePublished\":\"2026-04-30T17:10:11+00:00\",\"dateModified\":\"2026-04-30T17:42:27+00:00\",\"description\":\"Lippenbalsam mit pflanzlichen \u00d6len \u2013 pflegt trockene Lippen intensiv und sch\u00fctzt vor Umwelteinfl\u00fcssen. Mit Applikator & Spiegel, ideal f\u00fcr unterwegs.\",\"breadcrumb\":{\"@id\":\"https:\\\/\\\/www.pure-beauty.shop\\\/produkt\\\/bioliner-2\\\/#breadcrumb\"},\"inLanguage\":\"en-GB\",\"potentialAction\":[{\"@type\":\"ReadAction\",\"target\":[\"https:\\\/\\\/www.pure-beauty.shop\\\/produkt\\\/bioliner-2\\\/\"]}]},{\"@type\":\"ImageObject\",\"inLanguage\":\"en-GB\",\"@id\":\"https:\\\/\\\/www.pure-beauty.shop\\\/produkt\\\/bioliner-2\\\/#primaryimage\",\"url\":\"https:\\\/\\\/www.pure-beauty.shop\\\/wp-content\\\/uploads\\\/2026\\\/04\\\/Online-Shop-Bilder-58.png\",\"contentUrl\":\"https:\\\/\\\/www.pure-beauty.shop\\\/wp-content\\\/uploads\\\/2026\\\/04\\\/Online-Shop-Bilder-58.png\",\"width\":1400,\"height\":1400},{\"@type\":\"BreadcrumbList\",\"@id\":\"https:\\\/\\\/www.pure-beauty.shop\\\/produkt\\\/bioliner-2\\\/#breadcrumb\",\"itemListElement\":[{\"@type\":\"ListItem\",\"position\":1,\"name\":\"Startseite\",\"item\":\"https:\\\/\\\/www.pure-beauty.shop\\\/\"},{\"@type\":\"ListItem\",\"position\":2,\"name\":\"Shop\",\"item\":\"https:\\\/\\\/www.pure-beauty.shop\\\/en\\\/shop\\\/\"},{\"@type\":\"ListItem\",\"position\":3,\"name\":\"PANDHY&#8217;S\u2122 Potted Lip Care (4 g)\"}]},{\"@type\":\"WebSite\",\"@id\":\"https:\\\/\\\/www.pure-beauty.shop\\\/#website\",\"url\":\"https:\\\/\\\/www.pure-beauty.shop\\\/\",\"name\":\"Pure Beauty & PANDHY'S Shop\",\"description\":\"Kosmetikshop in Graz\",\"potentialAction\":[{\"@type\":\"SearchAction\",\"target\":{\"@type\":\"EntryPoint\",\"urlTemplate\":\"https:\\\/\\\/www.pure-beauty.shop\\\/?s={search_term_string}\"},\"query-input\":{\"@type\":\"PropertyValueSpecification\",\"valueRequired\":true,\"valueName\":\"search_term_string\"}}],\"inLanguage\":\"en-GB\"}]}<\/script>\n<!-- \/ Yoast SEO plugin. -->","yoast_head_json":{"title":"PANDHY'S\u2122 Potted Lip Care (4 g) - Pure Beauty &amp; PANDHY&#039;S Shop","description":"Lippenbalsam mit pflanzlichen \u00d6len \u2013 pflegt trockene Lippen intensiv und sch\u00fctzt vor Umwelteinfl\u00fcssen. Mit Applikator & Spiegel, ideal f\u00fcr unterwegs.","robots":{"index":"index","follow":"follow","max-snippet":"max-snippet:-1","max-image-preview":"max-image-preview:large","max-video-preview":"max-video-preview:-1"},"canonical":"https:\/\/www.pure-beauty.shop\/en\/product\/bioliner-2\/","og_locale":"en_GB","og_type":"article","og_title":"PANDHY'S\u2122 Potted Lip Care (4 g) - Pure Beauty &amp; PANDHY&#039;S Shop","og_description":"Lippenbalsam mit pflanzlichen \u00d6len \u2013 pflegt trockene Lippen intensiv und sch\u00fctzt vor Umwelteinfl\u00fcssen. Mit Applikator & Spiegel, ideal f\u00fcr unterwegs.","og_url":"https:\/\/www.pure-beauty.shop\/en\/product\/bioliner-2\/","og_site_name":"Pure Beauty &amp; PANDHY&#039;S Shop","article_modified_time":"2026-04-30T17:42:27+00:00","og_image":[{"width":1400,"height":1400,"url":"https:\/\/www.pure-beauty.shop\/wp-content\/uploads\/2026\/04\/Online-Shop-Bilder-58.png","type":"image\/png"}],"twitter_card":"summary_large_image","twitter_misc":{"Estimated reading time":"1 minute"},"schema":{"@context":"https:\/\/schema.org","@graph":[{"@type":"WebPage","@id":"https:\/\/www.pure-beauty.shop\/produkt\/bioliner-2\/","url":"https:\/\/www.pure-beauty.shop\/produkt\/bioliner-2\/","name":"PANDHY'S\u2122 Potted Lip Care (4 g) - Pure Beauty &amp; PANDHY&#039;S Shop","isPartOf":{"@id":"https:\/\/www.pure-beauty.shop\/#website"},"primaryImageOfPage":{"@id":"https:\/\/www.pure-beauty.shop\/produkt\/bioliner-2\/#primaryimage"},"image":{"@id":"https:\/\/www.pure-beauty.shop\/produkt\/bioliner-2\/#primaryimage"},"thumbnailUrl":"https:\/\/www.pure-beauty.shop\/wp-content\/uploads\/2026\/04\/Online-Shop-Bilder-58.png","datePublished":"2026-04-30T17:10:11+00:00","dateModified":"2026-04-30T17:42:27+00:00","description":"Lippenbalsam mit pflanzlichen \u00d6len \u2013 pflegt trockene Lippen intensiv und sch\u00fctzt vor Umwelteinfl\u00fcssen. Mit Applikator & Spiegel, ideal f\u00fcr unterwegs.","breadcrumb":{"@id":"https:\/\/www.pure-beauty.shop\/produkt\/bioliner-2\/#breadcrumb"},"inLanguage":"en-GB","potentialAction":[{"@type":"ReadAction","target":["https:\/\/www.pure-beauty.shop\/produkt\/bioliner-2\/"]}]},{"@type":"ImageObject","inLanguage":"en-GB","@id":"https:\/\/www.pure-beauty.shop\/produkt\/bioliner-2\/#primaryimage","url":"https:\/\/www.pure-beauty.shop\/wp-content\/uploads\/2026\/04\/Online-Shop-Bilder-58.png","contentUrl":"https:\/\/www.pure-beauty.shop\/wp-content\/uploads\/2026\/04\/Online-Shop-Bilder-58.png","width":1400,"height":1400},{"@type":"BreadcrumbList","@id":"https:\/\/www.pure-beauty.shop\/produkt\/bioliner-2\/#breadcrumb","itemListElement":[{"@type":"ListItem","position":1,"name":"Startseite","item":"https:\/\/www.pure-beauty.shop\/"},{"@type":"ListItem","position":2,"name":"Shop","item":"https:\/\/www.pure-beauty.shop\/en\/shop\/"},{"@type":"ListItem","position":3,"name":"PANDHY&#8217;S\u2122 Potted Lip Care (4 g)"}]},{"@type":"WebSite","@id":"https:\/\/www.pure-beauty.shop\/#website","url":"https:\/\/www.pure-beauty.shop\/","name":"Pure Beauty & PANDHY'S Shop","description":"Kosmetikshop in Graz","potentialAction":[{"@type":"SearchAction","target":{"@type":"EntryPoint","urlTemplate":"https:\/\/www.pure-beauty.shop\/?s={search_term_string}"},"query-input":{"@type":"PropertyValueSpecification","valueRequired":true,"valueName":"search_term_string"}}],"inLanguage":"en-GB"}]}},"jetpack_sharing_enabled":true,"_links":{"self":[{"href":"https:\/\/www.pure-beauty.shop\/en\/wp-json\/wp\/v2\/product\/21324","targetHints":{"allow":["GET"]}}],"collection":[{"href":"https:\/\/www.pure-beauty.shop\/en\/wp-json\/wp\/v2\/product"}],"about":[{"href":"https:\/\/www.pure-beauty.shop\/en\/wp-json\/wp\/v2\/types\/product"}],"replies":[{"embeddable":true,"href":"https:\/\/www.pure-beauty.shop\/en\/wp-json\/wp\/v2\/comments?post=21324"}],"wp:featuredmedia":[{"embeddable":true,"href":"https:\/\/www.pure-beauty.shop\/en\/wp-json\/wp\/v2\/media\/21326"}],"wp:attachment":[{"href":"https:\/\/www.pure-beauty.shop\/en\/wp-json\/wp\/v2\/media?parent=21324"}],"wp:term":[{"taxonomy":"brand","embeddable":true,"href":"https:\/\/www.pure-beauty.shop\/en\/wp-json\/wp\/v2\/etheme_brands?post=21324"},{"taxonomy":"product_brand","embeddable":true,"href":"https:\/\/www.pure-beauty.shop\/en\/wp-json\/wp\/v2\/product_brand?post=21324"},{"taxonomy":"product_cat","embeddable":true,"href":"https:\/\/www.pure-beauty.shop\/en\/wp-json\/wp\/v2\/product_cat?post=21324"},{"taxonomy":"product_tag","embeddable":true,"href":"https:\/\/www.pure-beauty.shop\/en\/wp-json\/wp\/v2\/product_tag?post=21324"}],"curies":[{"name":"wp","href":"https:\/\/api.w.org\/{rel}","templated":true}]}}